{"id":97767,"date":"2022-11-17T12:26:53","date_gmt":"2022-11-17T11:26:53","guid":{"rendered":"https:\/\/www.dogpride.nl\/?post_type=product&#038;p=97767"},"modified":"2025-11-27T16:24:00","modified_gmt":"2025-11-27T15:24:00","slug":"arrak-outdoor-parka-women-olive","status":"publish","type":"product","link":"https:\/\/dogpride.nl\/de\/arrak-outdoor-parka-women-olive\/","title":{"rendered":"ARRAK OUTDOOR Parka Damen Oliv"},"content":{"rendered":"<h4>ARRAK OUTDOOR Parka Damen Oliv<\/h4>\n<p>ARRAK OUTDOOR Parka Damen Oliv<\/p>\n<p>Ein wunderbar bequemer und warmer Parka f\u00fcr die k\u00e4lteren Tage.<br \/>\nGlatter Au\u00dfenstoff aus 100% Polyamid. Wassers\u00e4ule 10.000. Gef\u00fcllt mit 100% Polyester-Synthetikdaunen. Reflexstreifen an \u00c4rmeln und R\u00fccken.<\/p>\n<p>Gro\u00dfe Ges\u00e4\u00dftasche, 2 Vordertaschen mit Klappen und Seitentaschen mit warmem Mikrofleece-Futter. In der linken Tasche befindet sich au\u00dferdem eine herausnehmbare S\u00fc\u00dfigkeitent\u00fcte. Versteckte Brusttaschen mit Rei\u00dfverschluss.<br \/>\nAuf der Innenseite der Knopfleiste befindet sich eine Innentasche mit Rei\u00dfverschluss. 2 gro\u00dfe Netztaschen innen, ideal f\u00fcr Handschuhe oder Ausr\u00fcstung. 2-Wege-Rei\u00dfverschluss vorne.<br \/>\nGro\u00dfe, stabile, verstellbare Kapuze. An den \u00c4rmelabschl\u00fcssen befinden sich au\u00dferdem Strickb\u00fcndchen.<\/p>\n<p>Gewicht in Damengr\u00f6\u00dfe M 1507g.<\/p>\n<p><strong>Spezifikationen:<\/strong><\/p>\n<ul>\n<li>Glatter Oberstoff aus 100% Polyamid<\/li>\n<li>10.000 in der Wassers\u00e4ule<\/li>\n<li>Reflexe an Armen und R\u00fccken<\/li>\n<li>Tunneltasche hinten<\/li>\n<li>Herausnehmbare S\u00fc\u00dfigkeitent\u00fcte in der linken Vordertasche<\/li>\n<li>Viele weitere praktische Taschen<\/li>\n<li>Verstellbare Kapuze<\/li>\n<li>\u00c4rmelb\u00fcndchen<\/li>\n<li>Gewicht in Damengr\u00f6\u00dfe M 1507g<\/li>\n<\/ul>\n<p><strong>Farbe:<\/strong> Olive<\/p>\n<p><strong>Gr\u00f6\u00dfen:<\/strong> XS bis 4XL<\/p>\n<p><strong>Gr\u00f6\u00dfentabelle:<\/strong><\/p>\n<p><img loading=\"lazy\" decoding=\"async\" class=\"alignnone size-full wp-image-97779\" src=\"https:\/\/www.dogpride.nl\/wp-content\/uploads\/Maattabel-Arrak-Dames-tops-2.jpg\" alt=\"Maattabel\" width=\"643\" height=\"823\" srcset=\"https:\/\/dogpride.nl\/wp-content\/uploads\/Maattabel-Arrak-Dames-tops-2.jpg 643w, https:\/\/dogpride.nl\/wp-content\/uploads\/Maattabel-Arrak-Dames-tops-2-250x320.jpg 250w, https:\/\/dogpride.nl\/wp-content\/uploads\/Maattabel-Arrak-Dames-tops-2-400x512.jpg 400w, https:\/\/dogpride.nl\/wp-content\/uploads\/Maattabel-Arrak-Dames-tops-2-234x300.jpg 234w, https:\/\/dogpride.nl\/wp-content\/uploads\/Maattabel-Arrak-Dames-tops-2-200x256.jpg 200w, https:\/\/dogpride.nl\/wp-content\/uploads\/Maattabel-Arrak-Dames-tops-2-600x768.jpg 600w\" sizes=\"auto, (max-width: 643px) 100vw, 643px\" \/><\/p>\n<p><a href=\"https:\/\/arrakoutdoor.com\/\" target=\"_blank\" rel=\"noopener\"><img loading=\"lazy\" decoding=\"async\" class=\"alignnone wp-image-139301 size-medium\" src=\"https:\/\/dogpride.nl\/wp-content\/uploads\/Arrak-300x118.jpeg\" alt=\"Logo\" width=\"300\" height=\"118\" srcset=\"https:\/\/dogpride.nl\/wp-content\/uploads\/Arrak-300x118.jpeg 300w, https:\/\/dogpride.nl\/wp-content\/uploads\/Arrak-768x303.jpeg 768w, https:\/\/dogpride.nl\/wp-content\/uploads\/Arrak-18x7.jpeg 18w, https:\/\/dogpride.nl\/wp-content\/uploads\/Arrak-250x99.jpeg 250w, https:\/\/dogpride.nl\/wp-content\/uploads\/Arrak-400x158.jpeg 400w, https:\/\/dogpride.nl\/wp-content\/uploads\/Arrak.jpeg 916w\" sizes=\"auto, (max-width: 300px) 100vw, 300px\" \/><\/a><\/p>\n<p><a href=\"https:\/\/dogpride.nl\/de\/kleding\/jassen\/arrak-outdoor-jassen\/\"><img loading=\"lazy\" decoding=\"async\" class=\"alignnone\" title=\"ARRAK OUTDOOR Parka Damen Oliv\" src=\"https:\/\/dogpride.nl\/wp-content\/uploads\/21048-inviroment-150x150.jpg\" alt=\"ARRAK OUTDOOR Parka Women Olive\" width=\"150\" height=\"150\" \/><\/a><\/p>","protected":false},"excerpt":{"rendered":"<p>Ein wunderbar bequemer und warmer Parka f\u00fcr die k\u00e4lteren Tage. Glatter Au\u00dfenstoff aus 100% Polyamid. Wassers\u00e4ule 10.000. Gef\u00fcllt mit 100% Polyester-Synthetikdaunen. Reflexstreifen an \u00c4rmeln und R\u00fccken.<\/p>\n<p style=\"text-align: center;\"><span style=\"color: #ff0000;\"><strong>Sommige maten zijn nog beschikbaar.<\/strong><\/span><\/p>\n<p style=\"text-align: center;\"><span style=\"color: #ff0000;\"><strong>Weer Leverbaar in het voorjaar van 2026<\/strong><\/span><\/p>","protected":false},"featured_media":97768,"template":"","meta":[],"product_brand":[],"product_cat":[3853],"product_tag":[3334,4750,4749,4666],"class_list":{"0":"post-97767","1":"product","2":"type-product","3":"status-publish","4":"has-post-thumbnail","6":"product_cat-arrak-outdoor-dames-jassen","7":"product_tag-arrak-outdoor","8":"product_tag-olive","9":"product_tag-parka","10":"product_tag-women","12":"first","13":"instock","14":"taxable","15":"shipping-taxable","16":"purchasable","17":"product-type-variable"},"mb":[],"mfb_rest_fields":["title"],"_links":{"self":[{"href":"https:\/\/dogpride.nl\/de\/wp-json\/wp\/v2\/product\/97767","targetHints":{"allow":["GET"]}}],"collection":[{"href":"https:\/\/dogpride.nl\/de\/wp-json\/wp\/v2\/product"}],"about":[{"href":"https:\/\/dogpride.nl\/de\/wp-json\/wp\/v2\/types\/product"}],"wp:featuredmedia":[{"embeddable":true,"href":"https:\/\/dogpride.nl\/de\/wp-json\/wp\/v2\/media\/97768"}],"wp:attachment":[{"href":"https:\/\/dogpride.nl\/de\/wp-json\/wp\/v2\/media?parent=97767"}],"wp:term":[{"taxonomy":"product_brand","embeddable":true,"href":"https:\/\/dogpride.nl\/de\/wp-json\/wp\/v2\/product_brand?post=97767"},{"taxonomy":"product_cat","embeddable":true,"href":"https:\/\/dogpride.nl\/de\/wp-json\/wp\/v2\/product_cat?post=97767"},{"taxonomy":"product_tag","embeddable":true,"href":"https:\/\/dogpride.nl\/de\/wp-json\/wp\/v2\/product_tag?post=97767"}],"curies":[{"name":"wp","href":"https:\/\/api.w.org\/{rel}","templated":true}]}}