{"id":97744,"date":"2022-11-17T11:55:10","date_gmt":"2022-11-17T10:55:10","guid":{"rendered":"https:\/\/www.dogpride.nl\/?post_type=product&#038;p=97744"},"modified":"2026-02-19T12:47:58","modified_gmt":"2026-02-19T11:47:58","slug":"arrak-outdoor-parka-men-black","status":"publish","type":"product","link":"https:\/\/dogpride.nl\/de\/arrak-outdoor-parka-men-black\/","title":{"rendered":"ARRAK OUTDOOR Parka Herren Schwarz"},"content":{"rendered":"<h4>ARRAK OUTDOOR Parka Herren Schwarz<\/h4>\n<p>ARRAK OUTDOOR Parka Herren Schwarz<\/p>\n<div class=\"woocommerce-tabs wc-tabs-wrapper\">\n<div id=\"tab-description\" class=\"woocommerce-Tabs-panel woocommerce-Tabs-panel--description panel entry-content wc-tab\" role=\"tabpanel\" aria-labelledby=\"tab-title-description\">\n<div class=\"post-content\">\n<p>Ein wunderbar bequemer und warmer Parka f\u00fcr die k\u00e4lteren Tage.<br \/>\nGlatter Au\u00dfenstoff aus 100% Polyamid. Wassers\u00e4ule 10.000. Gef\u00fcllt mit 100% Polyester-Synthetikdaunen. Reflexstreifen an \u00c4rmeln und R\u00fccken.<\/p>\n<p>Gro\u00dfe Ges\u00e4\u00dftasche, 2 Vordertaschen mit Klappen und Seitentaschen mit warmem Mikrofleece-Futter. In der linken Tasche befindet sich au\u00dferdem eine herausnehmbare S\u00fc\u00dfigkeitent\u00fcte. Versteckte Brusttaschen mit Rei\u00dfverschluss.<br \/>\nAuf der Innenseite der Knopfleiste befindet sich eine Innentasche mit Rei\u00dfverschluss. 2 gro\u00dfe Netztaschen innen, ideal f\u00fcr Handschuhe oder Ausr\u00fcstung.<br \/>\n2-Wege-Rei\u00dfverschluss vorne. Gro\u00dfe, stabile, verstellbare Kapuze. An den \u00c4rmeln befinden sich au\u00dferdem Strickb\u00fcndchen.<\/p>\n<p>Gewicht in Herrengr\u00f6\u00dfe L 1587g.<\/p>\n<p><strong>Spezifikationen:<\/strong><\/p>\n<ul>\n<li>Glatter Oberstoff aus 100% Polyamid<\/li>\n<li>10.000 in der Wassers\u00e4ule<\/li>\n<li>Reflexe an Armen und R\u00fccken<\/li>\n<li>Tunneltasche hinten<\/li>\n<li>Herausnehmbare S\u00fc\u00dfigkeitent\u00fcte in der linken Vordertasche<\/li>\n<li>Viele weitere praktische Taschen<\/li>\n<li>Verstellbare Kapuze<\/li>\n<li>\u00c4rmelb\u00fcndchen<\/li>\n<li>Gewicht in Herrengr\u00f6\u00dfe L 1587g<\/li>\n<\/ul>\n<p><strong>Farbe:<\/strong> Schwarz<\/p>\n<p><strong>Gr\u00f6\u00dfen:<\/strong>\u00a0S bis 4XL<\/p>\n<p><strong>Gr\u00f6\u00dfentabelle:<\/strong><\/p>\n<p><img loading=\"lazy\" decoding=\"async\" class=\"alignnone size-full wp-image-97736\" src=\"https:\/\/www.dogpride.nl\/wp-content\/uploads\/men_s_tops_-10.jpg\" alt=\"Maattabel\" width=\"833\" height=\"1200\" srcset=\"https:\/\/dogpride.nl\/wp-content\/uploads\/men_s_tops_-10.jpg 833w, https:\/\/dogpride.nl\/wp-content\/uploads\/men_s_tops_-10-250x360.jpg 250w, https:\/\/dogpride.nl\/wp-content\/uploads\/men_s_tops_-10-400x576.jpg 400w, https:\/\/dogpride.nl\/wp-content\/uploads\/men_s_tops_-10-208x300.jpg 208w, https:\/\/dogpride.nl\/wp-content\/uploads\/men_s_tops_-10-711x1024.jpg 711w, https:\/\/dogpride.nl\/wp-content\/uploads\/men_s_tops_-10-768x1106.jpg 768w, https:\/\/dogpride.nl\/wp-content\/uploads\/men_s_tops_-10-200x288.jpg 200w, https:\/\/dogpride.nl\/wp-content\/uploads\/men_s_tops_-10-600x864.jpg 600w, https:\/\/dogpride.nl\/wp-content\/uploads\/men_s_tops_-10-800x1152.jpg 800w\" sizes=\"auto, (max-width: 833px) 100vw, 833px\" \/><\/p>\n<p><a href=\"https:\/\/dogpride.nl\/de\/kleding\/jassen\/arrak-outdoor\/\"><img loading=\"lazy\" decoding=\"async\" class=\"alignnone\" title=\"ARRAK OUTDOOR Parka Herren Schwarz\" src=\"https:\/\/dogpride.nl\/wp-content\/uploads\/21047_front3_web.jpg\" alt=\"ARRAK OUTDOOR Parka Men Black\" width=\"202\" height=\"202\" \/><\/a><\/p>\n<\/div>\n<\/div>\n<\/div>\n<p><span style=\"color: #ffffff;\"><a style=\"color: #ffffff;\" href=\"https:\/\/devrolijkekwispel.nl\/\" target=\"_blank\" rel=\"noopener\">Dogpride NL sponsert Kelly Albers<\/a><\/span><\/p>","protected":false},"excerpt":{"rendered":"<p>Ein wunderbar bequemer und warmer Parka f\u00fcr die k\u00e4lteren Tage. Glatter Au\u00dfenstoff aus 100% Polyamid. Wassers\u00e4ule 10.000. Gef\u00fcllt mit 100% Polyester-Synthetikdaunen. Reflexstreifen an \u00c4rmeln und R\u00fccken.<\/p>","protected":false},"featured_media":97745,"template":"","meta":[],"product_brand":[],"product_cat":[24457],"product_tag":[3334,4751,3171,4749],"class_list":{"0":"post-97744","1":"product","2":"type-product","3":"status-publish","4":"has-post-thumbnail","6":"product_cat-arrak-outdoor-heren-jassen","7":"product_tag-arrak-outdoor","8":"product_tag-black","9":"product_tag-men","10":"product_tag-parka","12":"first","13":"instock","14":"taxable","15":"shipping-taxable","16":"purchasable","17":"product-type-variable"},"mb":[],"mfb_rest_fields":["title"],"_links":{"self":[{"href":"https:\/\/dogpride.nl\/de\/wp-json\/wp\/v2\/product\/97744","targetHints":{"allow":["GET"]}}],"collection":[{"href":"https:\/\/dogpride.nl\/de\/wp-json\/wp\/v2\/product"}],"about":[{"href":"https:\/\/dogpride.nl\/de\/wp-json\/wp\/v2\/types\/product"}],"wp:featuredmedia":[{"embeddable":true,"href":"https:\/\/dogpride.nl\/de\/wp-json\/wp\/v2\/media\/97745"}],"wp:attachment":[{"href":"https:\/\/dogpride.nl\/de\/wp-json\/wp\/v2\/media?parent=97744"}],"wp:term":[{"taxonomy":"product_brand","embeddable":true,"href":"https:\/\/dogpride.nl\/de\/wp-json\/wp\/v2\/product_brand?post=97744"},{"taxonomy":"product_cat","embeddable":true,"href":"https:\/\/dogpride.nl\/de\/wp-json\/wp\/v2\/product_cat?post=97744"},{"taxonomy":"product_tag","embeddable":true,"href":"https:\/\/dogpride.nl\/de\/wp-json\/wp\/v2\/product_tag?post=97744"}],"curies":[{"name":"wp","href":"https:\/\/api.w.org\/{rel}","templated":true}]}}