{"id":96794,"date":"2022-11-01T11:05:17","date_gmt":"2022-11-01T10:05:17","guid":{"rendered":"https:\/\/www.dogpride.nl\/?post_type=product&#038;p=96794"},"modified":"2026-03-17T10:13:03","modified_gmt":"2026-03-17T09:13:03","slug":"hondenkussens-passend-bij-houtart-hondenmanden","status":"publish","type":"product","link":"https:\/\/dogpride.nl\/de\/hondenkussens-passend-bij-houtart-hondenmanden\/","title":{"rendered":"Hundekissen passend zu Houtart-Hundebetten"},"content":{"rendered":"<h4>Hundekissen passend zu Houtart-Hundebetten<\/h4>\n<p>Hundekissen passend zu Houtart-Hundebetten<\/p>\n<p>Sch\u00f6nes Hundekissen, nach eigenen W\u00fcnschen zusammenstellbar! In unseren K\u00f6rben mit Kissen schl\u00e4ft Ihr Vierbeiner wunderbar.<\/p>\n<p><a href=\"https:\/\/dogpride.nl\/de\/\"><img loading=\"lazy\" decoding=\"async\" class=\"alignnone\" title=\"Hundekissen passend zu Houtart-Hundebetten\" src=\"https:\/\/dogpride.nl\/wp-content\/uploads\/houtart_kussens_kleuren_uni-150x150.jpg\" alt=\"Hondenkussens passend bij Houtart hondenmanden\" width=\"150\" height=\"150\" \/><\/a><\/p>\n<p>W\u00e4hlen Sie Ihre eigene Farbe und Gr\u00f6\u00dfe. Sch\u00f6ne und gepflegte Hundekissen, die in unsere Hundek\u00f6rbe passen.<br \/>\nDas Kissen hat an der L\u00e4ngsseite einen Rei\u00dfverschluss, sodass Sie den Bezug leicht abnehmen und waschen k\u00f6nnen.<\/p>\n<p><a href=\"https:\/\/nl.wikipedia.org\/wiki\/Hoofdpagina\" target=\"_blank\" rel=\"noopener\"><img loading=\"lazy\" decoding=\"async\" class=\"alignnone\" src=\"https:\/\/dogpride.nl\/wp-content\/uploads\/houtart_kussens_kleuren_uni-150x150.jpg\" alt=\"Hondenkussens passend bij Houtart hondenmanden\" width=\"150\" height=\"150\" \/><\/a><\/p>\n<p><strong>Eigenschaften:<\/strong><br \/>\n\u2022 Verschiedene Gr\u00f6\u00dfen und Farben<br \/>\n\u2022 F\u00fcr drinnen und drau\u00dfen<br \/>\n\u2022 Best\u00e4ndig gegen Witterungseinfl\u00fcsse<br \/>\n\u2022 Verschlei\u00dffest, farbecht und schmutzabweisend<\/p>\n<p><strong>Dicke: \u00b1 10 cm<\/strong><\/p>\n<p><strong>Stoffarten:<br \/>\n<\/strong>\u2022 Uni ist ein glatter Stoff.<br \/>\n\u2022 SE ist ein Melangestoff mit feiner Struktur.<\/p>","protected":false},"excerpt":{"rendered":"<p>Sch\u00f6nes Hundekissen, nach eigenen W\u00fcnschen zusammenstellbar! In unseren K\u00f6rben mit Kissen schl\u00e4ft Ihr Vierbeiner wunderbar. W\u00e4hlen Sie Ihre eigene Farbe und Gr\u00f6\u00dfe. Sch\u00f6ne und gepflegte Hundekissen, die in unsere Hundek\u00f6rbe passen.<\/p>","protected":false},"featured_media":96795,"template":"","meta":[],"product_brand":[],"product_cat":[5244],"product_tag":[4659,4660],"class_list":{"0":"post-96794","1":"product","2":"type-product","3":"status-publish","4":"has-post-thumbnail","6":"product_cat-hout-art-hondenmanden","7":"product_tag-hondenkussens","8":"product_tag-houtart-hondenmanden","10":"first","11":"instock","12":"taxable","13":"shipping-taxable","14":"purchasable","15":"product-type-variable"},"mb":[],"mfb_rest_fields":["title"],"_links":{"self":[{"href":"https:\/\/dogpride.nl\/de\/wp-json\/wp\/v2\/product\/96794","targetHints":{"allow":["GET"]}}],"collection":[{"href":"https:\/\/dogpride.nl\/de\/wp-json\/wp\/v2\/product"}],"about":[{"href":"https:\/\/dogpride.nl\/de\/wp-json\/wp\/v2\/types\/product"}],"wp:featuredmedia":[{"embeddable":true,"href":"https:\/\/dogpride.nl\/de\/wp-json\/wp\/v2\/media\/96795"}],"wp:attachment":[{"href":"https:\/\/dogpride.nl\/de\/wp-json\/wp\/v2\/media?parent=96794"}],"wp:term":[{"taxonomy":"product_brand","embeddable":true,"href":"https:\/\/dogpride.nl\/de\/wp-json\/wp\/v2\/product_brand?post=96794"},{"taxonomy":"product_cat","embeddable":true,"href":"https:\/\/dogpride.nl\/de\/wp-json\/wp\/v2\/product_cat?post=96794"},{"taxonomy":"product_tag","embeddable":true,"href":"https:\/\/dogpride.nl\/de\/wp-json\/wp\/v2\/product_tag?post=96794"}],"curies":[{"name":"wp","href":"https:\/\/api.w.org\/{rel}","templated":true}]}}