{"id":94859,"date":"2022-09-15T11:37:09","date_gmt":"2022-09-15T09:37:09","guid":{"rendered":"https:\/\/www.dogpride.nl\/?post_type=product&#038;p=94859"},"modified":"2025-11-17T15:32:39","modified_gmt":"2025-11-17T14:32:39","slug":"doggo-laarzen-met-corduroy-manchet-amy","status":"publish","type":"product","link":"https:\/\/dogpride.nl\/de\/doggo-laarzen-met-corduroy-manchet-amy\/","title":{"rendered":"DOGGO-Stiefel mit Cord-Manschette AMY"},"content":{"rendered":"<h4>DOGGO-Stiefel mit Cord-Manschette AMY<\/h4>\n<p>DOGGO-Stiefel mit Cord-Manschette AMY<\/p>\n<p><b>NEU Amy \u2013 Stiefel mit warmem Futter \u2013 Extrem leicht<\/b><\/p>\n<p>Wir haben einen tollen, extrem warmen und leichten Regenstiefel f\u00fcr Sie ins Programm aufgenommen.<br \/>\nDOGGO laarzen met corduroy manchet AMY is ideaal voor lange wandelingen waarbij je zeker warme voeten zult houden. Het koud isolerende schuim zorgt voor warme voeten, zelfs bij ijzige temperaturen.<br \/>\nDie gewohnt sehr gute Passform, griffige und rutschfeste Laufsohle unterst\u00fctzt Sie beim Gehen in der Wintersaison.<br \/>\nDas herausnehmbare Warmfutter l\u00e4sst sich nach jedem Spaziergang einfach herausnehmen und sorgt so f\u00fcr einen bakterienfreien Innenraum.<\/p>\n<p>Gr\u00f6\u00dfen: 36-42<\/p>\n<div class=\"content--title\"><strong>Produktinformation:<\/strong><\/div>\n<div class=\"product--description\">\n<div>\n<ul>\n<li>Farbe schwarz<\/li>\n<li>k\u00e4lteisolierend durch Schaumverfahren,<\/li>\n<li><b>GEWICHT: 216 Gramm pro Paar in Gr\u00f6\u00dfe 36<\/b><\/li>\n<li>Schafth\u00f6he: 25 cm<\/li>\n<li>herausnehmbarer, waschbarer Hotliner \/ Synthetik<\/li>\n<li>Funktion: Wasserdicht<\/li>\n<li>griffige Au\u00dfensohle<\/li>\n<li>Cordkragen aus 100%-Baumwolle<\/li>\n<li>sehr gute Passform<\/li>\n<\/ul>\n<p><a href=\"https:\/\/dogpride.nl\/de\/kleding\/schoenen-laarzen\/doggo-schoenen\/\"><img loading=\"lazy\" decoding=\"async\" class=\"alignnone\" title=\"DOGGO-Stiefel mit Cord-Manschette AMY\" src=\"https:\/\/dogpride.nl\/wp-content\/uploads\/image_DO-2025001-36_3-150x150.jpg\" alt=\"DOGGO laarzen met corduroy manchet AMY\" width=\"150\" height=\"150\" \/><\/a><\/p>\n<p><a href=\"https:\/\/doggo.kaufen\/\" target=\"_blank\" rel=\"noopener\"><img loading=\"lazy\" decoding=\"async\" class=\"alignnone wp-image-94814 size-full\" src=\"https:\/\/dogpride.nl\/wp-content\/uploads\/LOGO-Doggo-3.jpg\" alt=\"Logo DOGGO\" width=\"278\" height=\"97\" srcset=\"https:\/\/dogpride.nl\/wp-content\/uploads\/LOGO-Doggo-3.jpg 278w, https:\/\/dogpride.nl\/wp-content\/uploads\/LOGO-Doggo-3-250x87.jpg 250w, https:\/\/dogpride.nl\/wp-content\/uploads\/LOGO-Doggo-3-200x70.jpg 200w\" sizes=\"auto, (max-width: 278px) 100vw, 278px\" \/><\/a><\/p>\n<\/div>\n<\/div>","protected":false},"excerpt":{"rendered":"<p>Wir haben einen tollen, extrem warmen und leichten Regenstiefel f\u00fcr Sie ins Programm aufgenommen. Dieser Stiefel ist ideal f\u00fcr lange Spazierg\u00e4nge, bei denen Sie garantiert warme F\u00fc\u00dfe haben. Der K\u00e4lteisolierschaum sorgt f\u00fcr warme F\u00fc\u00dfe, auch bei eisigen Temperaturen.<\/p>","protected":false},"featured_media":94860,"template":"","meta":[],"product_brand":[],"product_cat":[3938],"product_tag":[4116,4126],"class_list":{"0":"post-94859","1":"product","2":"type-product","3":"status-publish","4":"has-post-thumbnail","6":"product_cat-doggo-schoenen","7":"product_tag-doggo","8":"product_tag-winterlaars","10":"first","11":"instock","12":"taxable","13":"shipping-taxable","14":"purchasable","15":"product-type-variable"},"mb":[],"mfb_rest_fields":["title"],"_links":{"self":[{"href":"https:\/\/dogpride.nl\/de\/wp-json\/wp\/v2\/product\/94859","targetHints":{"allow":["GET"]}}],"collection":[{"href":"https:\/\/dogpride.nl\/de\/wp-json\/wp\/v2\/product"}],"about":[{"href":"https:\/\/dogpride.nl\/de\/wp-json\/wp\/v2\/types\/product"}],"wp:featuredmedia":[{"embeddable":true,"href":"https:\/\/dogpride.nl\/de\/wp-json\/wp\/v2\/media\/94860"}],"wp:attachment":[{"href":"https:\/\/dogpride.nl\/de\/wp-json\/wp\/v2\/media?parent=94859"}],"wp:term":[{"taxonomy":"product_brand","embeddable":true,"href":"https:\/\/dogpride.nl\/de\/wp-json\/wp\/v2\/product_brand?post=94859"},{"taxonomy":"product_cat","embeddable":true,"href":"https:\/\/dogpride.nl\/de\/wp-json\/wp\/v2\/product_cat?post=94859"},{"taxonomy":"product_tag","embeddable":true,"href":"https:\/\/dogpride.nl\/de\/wp-json\/wp\/v2\/product_tag?post=94859"}],"curies":[{"name":"wp","href":"https:\/\/api.w.org\/{rel}","templated":true}]}}