{"id":94849,"date":"2022-09-15T11:23:45","date_gmt":"2022-09-15T09:23:45","guid":{"rendered":"https:\/\/www.dogpride.nl\/?post_type=product&#038;p=94849"},"modified":"2025-11-17T15:38:08","modified_gmt":"2025-11-17T14:38:08","slug":"doggo-3-4-hoge-regenlaars-lotte-b","status":"publish","type":"product","link":"https:\/\/dogpride.nl\/de\/doggo-3-4-hoge-regenlaars-lotte-b\/","title":{"rendered":"DOGGO 3\/4 hoher Regenstiefel Lotte-B"},"content":{"rendered":"<h4>DOGGO 3\/4 hoher Regenstiefel Lotte-B<\/h4>\n<p>DOGGO 3\/4 hoher Regenstiefel Lotte-B<\/p>\n<p>Modischer DOGGO PVC-Stiefel f\u00fcr Damen,\u00a0<b>3\/4 hoch<\/b>, mit farblich abgestimmter Laufsohle und seitlich angebrachter Zierschnalle.<br \/>\nDe pasvorm, die al jaren beproefd en getest is, staat garant voor een prettig loopgevoel. De gripvaste en antislip buitenzool ondersteunt je bij het lopen in de regen of over de natte weide.<br \/>\nHet geborstelde oppervlak (lederlook), maakt deze schoen tot een echte blikvanger.<\/p>\n<p>Leverbaar in de kleuren: Zwart, Grijs, Blauw, Bruin.<\/p>\n<div class=\"content--title\"><strong>Produktinformation:<\/strong><\/div>\n<div class=\"product--description\">\n<div>\n<ul>\n<li>Lotte b\u00fcrstete<\/li>\n<li>\u00dcber PVC<\/li>\n<li>H\u00f6he: 25 cm<\/li>\n<li>Futter: Synthetisch<\/li>\n<li>Funktion: Wasserdicht<\/li>\n<li>griffige Au\u00dfensohle<\/li>\n<li>Rand- und Kappenverst\u00e4rkung<\/li>\n<li>Schaftrand vern\u00e4ht<\/li>\n<li>optimale Passform<\/li>\n<li>Gr\u00f6\u00dfen: 36-43<\/li>\n<li>Kartonverpackung<\/li>\n<\/ul>\n<p>&nbsp;<\/p>\n<\/div>\n<p><a href=\"https:\/\/doggo.kaufen\/\" target=\"_blank\" rel=\"noopener\"><img loading=\"lazy\" decoding=\"async\" class=\"alignnone wp-image-94814 size-full\" src=\"https:\/\/dogpride.nl\/wp-content\/uploads\/LOGO-Doggo-3.jpg\" alt=\"Logo DOGGO\" width=\"278\" height=\"97\" srcset=\"https:\/\/dogpride.nl\/wp-content\/uploads\/LOGO-Doggo-3.jpg 278w, https:\/\/dogpride.nl\/wp-content\/uploads\/LOGO-Doggo-3-250x87.jpg 250w, https:\/\/dogpride.nl\/wp-content\/uploads\/LOGO-Doggo-3-200x70.jpg 200w\" sizes=\"auto, (max-width: 278px) 100vw, 278px\" \/><\/a><\/p>\n<p><a href=\"https:\/\/dogpride.nl\/de\/kleding\/schoenen-laarzen\/doggo-schoenen\/\"><img loading=\"lazy\" decoding=\"async\" class=\"alignnone\" title=\"DOGGO 3\/4 hoher Regenstiefel Lotte-B \" src=\"https:\/\/dogpride.nl\/wp-content\/uploads\/image_DO-2017006-36_2-150x150.jpg\" alt=\"DOGGO 3\/4 hoge regenlaars Lotte-B \" width=\"150\" height=\"150\" \/><\/a><\/p>\n<\/div>","protected":false},"excerpt":{"rendered":"<p>Die seit Jahren bew\u00e4hrte Passform garantiert ein angenehmes Laufgef\u00fchl. Die griffige und rutschfeste Laufsohle unterst\u00fctzt Sie beim Spaziergang im Regen oder \u00fcber die nasse Wiese. Die geb\u00fcrstete Oberfl\u00e4che (Lederoptik) macht diesen Schuh zu einem echten Hingucker.<\/p>","protected":false},"featured_media":94850,"template":"","meta":[],"product_brand":[],"product_cat":[3938],"product_tag":[4137,3003,5392,4116,5388,4136,2969],"class_list":{"0":"post-94849","1":"product","2":"type-product","3":"status-publish","4":"has-post-thumbnail","6":"product_cat-doggo-schoenen","7":"product_tag-3-4-hoge-regenlaars","8":"product_tag-blauw","9":"product_tag-bruin","10":"product_tag-doggo","11":"product_tag-grijs","12":"product_tag-lotte-b","13":"product_tag-zwart","15":"first","16":"instock","17":"taxable","18":"shipping-taxable","19":"purchasable","20":"product-type-variable"},"mb":[],"mfb_rest_fields":["title"],"_links":{"self":[{"href":"https:\/\/dogpride.nl\/de\/wp-json\/wp\/v2\/product\/94849","targetHints":{"allow":["GET"]}}],"collection":[{"href":"https:\/\/dogpride.nl\/de\/wp-json\/wp\/v2\/product"}],"about":[{"href":"https:\/\/dogpride.nl\/de\/wp-json\/wp\/v2\/types\/product"}],"wp:featuredmedia":[{"embeddable":true,"href":"https:\/\/dogpride.nl\/de\/wp-json\/wp\/v2\/media\/94850"}],"wp:attachment":[{"href":"https:\/\/dogpride.nl\/de\/wp-json\/wp\/v2\/media?parent=94849"}],"wp:term":[{"taxonomy":"product_brand","embeddable":true,"href":"https:\/\/dogpride.nl\/de\/wp-json\/wp\/v2\/product_brand?post=94849"},{"taxonomy":"product_cat","embeddable":true,"href":"https:\/\/dogpride.nl\/de\/wp-json\/wp\/v2\/product_cat?post=94849"},{"taxonomy":"product_tag","embeddable":true,"href":"https:\/\/dogpride.nl\/de\/wp-json\/wp\/v2\/product_tag?post=94849"}],"curies":[{"name":"wp","href":"https:\/\/api.w.org\/{rel}","templated":true}]}}