{"id":94828,"date":"2022-09-15T10:59:43","date_gmt":"2022-09-15T08:59:43","guid":{"rendered":"https:\/\/www.dogpride.nl\/?post_type=product&#038;p=94828"},"modified":"2025-11-17T15:40:15","modified_gmt":"2025-11-17T14:40:15","slug":"doggo-halfhoge-regenlaars-paula","status":"publish","type":"product","link":"https:\/\/dogpride.nl\/de\/doggo-halfhoge-regenlaars-paula\/","title":{"rendered":"DOGGO halbhoher Regenstiefel Paula"},"content":{"rendered":"<h4>DOGGO halbhoher Regenstiefel Paula<\/h4>\n<p>DOGGO halbhoher Regenstiefel Paula<\/p>\n<p>Top aktuelle, modische DOGGO Damen-Halbstiefel mit trendiger, dicker, 2-farbiger Sohle. Farblich abgestimmte, rutschfeste Laufsohle und Absatz. Die seit Jahren bew\u00e4hrte Passform garantiert ein angenehmes Laufgef\u00fchl. Die griffige und rutschfeste Au\u00dfensohle unterst\u00fctzt Sie beim Gehen im Regen oder auf der nassen Wiese. Empfohlen f\u00fcr modebewusste Hundebesitzer.<\/p>\n<p>Gr\u00f6\u00dfen: 37-42<\/p>\n<p>Farben: Cappuccino, Taupe<\/p>\n<div class=\"content--title\">Produktinformation:<\/div>\n<div class=\"product--description\">\n<div>\n<ul>\n<li><b>Topmodische Damen-Regenstiefel<\/b><\/li>\n<li>Obermaterial Kunststoff<\/li>\n<li><b>H\u00f6he: 20,5 cm<\/b><\/li>\n<li><b>Schaftweite Gr\u00f6\u00dfe 38 = 34 cm<\/b><\/li>\n<li><b>Schafth\u00f6he = 16,5 cm<\/b><\/li>\n<li><b>Absatzh\u00f6he = 4 cm<\/b><\/li>\n<li>Futter: Synthetisch<\/li>\n<li>Funktion: Wasserdicht<\/li>\n<li>griffige Au\u00dfensohle mit Absatz<\/li>\n<li>2 farbige Laufsohlen<\/li>\n<li>optimale Passform<\/li>\n<li>Gr\u00f6\u00dfen: 37-42<\/li>\n<li>DOGGO-Box<\/li>\n<li>Aufgedrucktes DOGGO-Branding<\/li>\n<li>Hergestellt in Europa<\/li>\n<li>Phthalatfreie, umweltfreundliche Produktion<\/li>\n<\/ul>\n<p>&nbsp;<\/p>\n<\/div>\n<p><a href=\"https:\/\/doggo.kaufen\/\" target=\"_blank\" rel=\"noopener\"><img loading=\"lazy\" decoding=\"async\" class=\"alignnone wp-image-94814 size-full\" src=\"https:\/\/dogpride.nl\/wp-content\/uploads\/LOGO-Doggo-3.jpg\" alt=\"Logo DOGGO\" width=\"278\" height=\"97\" srcset=\"https:\/\/dogpride.nl\/wp-content\/uploads\/LOGO-Doggo-3.jpg 278w, https:\/\/dogpride.nl\/wp-content\/uploads\/LOGO-Doggo-3-250x87.jpg 250w, https:\/\/dogpride.nl\/wp-content\/uploads\/LOGO-Doggo-3-200x70.jpg 200w\" sizes=\"auto, (max-width: 278px) 100vw, 278px\" \/><\/a><\/p>\n<p><a href=\"https:\/\/dogpride.nl\/de\/kleding\/schoenen-laarzen\/doggo-schoenen\/\"><img loading=\"lazy\" decoding=\"async\" class=\"alignnone\" title=\"DOGGO halbhoher Regenstiefel Paula\" src=\"https:\/\/dogpride.nl\/wp-content\/uploads\/image_DO-2019008-37_1-150x150.jpg\" alt=\"DOGGO halfhoge regenlaars Paula\" width=\"150\" height=\"150\" \/><\/a><\/p>\n<\/div>","protected":false},"excerpt":{"rendered":"<p>Top aktuelle, modische DOGGO Damen-Halbstiefel mit trendiger, dicker, 2-farbiger Sohle. Farblich abgestimmte, rutschfeste Laufsohle und Absatz. Die seit Jahren bew\u00e4hrte Passform garantiert ein angenehmes Laufgef\u00fchl.<\/p>","protected":false},"featured_media":94829,"template":"","meta":[],"product_brand":[],"product_cat":[3938],"product_tag":[4116,4134,4135],"class_list":{"0":"post-94828","1":"product","2":"type-product","3":"status-publish","4":"has-post-thumbnail","6":"product_cat-doggo-schoenen","7":"product_tag-doggo","8":"product_tag-halfhoge-regenlaars","9":"product_tag-paula","11":"first","12":"instock","13":"taxable","14":"shipping-taxable","15":"purchasable","16":"product-type-variable"},"mb":[],"mfb_rest_fields":["title"],"_links":{"self":[{"href":"https:\/\/dogpride.nl\/de\/wp-json\/wp\/v2\/product\/94828","targetHints":{"allow":["GET"]}}],"collection":[{"href":"https:\/\/dogpride.nl\/de\/wp-json\/wp\/v2\/product"}],"about":[{"href":"https:\/\/dogpride.nl\/de\/wp-json\/wp\/v2\/types\/product"}],"wp:featuredmedia":[{"embeddable":true,"href":"https:\/\/dogpride.nl\/de\/wp-json\/wp\/v2\/media\/94829"}],"wp:attachment":[{"href":"https:\/\/dogpride.nl\/de\/wp-json\/wp\/v2\/media?parent=94828"}],"wp:term":[{"taxonomy":"product_brand","embeddable":true,"href":"https:\/\/dogpride.nl\/de\/wp-json\/wp\/v2\/product_brand?post=94828"},{"taxonomy":"product_cat","embeddable":true,"href":"https:\/\/dogpride.nl\/de\/wp-json\/wp\/v2\/product_cat?post=94828"},{"taxonomy":"product_tag","embeddable":true,"href":"https:\/\/dogpride.nl\/de\/wp-json\/wp\/v2\/product_tag?post=94828"}],"curies":[{"name":"wp","href":"https:\/\/api.w.org\/{rel}","templated":true}]}}