{"id":94494,"date":"2022-09-12T12:21:03","date_gmt":"2022-09-12T10:21:03","guid":{"rendered":"https:\/\/www.dogpride.nl\/?post_type=product&#038;p=94494"},"modified":"2026-02-19T13:11:33","modified_gmt":"2026-02-19T12:11:33","slug":"arrak-rain-pants-men-black","status":"publish","type":"product","link":"https:\/\/dogpride.nl\/de\/arrak-rain-pants-men-black\/","title":{"rendered":"Arrak Regenhose Herren Schwarz"},"content":{"rendered":"<h4>Arrak Regenhose Herren Schwarz<\/h4>\n<p>Arrak Regenhose Herren Schwarz<\/p>\n<p>Die Arrak Outdoor-Regenhose besteht aus laminiertem Polyester, das weich und flexibel ist. Innenfutter aus Mesh\/Nylon f\u00fcr beste Bel\u00fcftung und einfaches \u00dcberziehen \u00fcber eine andere Hose.<br \/>\nWassers\u00e4ule\/Atem betr\u00e4gt 10.000\/5.000. Die Taille hat einen Gummizug und einen Kordelzug, der festgezogen werden kann.<br \/>\nEs gibt 2 Rei\u00dfverschlusstaschen f\u00fcr die H\u00e4nde.<br \/>\nAn der Bein\u00f6ffnung befindet sich ein Blasebalg mit Rei\u00dfverschluss, der das An- und Ausziehen erleichtert, sowie eine Klettverschlussregulierung.<br \/>\nGewicht in Gr\u00f6\u00dfe M 402g.<\/p>\n<h2 class=\"fusion-responsive-typography-calculated\" data-fontsize=\"28\" data-lineheight=\"33.6px\">Spezifikationen:<\/h2>\n<ul>\n<li>100%-Polyester<\/li>\n<li>Futter aus Mesh\/Nylon<\/li>\n<li>10.000 in Wassers\u00e4ule und 5000 ml atmungsaktiv<\/li>\n<li>2 Rei\u00dfverschlusstaschen f\u00fcr die H\u00e4nde<\/li>\n<li>Elastische Taille<\/li>\n<li>Faltenbalg unten an der Bein\u00f6ffnung<\/li>\n<li>Verstellbare Bein\u00f6ffnung<\/li>\n<li>Reflektierendes Arrak-Logo am Bein<\/li>\n<li>Gewicht in Gr\u00f6\u00dfe M 402g<\/li>\n<\/ul>\n<h2 class=\"fusion-responsive-typography-calculated\" data-fontsize=\"28\" data-lineheight=\"33.6px\"><strong>Gr\u00f6\u00dfentabelle:<\/strong><\/h2>\n<p><img loading=\"lazy\" decoding=\"async\" class=\"alignnone size-full wp-image-94501\" src=\"https:\/\/www.dogpride.nl\/wp-content\/uploads\/men_s_pants-2.jpg\" alt=\"Maattabel\" width=\"822\" height=\"1200\" srcset=\"https:\/\/dogpride.nl\/wp-content\/uploads\/men_s_pants-2.jpg 822w, https:\/\/dogpride.nl\/wp-content\/uploads\/men_s_pants-2-250x365.jpg 250w, https:\/\/dogpride.nl\/wp-content\/uploads\/men_s_pants-2-400x584.jpg 400w, https:\/\/dogpride.nl\/wp-content\/uploads\/men_s_pants-2-206x300.jpg 206w, https:\/\/dogpride.nl\/wp-content\/uploads\/men_s_pants-2-701x1024.jpg 701w, https:\/\/dogpride.nl\/wp-content\/uploads\/men_s_pants-2-768x1121.jpg 768w, https:\/\/dogpride.nl\/wp-content\/uploads\/men_s_pants-2-200x292.jpg 200w, https:\/\/dogpride.nl\/wp-content\/uploads\/men_s_pants-2-600x876.jpg 600w, https:\/\/dogpride.nl\/wp-content\/uploads\/men_s_pants-2-800x1168.jpg 800w\" sizes=\"auto, (max-width: 822px) 100vw, 822px\" \/><\/p>\n<p><a href=\"https:\/\/arrakoutdoor.com\/\" target=\"_blank\" rel=\"noopener\"><img loading=\"lazy\" decoding=\"async\" class=\"alignnone wp-image-139301 size-medium\" src=\"https:\/\/dogpride.nl\/wp-content\/uploads\/Arrak-300x118.jpeg\" alt=\"Logo\" width=\"300\" height=\"118\" srcset=\"https:\/\/dogpride.nl\/wp-content\/uploads\/Arrak-300x118.jpeg 300w, https:\/\/dogpride.nl\/wp-content\/uploads\/Arrak-768x303.jpeg 768w, https:\/\/dogpride.nl\/wp-content\/uploads\/Arrak-18x7.jpeg 18w, https:\/\/dogpride.nl\/wp-content\/uploads\/Arrak-250x99.jpeg 250w, https:\/\/dogpride.nl\/wp-content\/uploads\/Arrak-400x158.jpeg 400w, https:\/\/dogpride.nl\/wp-content\/uploads\/Arrak.jpeg 916w\" sizes=\"auto, (max-width: 300px) 100vw, 300px\" \/><\/a><\/p>\n<p><a href=\"https:\/\/dogpride.nl\/de\/kleding\/broeken\/arrak-outdoor-broeken\/?product-page=2\"><img loading=\"lazy\" decoding=\"async\" class=\"alignnone\" title=\"Arrak Regenhose Herren Schwarz\" src=\"https:\/\/dogpride.nl\/wp-content\/uploads\/23041_side1_1-150x150.jpg\" alt=\"Arrak Rain Pants Men Black\" width=\"150\" height=\"150\" \/><\/a><\/p>","protected":false},"excerpt":{"rendered":"<p>Die Arrak Outdoor-Regenhose besteht aus laminiertem Polyester, das weich und flexibel ist. Innenfutter aus Mesh\/Nylon f\u00fcr beste Bel\u00fcftung und einfaches \u00dcberziehen \u00fcber eine andere Hose.<\/p>","protected":false},"featured_media":94495,"template":"","meta":[],"product_brand":[],"product_cat":[24458],"product_tag":[4070],"class_list":{"0":"post-94494","1":"product","2":"type-product","3":"status-publish","4":"has-post-thumbnail","6":"product_cat-arrak-outdoor-heren-broeken","7":"product_tag-regenbroek","9":"first","10":"instock","11":"taxable","12":"shipping-taxable","13":"purchasable","14":"product-type-variable"},"mb":[],"mfb_rest_fields":["title"],"_links":{"self":[{"href":"https:\/\/dogpride.nl\/de\/wp-json\/wp\/v2\/product\/94494","targetHints":{"allow":["GET"]}}],"collection":[{"href":"https:\/\/dogpride.nl\/de\/wp-json\/wp\/v2\/product"}],"about":[{"href":"https:\/\/dogpride.nl\/de\/wp-json\/wp\/v2\/types\/product"}],"wp:featuredmedia":[{"embeddable":true,"href":"https:\/\/dogpride.nl\/de\/wp-json\/wp\/v2\/media\/94495"}],"wp:attachment":[{"href":"https:\/\/dogpride.nl\/de\/wp-json\/wp\/v2\/media?parent=94494"}],"wp:term":[{"taxonomy":"product_brand","embeddable":true,"href":"https:\/\/dogpride.nl\/de\/wp-json\/wp\/v2\/product_brand?post=94494"},{"taxonomy":"product_cat","embeddable":true,"href":"https:\/\/dogpride.nl\/de\/wp-json\/wp\/v2\/product_cat?post=94494"},{"taxonomy":"product_tag","embeddable":true,"href":"https:\/\/dogpride.nl\/de\/wp-json\/wp\/v2\/product_tag?post=94494"}],"curies":[{"name":"wp","href":"https:\/\/api.w.org\/{rel}","templated":true}]}}