{"id":94478,"date":"2022-09-12T12:12:58","date_gmt":"2022-09-12T10:12:58","guid":{"rendered":"https:\/\/www.dogpride.nl\/?post_type=product&#038;p=94478"},"modified":"2025-11-03T17:52:42","modified_gmt":"2025-11-03T16:52:42","slug":"arrak-rain-pants-women-black","status":"publish","type":"product","link":"https:\/\/dogpride.nl\/de\/arrak-rain-pants-women-black\/","title":{"rendered":"Arrak Regenhose Damen Schwarz"},"content":{"rendered":"<h4>Arrak Regenhose Damen Schwarz<\/h4>\n<p>Arrak Regenhose Damen Schwarz<\/p>\n<p>De Arrak Rain Pants Women Black is gemaakt van gelamineerd polyester dat zacht en flexibel is. Binnenvoering van mesh\/nylon voor de beste ventilatie en die je gemakkelijk over een andere broek kunt aantrekken.<br \/>\nWassers\u00e4ule\/Atem betr\u00e4gt 10.000\/5.000. Die Taille hat einen Gummizug und einen Kordelzug, der festgezogen werden kann.<br \/>\nEs gibt 2 Rei\u00dfverschlusstaschen f\u00fcr die H\u00e4nde.<br \/>\nAn der Bein\u00f6ffnung befindet sich ein Blasebalg mit Rei\u00dfverschluss, der das An- und Ausziehen erleichtert, sowie eine Klettverschlussregulierung.<br \/>\nGewicht in Gr\u00f6\u00dfe M 402g.<\/p>\n<h4>Spezifikationen:<\/h4>\n<ul>\n<li>100%-Polyester<\/li>\n<li>Futter aus Mesh\/Nylon<\/li>\n<li>10.000 in Wassers\u00e4ule und 5000 ml atmungsaktiv<\/li>\n<li>2 Rei\u00dfverschlusstaschen f\u00fcr die H\u00e4nde<\/li>\n<li>Elastische Taille<\/li>\n<li>Faltenbalg unten an der Bein\u00f6ffnung<\/li>\n<li>Verstellbare Bein\u00f6ffnung<\/li>\n<li>Reflektierendes Arrak-Logo am Bein<\/li>\n<li>Gewicht in Gr\u00f6\u00dfe M 402g<\/li>\n<\/ul>\n<h4><strong>Gr\u00f6\u00dfentabelle:<\/strong><\/h4>\n<p><img loading=\"lazy\" decoding=\"async\" class=\"alignnone size-full wp-image-94485\" src=\"https:\/\/www.dogpride.nl\/wp-content\/uploads\/women_s_pants-2.jpg\" alt=\"Maattabel\" width=\"879\" height=\"1200\" srcset=\"https:\/\/dogpride.nl\/wp-content\/uploads\/women_s_pants-2.jpg 879w, https:\/\/dogpride.nl\/wp-content\/uploads\/women_s_pants-2-250x341.jpg 250w, https:\/\/dogpride.nl\/wp-content\/uploads\/women_s_pants-2-400x546.jpg 400w, https:\/\/dogpride.nl\/wp-content\/uploads\/women_s_pants-2-220x300.jpg 220w, https:\/\/dogpride.nl\/wp-content\/uploads\/women_s_pants-2-750x1024.jpg 750w, https:\/\/dogpride.nl\/wp-content\/uploads\/women_s_pants-2-768x1048.jpg 768w, https:\/\/dogpride.nl\/wp-content\/uploads\/women_s_pants-2-200x273.jpg 200w, https:\/\/dogpride.nl\/wp-content\/uploads\/women_s_pants-2-600x819.jpg 600w, https:\/\/dogpride.nl\/wp-content\/uploads\/women_s_pants-2-800x1092.jpg 800w\" sizes=\"auto, (max-width: 879px) 100vw, 879px\" \/><\/p>\n<p><a href=\"https:\/\/dogpride.nl\/de\/?s=arrak+rain+pants&amp;post_type=product\"><img loading=\"lazy\" decoding=\"async\" class=\"alignnone\" title=\"Arrak Regenhose Damen Schwarz\" src=\"https:\/\/dogpride.nl\/wp-content\/uploads\/23042_front1_1.jpg\" alt=\"Arrak Rain Pants Women Black\" width=\"147\" height=\"147\" \/><\/a><\/p>\n<p><a href=\"https:\/\/arrakoutdoor.com\/\" target=\"_blank\" rel=\"noopener\"><img loading=\"lazy\" decoding=\"async\" class=\"alignnone wp-image-139301 size-medium\" src=\"https:\/\/dogpride.nl\/wp-content\/uploads\/Arrak-300x118.jpeg\" alt=\"Logo\" width=\"300\" height=\"118\" srcset=\"https:\/\/dogpride.nl\/wp-content\/uploads\/Arrak-300x118.jpeg 300w, https:\/\/dogpride.nl\/wp-content\/uploads\/Arrak-768x303.jpeg 768w, https:\/\/dogpride.nl\/wp-content\/uploads\/Arrak-18x7.jpeg 18w, https:\/\/dogpride.nl\/wp-content\/uploads\/Arrak-250x99.jpeg 250w, https:\/\/dogpride.nl\/wp-content\/uploads\/Arrak-400x158.jpeg 400w, https:\/\/dogpride.nl\/wp-content\/uploads\/Arrak.jpeg 916w\" sizes=\"auto, (max-width: 300px) 100vw, 300px\" \/><\/a><\/p>\n<p>&nbsp;<\/p>\n<p><span style=\"color: #ffffff;\"><a style=\"color: #ffffff;\" href=\"https:\/\/devrolijkekwispel.nl\/\" target=\"_blank\" rel=\"noopener\">Dogpride NL sponsert Kelly Albers<\/a><\/span><\/p>","protected":false},"excerpt":{"rendered":"<p>De Rain Pants Women Black is gemaakt van gelamineerd polyester dat zacht en flexibel is. Binnenvoering van mesh\/nylon voor de beste ventilatie en die je gemakkelijk over een andere broek kunt aantrekken.<\/p>","protected":false},"featured_media":94479,"template":"","meta":[],"product_brand":[],"product_cat":[3860],"product_tag":[4070],"class_list":{"0":"post-94478","1":"product","2":"type-product","3":"status-publish","4":"has-post-thumbnail","6":"product_cat-arrak-outdoor-dames-broeken","7":"product_tag-regenbroek","9":"first","10":"instock","11":"taxable","12":"shipping-taxable","13":"purchasable","14":"product-type-variable"},"mb":[],"mfb_rest_fields":["title"],"_links":{"self":[{"href":"https:\/\/dogpride.nl\/de\/wp-json\/wp\/v2\/product\/94478","targetHints":{"allow":["GET"]}}],"collection":[{"href":"https:\/\/dogpride.nl\/de\/wp-json\/wp\/v2\/product"}],"about":[{"href":"https:\/\/dogpride.nl\/de\/wp-json\/wp\/v2\/types\/product"}],"wp:featuredmedia":[{"embeddable":true,"href":"https:\/\/dogpride.nl\/de\/wp-json\/wp\/v2\/media\/94479"}],"wp:attachment":[{"href":"https:\/\/dogpride.nl\/de\/wp-json\/wp\/v2\/media?parent=94478"}],"wp:term":[{"taxonomy":"product_brand","embeddable":true,"href":"https:\/\/dogpride.nl\/de\/wp-json\/wp\/v2\/product_brand?post=94478"},{"taxonomy":"product_cat","embeddable":true,"href":"https:\/\/dogpride.nl\/de\/wp-json\/wp\/v2\/product_cat?post=94478"},{"taxonomy":"product_tag","embeddable":true,"href":"https:\/\/dogpride.nl\/de\/wp-json\/wp\/v2\/product_tag?post=94478"}],"curies":[{"name":"wp","href":"https:\/\/api.w.org\/{rel}","templated":true}]}}