{"id":94462,"date":"2022-09-12T11:48:46","date_gmt":"2022-09-12T09:48:46","guid":{"rendered":"https:\/\/www.dogpride.nl\/?post_type=product&#038;p=94462"},"modified":"2026-02-19T12:48:18","modified_gmt":"2026-02-19T11:48:18","slug":"arrak-rain-jacket-men-red","status":"publish","type":"product","link":"https:\/\/dogpride.nl\/de\/arrak-rain-jacket-men-red\/","title":{"rendered":"Arrak Regenjacke Herren Rot"},"content":{"rendered":"<h4>Arrak Regenjacke Herren Rot<\/h4>\n<p>Arrak Regenjacke Herren Rot<\/p>\n<div class=\"woocommerce-tabs wc-tabs-wrapper\">\n<div id=\"tab-description\" class=\"woocommerce-Tabs-panel woocommerce-Tabs-panel--description panel entry-content wc-tab\" role=\"tabpanel\" aria-labelledby=\"tab-title-description\">\n<div class=\"post-content\">\n<div class=\"woocommerce-tabs wc-tabs-wrapper\">\n<div id=\"tab-description\" class=\"woocommerce-Tabs-panel woocommerce-Tabs-panel--description panel entry-content wc-tab\" role=\"tabpanel\" aria-labelledby=\"tab-title-description\">\n<div class=\"post-content\">\n<p>Der Arrak Outdoor-Regenmantel hat mehr Funktionen, als Sie trocken zu halten. Die Jacke verf\u00fcgt \u00fcber eine gro\u00dfe Tunneltasche mit Rei\u00dfverschluss, in der Sie beispielsweise Hundespielzeug und eine Hundeleine verstauen k\u00f6nnen.<\/p>\n<p>De Arrak Rain Jacket Men Red is gemaakt van gelamineerd polyester dat zacht en comfortabel is. Binnenvoering van mesh voor de beste ventilatie.<br \/>\nDie Wassers\u00e4ule\/Atmungsaktivit\u00e4t betr\u00e4gt 10.000\/5.000.<br \/>\nSie haben eine Innentasche mit Rei\u00dfverschluss, zwei Vordertaschen und eine gro\u00dfe Ges\u00e4\u00dftasche, alle mit Rei\u00dfverschluss. Auf der Brust befinden sich 2 Taschen mit wasserdichten Rei\u00dfverschl\u00fcssen.<br \/>\nUnter den Achseln befinden sich au\u00dferdem wasserdichte Bel\u00fcftungsrei\u00dfverschl\u00fcsse mit Mesh-Gewebe auf der Innenseite. F\u00fcr eine optimale Passform bei Regen ist die Kapuze der Jacke verstellbar.<br \/>\nAuch die Kapuze ist abnehmbar. Sie k\u00f6nnen die Jacke auch an Taille und Handgelenken anpassen. Reflektierendes Arrak-Logo auf der Brust und an der Kapuze. In der Taille leicht gebogen. Gewicht in Gr\u00f6\u00dfe M 694g<\/p>\n<h4 data-fontsize=\"28\" data-lineheight=\"33.6px\">Spezifikationen:<\/h4>\n<ul>\n<li>100%-Polyester<\/li>\n<li>Mesh-Futter<\/li>\n<li>10.000 in Wassers\u00e4ule und 5000 ml atmungsaktiv<\/li>\n<li>Ges\u00e4\u00dftasche mit Rei\u00dfverschluss<\/li>\n<li>Innentasche mit Rei\u00dfverschluss<\/li>\n<li>Brusttaschen mit wasserdichten Rei\u00dfverschl\u00fcssen<\/li>\n<li>2 Rei\u00dfverschlusstaschen vorne<\/li>\n<li>Verstellbare Kapuze<\/li>\n<li>Abnehmbare Kapuze<\/li>\n<li>Einstellbar um die Handgelenke<\/li>\n<li>Reflektierendes Arrak-Logo auf Brust und Kapuze<\/li>\n<li>Leicht geschwungene Taille<\/li>\n<li>Gewicht in Gr\u00f6\u00dfe M 694g<\/li>\n<\/ul>\n<p><strong>Gr\u00f6\u00dfentabelle:<\/strong><\/p>\n<p><img loading=\"lazy\" decoding=\"async\" class=\"alignnone size-full wp-image-94439\" src=\"https:\/\/www.dogpride.nl\/wp-content\/uploads\/men_s_tops_-8.jpg\" alt=\"Maattabel\" width=\"833\" height=\"1200\" srcset=\"https:\/\/dogpride.nl\/wp-content\/uploads\/men_s_tops_-8.jpg 833w, https:\/\/dogpride.nl\/wp-content\/uploads\/men_s_tops_-8-250x360.jpg 250w, https:\/\/dogpride.nl\/wp-content\/uploads\/men_s_tops_-8-400x576.jpg 400w, https:\/\/dogpride.nl\/wp-content\/uploads\/men_s_tops_-8-208x300.jpg 208w, https:\/\/dogpride.nl\/wp-content\/uploads\/men_s_tops_-8-711x1024.jpg 711w, https:\/\/dogpride.nl\/wp-content\/uploads\/men_s_tops_-8-768x1106.jpg 768w, https:\/\/dogpride.nl\/wp-content\/uploads\/men_s_tops_-8-200x288.jpg 200w, https:\/\/dogpride.nl\/wp-content\/uploads\/men_s_tops_-8-600x864.jpg 600w, https:\/\/dogpride.nl\/wp-content\/uploads\/men_s_tops_-8-800x1152.jpg 800w\" sizes=\"auto, (max-width: 833px) 100vw, 833px\" \/><\/p>\n<p><a href=\"https:\/\/dogpride.nl\/de\/kleding\/jassen\/arrak-outdoor\/?product-page=3\"><img loading=\"lazy\" decoding=\"async\" class=\"alignnone\" title=\"Arrak Regenjacke Herren Rot\" src=\"https:\/\/dogpride.nl\/wp-content\/uploads\/21045_dr_front_2_1.jpg\" alt=\"Arrak Rain Jacket Men Red\" width=\"195\" height=\"195\" \/><\/a><\/p>\n<p><a href=\"https:\/\/arrakoutdoor.com\/\" target=\"_blank\" rel=\"noopener\"><img loading=\"lazy\" decoding=\"async\" class=\"alignnone wp-image-139301 size-medium\" src=\"https:\/\/dogpride.nl\/wp-content\/uploads\/Arrak-300x118.jpeg\" alt=\"Logo\" width=\"300\" height=\"118\" srcset=\"https:\/\/dogpride.nl\/wp-content\/uploads\/Arrak-300x118.jpeg 300w, https:\/\/dogpride.nl\/wp-content\/uploads\/Arrak-768x303.jpeg 768w, https:\/\/dogpride.nl\/wp-content\/uploads\/Arrak-18x7.jpeg 18w, https:\/\/dogpride.nl\/wp-content\/uploads\/Arrak-250x99.jpeg 250w, https:\/\/dogpride.nl\/wp-content\/uploads\/Arrak-400x158.jpeg 400w, https:\/\/dogpride.nl\/wp-content\/uploads\/Arrak.jpeg 916w\" sizes=\"auto, (max-width: 300px) 100vw, 300px\" \/><\/a><\/p>\n<\/div>\n<\/div>\n<\/div>\n<\/div>\n<\/div>\n<\/div>","protected":false},"excerpt":{"rendered":"<p>Der Arrak Outdoor-Regenmantel hat mehr Funktionen, als Sie trocken zu halten. Die Jacke verf\u00fcgt \u00fcber eine gro\u00dfe Tunneltasche mit Rei\u00dfverschluss, in der Sie beispielsweise Hundespielzeug und eine Hundeleine verstauen k\u00f6nnen.<\/p>","protected":false},"featured_media":94464,"template":"","meta":[],"product_brand":[],"product_cat":[24457],"product_tag":[4069],"class_list":{"0":"post-94462","1":"product","2":"type-product","3":"status-publish","4":"has-post-thumbnail","6":"product_cat-arrak-outdoor-heren-jassen","7":"product_tag-regenjas","9":"first","10":"instock","11":"taxable","12":"shipping-taxable","13":"purchasable","14":"product-type-variable"},"mb":[],"mfb_rest_fields":["title"],"_links":{"self":[{"href":"https:\/\/dogpride.nl\/de\/wp-json\/wp\/v2\/product\/94462","targetHints":{"allow":["GET"]}}],"collection":[{"href":"https:\/\/dogpride.nl\/de\/wp-json\/wp\/v2\/product"}],"about":[{"href":"https:\/\/dogpride.nl\/de\/wp-json\/wp\/v2\/types\/product"}],"wp:featuredmedia":[{"embeddable":true,"href":"https:\/\/dogpride.nl\/de\/wp-json\/wp\/v2\/media\/94464"}],"wp:attachment":[{"href":"https:\/\/dogpride.nl\/de\/wp-json\/wp\/v2\/media?parent=94462"}],"wp:term":[{"taxonomy":"product_brand","embeddable":true,"href":"https:\/\/dogpride.nl\/de\/wp-json\/wp\/v2\/product_brand?post=94462"},{"taxonomy":"product_cat","embeddable":true,"href":"https:\/\/dogpride.nl\/de\/wp-json\/wp\/v2\/product_cat?post=94462"},{"taxonomy":"product_tag","embeddable":true,"href":"https:\/\/dogpride.nl\/de\/wp-json\/wp\/v2\/product_tag?post=94462"}],"curies":[{"name":"wp","href":"https:\/\/api.w.org\/{rel}","templated":true}]}}