{"id":94384,"date":"2022-09-12T10:59:38","date_gmt":"2022-09-12T08:59:38","guid":{"rendered":"https:\/\/www.dogpride.nl\/?post_type=product&#038;p=94384"},"modified":"2025-10-30T17:14:06","modified_gmt":"2025-10-30T16:14:06","slug":"arrak-rain-jacket-woman-black","status":"publish","type":"product","link":"https:\/\/dogpride.nl\/de\/arrak-rain-jacket-woman-black\/","title":{"rendered":"Arrak Regenjacke Frau Schwarz"},"content":{"rendered":"<h4>Arrak Regenjacke Frau Schwarz<\/h4>\n<p>Arrak Regenjacke Frau Schwarz<\/p>\n<p>Der Arrak Outdoor-Regenmantel hat mehr Funktionen, als Sie trocken zu halten. Die Jacke verf\u00fcgt \u00fcber eine gro\u00dfe Tunneltasche mit Rei\u00dfverschluss, in der Sie beispielsweise Hundespielzeug und eine Hundeleine verstauen k\u00f6nnen.<\/p>\n<p>De Arrak Rain Jacket Woman Black is gemaakt van gelamineerd polyester dat zacht en comfortabel is. Binnenvoering van mesh voor de beste ventilatie.<br \/>\nDie Wassers\u00e4ule\/Atmungsaktivit\u00e4t betr\u00e4gt 10.000\/5.000.<br \/>\nSie haben eine Innentasche mit Rei\u00dfverschluss, zwei Vordertaschen und eine gro\u00dfe Ges\u00e4\u00dftasche, alle mit Rei\u00dfverschluss. Auf der Brust befinden sich 2 Taschen mit wasserdichten Rei\u00dfverschl\u00fcssen.<br \/>\nUnter den Achseln befinden sich au\u00dferdem wasserdichte Bel\u00fcftungsrei\u00dfverschl\u00fcsse mit Mesh-Gewebe auf der Innenseite. F\u00fcr eine optimale Passform bei Regen ist die Kapuze der Jacke verstellbar.<br \/>\nAuch die Kapuze ist abnehmbar. Sie k\u00f6nnen die Jacke auch an Taille und Handgelenken anpassen. Reflektierendes Arrak-Logo auf der Brust und an der Kapuze. In der Taille leicht gebogen. Gewicht in Gr\u00f6\u00dfe M 694g<\/p>\n<h4>Spezifikationen:<\/h4>\n<ul>\n<li>100%-Polyester<\/li>\n<li>Mesh-Futter<\/li>\n<li>10.000 in Wassers\u00e4ule und 5000 ml atmungsaktiv<\/li>\n<li>Ges\u00e4\u00dftasche mit Rei\u00dfverschluss<\/li>\n<li>Innentasche mit Rei\u00dfverschluss<\/li>\n<li>Brusttaschen mit wasserdichten Rei\u00dfverschl\u00fcssen<\/li>\n<li>2 Rei\u00dfverschlusstaschen vorne<\/li>\n<li>Verstellbare Kapuze<\/li>\n<li>Abnehmbare Kapuze<\/li>\n<li>Einstellbar um die Handgelenke<\/li>\n<li>Reflektierendes Arrak-Logo auf Brust und Kapuze<\/li>\n<li>Leicht geschwungene Taille<\/li>\n<li>Gewicht in Gr\u00f6\u00dfe M 694g<\/li>\n<\/ul>\n<p><strong>Gr\u00f6\u00dfentabelle:<\/strong><\/p>\n<p><img loading=\"lazy\" decoding=\"async\" class=\"alignnone size-full wp-image-94391\" src=\"https:\/\/www.dogpride.nl\/wp-content\/uploads\/Maattabel-Arrak-Dames-tops-1.jpg\" alt=\"Maattabel\" width=\"643\" height=\"823\" srcset=\"https:\/\/dogpride.nl\/wp-content\/uploads\/Maattabel-Arrak-Dames-tops-1.jpg 643w, https:\/\/dogpride.nl\/wp-content\/uploads\/Maattabel-Arrak-Dames-tops-1-250x320.jpg 250w, https:\/\/dogpride.nl\/wp-content\/uploads\/Maattabel-Arrak-Dames-tops-1-400x512.jpg 400w, https:\/\/dogpride.nl\/wp-content\/uploads\/Maattabel-Arrak-Dames-tops-1-234x300.jpg 234w, https:\/\/dogpride.nl\/wp-content\/uploads\/Maattabel-Arrak-Dames-tops-1-200x256.jpg 200w, https:\/\/dogpride.nl\/wp-content\/uploads\/Maattabel-Arrak-Dames-tops-1-600x768.jpg 600w\" sizes=\"auto, (max-width: 643px) 100vw, 643px\" \/><\/p>\n<p><span style=\"color: #ffffff;\"><a style=\"color: #ffffff;\" href=\"https:\/\/devrolijkekwispel.nl\/\" target=\"_blank\" rel=\"noopener\">Dogpride NL sponsert Kelly Albers<\/a><\/span><\/p>\n<p><a href=\"https:\/\/dogpride.nl\/de\/kleding\/jassen\/arrak-outdoor\/?product-page=4\"><img loading=\"lazy\" decoding=\"async\" class=\"alignnone\" title=\"Arrak Regenjacke Frau Schwarz\" src=\"https:\/\/dogpride.nl\/wp-content\/uploads\/21046_black_front2_1.jpg\" alt=\"Arrak Rain Jacket Woman Black\" width=\"130\" height=\"130\" \/><\/a><\/p>\n<p><span style=\"color: #ffffff;\"><a href=\"https:\/\/arrakoutdoor.com\/\" target=\"_blank\" rel=\"noopener\"><img loading=\"lazy\" decoding=\"async\" class=\"alignnone wp-image-139301 size-medium\" src=\"https:\/\/dogpride.nl\/wp-content\/uploads\/Arrak-300x118.jpeg\" alt=\"Logo\" width=\"300\" height=\"118\" srcset=\"https:\/\/dogpride.nl\/wp-content\/uploads\/Arrak-300x118.jpeg 300w, https:\/\/dogpride.nl\/wp-content\/uploads\/Arrak-768x303.jpeg 768w, https:\/\/dogpride.nl\/wp-content\/uploads\/Arrak-18x7.jpeg 18w, https:\/\/dogpride.nl\/wp-content\/uploads\/Arrak-250x99.jpeg 250w, https:\/\/dogpride.nl\/wp-content\/uploads\/Arrak-400x158.jpeg 400w, https:\/\/dogpride.nl\/wp-content\/uploads\/Arrak.jpeg 916w\" sizes=\"auto, (max-width: 300px) 100vw, 300px\" \/><\/a><\/span><\/p>","protected":false},"excerpt":{"rendered":"<p>Der Arrak Outdoor-Regenmantel hat mehr Funktionen, als Sie trocken zu halten. Die Jacke verf\u00fcgt \u00fcber eine gro\u00dfe Tunneltasche mit Rei\u00dfverschluss, in der Sie beispielsweise Hundespielzeug und eine Hundeleine verstauen k\u00f6nnen.<\/p>","protected":false},"featured_media":94385,"template":"","meta":[],"product_brand":[],"product_cat":[3853],"product_tag":[4069],"class_list":{"0":"post-94384","1":"product","2":"type-product","3":"status-publish","4":"has-post-thumbnail","6":"product_cat-arrak-outdoor-dames-jassen","7":"product_tag-regenjas","9":"first","10":"instock","11":"taxable","12":"shipping-taxable","13":"purchasable","14":"product-type-variable"},"mb":[],"mfb_rest_fields":["title"],"_links":{"self":[{"href":"https:\/\/dogpride.nl\/de\/wp-json\/wp\/v2\/product\/94384","targetHints":{"allow":["GET"]}}],"collection":[{"href":"https:\/\/dogpride.nl\/de\/wp-json\/wp\/v2\/product"}],"about":[{"href":"https:\/\/dogpride.nl\/de\/wp-json\/wp\/v2\/types\/product"}],"wp:featuredmedia":[{"embeddable":true,"href":"https:\/\/dogpride.nl\/de\/wp-json\/wp\/v2\/media\/94385"}],"wp:attachment":[{"href":"https:\/\/dogpride.nl\/de\/wp-json\/wp\/v2\/media?parent=94384"}],"wp:term":[{"taxonomy":"product_brand","embeddable":true,"href":"https:\/\/dogpride.nl\/de\/wp-json\/wp\/v2\/product_brand?post=94384"},{"taxonomy":"product_cat","embeddable":true,"href":"https:\/\/dogpride.nl\/de\/wp-json\/wp\/v2\/product_cat?post=94384"},{"taxonomy":"product_tag","embeddable":true,"href":"https:\/\/dogpride.nl\/de\/wp-json\/wp\/v2\/product_tag?post=94384"}],"curies":[{"name":"wp","href":"https:\/\/api.w.org\/{rel}","templated":true}]}}