{"id":94123,"date":"2022-09-01T11:59:29","date_gmt":"2022-09-01T09:59:29","guid":{"rendered":"https:\/\/www.dogpride.nl\/?post_type=product&#038;p=94123"},"modified":"2025-11-16T12:53:13","modified_gmt":"2025-11-16T11:53:13","slug":"arrak-awesome-wool-tee-men","status":"publish","type":"product","link":"https:\/\/dogpride.nl\/de\/arrak-awesome-wool-tee-men\/","title":{"rendered":"Arrak Awesome Wool Tee Herren"},"content":{"rendered":"<h4>Arrak Awesome Wool Tee Herren<\/h4>\n<p>Arrak Awesome Wool Tee Herren<\/p>\n<p>Das Awesome Wool T-Shirt von Arrak ist ein perfektes Layer-1-T-Shirt im Raglanschnitt. Die Qualit\u00e4t ist sehr weich und angenehm zu tragen.<br \/>\nHergestellt aus 50% Merinowolle\/45% Bambusviskose\/5% Elasthan. Wolle ist ein super Material, denn sie ist antibakteriell, transportiert Feuchtigkeit gut, k\u00fchlt, wenn einem warm ist, h\u00e4lt warm, wenn einem kalt ist, h\u00e4lt den K\u00f6rper trocken und ist in dieser Wolle-Bambus-Mischung sehr angenehm zu tragen.<\/p>\n<p><strong>Spezifikationen:<\/strong><\/p>\n<ul>\n<li>50% Merinowolle\/45% Bambusviskose\/5% Elasthan<\/li>\n<li>Antibakteriell<\/li>\n<li>Transportiert Feuchtigkeit gut<\/li>\n<li>K\u00fchlt, wenn Ihnen hei\u00df ist<\/li>\n<li>H\u00e4lt Sie warm, wenn Ihnen kalt ist<\/li>\n<li>H\u00e4lt den K\u00f6rper trocken<\/li>\n<li>Weiche und sch\u00f6ne Qualit\u00e4t<\/li>\n<\/ul>\n<p><strong>Gr\u00f6\u00dfentabelle:<\/strong><\/p>\n<p><img loading=\"lazy\" decoding=\"async\" class=\"alignnone size-full wp-image-94013\" src=\"https:\/\/www.dogpride.nl\/wp-content\/uploads\/men_s_tops_-7.jpg\" alt=\"Maattabel\" width=\"833\" height=\"1200\" srcset=\"https:\/\/dogpride.nl\/wp-content\/uploads\/men_s_tops_-7.jpg 833w, https:\/\/dogpride.nl\/wp-content\/uploads\/men_s_tops_-7-250x360.jpg 250w, https:\/\/dogpride.nl\/wp-content\/uploads\/men_s_tops_-7-400x576.jpg 400w, https:\/\/dogpride.nl\/wp-content\/uploads\/men_s_tops_-7-208x300.jpg 208w, https:\/\/dogpride.nl\/wp-content\/uploads\/men_s_tops_-7-711x1024.jpg 711w, https:\/\/dogpride.nl\/wp-content\/uploads\/men_s_tops_-7-768x1106.jpg 768w, https:\/\/dogpride.nl\/wp-content\/uploads\/men_s_tops_-7-200x288.jpg 200w, https:\/\/dogpride.nl\/wp-content\/uploads\/men_s_tops_-7-600x864.jpg 600w, https:\/\/dogpride.nl\/wp-content\/uploads\/men_s_tops_-7-800x1152.jpg 800w\" sizes=\"auto, (max-width: 833px) 100vw, 833px\" \/><\/p>\n<p><a href=\"https:\/\/arrakoutdoor.com\/catalogsearch\/result\/?q=29018\" target=\"_blank\" rel=\"noopener\"><img loading=\"lazy\" decoding=\"async\" class=\"alignnone wp-image-142933 size-medium\" src=\"https:\/\/dogpride.nl\/wp-content\/uploads\/Arrak-3-300x118.jpeg\" alt=\"LOGO ARRAK\" width=\"300\" height=\"118\" srcset=\"https:\/\/dogpride.nl\/wp-content\/uploads\/Arrak-3-300x118.jpeg 300w, https:\/\/dogpride.nl\/wp-content\/uploads\/Arrak-3-768x303.jpeg 768w, https:\/\/dogpride.nl\/wp-content\/uploads\/Arrak-3-18x7.jpeg 18w, https:\/\/dogpride.nl\/wp-content\/uploads\/Arrak-3-250x99.jpeg 250w, https:\/\/dogpride.nl\/wp-content\/uploads\/Arrak-3-400x158.jpeg 400w, https:\/\/dogpride.nl\/wp-content\/uploads\/Arrak-3.jpeg 916w\" sizes=\"auto, (max-width: 300px) 100vw, 300px\" \/><\/a><\/p>\n<p><a href=\"https:\/\/dogpride.nl\/de\/kleding\/accessoires\/arrak-accessoires\/\"><img loading=\"lazy\" decoding=\"async\" class=\"alignnone\" title=\"Arrak Awesome Wool Tee Herren\" src=\"https:\/\/dogpride.nl\/wp-content\/uploads\/28010-1021-150x150.jpg\" alt=\"Arrak Awesome Wool Tee Men\" width=\"150\" height=\"150\" \/><\/a><\/p>","protected":false},"excerpt":{"rendered":"<p>Wolle ist ein super Material, denn sie ist antibakteriell, transportiert Feuchtigkeit gut, k\u00fchlt, wenn einem warm ist, h\u00e4lt warm, wenn einem kalt ist, h\u00e4lt den K\u00f6rper trocken und ist in dieser Wolle-Bambus-Mischung sehr angenehm zu tragen.<\/p>","protected":false},"featured_media":94124,"template":"","meta":[],"product_brand":[],"product_cat":[3939],"product_tag":[],"class_list":{"0":"post-94123","1":"product","2":"type-product","3":"status-publish","4":"has-post-thumbnail","6":"product_cat-arrak-accessoires","8":"first","9":"instock","10":"taxable","11":"shipping-taxable","12":"purchasable","13":"product-type-variable"},"mb":[],"mfb_rest_fields":["title"],"_links":{"self":[{"href":"https:\/\/dogpride.nl\/de\/wp-json\/wp\/v2\/product\/94123","targetHints":{"allow":["GET"]}}],"collection":[{"href":"https:\/\/dogpride.nl\/de\/wp-json\/wp\/v2\/product"}],"about":[{"href":"https:\/\/dogpride.nl\/de\/wp-json\/wp\/v2\/types\/product"}],"wp:featuredmedia":[{"embeddable":true,"href":"https:\/\/dogpride.nl\/de\/wp-json\/wp\/v2\/media\/94124"}],"wp:attachment":[{"href":"https:\/\/dogpride.nl\/de\/wp-json\/wp\/v2\/media?parent=94123"}],"wp:term":[{"taxonomy":"product_brand","embeddable":true,"href":"https:\/\/dogpride.nl\/de\/wp-json\/wp\/v2\/product_brand?post=94123"},{"taxonomy":"product_cat","embeddable":true,"href":"https:\/\/dogpride.nl\/de\/wp-json\/wp\/v2\/product_cat?post=94123"},{"taxonomy":"product_tag","embeddable":true,"href":"https:\/\/dogpride.nl\/de\/wp-json\/wp\/v2\/product_tag?post=94123"}],"curies":[{"name":"wp","href":"https:\/\/api.w.org\/{rel}","templated":true}]}}