{"id":94068,"date":"2022-09-01T10:55:42","date_gmt":"2022-09-01T08:55:42","guid":{"rendered":"https:\/\/www.dogpride.nl\/?post_type=product&#038;p=94068"},"modified":"2025-11-16T12:58:17","modified_gmt":"2025-11-16T11:58:17","slug":"arrak-awesome-wool-tee-ls-sz-women","status":"publish","type":"product","link":"https:\/\/dogpride.nl\/de\/arrak-awesome-wool-tee-ls-sz-women\/","title":{"rendered":"Arrak Awesome Wool T-Shirt LS SZ Damen"},"content":{"rendered":"<h4>Arrak Awesome Wool T-Shirt LS SZ Damen<\/h4>\n<p>Arrak Awesome Wool T-Shirt LS SZ Damen<\/p>\n<p>Das Awesome Wool Half Zip T-Shirt von Arrak ist ein perfektes Layer-1-T-Shirt mit langen \u00c4rmeln und Raglanschnitt.<br \/>\nDie Qualit\u00e4t ist sehr weich und angenehm zu tragen. Hergestellt aus 50% Merinowolle\/45% Bambusviskose\/5% Elasthan. Wolle ist ein super Material, denn sie ist antibakteriell, transportiert Feuchtigkeit gut, k\u00fchlt bei Hitze, h\u00e4lt warm bei K\u00e4lte, h\u00e4lt den K\u00f6rper trocken und ist in dieser Wolle-Bambus-Mischung sehr angenehm zu tragen.<br \/>\nKurzer Stehkragen und kurzer Rei\u00dfverschluss.<br \/>\nIn der Taille leicht geschwungen<\/p>\n<p><strong>Spezifikationen:<\/strong><\/p>\n<ul>\n<li>50% Merinowolle\/45% Bambusviskose\/5% Elasthan<\/li>\n<li>Antibakteriell<\/li>\n<li>Transportiert Feuchtigkeit gut<\/li>\n<li>K\u00fchlt, wenn Ihnen hei\u00df ist<\/li>\n<li>H\u00e4lt Sie warm, wenn Ihnen kalt ist<\/li>\n<li>H\u00e4lt den K\u00f6rper trocken<\/li>\n<li>Weiche und sch\u00f6ne Qualit\u00e4t<\/li>\n<li>Kurzer Stehkragen<\/li>\n<li>Kurzer Rei\u00dfverschluss<\/li>\n<li>Leicht geschwungene Taille<\/li>\n<\/ul>\n<p><strong>Gr\u00f6\u00dfentabelle:<\/strong><\/p>\n<p><img loading=\"lazy\" decoding=\"async\" class=\"alignnone size-full wp-image-94000\" src=\"https:\/\/www.dogpride.nl\/wp-content\/uploads\/women_s_tops_-3.jpg\" alt=\"Maattabel\" width=\"865\" height=\"1200\" srcset=\"https:\/\/dogpride.nl\/wp-content\/uploads\/women_s_tops_-3.jpg 865w, https:\/\/dogpride.nl\/wp-content\/uploads\/women_s_tops_-3-250x347.jpg 250w, https:\/\/dogpride.nl\/wp-content\/uploads\/women_s_tops_-3-400x555.jpg 400w, https:\/\/dogpride.nl\/wp-content\/uploads\/women_s_tops_-3-216x300.jpg 216w, https:\/\/dogpride.nl\/wp-content\/uploads\/women_s_tops_-3-738x1024.jpg 738w, https:\/\/dogpride.nl\/wp-content\/uploads\/women_s_tops_-3-768x1065.jpg 768w, https:\/\/dogpride.nl\/wp-content\/uploads\/women_s_tops_-3-200x277.jpg 200w, https:\/\/dogpride.nl\/wp-content\/uploads\/women_s_tops_-3-600x832.jpg 600w, https:\/\/dogpride.nl\/wp-content\/uploads\/women_s_tops_-3-800x1110.jpg 800w\" sizes=\"auto, (max-width: 865px) 100vw, 865px\" \/><\/p>\n<p><a href=\"https:\/\/arrakoutdoor.com\/awesome-wool-t-shirt-women\" target=\"_blank\" rel=\"noopener\"><img loading=\"lazy\" decoding=\"async\" class=\"alignnone wp-image-142933 size-medium\" src=\"https:\/\/dogpride.nl\/wp-content\/uploads\/Arrak-3-300x118.jpeg\" alt=\"LOGO ARRAK\" width=\"300\" height=\"118\" srcset=\"https:\/\/dogpride.nl\/wp-content\/uploads\/Arrak-3-300x118.jpeg 300w, https:\/\/dogpride.nl\/wp-content\/uploads\/Arrak-3-768x303.jpeg 768w, https:\/\/dogpride.nl\/wp-content\/uploads\/Arrak-3-18x7.jpeg 18w, https:\/\/dogpride.nl\/wp-content\/uploads\/Arrak-3-250x99.jpeg 250w, https:\/\/dogpride.nl\/wp-content\/uploads\/Arrak-3-400x158.jpeg 400w, https:\/\/dogpride.nl\/wp-content\/uploads\/Arrak-3.jpeg 916w\" sizes=\"auto, (max-width: 300px) 100vw, 300px\" \/><\/a><\/p>\n<p><a href=\"https:\/\/dogpride.nl\/de\/kleding\/accessoires\/arrak-accessoires\/\"><img loading=\"lazy\" decoding=\"async\" class=\"alignnone\" title=\"Arrak Awesome Wool T-Shirt LS SZ Damen\" src=\"https:\/\/dogpride.nl\/wp-content\/uploads\/28013_back-150x150.jpg\" alt=\"Arrak Awesome Wool tee LS SZ Women\" width=\"150\" height=\"150\" \/><\/a><\/p>","protected":false},"excerpt":{"rendered":"<p>Hergestellt aus 50% Merinowolle\/45% Bambusviskose\/5% Elasthan. Wolle ist ein super Material, denn sie ist antibakteriell, transportiert Feuchtigkeit gut, k\u00fchlt bei Hitze, h\u00e4lt warm bei K\u00e4lte, h\u00e4lt den K\u00f6rper trocken und ist in dieser Wolle-Bambus-Mischung sehr angenehm zu tragen.<\/p>","protected":false},"featured_media":94069,"template":"","meta":[],"product_brand":[],"product_cat":[3939],"product_tag":[],"class_list":{"0":"post-94068","1":"product","2":"type-product","3":"status-publish","4":"has-post-thumbnail","6":"product_cat-arrak-accessoires","8":"first","9":"instock","10":"taxable","11":"shipping-taxable","12":"purchasable","13":"product-type-variable"},"mb":[],"mfb_rest_fields":["title"],"_links":{"self":[{"href":"https:\/\/dogpride.nl\/de\/wp-json\/wp\/v2\/product\/94068","targetHints":{"allow":["GET"]}}],"collection":[{"href":"https:\/\/dogpride.nl\/de\/wp-json\/wp\/v2\/product"}],"about":[{"href":"https:\/\/dogpride.nl\/de\/wp-json\/wp\/v2\/types\/product"}],"wp:featuredmedia":[{"embeddable":true,"href":"https:\/\/dogpride.nl\/de\/wp-json\/wp\/v2\/media\/94069"}],"wp:attachment":[{"href":"https:\/\/dogpride.nl\/de\/wp-json\/wp\/v2\/media?parent=94068"}],"wp:term":[{"taxonomy":"product_brand","embeddable":true,"href":"https:\/\/dogpride.nl\/de\/wp-json\/wp\/v2\/product_brand?post=94068"},{"taxonomy":"product_cat","embeddable":true,"href":"https:\/\/dogpride.nl\/de\/wp-json\/wp\/v2\/product_cat?post=94068"},{"taxonomy":"product_tag","embeddable":true,"href":"https:\/\/dogpride.nl\/de\/wp-json\/wp\/v2\/product_tag?post=94068"}],"curies":[{"name":"wp","href":"https:\/\/api.w.org\/{rel}","templated":true}]}}