{"id":94039,"date":"2022-09-01T10:19:13","date_gmt":"2022-09-01T08:19:13","guid":{"rendered":"https:\/\/www.dogpride.nl\/?post_type=product&#038;p=94039"},"modified":"2026-02-19T12:57:45","modified_gmt":"2026-02-19T11:57:45","slug":"arrak-acadia-softshell-vest-dark-red","status":"publish","type":"product","link":"https:\/\/dogpride.nl\/de\/arrak-acadia-softshell-vest-dark-red\/","title":{"rendered":"Arrak Acadia Softshell Weste Dunkelrot"},"content":{"rendered":"<h4>Arrak Acadia Softshell Weste Dunkelrot<\/h4>\n<p>Arrak Acadia Softshell Weste Dunkelrot<\/p>\n<p>Die Softshellweste Acadia ist eine funktionelle und stylische Weste f\u00fcr mehrere Einsatzbereiche.<\/p>\n<p>Wenn Sie mit Hunden trainieren oder gerne spazieren gehen, ist diese Weste die perfekte Erg\u00e4nzung zu unserer Akka-Softshelljacke, die diese Weste inspiriert hat. Die Weste verf\u00fcgt \u00fcber sechs Vordertaschen, davon vier mit Rei\u00dfverschluss, und eine gro\u00dfe Ges\u00e4\u00dftasche ohne Rei\u00dfverschluss. Die Weste eignet sich perfekt zum Fliegenfischen, da Sie die Hakenbox f\u00fcr einfachen Zugriff in der Ges\u00e4\u00dftasche verstauen und einen Karabiner zum Befestigen des Keschers haben.<\/p>\n<p><strong>Spezifikationen:<\/strong><\/p>\n<ul>\n<li>Gro\u00dfe Ges\u00e4\u00dftasche<\/li>\n<li>Hergestellt aus 100%-Polyester<\/li>\n<li>Sechs Vordertaschen, davon vier mit Rei\u00dfverschluss<\/li>\n<li>Verstellbare Taille<\/li>\n<li>Hoher Kragen<\/li>\n<li>Karabiner f\u00fcr Trinkflasche, Hundeleine oder Fischernetz<\/li>\n<\/ul>\n<p><strong>Gr\u00f6\u00dfentabelle:<\/strong><\/p>\n<p><img loading=\"lazy\" decoding=\"async\" class=\"alignnone wp-image-94013 size-full\" src=\"https:\/\/www.dogpride.nl\/wp-content\/uploads\/men_s_tops_-7.jpg\" alt=\"Maattabel\" width=\"833\" height=\"1200\" srcset=\"https:\/\/dogpride.nl\/wp-content\/uploads\/men_s_tops_-7.jpg 833w, https:\/\/dogpride.nl\/wp-content\/uploads\/men_s_tops_-7-250x360.jpg 250w, https:\/\/dogpride.nl\/wp-content\/uploads\/men_s_tops_-7-400x576.jpg 400w, https:\/\/dogpride.nl\/wp-content\/uploads\/men_s_tops_-7-208x300.jpg 208w, https:\/\/dogpride.nl\/wp-content\/uploads\/men_s_tops_-7-711x1024.jpg 711w, https:\/\/dogpride.nl\/wp-content\/uploads\/men_s_tops_-7-768x1106.jpg 768w, https:\/\/dogpride.nl\/wp-content\/uploads\/men_s_tops_-7-200x288.jpg 200w, https:\/\/dogpride.nl\/wp-content\/uploads\/men_s_tops_-7-600x864.jpg 600w, https:\/\/dogpride.nl\/wp-content\/uploads\/men_s_tops_-7-800x1152.jpg 800w\" sizes=\"auto, (max-width: 833px) 100vw, 833px\" \/><\/p>\n<p><a href=\"https:\/\/arrakoutdoor.com\/?gad_source=1&amp;gad_campaignid=17831368039&amp;gbraid=0AAAAADMpsjTjxSYI2mZf6V1fkFItM3rbI&amp;gclid=CjwKCAjw04HIBhB8EiwA8jGNbTSr_IrZliX_1ll-eRCGY88bPjxKvRAx4fBVTE8nCv4BRbxzY3V8bhoCVJkQAvD_BwE\" target=\"_blank\" rel=\"noopener\"><img loading=\"lazy\" decoding=\"async\" class=\"alignnone wp-image-139301 size-medium\" src=\"https:\/\/dogpride.nl\/wp-content\/uploads\/Arrak-300x118.jpeg\" alt=\"Logo\" width=\"300\" height=\"118\" srcset=\"https:\/\/dogpride.nl\/wp-content\/uploads\/Arrak-300x118.jpeg 300w, https:\/\/dogpride.nl\/wp-content\/uploads\/Arrak-768x303.jpeg 768w, https:\/\/dogpride.nl\/wp-content\/uploads\/Arrak-18x7.jpeg 18w, https:\/\/dogpride.nl\/wp-content\/uploads\/Arrak-250x99.jpeg 250w, https:\/\/dogpride.nl\/wp-content\/uploads\/Arrak-400x158.jpeg 400w, https:\/\/dogpride.nl\/wp-content\/uploads\/Arrak.jpeg 916w\" sizes=\"auto, (max-width: 300px) 100vw, 300px\" \/><\/a><\/p>\n<p><a href=\"https:\/\/dogpride.nl\/de\/kleding\/trainingsvesten\/arrak-outdoor-trainingsvesten\/\"><img loading=\"lazy\" decoding=\"async\" class=\"alignnone\" src=\"https:\/\/dogpride.nl\/wp-content\/uploads\/22011-36_side-150x150.jpg\" alt=\"Arrak Acadia Softshell Vest Dark Red\" width=\"150\" height=\"150\" \/><\/a><\/p>","protected":false},"excerpt":{"rendered":"<p>Die Weste verf\u00fcgt \u00fcber sechs Vordertaschen, davon vier mit Rei\u00dfverschluss, und eine gro\u00dfe Ges\u00e4\u00dftasche ohne Rei\u00dfverschluss. Die Weste eignet sich auch perfekt zum Fliegenfischen, da Sie die Hakenbox in der Ges\u00e4\u00dftasche verstauen k\u00f6nnen, damit Sie sie leicht erreichen k\u00f6nnen, und es gibt einen Karabiner, an dem Sie den Kescher befestigen k\u00f6nnen.<\/p>","protected":false},"featured_media":94040,"template":"","meta":[],"product_brand":[],"product_cat":[24459],"product_tag":[],"class_list":{"0":"post-94039","1":"product","2":"type-product","3":"status-publish","4":"has-post-thumbnail","6":"product_cat-arrak-outdoor-heren-trainingsvesten","8":"first","9":"instock","10":"taxable","11":"shipping-taxable","12":"purchasable","13":"product-type-variable"},"mb":[],"mfb_rest_fields":["title"],"_links":{"self":[{"href":"https:\/\/dogpride.nl\/de\/wp-json\/wp\/v2\/product\/94039","targetHints":{"allow":["GET"]}}],"collection":[{"href":"https:\/\/dogpride.nl\/de\/wp-json\/wp\/v2\/product"}],"about":[{"href":"https:\/\/dogpride.nl\/de\/wp-json\/wp\/v2\/types\/product"}],"wp:featuredmedia":[{"embeddable":true,"href":"https:\/\/dogpride.nl\/de\/wp-json\/wp\/v2\/media\/94040"}],"wp:attachment":[{"href":"https:\/\/dogpride.nl\/de\/wp-json\/wp\/v2\/media?parent=94039"}],"wp:term":[{"taxonomy":"product_brand","embeddable":true,"href":"https:\/\/dogpride.nl\/de\/wp-json\/wp\/v2\/product_brand?post=94039"},{"taxonomy":"product_cat","embeddable":true,"href":"https:\/\/dogpride.nl\/de\/wp-json\/wp\/v2\/product_cat?post=94039"},{"taxonomy":"product_tag","embeddable":true,"href":"https:\/\/dogpride.nl\/de\/wp-json\/wp\/v2\/product_tag?post=94039"}],"curies":[{"name":"wp","href":"https:\/\/api.w.org\/{rel}","templated":true}]}}