{"id":93669,"date":"2022-08-23T11:03:47","date_gmt":"2022-08-23T09:03:47","guid":{"rendered":"https:\/\/www.dogpride.nl\/?post_type=product&#038;p=93669"},"modified":"2026-02-19T12:49:01","modified_gmt":"2026-02-19T11:49:01","slug":"arrak-regenjas-zwart-unisex","status":"publish","type":"product","link":"https:\/\/dogpride.nl\/de\/arrak-regenjas-zwart-unisex\/","title":{"rendered":"Arrak Regenmantel Schwarz Unisex"},"content":{"rendered":"<h4>Arrak Regenmantel Schwarz Unisex<\/h4>\n<p>Arrak Regenmantel Schwarz Unisex<\/p>\n<p>Ein klassischer Regenmantel von Arrak Outdoor. Weiches PU-beschichtetes Polyestermaterial. L\u00e4ngerer Schnitt, der Sie bei jedem Wetter trocken h\u00e4lt. Reflexe zur Erh\u00f6hung Ihrer Sichtbarkeit im Dunkeln. Rei\u00dfverschluss vorne mit Knopfverschluss. 2 gro\u00dfe Taschen. F\u00fcr eine optimale Passform bei Regen ist die Kapuze der Jacke verstellbar. Sie k\u00f6nnen die Jacke auch an Taille und Handgelenken anpassen. Bel\u00fcftungsl\u00f6cher an den Achseln.<\/p>\n<p>Der Regenmantel ist in Unisex-Gr\u00f6\u00dfe<\/p>\n<p><strong>Gr\u00f6\u00dfentabelle:<\/strong><\/p>\n<p><img loading=\"lazy\" decoding=\"async\" class=\"alignnone size-full wp-image-93678\" src=\"https:\/\/www.dogpride.nl\/wp-content\/uploads\/Maattabel-Unisex-tops-4.jpg\" alt=\"Maattabel\" width=\"647\" height=\"813\" srcset=\"https:\/\/dogpride.nl\/wp-content\/uploads\/Maattabel-Unisex-tops-4.jpg 647w, https:\/\/dogpride.nl\/wp-content\/uploads\/Maattabel-Unisex-tops-4-250x314.jpg 250w, https:\/\/dogpride.nl\/wp-content\/uploads\/Maattabel-Unisex-tops-4-400x503.jpg 400w, https:\/\/dogpride.nl\/wp-content\/uploads\/Maattabel-Unisex-tops-4-239x300.jpg 239w, https:\/\/dogpride.nl\/wp-content\/uploads\/Maattabel-Unisex-tops-4-200x251.jpg 200w, https:\/\/dogpride.nl\/wp-content\/uploads\/Maattabel-Unisex-tops-4-600x754.jpg 600w\" sizes=\"auto, (max-width: 647px) 100vw, 647px\" \/><\/p>\n<p><span style=\"color: #ffffff;\"><a href=\"https:\/\/arrakoutdoor.com\/\" target=\"_blank\" rel=\"noopener\"><img loading=\"lazy\" decoding=\"async\" class=\"alignnone wp-image-139301 size-medium\" src=\"https:\/\/dogpride.nl\/wp-content\/uploads\/Arrak-300x118.jpeg\" alt=\"Logo\" width=\"300\" height=\"118\" srcset=\"https:\/\/dogpride.nl\/wp-content\/uploads\/Arrak-300x118.jpeg 300w, https:\/\/dogpride.nl\/wp-content\/uploads\/Arrak-768x303.jpeg 768w, https:\/\/dogpride.nl\/wp-content\/uploads\/Arrak-18x7.jpeg 18w, https:\/\/dogpride.nl\/wp-content\/uploads\/Arrak-250x99.jpeg 250w, https:\/\/dogpride.nl\/wp-content\/uploads\/Arrak-400x158.jpeg 400w, https:\/\/dogpride.nl\/wp-content\/uploads\/Arrak.jpeg 916w\" sizes=\"auto, (max-width: 300px) 100vw, 300px\" \/><\/a><\/span><\/p>\n<p><a href=\"https:\/\/dogpride.nl\/de\/kleding\/jassen\/arrak-outdoor-jassen\/\"><img loading=\"lazy\" decoding=\"async\" class=\"alignnone\" title=\"Arrak Regenmantel Schwarz Unisex\" src=\"https:\/\/dogpride.nl\/wp-content\/uploads\/21044_black_front1_web-150x150.jpg\" alt=\"Arrak regenjas Zwart Unisex\" width=\"150\" height=\"150\" \/><\/a><\/p>","protected":false},"excerpt":{"rendered":"<p>Ein klassischer Regenmantel von Arrak Outdoor. Weiches PU-beschichtetes Polyestermaterial. L\u00e4ngerer Schnitt, der Sie bei jedem Wetter trocken h\u00e4lt.<\/p>","protected":false},"featured_media":93670,"template":"","meta":[],"product_brand":[],"product_cat":[3853,24457],"product_tag":[],"class_list":{"0":"post-93669","1":"product","2":"type-product","3":"status-publish","4":"has-post-thumbnail","6":"product_cat-arrak-outdoor-dames-jassen","7":"product_cat-arrak-outdoor-heren-jassen","9":"first","10":"instock","11":"taxable","12":"shipping-taxable","13":"purchasable","14":"product-type-variable"},"mb":[],"mfb_rest_fields":["title"],"_links":{"self":[{"href":"https:\/\/dogpride.nl\/de\/wp-json\/wp\/v2\/product\/93669","targetHints":{"allow":["GET"]}}],"collection":[{"href":"https:\/\/dogpride.nl\/de\/wp-json\/wp\/v2\/product"}],"about":[{"href":"https:\/\/dogpride.nl\/de\/wp-json\/wp\/v2\/types\/product"}],"wp:featuredmedia":[{"embeddable":true,"href":"https:\/\/dogpride.nl\/de\/wp-json\/wp\/v2\/media\/93670"}],"wp:attachment":[{"href":"https:\/\/dogpride.nl\/de\/wp-json\/wp\/v2\/media?parent=93669"}],"wp:term":[{"taxonomy":"product_brand","embeddable":true,"href":"https:\/\/dogpride.nl\/de\/wp-json\/wp\/v2\/product_brand?post=93669"},{"taxonomy":"product_cat","embeddable":true,"href":"https:\/\/dogpride.nl\/de\/wp-json\/wp\/v2\/product_cat?post=93669"},{"taxonomy":"product_tag","embeddable":true,"href":"https:\/\/dogpride.nl\/de\/wp-json\/wp\/v2\/product_tag?post=93669"}],"curies":[{"name":"wp","href":"https:\/\/api.w.org\/{rel}","templated":true}]}}