{"id":93428,"date":"2022-07-14T13:43:23","date_gmt":"2022-07-14T11:43:23","guid":{"rendered":"https:\/\/www.dogpride.nl\/?post_type=product&#038;p=93428"},"modified":"2025-11-25T11:44:17","modified_gmt":"2025-11-25T10:44:17","slug":"scentlogix-mould-detection-aid","status":"publish","type":"product","link":"https:\/\/dogpride.nl\/de\/scentlogix-mould-detection-aid\/","title":{"rendered":"SCENTLOGIX Mould Detection Aid"},"content":{"rendered":"<h4>SCENTLOGIX Mould Detection Aid<\/h4>\n<p>SCENTLOGIX Mould Detection Aid<\/p>\n<p>Die Trainingshilfe zur Schimmelerkennung mit Geruchsabdruck bietet eine neue effektive Methode, um Ihren Hunden beizubringen, alle Arten von Schimmel in allen Situationen zu erkennen.<\/p>\n<p>Zu den erwarteten Anwendungen geh\u00f6rt der Einsatz bei der Schimmelerkennung in: Lebensmitteln und Getr\u00e4nken, Wohngeb\u00e4uden (z. B. Hausinspektionen vor dem Verkauf), Hotels, Restaurants usw. Gesch\u00e4ftsgeb\u00e4uden (z. B. Pflegeheime und Krankenh\u00e4user).<\/p>\n<p>K9s, die mit den ScentLogix\u2122 Schimmel K9-Trainingshilfen zur Geruchserkennung geschult wurden, k\u00f6nnen das Vorhandensein von Schimmel an all diesen Orten und Situationen erkennen, selbst wenn versucht wird, ihn zu verbergen!<\/p>\n<p>Schimmelpilze sind Erreger einer Vielzahl von Allergien, Hautausschl\u00e4gen und Atemwegserkrankungen, und es ist bekannt, dass einige Schimmelpilzarten (z. B. Schwarzschimmel) beim Menschen t\u00f6dlich verlaufen<\/p>\n<ul>\n<li>Nur als Nachf\u00fcller erh\u00e4ltlich<\/li>\n<\/ul>\n<p><a href=\"https:\/\/dogpride.nl\/de\/k9\/detectie\/detectie-geurstoffen\/scentlogix-geurstoffen\/\"><img loading=\"lazy\" decoding=\"async\" class=\"alignnone\" title=\"SCENTLOGIX Mould Detection Aid\" src=\"https:\/\/dogpride.nl\/wp-content\/uploads\/mould_remplazo.png\" alt=\"SCENTLOGIX Mould Detection Aid\" width=\"118\" height=\"118\" \/><\/a><\/p>\n<h4 data-start=\"316\" data-end=\"423\"><strong data-start=\"318\" data-end=\"423\">SCENTLOGIX Mould Detection Aid \u2013 High-Performance Rekenmiddel voor Professionele Geurdetectietraining<\/strong><\/h4>\n<p data-start=\"425\" data-end=\"891\">Der <strong data-start=\"428\" data-end=\"462\">SCENTLOGIX Mould Detection Aid<\/strong> is een van \u2019s werelds meest geavanceerde geurmiddelen voor het trainen van honden in het herkennen van schimmelgeur. Deze hoogwaardige, wetenschappelijk geformuleerde training aid biedt een uitzonderlijk realistische geurprofiel dat perfect is voor detection dogs die worden ingezet bij <strong data-start=\"750\" data-end=\"890\">schimmelinspectie, water- en vochtschaderapportages, vastgoedonderzoek, HVAC-systemen, gezondheidsinspecties en bouwtechnische controles<\/strong>.<\/p>\n<p data-start=\"893\" data-end=\"1216\">Ontwikkeld door geurwetenschappers en veelgebruikt door professionele K9-teams wereldwijd, staat SCENTLOGIX bekend om zijn <strong data-start=\"1016\" data-end=\"1081\">bewezen consistentie, lange levensduur en hoge geurzuiverheid<\/strong>. Dit maakt de Mould Detection Aid een essentieel hulpmiddel voor trainers die maximale betrouwbaarheid eisen van hun opsporingshonden.<\/p>\n<hr data-start=\"1218\" data-end=\"1221\" \/>\n<h4 data-start=\"1223\" data-end=\"1292\"><strong data-start=\"1226\" data-end=\"1292\">Realistische en wetenschappelijk geoptimaliseerde schimmelgeur<\/strong><\/h4>\n<p data-start=\"1294\" data-end=\"1605\">De kracht van de SCENTLOGIX Mould Detection Aid zit in het uiterst nauwkeurig ontwikkelde geurprofiel. In tegenstelling tot natuurlijke schimmel, die in intensiteit kan vari\u00ebren en biologische risico\u2019s met zich meebrengt, biedt dit synthetische middel een <strong data-start=\"1550\" data-end=\"1604\">stabiele, veilige en reproduceerbare trainingsgeur<\/strong>.<\/p>\n<h4 data-start=\"1607\" data-end=\"1647\"><strong data-start=\"1611\" data-end=\"1647\">Waarom dit geurprofiel uniek is:<\/strong><\/h4>\n<ul>\n<li data-start=\"1650\" data-end=\"1692\">Nauwkeurig samengesteld door geurchemici<\/li>\n<li data-start=\"1695\" data-end=\"1749\">Geen biologische contaminatie of gezondheidsrisico\u2019s<\/li>\n<li data-start=\"1752\" data-end=\"1834\">Constante geursterkte, ideaal voor zowel beginnershonden als gevorderde K9-teams<\/li>\n<li data-start=\"1837\" data-end=\"1897\">Realistische simulatie van veelvoorkomende schimmelsoorten<\/li>\n<li data-start=\"1900\" data-end=\"1951\">Perfect voor locatie-specifieke schimmelopsporing<\/li>\n<\/ul>\n<p data-start=\"1953\" data-end=\"2082\">Hiermee train je detection dogs op een manier die in de praktijk direct inzetbaar is en tot uiterst nauwkeurige resultaten leidt.<\/p>\n<hr data-start=\"2084\" data-end=\"2087\" \/>\n<h4 data-start=\"2089\" data-end=\"2137\"><strong data-start=\"2092\" data-end=\"2137\">Geschikt voor alle niveaus en disciplines<\/strong><\/h4>\n<p data-start=\"2139\" data-end=\"2237\">De SCENTLOGIX Mould Detection Aid kan worden gebruikt in verschillende trainingsscenario\u2019s, zoals:<\/p>\n<ul>\n<li data-start=\"2241\" data-end=\"2267\"><strong data-start=\"2241\" data-end=\"2267\">Binnenmilieu-inspectie<\/strong><\/li>\n<li data-start=\"2270\" data-end=\"2303\"><strong data-start=\"2270\" data-end=\"2303\">Vastgoed- en woninginspecties<\/strong><\/li>\n<li data-start=\"2306\" data-end=\"2338\"><strong data-start=\"2306\" data-end=\"2338\">Commerci\u00eble gebouwveiligheid<\/strong><\/li>\n<li data-start=\"2341\" data-end=\"2366\"><strong data-start=\"2341\" data-end=\"2366\">Vochtschade-onderzoek<\/strong><\/li>\n<li data-start=\"2369\" data-end=\"2400\"><strong data-start=\"2369\" data-end=\"2400\">HVAC- en ventilatiesystemen<\/strong><\/li>\n<li data-start=\"2403\" data-end=\"2435\"><strong data-start=\"2403\" data-end=\"2435\">Bouwkundige schimmelcontrole<\/strong><\/li>\n<li data-start=\"2438\" data-end=\"2475\"><strong data-start=\"2438\" data-end=\"2475\">Hygi\u00ebne- en gezondheidsinspecties<\/strong><\/li>\n<\/ul>\n<p data-start=\"2477\" data-end=\"2673\">Door de constante geurafgifte kunnen trainers eenvoudig sessies opbouwen van basisherkenning tot complexe zoekopdrachten in grote ruimtes, voertuigen, wanden, plafonds en verborgen compartimenten.<\/p>\n<hr data-start=\"2675\" data-end=\"2678\" \/>\n<h4 data-start=\"2680\" data-end=\"2723\"><strong data-start=\"2683\" data-end=\"2723\">Lange levensduur en hoge stabiliteit<\/strong><\/h4>\n<p data-start=\"2725\" data-end=\"2940\">Een van de grote voordelen van SCENTLOGIX-producten is hun uitzonderlijke duurzaamheid. De Mould Detection Aid is ontworpen om <strong data-start=\"2852\" data-end=\"2877\">lang geur af te geven<\/strong>, waardoor trainers dezelfde kit keer op keer kunnen gebruiken.<\/p>\n<h4 data-start=\"2942\" data-end=\"2983\"><strong data-start=\"2946\" data-end=\"2983\">Voordelen voor langdurig gebruik:<\/strong><\/h4>\n<ul>\n<li data-start=\"2986\" data-end=\"3010\">Zeer hoge geurretentie<\/li>\n<li data-start=\"3013\" data-end=\"3053\">Bestand tegen temperatuurschommelingen<\/li>\n<li data-start=\"3056\" data-end=\"3105\">Geschikt voor zowel indoor als outdoor training<\/li>\n<li data-start=\"3108\" data-end=\"3131\">Economisch in gebruik<\/li>\n<li data-start=\"3134\" data-end=\"3185\">Bewaart zijn geurprofiel gedurende lange perioden<\/li>\n<\/ul>\n<p data-start=\"3187\" data-end=\"3287\">Dit maakt de SCENTLOGIX Mould Detection Aid uitermate geschikt voor intensieve trainingsprogramma\u2019s.<\/p>\n<p data-start=\"3187\" data-end=\"3287\"><img loading=\"lazy\" decoding=\"async\" class=\"alignnone\" title=\"SCENTLOGIX Mould Detection Aid\" src=\"https:\/\/dogpride.nl\/wp-content\/uploads\/mould_remplazo.png\" alt=\"SCENTLOGIX Mould Detection Aid\" width=\"126\" height=\"126\" \/><\/p>\n<hr data-start=\"3289\" data-end=\"3292\" \/>\n<h4 data-start=\"3294\" data-end=\"3343\"><strong data-start=\"3297\" data-end=\"3343\">Veilig, hygi\u00ebnisch en eenvoudig in gebruik<\/strong><\/h4>\n<p data-start=\"3345\" data-end=\"3567\">Waar echte schimmel gezondheidsrisico\u2019s met zich mee kan brengen, is\u00a0<strong data-start=\"318\" data-end=\"423\">SCENTLOGIX Mould Detection Aid\u00a0<\/strong>volledig <strong data-start=\"3434\" data-end=\"3488\">veilig, non-toxisch en geurchemisch gestabiliseerd<\/strong>. Het product wordt geleverd met duidelijke instructies voor opslag en gebruik.<\/p>\n<p><strong data-start=\"3573\" data-end=\"3597\">Gebruiksgemak omvat:<\/strong><\/p>\n<ul>\n<li data-start=\"3600\" data-end=\"3639\">Makkelijk te plaatsen in zoekobjecten<\/li>\n<li data-start=\"3642\" data-end=\"3676\">Hygi\u00ebnisch en schoon te hanteren<\/li>\n<li data-start=\"3679\" data-end=\"3727\">Geen risico op verspreiding van echte schimmel<\/li>\n<li data-start=\"3730\" data-end=\"3775\">Ideaal voor repetitieve trainingsopdrachten<\/li>\n<li data-start=\"3778\" data-end=\"3845\">Compatibel met K9-geurboxen, verstopcontainers en detectiekoffers<\/li>\n<\/ul>\n<p data-start=\"3847\" data-end=\"3980\">Professionele trainers waarderen vooral dat het middel consistent blijft \u2014 honden raken niet verward door wisselende geurintensiteit.<\/p>\n<hr data-start=\"3982\" data-end=\"3985\" \/>\n<h4 data-start=\"3987\" data-end=\"4047\"><strong data-start=\"3990\" data-end=\"4047\">Waarom kiezen voor de SCENTLOGIX Mould Detection Aid?<\/strong><\/h4>\n<ul>\n<li data-start=\"4051\" data-end=\"4116\">Gemaakt door een van de meest vertrouwde merken in geurdetectie<\/li>\n<li data-start=\"4119\" data-end=\"4161\">Wetenschappelijk gevalideerd geurprofiel<\/li>\n<li data-start=\"4164\" data-end=\"4231\">Perfect voor professionele honden die schimmel moeten lokaliseren<\/li>\n<li data-start=\"4234\" data-end=\"4294\">Lange levensduur, hoge effici\u00ebntie en uitstekende precisie<\/li>\n<li data-start=\"4297\" data-end=\"4337\">Veilig alternatief voor echte schimmel<\/li>\n<li data-start=\"4340\" data-end=\"4412\">Wereldwijd gebruikt door K9-professionals, inspecteurs en specialisten<\/li>\n<\/ul>\n<p data-start=\"4414\" data-end=\"4579\">Met de SCENTLOGIX Mould Detection Aid til je elke trainingssessie naar een hoger niveau en bereid je honden optimaal voor op realistische en complexe zoekopdrachten.<\/p>\n<p data-start=\"4414\" data-end=\"4579\">\n<p data-start=\"4414\" data-end=\"4579\"><a href=\"https:\/\/scentlogix.com\/s\/\" target=\"_blank\" rel=\"noopener\"><img loading=\"lazy\" decoding=\"async\" class=\"alignnone wp-image-144758 size-full\" title=\"SCENTLOGIX Mould Detection Aid\" src=\"https:\/\/dogpride.nl\/wp-content\/uploads\/ScentLogix-logo-1.jpg\" alt=\"SCENTLOGIX Mould Detection Aid\" width=\"292\" height=\"89\" srcset=\"https:\/\/dogpride.nl\/wp-content\/uploads\/ScentLogix-logo-1.jpg 292w, https:\/\/dogpride.nl\/wp-content\/uploads\/ScentLogix-logo-1-18x5.jpg 18w, https:\/\/dogpride.nl\/wp-content\/uploads\/ScentLogix-logo-1-250x76.jpg 250w\" sizes=\"auto, (max-width: 292px) 100vw, 292px\" \/><\/a><\/p>","protected":false},"excerpt":{"rendered":"<p>Der <strong data-start=\"428\" data-end=\"462\">SCENTLOGIX Mould Detection Aid<\/strong> is een van \u2019s werelds meest geavanceerde geurmiddelen voor het trainen van honden in het herkennen van schimmelgeur.<\/p>","protected":false},"featured_media":93429,"template":"","meta":[],"product_brand":[],"product_cat":[4011],"product_tag":[6994,14557,6993,7260,14565,14556,14563,14559,8112,14553,14555,14561,3228,14558,3252,14552,12058,8113,14554,14560,14562,14564],"class_list":{"0":"post-93428","1":"product","2":"type-product","3":"status-publish","4":"has-post-thumbnail","6":"product_cat-scentlogix-geurstoffen","7":"product_tag-aid","8":"product_tag-detectiehond-training-aid","9":"product_tag-detection","10":"product_tag-geurdetectie","11":"product_tag-geurdetectie-hulpmiddel-hond","12":"product_tag-geurtraining-schimmel","13":"product_tag-hvac-mould-detection-dog","14":"product_tag-k9-mould-training-kit","15":"product_tag-mould","16":"product_tag-mould-detection-dog-training","17":"product_tag-mould-detection-k9","18":"product_tag-professionele-geurtraining","19":"product_tag-scent-detection","20":"product_tag-scent-detection-training","21":"product_tag-scentlogix","22":"product_tag-scentlogix-mould-detection-aid","23":"product_tag-scentlogix-training-aid","24":"product_tag-schimmel","25":"product_tag-schimmel-detectie-hond","26":"product_tag-schimmelopsporing-hond","27":"product_tag-synthetische-schimmelgeur-hond","28":"product_tag-vocht-en-schimmelinspectie-hond","29":"product_shipping_class-groot-pakket","31":"first","32":"onbackorder","33":"taxable","34":"shipping-taxable","35":"purchasable","36":"product-type-simple"},"exclude_global_add_ons":[],"addons":[],"mb":[],"mfb_rest_fields":["title","exclude_global_add_ons","addons"],"_links":{"self":[{"href":"https:\/\/dogpride.nl\/de\/wp-json\/wp\/v2\/product\/93428","targetHints":{"allow":["GET"]}}],"collection":[{"href":"https:\/\/dogpride.nl\/de\/wp-json\/wp\/v2\/product"}],"about":[{"href":"https:\/\/dogpride.nl\/de\/wp-json\/wp\/v2\/types\/product"}],"wp:featuredmedia":[{"embeddable":true,"href":"https:\/\/dogpride.nl\/de\/wp-json\/wp\/v2\/media\/93429"}],"wp:attachment":[{"href":"https:\/\/dogpride.nl\/de\/wp-json\/wp\/v2\/media?parent=93428"}],"wp:term":[{"taxonomy":"product_brand","embeddable":true,"href":"https:\/\/dogpride.nl\/de\/wp-json\/wp\/v2\/product_brand?post=93428"},{"taxonomy":"product_cat","embeddable":true,"href":"https:\/\/dogpride.nl\/de\/wp-json\/wp\/v2\/product_cat?post=93428"},{"taxonomy":"product_tag","embeddable":true,"href":"https:\/\/dogpride.nl\/de\/wp-json\/wp\/v2\/product_tag?post=93428"}],"curies":[{"name":"wp","href":"https:\/\/api.w.org\/{rel}","templated":true}]}}