{"id":93365,"date":"2022-07-14T09:59:00","date_gmt":"2022-07-14T07:59:00","guid":{"rendered":"https:\/\/www.dogpride.nl\/?post_type=product&#038;p=93365"},"modified":"2025-11-25T12:32:59","modified_gmt":"2025-11-25T11:32:59","slug":"scentlogix-cocaine-detection-aid","status":"publish","type":"product","link":"https:\/\/dogpride.nl\/de\/scentlogix-cocaine-detection-aid\/","title":{"rendered":"SCENTLOGIX Cocaine Detection Aid"},"content":{"rendered":"<h4>SCENTLOGIX Cocaine Detection Aid<\/h4>\n<p>SCENTLOGIX Cocaine Detection Aid<\/p>\n<p>Scentlogix Cocaine Training Fragrance Aids bieten einen 18-monatigen Vorrat an synthetischem Kokainduft.<br \/>\nDie Tools eignen sich auch f\u00fcr das Training zum Nachweis von Crack-Kokain. Jeder Duftstoff ist ein beutelartiger Baumwollbeutel, der eine Silica-Verbindung enth\u00e4lt, in die ein Duftstoff impr\u00e4gniert ist.<br \/>\nSie sind einfach zu verwenden: Nehmen Sie den Beutel aus dem \u00e4u\u00dferen Folienbeutel und legen Sie ihn in einen Aufbewahrungsk\u00e4fig oder eine Drogentasche, genau wie Sie es mit einer echten Trainingshilfe tun w\u00fcrden.<br \/>\nNach dem Training wird der Beutel wieder in den Folienbeutel gesteckt und im K\u00fchlschrank oder Gefrierschrank aufbewahrt.<\/p>\n<p>Scentlogix-Trainingshilfen sind ungef\u00e4hrlich und nicht narkotisch, sodass sie sicher gehandhabt und weltweit versendet werden k\u00f6nnen. Allen Bestellungen liegt ein Gefahreninformationsblatt (MSDS) bei.<\/p>\n<p>Kokain-Sets enthalten 2 x Kokain-Trainingshilfen, ein magnetisches Vorratsrohr, ein unterirdisches Vorratsrohr, einen zus\u00e4tzlichen Schutzbeutel und ein Dufttuch<\/p>\n<p><strong class=\"x-el x-el-span c2-3z c2-40 c2-3 c2-9s c2-1u c2-48 c2-9t\">\u00dcber Kokain<\/strong><\/p>\n<p>Kokain wird aus Kokabl\u00e4ttern hergestellt. Es kommt normalerweise in zwei Formen vor: Kokainhydrochlorid, das normalerweise ein wei\u00dfes Pulver ist und geschnupft oder eingenommen wird. Crack-Kokain, das wie Kerzenwachs aussieht und normalerweise geraucht oder injiziert wird.<\/p>\n<p><strong>Erh\u00e4ltlich als:<\/strong><\/p>\n<ul>\n<li>Nachf\u00fcllung<\/li>\n<li>Duftset<\/li>\n<\/ul>\n<p><a href=\"https:\/\/dogpride.nl\/de\/k9\/detectie\/detectie-geurstoffen\/scentlogix-geurstoffen\/\"><img loading=\"lazy\" decoding=\"async\" class=\"alignnone\" title=\"SCENTLOGIX Cocaine Detection Aid\" src=\"https:\/\/dogpride.nl\/wp-content\/uploads\/cocaine-single-150x150.png\" alt=\"SCENTLOGIX Cocaine Detection Aid\" width=\"150\" height=\"150\" \/><\/a><\/p>\n<h4 data-start=\"278\" data-end=\"367\"><strong data-start=\"280\" data-end=\"367\">SCENTLOGIX Cocaine Detection Aid \u2013 Professioneel Geurmiddel voor K9-Coca\u00efnedetectie<\/strong><\/h4>\n<p data-start=\"369\" data-end=\"846\">Der <strong data-start=\"372\" data-end=\"408\">SCENTLOGIX Cocaine Detection Aid<\/strong> behoort tot de meest geavanceerde synthetische geurmiddelen voor professionele narcotica-detectiehonden. Dit product is ontworpen om een uiterst realistisch geurprofiel van <strong data-start=\"582\" data-end=\"621\">coca\u00efne en verwante geurcomponenten<\/strong> te simuleren, zonder enig gebruik van illegale of gevaarlijke stoffen. Hierdoor kunnen K9-teams op een veilige, consistente en effici\u00ebnte manier trainen, met resultaten die direct inzetbaar zijn tijdens operationele missies.<\/p>\n<p data-start=\"848\" data-end=\"1138\">SCENTLOGIX is wereldwijd een toonaangevend merk binnen de geurdetectie-industrie. Politie, douane, militaire eenheden, gespecialiseerde interventieteams en professionele detectiescholen vertrouwen op deze technologie vanwege de <strong data-start=\"1076\" data-end=\"1137\">uitzonderlijke betrouwbaarheid, stabiliteit en veiligheid<\/strong>.<\/p>\n<hr data-start=\"1140\" data-end=\"1143\" \/>\n<h4 data-start=\"1145\" data-end=\"1201\"><strong data-start=\"1148\" data-end=\"1201\">Wetenschappelijk Geformuleerd Coca\u00efne-Geurprofiel<\/strong><\/h4>\n<p data-start=\"1203\" data-end=\"1572\">Bij het detecteren van coca\u00efne spelen vluchtige geurcomponenten een cruciale rol. De SCENTLOGIX Cocaine Detection Aid is ontwikkeld door geurchemici die deze moleculaire structuren op synthetische wijze hebben nagebootst. Het resultaat is een geurmiddel dat <strong data-start=\"1461\" data-end=\"1514\">bijna identiek is aan het echte aroma van coca\u00efne<\/strong>, maar op een volledig veilige manier kan worden gebruikt.<\/p>\n<h4 data-start=\"1574\" data-end=\"1607\"><strong data-start=\"1578\" data-end=\"1607\">Geurtechnische kenmerken:<\/strong><\/h4>\n<ul>\n<li data-start=\"1610\" data-end=\"1664\">Realistisch moleculair nagebootst coca\u00efnegeurprofiel<\/li>\n<li data-start=\"1667\" data-end=\"1695\">100% non-toxisch en legaal<\/li>\n<li data-start=\"1698\" data-end=\"1732\">Stabiele, langdurige geurafgifte<\/li>\n<li data-start=\"1735\" data-end=\"1802\">Geschikt voor imprinting, proofing en gevorderde detectietraining<\/li>\n<li data-start=\"1805\" data-end=\"1883\">Geoptimaliseerd voor gebruik in uiteenlopende klimatologische omstandigheden<\/li>\n<\/ul>\n<p data-start=\"1885\" data-end=\"1989\">Hierdoor kunnen detectiehonden op gecontroleerde wijze worden opgeleid voor realistische zoekopdrachten.<\/p>\n<hr data-start=\"1991\" data-end=\"1994\" \/>\n<h4 data-start=\"1996\" data-end=\"2060\"><strong data-start=\"1999\" data-end=\"2060\">Voor Professionele K9-Eenheden en Veiligheidsorganisaties<\/strong><\/h4>\n<p data-start=\"2062\" data-end=\"2222\">De SCENTLOGIX Cocaine Detection Aid wordt wereldwijd ingezet door teams die zich richten op de opsporing van coca\u00efne in uiteenlopende vormen en verstopmethodes.<\/p>\n<h4 data-start=\"2224\" data-end=\"2259\"><strong data-start=\"2228\" data-end=\"2259\">Veelgebruikte toepassingen:<\/strong><\/h4>\n<ul>\n<li data-start=\"2262\" data-end=\"2293\">Politie- en narcoticadiensten<\/li>\n<li data-start=\"2296\" data-end=\"2336\">Internationale douane en grensbewaking<\/li>\n<li data-start=\"2339\" data-end=\"2372\">Luchthaven- en havenbeveiliging<\/li>\n<li data-start=\"2375\" data-end=\"2417\">Speciale opsporings- en interventieteams<\/li>\n<li data-start=\"2420\" data-end=\"2455\">Defensie en militaire K9-eenheden<\/li>\n<li data-start=\"2458\" data-end=\"2507\">K9-trainingsscholen &amp; certificeringsprogramma\u2019s<\/li>\n<\/ul>\n<p data-start=\"2509\" data-end=\"2656\">Dankzij het krachtige geurprofiel leren honden zowel pure als sterk gemaskeerde coca\u00efne snel en nauwkeurig detecteren \u2014 ongeacht de verstopmethode.<\/p>\n<hr data-start=\"2658\" data-end=\"2661\" \/>\n<h4 data-start=\"2663\" data-end=\"2710\"><strong data-start=\"2666\" data-end=\"2710\">Veilig, Hygi\u00ebnisch en Risicoloos Trainen<\/strong><\/h4>\n<p data-start=\"2712\" data-end=\"2933\">Omdat coca\u00efne een verboden en gevaarlijke stof is, is training met echte materialen onmogelijk. SCENTLOGIX biedt een volledig veilig alternatief dat <strong data-start=\"2861\" data-end=\"2913\">geen gezondheidsrisico\u2019s of juridische problemen<\/strong> met zich meebrengt.<\/p>\n<h4 data-start=\"2935\" data-end=\"2978\"><strong data-start=\"2939\" data-end=\"2978\">Belangrijkste veiligheidsvoordelen:<\/strong><\/h4>\n<ul>\n<li data-start=\"2981\" data-end=\"3019\">Geen blootstelling aan echte coca\u00efne<\/li>\n<li data-start=\"3022\" data-end=\"3065\">Geen risico op besmetting of verspreiding<\/li>\n<li data-start=\"3068\" data-end=\"3110\">Geen speciale beschermingsmiddelen nodig<\/li>\n<li data-start=\"3113\" data-end=\"3160\">Veilig voor hond, trainer en trainingslocatie<\/li>\n<li data-start=\"3163\" data-end=\"3209\">Hygi\u00ebnisch, schoon en eenvoudig in te zetten<\/li>\n<\/ul>\n<p data-start=\"3211\" data-end=\"3347\">Hiermee kunnen trainingen plaatsvinden in voertuigen, gebouwen, bagage, lockers, pakketten, magazijnen, luchthavens en openbare ruimten.<\/p>\n<p data-start=\"3211\" data-end=\"3347\"><img loading=\"lazy\" decoding=\"async\" class=\"alignnone\" title=\"SCENTLOGIX Cocaine Detection Aid\" src=\"https:\/\/dogpride.nl\/wp-content\/uploads\/Cocaine_doble-150x150.png\" alt=\"SCENTLOGIX Cocaine Detection Aid\" width=\"150\" height=\"150\" \/><\/p>\n<hr data-start=\"3349\" data-end=\"3352\" \/>\n<h4 data-start=\"3354\" data-end=\"3413\"><strong data-start=\"3357\" data-end=\"3413\">Uitzonderlijke Duurzaamheid &amp; Consistente Prestaties<\/strong><\/h4>\n<p data-start=\"3415\" data-end=\"3577\">SCENTLOGIX staat bekend om zijn langdurige geurafgifte. Ook de Cocaine Detection Aid behoudt zijn geurintensiteit, zelfs onder zware of wisselende omstandigheden.<\/p>\n<h4 data-start=\"3579\" data-end=\"3625\"><strong data-start=\"3583\" data-end=\"3625\">Voordelen van langdurige geurretentie:<\/strong><\/h4>\n<ul>\n<li data-start=\"3628\" data-end=\"3677\">Langdurig herbruikbaar zonder kwaliteitsverlies<\/li>\n<li data-start=\"3680\" data-end=\"3731\">Bestand tegen warme, koude en vochtige omgevingen<\/li>\n<li data-start=\"3734\" data-end=\"3783\">Betrouwbare prestatie tijdens dagelijks gebruik<\/li>\n<li data-start=\"3786\" data-end=\"3828\">Economisch door extreem lange levensduur<\/li>\n<li data-start=\"3831\" data-end=\"3881\">Gelijkmatige geurintensiteit per trainingssessie<\/li>\n<\/ul>\n<p data-start=\"3883\" data-end=\"4019\">Deze stabiliteit zorgt ervoor dat honden altijd dezelfde kwaliteitsgeur aangeboden krijgen \u2014 essentieel voor consistente leerresultaten.<\/p>\n<hr data-start=\"4021\" data-end=\"4024\" \/>\n<h4 data-start=\"4026\" data-end=\"4083\"><strong data-start=\"4029\" data-end=\"4083\">Compatibel met Alle Professionele Detectiemethoden<\/strong><\/h4>\n<p data-start=\"4085\" data-end=\"4142\">De Cocaine Detection Aid werkt perfect in combinatie met:<\/p>\n<ul>\n<li data-start=\"4146\" data-end=\"4181\">Detectiekoffers &amp; verstopobjecten<\/li>\n<li data-start=\"4184\" data-end=\"4213\">Geurboxen en detectiewanden<\/li>\n<li data-start=\"4216\" data-end=\"4242\">Gebouw- en terreinsearch<\/li>\n<li data-start=\"4245\" data-end=\"4279\">Vehiclesearch &amp; bagage-inspectie<\/li>\n<li data-start=\"4282\" data-end=\"4309\">Scenario-based operations<\/li>\n<li data-start=\"4312\" data-end=\"4361\">Basis imprinting en gevorderde detectietraining<\/li>\n<\/ul>\n<p data-start=\"4363\" data-end=\"4453\">Dit maakt het product geschikt voor zowel beginnende K9-detectiehonden als elite-eenheden.<\/p>\n<hr data-start=\"4455\" data-end=\"4458\" \/>\n<h4 data-start=\"4460\" data-end=\"4522\"><strong data-start=\"4463\" data-end=\"4522\">Waarom kiezen voor de SCENTLOGIX Cocaine Detection Aid?<\/strong><\/h4>\n<ul>\n<li data-start=\"4526\" data-end=\"4564\">Hyperrealistisch coca\u00efne-geurprofiel<\/li>\n<li data-start=\"4567\" data-end=\"4603\">100% veilig, legaal en non-toxisch<\/li>\n<li data-start=\"4606\" data-end=\"4656\">Wereldwijd erkend door professionele K9-eenheden<\/li>\n<li data-start=\"4659\" data-end=\"4701\">Wetenschappelijk bewezen geurtechnologie<\/li>\n<li data-start=\"4704\" data-end=\"4769\">Perfect voor imprinting, certificering en operationele training<\/li>\n<li data-start=\"4772\" data-end=\"4814\">Zeer duurzame en consistente geurafgifte<\/li>\n<li data-start=\"4817\" data-end=\"4877\">Gebruiksvriendelijk en geschikt voor elk trainingsscenario<\/li>\n<\/ul>\n<p data-start=\"4879\" data-end=\"4975\">Het is een onmisbaar hulpmiddel voor teams die de hoogste standaard eisen in narcotica-detectie.<\/p>\n<p data-start=\"4879\" data-end=\"4975\">\n<p data-start=\"4879\" data-end=\"4975\"><a href=\"https:\/\/scentlogix.com\/s\/\" target=\"_blank\" rel=\"noopener\"><img loading=\"lazy\" decoding=\"async\" class=\"alignnone\" title=\"SCENTLOGIX Cocaine Detection Aid\" src=\"https:\/\/dogpride.nl\/wp-content\/uploads\/ScentLogix-logo-1.jpg\" alt=\"SCENTLOGIX Cocaine Detection Aid\" width=\"292\" height=\"89\" \/><\/a><\/p>","protected":false},"excerpt":{"rendered":"<p>Der <strong data-start=\"372\" data-end=\"408\">SCENTLOGIX Cocaine Detection Aid<\/strong> behoort tot de meest geavanceerde synthetische geurmiddelen voor professionele narcotica-detectiehonden.<\/p>","protected":false},"featured_media":93366,"template":"","meta":[],"product_brand":[],"product_cat":[4011],"product_tag":[6994,3282,14637,14631,14632,14635,6993,14623,14604,14585,14610,14601,14634,14590,14636,3252,14630,14579,14633],"class_list":{"0":"post-93365","1":"product","2":"type-product","3":"status-publish","4":"has-post-thumbnail","6":"product_cat-scentlogix-geurstoffen","7":"product_tag-aid","8":"product_tag-cocaine","9":"product_tag-cocaine-detectie-hond","10":"product_tag-cocaine-detection-dog-training","11":"product_tag-cocaine-geurtraining-hond","12":"product_tag-cocaine-odor-k9-training","13":"product_tag-detection","14":"product_tag-douane-drugshond-training","15":"product_tag-drug-detection-training-aid","16":"product_tag-k9-drug-detection-training","17":"product_tag-narcotica-detectiehond-training","18":"product_tag-narcotica-geurmiddel-hond","19":"product_tag-politiehond-cocaine-detectie","20":"product_tag-professionele-k9-training-aid","21":"product_tag-scent-detection-cocaine","22":"product_tag-scentlogix","23":"product_tag-scentlogix-cocaine-detection-aid","24":"product_tag-scentlogix-training-kit","25":"product_tag-synthetische-cocaine-geur","26":"product_shipping_class-groot-pakket","28":"first","29":"instock","30":"taxable","31":"shipping-taxable","32":"purchasable","33":"product-type-variable"},"mb":[],"mfb_rest_fields":["title"],"_links":{"self":[{"href":"https:\/\/dogpride.nl\/de\/wp-json\/wp\/v2\/product\/93365","targetHints":{"allow":["GET"]}}],"collection":[{"href":"https:\/\/dogpride.nl\/de\/wp-json\/wp\/v2\/product"}],"about":[{"href":"https:\/\/dogpride.nl\/de\/wp-json\/wp\/v2\/types\/product"}],"wp:featuredmedia":[{"embeddable":true,"href":"https:\/\/dogpride.nl\/de\/wp-json\/wp\/v2\/media\/93366"}],"wp:attachment":[{"href":"https:\/\/dogpride.nl\/de\/wp-json\/wp\/v2\/media?parent=93365"}],"wp:term":[{"taxonomy":"product_brand","embeddable":true,"href":"https:\/\/dogpride.nl\/de\/wp-json\/wp\/v2\/product_brand?post=93365"},{"taxonomy":"product_cat","embeddable":true,"href":"https:\/\/dogpride.nl\/de\/wp-json\/wp\/v2\/product_cat?post=93365"},{"taxonomy":"product_tag","embeddable":true,"href":"https:\/\/dogpride.nl\/de\/wp-json\/wp\/v2\/product_tag?post=93365"}],"curies":[{"name":"wp","href":"https:\/\/api.w.org\/{rel}","templated":true}]}}