{"id":93347,"date":"2022-07-13T16:26:16","date_gmt":"2022-07-13T14:26:16","guid":{"rendered":"https:\/\/www.dogpride.nl\/?post_type=product&#038;p=93347"},"modified":"2025-11-26T17:48:07","modified_gmt":"2025-11-26T16:48:07","slug":"scentlogix-drug-training-bundles","status":"publish","type":"product","link":"https:\/\/dogpride.nl\/de\/scentlogix-drug-training-bundles\/","title":{"rendered":"SCENTLOGIX Drug Training Bundles"},"content":{"rendered":"<h4>SCENTLOGIX Drug Training Bundles<\/h4>\n<p>SCENTLOGIX Drug Training Bundles<\/p>\n<p><strong class=\"x-el x-el-span c2-2e c2-2f c2-3 c2-6i c2-1u c2-5s c2-6j\">** Bitte kontaktieren Sie uns vor der Bestellung, um den Lagerbestand zu \u00fcberpr\u00fcfen, da einige D\u00fcfte derzeit nicht vorr\u00e4tig sind **<\/strong><\/p>\n<p>Bundle-Angebote bieten Einsparungen gegen\u00fcber dem Einzelkauf dieser Trainingstools. Geben Sie unbedingt an, welche D\u00fcfte Sie ben\u00f6tigen.<\/p>\n<p>Verf\u00fcgbare Drogengeschmacksrichtungen: Kokain, Cannabis, MDMA, Methamphetamin, Heroin, PCP und Fentanyl<\/p>\n<p>Der Albtraum der Drogendealer Inhalt:<\/p>\n<ul>\n<li>Alle 6 (x2) ScentLogix\u2122 K9 Scent Imprint-Trainingshilfen.<\/li>\n<li>6 Abdruckhilfe-Schutztaschen<\/li>\n<li>Mehrere Paar puderfreie Nitrilhandschuhe<\/li>\n<li>6 magnetische 360\u00b0 oberirdische Aufbewahrungsrohre<\/li>\n<li>6 360\u00b0 unterirdische Aufbewahrungsr\u00f6hren<\/li>\n<li>3 Dampfsperrbeutel<\/li>\n<li>6 duftende Handt\u00fccher<\/li>\n<li>6 luftdichte Beh\u00e4lter<\/li>\n<li>1 aufrollbarer Pelican Suitcase\u2122<\/li>\n<\/ul>\n<p><img loading=\"lazy\" decoding=\"async\" class=\"alignnone\" title=\"ScentLogix Drug Training Bundles\" src=\"https:\/\/dogpride.nl\/wp-content\/uploads\/Any6_double-150x150.png\" alt=\"ScentLogix Drug Training Bundles\" width=\"150\" height=\"150\" \/><\/p>\n<h4 data-start=\"219\" data-end=\"257\"><strong data-start=\"221\" data-end=\"257\">ScentLogix Drug Training Bundles<\/strong><\/h4>\n<p data-start=\"259\" data-end=\"588\">De ScentLogix Drug Training Bundles zijn complete professionele trainingssets die worden gebruikt voor het trainen van detectiehonden in het herkennen van verschillende illegale druggeuren. Deze sets worden wereldwijd ingezet door politie- en veiligheidsdiensten, K9-trainers en opleidingscentra die werken met narcoticadetectie.<\/p>\n<hr data-start=\"590\" data-end=\"593\" \/>\n<h4 data-start=\"595\" data-end=\"644\"><strong data-start=\"598\" data-end=\"644\">Wat zijn ScentLogix Drug Training Bundles?<\/strong><\/h4>\n<p data-start=\"645\" data-end=\"1050\">De bundles bestaan uit geurstoffen die de volledige geurprofielen van specifieke drugs nabootsen. Ze bevatten <strong data-start=\"755\" data-end=\"775\">g\u00e9\u00e9n echte drugs<\/strong>, maar geurmaterialen die wetenschappelijk zijn samengesteld om de detectiecapaciteiten van een hond veilig en nauwkeurig te trainen.<br data-start=\"908\" data-end=\"911\" \/>Ze zijn volledig veilig, niet-toxisch, niet-explosief en lekvrij. Daardoor kunnen ze zonder risico worden gebruikt, vervoerd en opgeslagen.<\/p>\n<hr data-start=\"1052\" data-end=\"1055\" \/>\n<h4 data-start=\"1057\" data-end=\"1094\"><strong data-start=\"1060\" data-end=\"1094\">Welke geuren zijn beschikbaar?<\/strong><\/h4>\n<p data-start=\"1095\" data-end=\"1177\">De pakketten kunnen bestaan uit \u00e9\u00e9n of meerdere geurstoffen, zoals onder andere:<\/p>\n<ul>\n<li data-start=\"1180\" data-end=\"1189\">Kokain<\/li>\n<li data-start=\"1192\" data-end=\"1201\">Heroin<\/li>\n<li data-start=\"1204\" data-end=\"1220\">Methamphetamin<\/li>\n<li data-start=\"1223\" data-end=\"1229\">MDMA<\/li>\n<li data-start=\"1232\" data-end=\"1242\">Cannabis<\/li>\n<li data-start=\"1245\" data-end=\"1250\">PCP<\/li>\n<li data-start=\"1253\" data-end=\"1263\">Fentanyl<\/li>\n<li data-start=\"1266\" data-end=\"1275\">LSD\/DMT<\/li>\n<li data-start=\"1278\" data-end=\"1288\">Xylazine<\/li>\n<\/ul>\n<p data-start=\"1290\" data-end=\"1372\">Afhankelijk van de bundel kunnen \u00e9\u00e9n, meerdere of alle geuren gecombineerd worden.<\/p>\n<hr data-start=\"1374\" data-end=\"1377\" \/>\n<h4 data-start=\"1892\" data-end=\"1931\"><strong data-start=\"1895\" data-end=\"1931\">Voordelen van<\/strong><\/h4>\n<h4 data-start=\"219\" data-end=\"257\"><strong data-start=\"221\" data-end=\"257\">ScentLogix Drug Training Bundles<\/strong><\/h4>\n<ul>\n<li data-start=\"1934\" data-end=\"2000\"><strong data-start=\"1934\" data-end=\"1953\">Volledig veilig<\/strong>: geen echte drugs, geen gevaarlijke stoffen.<\/li>\n<li data-start=\"2003\" data-end=\"2073\"><strong data-start=\"2003\" data-end=\"2034\">Wetenschappelijk ontwikkeld<\/strong>: geurprofielen zijn zeer nauwkeurig.<\/li>\n<li data-start=\"2076\" data-end=\"2168\"><strong data-start=\"2076\" data-end=\"2109\">Geschikt voor alle scenario\u2019s<\/strong>: van imprint-training tot gevorderde praktijksimulaties.<\/li>\n<li data-start=\"2171\" data-end=\"2225\"><strong data-start=\"2171\" data-end=\"2193\">Lange houdbaarheid<\/strong> dankzij speciale geurdragers.<\/li>\n<li data-start=\"2228\" data-end=\"2306\"><strong data-start=\"2228\" data-end=\"2261\">Realistische detectietraining<\/strong> zonder juridische of logistieke problemen.<\/li>\n<\/ul>\n<hr data-start=\"2308\" data-end=\"2311\" \/>\n<h4 data-start=\"2313\" data-end=\"2355\"><strong data-start=\"2316\" data-end=\"2355\">Voor wie zijn deze\u00a0<\/strong><strong data-start=\"221\" data-end=\"257\">ScentLogix Drug Training Bundles\u00a0<\/strong><strong data-start=\"2316\" data-end=\"2355\">bedoeld?<\/strong><\/h4>\n<p data-start=\"2356\" data-end=\"2388\">De bundles zijn geschikt voor:<\/p>\n<ul>\n<li data-start=\"2391\" data-end=\"2465\">K9-teams van politie, douane, militaire eenheden en beveiligingsdiensten<\/li>\n<li data-start=\"2468\" data-end=\"2515\">Professionele hondenscholen voor geurdetectie<\/li>\n<li data-start=\"2518\" data-end=\"2579\">Particuliere trainers die narcotica-detectiehonden opleiden<\/li>\n<li data-start=\"2582\" data-end=\"2662\">Organisaties die veilige geurtraining willen zonder gebruik van echte middelen<\/li>\n<\/ul>\n<p><a href=\"https:\/\/scentlogix.com\/s\/\" target=\"_blank\" rel=\"noopener\"><img loading=\"lazy\" decoding=\"async\" class=\"alignnone\" title=\"ScentLogix Drug Training Bundles\" src=\"https:\/\/dogpride.nl\/wp-content\/uploads\/Set-estandar_narcoticos-1-150x150.png\" alt=\"ScentLogix Drug Training Bundles\" width=\"150\" height=\"150\" \/><\/a><\/p>\n<hr data-start=\"2664\" data-end=\"2667\" \/>\n<h4 data-start=\"2669\" data-end=\"2690\"><strong data-start=\"2672\" data-end=\"2690\">Prijsindicatie<\/strong><\/h4>\n<p data-start=\"2691\" data-end=\"2729\">De prijzen vari\u00ebren afhankelijk van:<\/p>\n<ul>\n<li data-start=\"2732\" data-end=\"2747\">Aantal geuren<\/li>\n<li data-start=\"2750\" data-end=\"2772\">Aantal aids per geur<\/li>\n<li data-start=\"2775\" data-end=\"2937\">Meegeleverde accessoires<br data-start=\"2799\" data-end=\"2802\" \/>Over het algemeen liggen de bundelprijzen tussen <strong data-start=\"2851\" data-end=\"2872\">ruim duizend euro<\/strong> Und <strong data-start=\"2876\" data-end=\"2905\">meerdere duizenden euro\u2019s<\/strong> voor uitgebreide complete sets.<\/li>\n<\/ul>\n<hr data-start=\"2939\" data-end=\"2942\" \/>\n<h4 data-start=\"2944\" data-end=\"2963\"><strong data-start=\"2947\" data-end=\"2963\">Samenvatting<\/strong><\/h4>\n<p data-start=\"2964\" data-end=\"3301\">ScentLogix Drug Training Bundles zijn professionele, veilige en hoogwaardige trainingssets voor narcotica-detectiehonden. Ze bootsen echte druggeuren zeer nauwkeurig na zonder de risico\u2019s van illegale of gevaarlijke stoffen. Door de veelzijdigheid en kwaliteit zijn ze ideaal voor zowel basisimprinting als geavanceerde detectietraining.<\/p>\n<p data-start=\"202\" data-end=\"709\">Een belangrijk kenmerk van de ScentLogix Drug Training Bundles is de consistente kwaliteit van de geurmaterialen. Elke geur-aid wordt namelijk geproduceerd volgens een gestandaardiseerde methode, waardoor de geurintensiteit voorspelbaar en constant blijft. Dit is ideaal voor zowel beginnende honden die moeten leren imprinten als voor gevorderde detectiehonden die regelmatig onderhoudstraining nodig hebben. Trainers kunnen hierdoor gericht werken aan nauwkeurigheid, uithoudingsvermogen en zoekmotivatie.<\/p>\n<p data-start=\"711\" data-end=\"1227\">Daarnaast zijn de bundels ontworpen om in uiteenlopende trainingsomgevingen gebruikt te worden. Ze functioneren in warme, koude, droge of vochtige omstandigheden en verliezen niet snel hun geursterkte. Hierdoor kunnen scenario\u2019s realistischer gemaakt worden, zoals het opsporen van verstopte middelen in voertuigen, gebouwen, opslagruimtes, ondergrondse verbergplaatsen of buitenomgevingen. Dit maakt de bundels bijzonder geschikt voor organisaties die hoge eisen stellen aan trainingseffici\u00ebntie en betrouwbaarheid.<\/p>\n<p data-start=\"1229\" data-end=\"1711\">Een ander voordeel is dat gebruikers niet afhankelijk zijn van licenties of vergunningen om dit materiaal te mogen bezitten of vervoeren, omdat het geen verboden middelen bevat. Dit scheelt tijd, administratie en risico\u2019s. De bundels zijn bovendien duurzaam, eenvoudig te reinigen en ontworpen voor langdurig professioneel gebruik. Voor trainers die een complete, veilige en realistische trainingsoplossing zoeken, behoren ScentLogix bundels tot de absolute top binnen geurdetectie.<\/p>\n<p data-start=\"2964\" data-end=\"3301\"><a href=\"https:\/\/dogpride.nl\/de\/k9\/detectie\/detectie-geurstoffen\/scentlogix-geurstoffen\/\"><img loading=\"lazy\" decoding=\"async\" class=\"alignnone wp-image-143079 size-full\" title=\"Scentlogix Drug Training Bundles\" src=\"https:\/\/dogpride.nl\/wp-content\/uploads\/ScentLogix-logo.jpg\" alt=\"Scentlogix Drug Training Bundles\" width=\"292\" height=\"89\" srcset=\"https:\/\/dogpride.nl\/wp-content\/uploads\/ScentLogix-logo.jpg 292w, https:\/\/dogpride.nl\/wp-content\/uploads\/ScentLogix-logo-18x5.jpg 18w, https:\/\/dogpride.nl\/wp-content\/uploads\/ScentLogix-logo-250x76.jpg 250w\" sizes=\"auto, (max-width: 292px) 100vw, 292px\" \/><\/a><\/p>","protected":false},"excerpt":{"rendered":"<p><strong>SCENTLOGIX Drug Training Bundles.<\/strong>\u00a0Bundle-Angebote bieten Einsparungen gegen\u00fcber dem Einzelkauf dieser Trainingstools. Geben Sie unbedingt an, welche D\u00fcfte Sie ben\u00f6tigen. Verf\u00fcgbare Drogengeschmacksrichtungen: Kokain, Cannabis, MDMA, Methamphetamin, Heroin, PCP und Fentanyl<\/p>","protected":false},"featured_media":93348,"template":"","meta":[],"product_brand":[],"product_cat":[4011],"product_tag":[8068,8067,12634,8066,13719,13711,8069,13712,13714,13713,8072,13720,10539,10208,13718,13721,13715,8070,8071,3252,3157,13717,13716],"class_list":{"0":"post-93347","1":"product","2":"type-product","3":"status-publish","4":"has-post-thumbnail","6":"product_cat-scentlogix-geurstoffen","7":"product_tag-bundels","8":"product_tag-bundles","9":"product_tag-detectiehond-training","10":"product_tag-drug","11":"product_tag-drug-detection-dog-training","12":"product_tag-drug-training-bundles","13":"product_tag-drugsdealers-nachtmerrie","14":"product_tag-geurdetectie-honden","15":"product_tag-geurimprint-aids","16":"product_tag-hondentraining-geurwerk","17":"product_tag-k9-detection","18":"product_tag-k9-scent-kits","19":"product_tag-k9-training","20":"product_tag-narcotica-detectie","21":"product_tag-narcotica-geursets","22":"product_tag-professionele-hondengeurtraining","23":"product_tag-professionele-k9-materialen","24":"product_tag-scent-detectie","25":"product_tag-scentdetection","26":"product_tag-scentlogix","27":"product_tag-training","28":"product_tag-training-zonder-echte-drugs","29":"product_tag-veilige-geurtraining","30":"product_shipping_class-bijzondere-verzending","32":"first","33":"instock","34":"taxable","35":"shipping-taxable","36":"purchasable","37":"product-type-variable"},"mb":[],"mfb_rest_fields":["title"],"_links":{"self":[{"href":"https:\/\/dogpride.nl\/de\/wp-json\/wp\/v2\/product\/93347","targetHints":{"allow":["GET"]}}],"collection":[{"href":"https:\/\/dogpride.nl\/de\/wp-json\/wp\/v2\/product"}],"about":[{"href":"https:\/\/dogpride.nl\/de\/wp-json\/wp\/v2\/types\/product"}],"wp:featuredmedia":[{"embeddable":true,"href":"https:\/\/dogpride.nl\/de\/wp-json\/wp\/v2\/media\/93348"}],"wp:attachment":[{"href":"https:\/\/dogpride.nl\/de\/wp-json\/wp\/v2\/media?parent=93347"}],"wp:term":[{"taxonomy":"product_brand","embeddable":true,"href":"https:\/\/dogpride.nl\/de\/wp-json\/wp\/v2\/product_brand?post=93347"},{"taxonomy":"product_cat","embeddable":true,"href":"https:\/\/dogpride.nl\/de\/wp-json\/wp\/v2\/product_cat?post=93347"},{"taxonomy":"product_tag","embeddable":true,"href":"https:\/\/dogpride.nl\/de\/wp-json\/wp\/v2\/product_tag?post=93347"}],"curies":[{"name":"wp","href":"https:\/\/api.w.org\/{rel}","templated":true}]}}