{"id":93329,"date":"2022-07-13T15:08:27","date_gmt":"2022-07-13T13:08:27","guid":{"rendered":"https:\/\/www.dogpride.nl\/?post_type=product&#038;p=93329"},"modified":"2025-11-25T15:51:15","modified_gmt":"2025-11-25T14:51:15","slug":"scentlogix-egdn-detector-dog-training-aid","status":"publish","type":"product","link":"https:\/\/dogpride.nl\/de\/scentlogix-egdn-detector-dog-training-aid\/","title":{"rendered":"SCENTLOGIX EGDN Detector Dog Training Aid"},"content":{"rendered":"<h4>SCENTLOGIX EGDN Detector Dog Training Aid<\/h4>\n<p>SCENTLOGIX EGDN Detector Dog Training Aid<\/p>\n<p>Eine Trainingshilfe bietet einen 18-monatigen Vorrat an synthetischem Ethylenglykoldinitrat-EGDN-Geruch f\u00fcr die Ausbildung von Sprengstoffsp\u00fcrhunden.<\/p>\n<p>Der Duft ist mit einer Substanz auf Kiesels\u00e4urebasis impr\u00e4gniert und wird in einem auslaufsicheren Baumwollbeutel aufbewahrt.<br \/>\nUm es zu verwenden, nehmen Sie es einfach aus dem geruchsresistenten Beutel, legen Sie es in einen Aufbewahrungsk\u00e4fig, ein unterirdisches Rohr oder einen Bet\u00e4ubungsmittelbeutel und bereiten Sie es wie f\u00fcr die echte Substanz vor.<br \/>\nWenn Sie das Training abgeschlossen haben, ersetzen Sie den Beutel und bewahren Sie ihn im Gefrierschrank, K\u00fchlschrank oder in der K\u00fchlbox auf.<\/p>\n<p><strong class=\"x-el x-el-span c2-2e c2-2f c2-3 c2-6i c2-1u c2-5s c2-6j\">EGDN-Kits enthalten 2 x EGDN-Trainingshilfen, ein Magnet-Aufbewahrungsrohr, ein unterirdisches Aufbewahrungsrohr, eine zus\u00e4tzliche Schutztasche und ein Dufttuch<\/strong><\/p>\n<p>Ethylenglykoldinitrat (EGDN) ist auch als Nitroglykol bekannt.<\/p>\n<p><strong>Erh\u00e4ltlich als:<\/strong><\/p>\n<ul>\n<li>Nachf\u00fcllung<\/li>\n<li>Duftset<\/li>\n<\/ul>\n<p><a href=\"https:\/\/dogpride.nl\/de\/k9\/detectie\/detectie-geurstoffen\/scentlogix-geurstoffen\/\"><img loading=\"lazy\" decoding=\"async\" class=\"alignnone\" title=\"SCENTLOGIX EGDN Detector Dog Training Aid\" src=\"https:\/\/dogpride.nl\/wp-content\/uploads\/EGDN_sencillo-1-150x150.png\" alt=\"SCENTLOGIX EGDN Detector Dog Training Aid\" width=\"150\" height=\"150\" \/><\/a><\/p>\n<h4 data-start=\"290\" data-end=\"404\"><strong data-start=\"292\" data-end=\"404\">SCENTLOGIX EGDN Detector Dog Training Aid \u2013 High-Performance Geurmiddel voor Professionele Explosievenhonden<\/strong><\/h4>\n<p data-start=\"406\" data-end=\"908\">Der <strong data-start=\"409\" data-end=\"454\">SCENTLOGIX EGDN Detector Dog Training Aid<\/strong> is een geavanceerd, wetenschappelijk ontwikkeld geurmiddel dat detection dogs traint in het herkennen van <strong data-start=\"561\" data-end=\"597\">EGDN (Ethylene Glycol Dinitrate)<\/strong>. EGDN is een kritieke component in verschillende industri\u00eble explosieven en wordt vaak gebruikt in mengsels zoals dynamiet, slurry-explosieven en bepaalde ge\u00efmproviseerde explosieven (IED\u2019s). Voor professionele EOD- en veiligheidsorganisaties is nauwkeurige detectie van deze stof daarom van essentieel belang.<\/p>\n<p data-start=\"910\" data-end=\"1277\">SCENTLOGIX levert al jaren innovatieve en uiterst betrouwbare geurmiddelen die wereldwijd worden gebruikt door politie, defensie, douane, anti-terreurteams, luchthavens en gespecialiseerde K9-trainingscentra. De EGDN Training Aid biedt een <strong data-start=\"1150\" data-end=\"1205\">realistisch, stabiel en volledig veilig geurprofiel<\/strong>, waardoor honden optimaal worden voorbereid op operationele scenario\u2019s.<\/p>\n<hr data-start=\"1279\" data-end=\"1282\" \/>\n<h4 data-start=\"1284\" data-end=\"1340\"><strong data-start=\"1287\" data-end=\"1340\">Wetenschappelijk Geoptimaliseerd EGDN-Geurprofiel<\/strong><\/h4>\n<p data-start=\"1342\" data-end=\"1611\">EGDN heeft een uniek vluchtig geurkarakter dat uitdagend kan zijn voor traditionele trainingsmethoden. SCENTLOGIX beschikt echter over geavanceerde geurchemische technologie waarmee de moleculaire geurcomponenten van EGDN <strong data-start=\"1564\" data-end=\"1592\">nauwkeurig en consistent<\/strong> worden nagebootst.<\/p>\n<h4 data-start=\"1613\" data-end=\"1660\"><strong data-start=\"1617\" data-end=\"1660\">Belangrijkste geurtechnische voordelen SCENTLOGIX EGDN Detector Dog Training Aid:<\/strong><\/h4>\n<ul>\n<li data-start=\"1663\" data-end=\"1719\">Hyperrealistische reconstructie van EGDN-geurmoleculen<\/li>\n<li data-start=\"1722\" data-end=\"1776\">100% non-toxisch, non-energetisch en volledig legaal<\/li>\n<li data-start=\"1779\" data-end=\"1838\">Geen gebruik van echte explosieven of gevaarlijke stoffen<\/li>\n<li data-start=\"1841\" data-end=\"1902\">Stabiele geurafgifte, ook onder complexe omgevingscondities<\/li>\n<li data-start=\"1905\" data-end=\"1963\">Ideaal voor zowel imprinting als gevorderde EOD-detectie<\/li>\n<\/ul>\n<p data-start=\"1965\" data-end=\"2106\">Het resultaat is een geurmiddel dat uitleesbaar, betrouwbaar en perfect is afgestemd op het reukvermogen van professionele explosievenhonden.<\/p>\n<hr data-start=\"2108\" data-end=\"2111\" \/>\n<h4 data-start=\"2113\" data-end=\"2173\"><strong data-start=\"2116\" data-end=\"2173\">Onmisbaar voor Explosieven- &amp; Veiligheidsorganisaties<\/strong><\/h4>\n<p data-start=\"2175\" data-end=\"2380\">EGDN is een belangrijke indicator bij het opsporen van explosieven. Honden die hiermee worden getraind kunnen cruciale verschillen detecteren tussen gemaskeerde stoffen, explosievenmengsels en precursoren.<\/p>\n<h4 data-start=\"2382\" data-end=\"2433\"><strong data-start=\"2386\" data-end=\"2433\">Toepassingen binnen professionele sectoren:<\/strong><\/h4>\n<ul>\n<li data-start=\"2436\" data-end=\"2473\">Explosievenopruimingsdiensten (EOD)<\/li>\n<li data-start=\"2476\" data-end=\"2511\">Politie- en anti-terreur eenheden<\/li>\n<li data-start=\"2514\" data-end=\"2538\">Douane &amp; grensbewaking<\/li>\n<li data-start=\"2541\" data-end=\"2573\">Luchthaven- en havenveiligheid<\/li>\n<li data-start=\"2576\" data-end=\"2601\">Militaire detectieteams<\/li>\n<li data-start=\"2604\" data-end=\"2647\">Evenementen- en infrastructuurbeveiliging<\/li>\n<li data-start=\"2650\" data-end=\"2689\">K9-trainings- en certificeringscentra<\/li>\n<\/ul>\n<p data-start=\"2691\" data-end=\"2847\">Dankzij het uiterst consistente geurprofiel leren honden zowel pure als sterk verdunde EGDN-sporen herkennen, zelfs wanneer deze verborgen of vermengd zijn.<\/p>\n<hr data-start=\"2849\" data-end=\"2852\" \/>\n<h4 data-start=\"2854\" data-end=\"2909\"><strong data-start=\"2857\" data-end=\"2909\">Volledig Veilig, Risicoloos &amp; Hygi\u00ebnisch Trainen<\/strong><\/h4>\n<p data-start=\"2911\" data-end=\"3163\">Het gebruik van echte EGDN is onmogelijk binnen reguliere trainingsomgevingen vanwege de extreme instabiliteit en explosieve aard. SCENTLOGIX biedt een <strong data-start=\"3063\" data-end=\"3097\">veilig synthetisch alternatief<\/strong>, waarmee honden effectief kunnen worden opgeleid zonder risico\u2019s.<\/p>\n<h4 data-start=\"3165\" data-end=\"3208\"><strong data-start=\"3169\" data-end=\"3208\">Belangrijkste veiligheidsvoordelen:<\/strong><\/h4>\n<ul>\n<li data-start=\"3211\" data-end=\"3256\">Geen explosie-, brand- of gezondheidsgevaar<\/li>\n<li data-start=\"3259\" data-end=\"3308\">Geen dampen, toxiciteit of chemische besmetting<\/li>\n<li data-start=\"3311\" data-end=\"3357\">Geen speciale opslag- of transportregulaties<\/li>\n<li data-start=\"3360\" data-end=\"3404\">Veilig voor honden, trainers en omstanders<\/li>\n<li data-start=\"3407\" data-end=\"3451\">Schoon, hygi\u00ebnisch en eenvoudig in gebruik<\/li>\n<\/ul>\n<p data-start=\"3453\" data-end=\"3576\">Hierdoor kunnen trainingen plaatsvinden in voertuigen, gebouwen, open terreinen, trainingscentra en zelfs publieke ruimtes.<\/p>\n<p data-start=\"3453\" data-end=\"3576\"><img loading=\"lazy\" decoding=\"async\" class=\"alignnone\" title=\"SCENTLOGIX EGDN Detector Dog Training Aid\" src=\"https:\/\/dogpride.nl\/wp-content\/uploads\/EGDN_doble-1-150x150.png\" alt=\"SCENTLOGIX EGDN Detector Dog Training Aid\" width=\"150\" height=\"150\" \/><\/p>\n<hr data-start=\"3578\" data-end=\"3581\" \/>\n<h4 data-start=\"3583\" data-end=\"3643\"><strong data-start=\"3586\" data-end=\"3643\">Uitzonderlijke Duurzaamheid &amp; Consistente Geurafgifte<\/strong><\/h4>\n<p data-start=\"3645\" data-end=\"3837\">De EGDN Detector Aid van SCENTLOGIX staat bekend om zijn <strong data-start=\"3702\" data-end=\"3732\">uitzonderlijke stabiliteit<\/strong> Und <strong data-start=\"3736\" data-end=\"3758\">lange geurretentie<\/strong>, waardoor het product ideaal is voor intensieve en herhaalde trainingssessies.<\/p>\n<h4 data-start=\"3839\" data-end=\"3880\"><strong data-start=\"3843\" data-end=\"3880\">Voordelen voor langdurig gebruik:<\/strong><\/h4>\n<ul>\n<li data-start=\"3883\" data-end=\"3924\">Constante geursterkte, sessie na sessie<\/li>\n<li data-start=\"3927\" data-end=\"3981\">Bestand tegen extreme temperaturen en vochtcondities<\/li>\n<li data-start=\"3984\" data-end=\"4030\">Zeer lange levensduur \u2013 economisch voordelig<\/li>\n<li data-start=\"4033\" data-end=\"4087\">Betrouwbare prestaties in indoor en outdoor settings<\/li>\n<li data-start=\"4090\" data-end=\"4147\">Ideaal voor dagelijkse inzet \u00e9n certificeringstrajecten<\/li>\n<\/ul>\n<p data-start=\"4149\" data-end=\"4253\">Deze betrouwbaarheid verkort de leercurve van detection dogs en verhoogt de operationele nauwkeurigheid.<\/p>\n<hr data-start=\"4255\" data-end=\"4258\" \/>\n<h4 data-start=\"4260\" data-end=\"4317\"><strong data-start=\"4263\" data-end=\"4317\">Compatible met alle Professionele Detectiemethoden<\/strong><\/h4>\n<p data-start=\"4319\" data-end=\"4411\">De SCENTLOGIX EGDN Training Aid is geschikt voor elke moderne K9-detectiemethode, waaronder:<\/p>\n<ul>\n<li data-start=\"4415\" data-end=\"4438\">Imprinting &amp; proofing<\/li>\n<li data-start=\"4441\" data-end=\"4477\">Detectiekoffers en verstopobjecten<\/li>\n<li data-start=\"4480\" data-end=\"4509\">Geurboxen en detectiewanden<\/li>\n<li data-start=\"4512\" data-end=\"4554\">Pakket-, bagage- en voertuigsurveillance<\/li>\n<li data-start=\"4557\" data-end=\"4583\">Gebouw- en terreinsearch<\/li>\n<li data-start=\"4586\" data-end=\"4615\">Scenario-based EOD-training<\/li>\n<\/ul>\n<p data-start=\"4617\" data-end=\"4713\">Deze veelzijdigheid maakt het product onmisbaar voor zowel beginnende honden als elite-eenheden.<\/p>\n<hr data-start=\"4715\" data-end=\"4718\" \/>\n<h4 data-start=\"4720\" data-end=\"4791\"><strong data-start=\"4723\" data-end=\"4791\">Waarom kiezen voor de SCENTLOGIX EGDN Detector Dog Training Aid?<\/strong><\/h4>\n<ul>\n<li data-start=\"4795\" data-end=\"4830\">Zeer realistisch EGDN-geurprofiel<\/li>\n<li data-start=\"4833\" data-end=\"4873\">Ontwikkeld met geavanceerde geurchemie<\/li>\n<li data-start=\"4876\" data-end=\"4921\">100% veilig, synthetisch en non-energetisch<\/li>\n<li data-start=\"4924\" data-end=\"4979\">Wereldwijd erkend door professionele EOD-organisaties<\/li>\n<li data-start=\"4982\" data-end=\"5029\">Uitstekende geurretentie en hoge duurzaamheid<\/li>\n<li data-start=\"5032\" data-end=\"5097\">Perfect voor imprinting, certificering en operationele training<\/li>\n<li data-start=\"5100\" data-end=\"5150\">Betrouwbare prestaties in elke trainingsomgeving<\/li>\n<\/ul>\n<p data-start=\"5152\" data-end=\"5341\">Met deze training aid train je explosievenhonden op een <strong data-start=\"5208\" data-end=\"5263\">professioneel, nauwkeurig en volledig veilig niveau<\/strong>, ideaal voor teams die maximale betrouwbaarheid eisen in explosievendetectie.<\/p>\n<p data-start=\"5152\" data-end=\"5341\">\n<p data-start=\"5152\" data-end=\"5341\"><a href=\"https:\/\/scentlogix.com\/s\/\" target=\"_blank\" rel=\"noopener\"><img loading=\"lazy\" decoding=\"async\" class=\"alignnone\" title=\"SCENTLOGIX EGDN Detector Dog Training Aid\" src=\"https:\/\/dogpride.nl\/wp-content\/uploads\/ScentLogix-logo-1.jpg\" alt=\"SCENTLOGIX EGDN Detector Dog Training Aid\" width=\"292\" height=\"89\" \/><\/a><\/p>","protected":false},"excerpt":{"rendered":"<p>Der <strong data-start=\"409\" data-end=\"454\">SCENTLOGIX EGDN Detector Dog Training Aid<\/strong> is een geavanceerd, wetenschappelijk ontwikkeld geurmiddel dat detection dogs traint in het herkennen van <strong data-start=\"561\" data-end=\"597\">EGDN (Ethylene Glycol Dinitrate)<\/strong>.<\/p>","protected":false},"featured_media":93330,"template":"","meta":[],"product_brand":[],"product_cat":[4011],"product_tag":[6994,14665,8123,14706,8114,4712,8124,14701,14674,14702,14680,14660,14703,14672,14661,14704,14700,14579,14705,3157,14679],"class_list":{"0":"post-93329","1":"product","2":"type-product","3":"status-publish","4":"has-post-thumbnail","6":"product_cat-scentlogix-geurstoffen","7":"product_tag-aid","8":"product_tag-bomb-dog-training","9":"product_tag-centlogix","10":"product_tag-detection-dog-explosive-precursor","11":"product_tag-detector","12":"product_tag-dog","13":"product_tag-egdn","14":"product_tag-egdn-detection-dog","15":"product_tag-eod-training-aid","16":"product_tag-ethylene-glycol-dinitrate-geurtraining-hond","17":"product_tag-explosieven-geurmiddel-k9","18":"product_tag-explosievenhond-training","19":"product_tag-explosive-component-detection","20":"product_tag-k9-explosives-detection","21":"product_tag-pyrotechnic-detection-dog","22":"product_tag-scent-detection-egdn","23":"product_tag-scentlogix-egdn-detector-dog-training-aid","24":"product_tag-scentlogix-training-kit","25":"product_tag-synthetic-egdn-odor","26":"product_tag-training","27":"product_tag-veiligheidsdetectie-hond","28":"product_shipping_class-groot-pakket","30":"first","31":"instock","32":"taxable","33":"shipping-taxable","34":"purchasable","35":"product-type-variable"},"mb":[],"mfb_rest_fields":["title"],"_links":{"self":[{"href":"https:\/\/dogpride.nl\/de\/wp-json\/wp\/v2\/product\/93329","targetHints":{"allow":["GET"]}}],"collection":[{"href":"https:\/\/dogpride.nl\/de\/wp-json\/wp\/v2\/product"}],"about":[{"href":"https:\/\/dogpride.nl\/de\/wp-json\/wp\/v2\/types\/product"}],"wp:featuredmedia":[{"embeddable":true,"href":"https:\/\/dogpride.nl\/de\/wp-json\/wp\/v2\/media\/93330"}],"wp:attachment":[{"href":"https:\/\/dogpride.nl\/de\/wp-json\/wp\/v2\/media?parent=93329"}],"wp:term":[{"taxonomy":"product_brand","embeddable":true,"href":"https:\/\/dogpride.nl\/de\/wp-json\/wp\/v2\/product_brand?post=93329"},{"taxonomy":"product_cat","embeddable":true,"href":"https:\/\/dogpride.nl\/de\/wp-json\/wp\/v2\/product_cat?post=93329"},{"taxonomy":"product_tag","embeddable":true,"href":"https:\/\/dogpride.nl\/de\/wp-json\/wp\/v2\/product_tag?post=93329"}],"curies":[{"name":"wp","href":"https:\/\/api.w.org\/{rel}","templated":true}]}}