{"id":93299,"date":"2022-07-13T12:39:10","date_gmt":"2022-07-13T10:39:10","guid":{"rendered":"https:\/\/www.dogpride.nl\/?post_type=product&#038;p=93299"},"modified":"2025-11-25T17:15:59","modified_gmt":"2025-11-25T16:15:59","slug":"scentlogix-nitroglycerin-detection-aid","status":"publish","type":"product","link":"https:\/\/dogpride.nl\/de\/scentlogix-nitroglycerin-detection-aid\/","title":{"rendered":"SCENTLOGIX Nitroglycerin Detection Aid"},"content":{"rendered":"<h4>SCENTLOGIX Nitroglycerin Detection Aid<\/h4>\n<p>SCENTLOGIX Nitroglycerin Detection Aid<\/p>\n<p>Individuelle Trainingshilfe, die einen 18-monatigen Vorrat an synthetischem Nitroglycerin-Duftstoff bietet.<\/p>\n<p><strong class=\"x-el x-el-span c2-3z c2-40 c2-3 c2-9v c2-1u c2-43 c2-9w\">Nitroglycerin-Kits enthalten 2 x Nitroglycerin-Trainingshilfen, ein Magnet-Aufbewahrungsrohr, ein unterirdisches Aufbewahrungsrohr, einen zus\u00e4tzlichen Schutzbeutel und ein Dufttuch<\/strong><\/p>\n<p>Der Duft ist mit einer Verbindung auf Kiesels\u00e4urebasis impr\u00e4gniert und wird in einem auslaufsicheren Baumwollbeutel aufbewahrt. Um es zu verwenden, nehmen Sie es einfach aus dem geruchsdichten Beutel, legen Sie es in einen Aufbewahrungsk\u00e4fig oder einen Bet\u00e4ubungsmittelbeutel und bereiten Sie es so vor, wie Sie es f\u00fcr die echte Substanz tun w\u00fcrden.<br \/>\nSobald das Training beendet ist, legen Sie es wieder in den Beutel und bewahren Sie es im Gefrierschrank auf.<\/p>\n<p><strong>Erh\u00e4ltlich als:<\/strong><\/p>\n<ul>\n<li>Nachf\u00fcllung<\/li>\n<li>Duftset<\/li>\n<\/ul>\n<p><a href=\"https:\/\/dogpride.nl\/de\/k9\/detectie\/detectie-geurstoffen\/scentlogix-geurstoffen\/\"><img loading=\"lazy\" decoding=\"async\" class=\"alignnone\" title=\"SCENTLOGIX Nitroglycerin Detection Aid\" src=\"https:\/\/dogpride.nl\/wp-content\/uploads\/nitrogliceryn_sencillo-150x150.png\" alt=\"SCENTLOGIX Nitroglycerin Detection Aid\" width=\"150\" height=\"150\" \/><\/a><\/p>\n<h4 data-start=\"281\" data-end=\"384\"><strong data-start=\"283\" data-end=\"384\">SCENTLOGIX Nitroglycerin Detection Aid \u2013 High-Precision Geurmiddel voor Explosievendetectiehonden<\/strong><\/h4>\n<p data-start=\"386\" data-end=\"732\">Der <strong data-start=\"389\" data-end=\"431\">SCENTLOGIX Nitroglycerin Detection Aid<\/strong> is een geavanceerd, wetenschappelijk ontwikkeld geurmiddel waarmee professionele K9-teams honden trainen in het herkennen van <strong data-start=\"558\" data-end=\"581\">nitroglycerine (NG)<\/strong> \u2013 een krachtige en uiterst vluchtige component in dynamiet, booster charges, industri\u00eble explosieven en diverse ge\u00efmproviseerde explosieven (IED\u2019s).<\/p>\n<p data-start=\"734\" data-end=\"1009\">Door het <strong data-start=\"743\" data-end=\"812\">hyperrealistische, maar volledig veilige synthetische geurprofiel<\/strong> behoren SCENTLOGIX-producten tot de betrouwbaarste training aids die wereldwijd worden gebruikt door politie, EOD-teams, douane, defensie, luchthavens en gespecialiseerde beveiligingsorganisaties.<\/p>\n<hr data-start=\"1011\" data-end=\"1014\" \/>\n<h4 data-start=\"1016\" data-end=\"1077\"><strong data-start=\"1019\" data-end=\"1077\">Wetenschappelijk Ontwikkeld Nitroglycerine-Geurprofiel<\/strong><\/h4>\n<p data-start=\"1079\" data-end=\"1437\">Nitroglycerine is zeer gevoelig voor temperatuur, beweging en chemische instabiliteit, wat het werken met echte NG in trainingsomgevingen onmogelijk maakt. SCENTLOGIX heeft daarom een <strong data-start=\"1263\" data-end=\"1303\">moleculair nagebootst NG-geurprofiel<\/strong> ontwikkeld dat de vluchtige aromatische componenten van nitroglycerine extreem nauwkeurig simuleert \u2014 volledig zonder explosiegevaar.<\/p>\n<h4 data-start=\"1439\" data-end=\"1472\"><strong data-start=\"1443\" data-end=\"1472\">Geurtechnische voordelen:<\/strong><\/h4>\n<ul>\n<li data-start=\"1475\" data-end=\"1533\">Hyperrealistische reconstructie van nitroglycerine-aroma<\/li>\n<li data-start=\"1536\" data-end=\"1579\">100% veilig, non-energetisch en non-toxic<\/li>\n<li data-start=\"1582\" data-end=\"1617\">Constante en stabiele geurafgifte<\/li>\n<li data-start=\"1620\" data-end=\"1688\">Geschikt voor imprinting, proofing \u00e9n specialistische EOD-training<\/li>\n<li data-start=\"1691\" data-end=\"1740\">Geoptimaliseerd door toonaangevende geurchemici<\/li>\n<\/ul>\n<p data-start=\"1742\" data-end=\"1848\">Hierdoor beschikken honden over een trainingsbasis die perfect aansluit op operationele detectiesituaties.<\/p>\n<hr data-start=\"1850\" data-end=\"1853\" \/>\n<h4 data-start=\"1855\" data-end=\"1894\"><strong data-start=\"1858\" data-end=\"1894\">Onmisbaar voor Explosievenhonden<\/strong><\/h4>\n<p data-start=\"1896\" data-end=\"2068\">Nitroglycerine vormt de basis van talrijke commerci\u00eble en militaire explosieven, waardoor herkenning van deze geur essentieel is voor EDD-teams (Explosives Detection Dogs).<\/p>\n<h4 data-start=\"2070\" data-end=\"2118\"><strong data-start=\"2074\" data-end=\"2118\">Veelgebruikte operationele toepassingen:<\/strong><\/h4>\n<ul>\n<li data-start=\"2121\" data-end=\"2171\">Detectie van dynamiet en industri\u00eble explosieven<\/li>\n<li data-start=\"2174\" data-end=\"2247\">Opsporing van booster charges en detonator-gerelateerde samenstellingen<\/li>\n<li data-start=\"2250\" data-end=\"2302\">Herkenning van NG-sporen in constructies van IED\u2019s<\/li>\n<li data-start=\"2305\" data-end=\"2362\">Beveiliging van luchthavens, havens en publieke ruimtes<\/li>\n<li data-start=\"2365\" data-end=\"2410\">Anti-terreur- en tactische interventieteams<\/li>\n<li data-start=\"2413\" data-end=\"2467\">Militairen en defensiegerelateerde IED-search unit\u2019s<\/li>\n<li data-start=\"2470\" data-end=\"2505\">Professionele EOD-trainingscentra<\/li>\n<\/ul>\n<p data-start=\"2507\" data-end=\"2656\">Trainen met een consistent en realistisch geurmiddel is cruciaal om honden te laten presteren in zowel subtiele sporen als sterk geurende scenario\u2019s.<\/p>\n<hr data-start=\"2658\" data-end=\"2661\" \/>\n<h4 data-start=\"2663\" data-end=\"2710\"><strong data-start=\"2666\" data-end=\"2710\">Volledig Veilig, Hygi\u00ebnisch &amp; Risicoloos<\/strong><\/h4>\n<p data-start=\"2712\" data-end=\"2885\">Het gebruik van echte NG is extreem gevaarlijk. De SCENTLOGIX Nitroglycerin Detection Aid biedt een totaal veilig alternatief dat overal gebruikt kan worden zonder risico\u2019s.<\/p>\n<h4 data-start=\"2887\" data-end=\"2930\"><strong data-start=\"2891\" data-end=\"2930\">Belangrijkste veiligheidsvoordelen:<\/strong><\/h4>\n<ul>\n<li data-start=\"2933\" data-end=\"2972\">Geen explosie-, schok- of brandgevaar<\/li>\n<li data-start=\"2975\" data-end=\"3021\">Geen giftige dampen, residuen of chemicali\u00ebn<\/li>\n<li data-start=\"3024\" data-end=\"3078\">Geen speciale vergunningen of opslagprocedures nodig<\/li>\n<li data-start=\"3081\" data-end=\"3116\">Hygi\u00ebnisch en schoon te verwerken<\/li>\n<li data-start=\"3119\" data-end=\"3170\">Veilig voor honden, trainers en trainingslocaties<\/li>\n<\/ul>\n<p data-start=\"3172\" data-end=\"3286\">Hierdoor kunnen simulaties plaatsvinden in voertuigen, gebouwen, bagage, open terreinen, trainingsruimtes en meer.<\/p>\n<p data-start=\"3172\" data-end=\"3286\"><img loading=\"lazy\" decoding=\"async\" class=\"alignnone\" title=\"SCENTLOGIX Nitroglycerin Detection Aid\" src=\"https:\/\/dogpride.nl\/wp-content\/uploads\/nitrogliceryn_doble-150x150.png\" alt=\"SCENTLOGIX Nitroglycerin Detection Aid\" width=\"150\" height=\"150\" \/><\/p>\n<hr data-start=\"3288\" data-end=\"3291\" \/>\n<h4 data-start=\"3293\" data-end=\"3349\"><strong data-start=\"3296\" data-end=\"3349\">Uitzonderlijke Duurzaamheid &amp; Constante Prestatie<\/strong><\/h4>\n<p data-start=\"3351\" data-end=\"3580\">SCENTLOGIX-producten staan bekend om hun <strong data-start=\"3392\" data-end=\"3414\">lange geurretentie<\/strong> en betrouwbaarheid. De Nitroglycerin Detection Aid vormt daarop geen uitzondering: de geur blijft krachtig en reproduceerbaar, zelfs bij intensief dagelijks gebruik.<\/p>\n<h4 data-start=\"3582\" data-end=\"3627\"><strong data-start=\"3586\" data-end=\"3627\">Voordelen van langdurige geurafgifte:<\/strong><\/h4>\n<ul>\n<li data-start=\"3630\" data-end=\"3656\">Zeer lange bruikbaarheid<\/li>\n<li data-start=\"3659\" data-end=\"3713\">Bestand tegen wisselende temperaturen en vochtigheid<\/li>\n<li data-start=\"3716\" data-end=\"3765\">Constante geursterkte voor nauwkeurige detectie<\/li>\n<li data-start=\"3768\" data-end=\"3817\">Economisch vanwege de buitengewone duurzaamheid<\/li>\n<li data-start=\"3820\" data-end=\"3874\">Betrouwbare prestatie in binnen- en buitenomgevingen<\/li>\n<\/ul>\n<p data-start=\"3876\" data-end=\"3984\">De voorspelbaarheid van deze geurbron verhoogt de detectiekwaliteit en versnelt het leerproces van K9-teams.<\/p>\n<hr data-start=\"3986\" data-end=\"3989\" \/>\n<h4 data-start=\"3991\" data-end=\"4034\"><strong data-start=\"3994\" data-end=\"4034\">Compatibel met Alle Detectiemethoden<\/strong><\/h4>\n<p data-start=\"4036\" data-end=\"4151\">De SCENTLOGIX Nitroglycerin Detection Aid kan worden ingezet in elke vorm van moderne explosievendetectie-training:<\/p>\n<ul>\n<li data-start=\"4155\" data-end=\"4190\">Detectiekoffers &amp; verstopobjecten<\/li>\n<li data-start=\"4193\" data-end=\"4221\">Geurboxen &amp; detectiewanden<\/li>\n<li data-start=\"4224\" data-end=\"4256\">Voertuig- en bagage-inspecties<\/li>\n<li data-start=\"4259\" data-end=\"4285\">Gebouw- en terreinsearch<\/li>\n<li data-start=\"4288\" data-end=\"4317\">Scenario-based EOD-training<\/li>\n<li data-start=\"4320\" data-end=\"4356\">Basis imprinting voor jonge honden<\/li>\n<li data-start=\"4359\" data-end=\"4412\">Proofing &amp; operationele training voor ervaren teams<\/li>\n<\/ul>\n<p data-start=\"4414\" data-end=\"4483\">Hierdoor past het product perfect in elk professioneel EDD-programma.<\/p>\n<hr data-start=\"4485\" data-end=\"4488\" \/>\n<h4 data-start=\"4490\" data-end=\"4558\"><strong data-start=\"4493\" data-end=\"4558\">Waarom kiezen voor de SCENTLOGIX Nitroglycerin Detection Aid?<\/strong><\/h4>\n<ul>\n<li data-start=\"4562\" data-end=\"4602\">Realistisch nitroglycerine-geurprofiel<\/li>\n<li data-start=\"4605\" data-end=\"4654\">Volledig veilig, synthetisch en non-energetisch<\/li>\n<li data-start=\"4657\" data-end=\"4718\">Wereldwijd erkend door EOD-, politie- en militaire K9-teams<\/li>\n<li data-start=\"4721\" data-end=\"4762\">Uitstekende geurretentie &amp; duurzaamheid<\/li>\n<li data-start=\"4765\" data-end=\"4821\">Perfect voor imprinting \u00e9n gevorderde detectietraining<\/li>\n<li data-start=\"4824\" data-end=\"4867\">Hygi\u00ebnisch, legaal en gebruiksvriendelijk<\/li>\n<li data-start=\"4870\" data-end=\"4924\">Betrouwbaar in elk klimaat en elke trainingsomgeving<\/li>\n<\/ul>\n<p data-start=\"4926\" data-end=\"5088\">Met deze training aid bereid je detection dogs optimaal voor op <strong data-start=\"4990\" data-end=\"5028\">realistische explosievenopdrachten<\/strong>, waarbij precisie en betrouwbaarheid van levensbelang zijn.<\/p>\n<p data-start=\"4926\" data-end=\"5088\">\n<p data-start=\"4926\" data-end=\"5088\"><a href=\"https:\/\/scentlogix.com\/s\/\" target=\"_blank\" rel=\"noopener\"><img loading=\"lazy\" decoding=\"async\" class=\"alignnone\" title=\"SCENTLOGIX Nitroglycerin Detection Aid\" src=\"https:\/\/dogpride.nl\/wp-content\/uploads\/ScentLogix-logo-1.jpg\" alt=\"SCENTLOGIX Nitroglycerin Detection Aid\" width=\"292\" height=\"89\" \/><\/a><\/p>","protected":false},"excerpt":{"rendered":"<p>Der <strong data-start=\"389\" data-end=\"431\">SCENTLOGIX Nitroglycerin Detection Aid<\/strong> is een geavanceerd, wetenschappelijk ontwikkeld geurmiddel waarmee professionele K9-teams honden trainen in het herkennen van <strong data-start=\"558\" data-end=\"581\">nitroglycerine (NG)<\/strong><\/p>","protected":false},"featured_media":93300,"template":"","meta":[],"product_brand":[],"product_cat":[4011],"product_tag":[6994,14665,6993,14725,14788,14674,14786,14789,14672,14785,8133,14784,14790,8134,14791,3252,14783,14579,14787,14792],"class_list":{"0":"post-93299","1":"product","2":"type-product","3":"status-publish","4":"has-post-thumbnail","6":"product_cat-scentlogix-geurstoffen","7":"product_tag-aid","8":"product_tag-bomb-dog-training","9":"product_tag-detection","10":"product_tag-detection-dog-explosive-training","11":"product_tag-dynamite-detection-dog","12":"product_tag-eod-training-aid","13":"product_tag-explosievenhond-nitroglycerine","14":"product_tag-explosive-precursor-odor-training","15":"product_tag-k9-explosives-detection","16":"product_tag-ng-odor-training-aid","17":"product_tag-nitroglycerin","18":"product_tag-nitroglycerin-detection-dog-training","19":"product_tag-nitroglycerin-odor-imprinting","20":"product_tag-nitroglycerine","21":"product_tag-nitroglycerine-geurmiddel-hond","22":"product_tag-scentlogix","23":"product_tag-scentlogix-nitroglycerin-detection-aid","24":"product_tag-scentlogix-training-kit","25":"product_tag-synthetic-ng-odor","26":"product_tag-veiligheidsdetectie-k9","27":"product_shipping_class-groot-pakket","29":"first","30":"instock","31":"taxable","32":"shipping-taxable","33":"purchasable","34":"product-type-variable"},"mb":[],"mfb_rest_fields":["title"],"_links":{"self":[{"href":"https:\/\/dogpride.nl\/de\/wp-json\/wp\/v2\/product\/93299","targetHints":{"allow":["GET"]}}],"collection":[{"href":"https:\/\/dogpride.nl\/de\/wp-json\/wp\/v2\/product"}],"about":[{"href":"https:\/\/dogpride.nl\/de\/wp-json\/wp\/v2\/types\/product"}],"wp:featuredmedia":[{"embeddable":true,"href":"https:\/\/dogpride.nl\/de\/wp-json\/wp\/v2\/media\/93300"}],"wp:attachment":[{"href":"https:\/\/dogpride.nl\/de\/wp-json\/wp\/v2\/media?parent=93299"}],"wp:term":[{"taxonomy":"product_brand","embeddable":true,"href":"https:\/\/dogpride.nl\/de\/wp-json\/wp\/v2\/product_brand?post=93299"},{"taxonomy":"product_cat","embeddable":true,"href":"https:\/\/dogpride.nl\/de\/wp-json\/wp\/v2\/product_cat?post=93299"},{"taxonomy":"product_tag","embeddable":true,"href":"https:\/\/dogpride.nl\/de\/wp-json\/wp\/v2\/product_tag?post=93299"}],"curies":[{"name":"wp","href":"https:\/\/api.w.org\/{rel}","templated":true}]}}