{"id":93176,"date":"2022-06-30T10:06:12","date_gmt":"2022-06-30T08:06:12","guid":{"rendered":"https:\/\/www.dogpride.nl\/?post_type=product&#038;p=93176"},"modified":"2025-11-06T15:31:11","modified_gmt":"2025-11-06T14:31:11","slug":"owney-outdoor-broek-maraq-dames","status":"publish","type":"product","link":"https:\/\/dogpride.nl\/de\/owney-outdoor-broek-maraq-dames\/","title":{"rendered":"Owney Outdoor-Hose MARAQ Damen"},"content":{"rendered":"<h4>Owney Outdoor-Hose MARAQ Damen<\/h4>\n<p>Owney Outdoor-Hose MARAQ Damen<\/p>\n<p>Klassische Damen-Outdoorhose aus robustem, leicht gewachstem und atmungsaktivem Material. 2 Schiebetaschen, 1 Ges\u00e4\u00dftasche mit Rei\u00dfverschluss, 1 Beintasche f\u00fcr Gep\u00e4ck, vorgeformte Knie und teilweise elastischer Bund.<\/p>\n<ul class=\"product--base-info list--unstyled\">\n<li class=\"base-info--entry entry-attribute\"><strong class=\"entry--label\">Material:<\/strong>\u00a0<span class=\"entry--content\">Oberstoff 74% Baumwolle, 26% Polyamid<\/span><\/li>\n<li><strong>Farbe:<\/strong> Anthrazit<\/li>\n<\/ul>\n<p>Die gemeinsame Zeit in der Natur ist ein wichtiger Teil des Zusammenlebens von Mensch und Hund!<br \/>\nOWNEY OUTDOOR bietet das ganze Jahr \u00fcber und f\u00fcr jedes Wetter zuverl\u00e4ssige und innovative Produkte f\u00fcr diese kostbare Zeit.<\/p>\n<p><strong>Gr\u00f6\u00dfentabelle:<\/strong><\/p>\n<p><img loading=\"lazy\" decoding=\"async\" class=\"alignnone size-full wp-image-93179\" src=\"https:\/\/www.dogpride.nl\/wp-content\/uploads\/18636_2XN9XxQYizsrcH_600x600.jpg\" alt=\"Maattabel\" width=\"576\" height=\"600\" srcset=\"https:\/\/dogpride.nl\/wp-content\/uploads\/18636_2XN9XxQYizsrcH_600x600.jpg 576w, https:\/\/dogpride.nl\/wp-content\/uploads\/18636_2XN9XxQYizsrcH_600x600-250x260.jpg 250w, https:\/\/dogpride.nl\/wp-content\/uploads\/18636_2XN9XxQYizsrcH_600x600-400x417.jpg 400w, https:\/\/dogpride.nl\/wp-content\/uploads\/18636_2XN9XxQYizsrcH_600x600-288x300.jpg 288w, https:\/\/dogpride.nl\/wp-content\/uploads\/18636_2XN9XxQYizsrcH_600x600-200x208.jpg 200w\" sizes=\"auto, (max-width: 576px) 100vw, 576px\" \/><\/p>\n<p>&nbsp;<\/p>\n<p><a href=\"https:\/\/owney.de\/\" target=\"_blank\" rel=\"noopener\"><img loading=\"lazy\" decoding=\"async\" class=\"TZ--description-logo2 alignnone\" src=\"https:\/\/owney.de\/media\/logo.png\" alt=\"Owney Outdoor Broek MARAQ Dames\" width=\"139\" height=\"66\" \/><\/a><\/p>\n<p><a href=\"https:\/\/dogpride.nl\/de\/kleding\/broeken\/owney-outdoor-broeken\/\"><img loading=\"lazy\" decoding=\"async\" class=\"alignnone\" title=\"Owney Outdoor-Hose MARAQ Damen\" src=\"https:\/\/dogpride.nl\/wp-content\/uploads\/18636_1_600x600-1-150x150.jpg\" alt=\"Owney Outdoor Broek MARAQ Dames\" width=\"150\" height=\"150\" \/><\/a><\/p>","protected":false},"excerpt":{"rendered":"<p>Klassische Damen-Outdoorhose aus robustem, leicht gewachstem und atmungsaktivem Material. 2 Schiebetaschen, 1 Ges\u00e4\u00dftasche mit Rei\u00dfverschluss, 1 Beintasche f\u00fcr Gep\u00e4ck, vorgeformte Knie und teilweise elastischer Bund.<\/p>","protected":false},"featured_media":93177,"template":"","meta":[],"product_brand":[],"product_cat":[4010],"product_tag":[],"class_list":{"0":"post-93176","1":"product","2":"type-product","3":"status-publish","4":"has-post-thumbnail","6":"product_cat-owney-outdoor-broeken","8":"first","9":"instock","10":"taxable","11":"shipping-taxable","12":"purchasable","13":"product-type-variable"},"mb":[],"mfb_rest_fields":["title"],"_links":{"self":[{"href":"https:\/\/dogpride.nl\/de\/wp-json\/wp\/v2\/product\/93176","targetHints":{"allow":["GET"]}}],"collection":[{"href":"https:\/\/dogpride.nl\/de\/wp-json\/wp\/v2\/product"}],"about":[{"href":"https:\/\/dogpride.nl\/de\/wp-json\/wp\/v2\/types\/product"}],"wp:featuredmedia":[{"embeddable":true,"href":"https:\/\/dogpride.nl\/de\/wp-json\/wp\/v2\/media\/93177"}],"wp:attachment":[{"href":"https:\/\/dogpride.nl\/de\/wp-json\/wp\/v2\/media?parent=93176"}],"wp:term":[{"taxonomy":"product_brand","embeddable":true,"href":"https:\/\/dogpride.nl\/de\/wp-json\/wp\/v2\/product_brand?post=93176"},{"taxonomy":"product_cat","embeddable":true,"href":"https:\/\/dogpride.nl\/de\/wp-json\/wp\/v2\/product_cat?post=93176"},{"taxonomy":"product_tag","embeddable":true,"href":"https:\/\/dogpride.nl\/de\/wp-json\/wp\/v2\/product_tag?post=93176"}],"curies":[{"name":"wp","href":"https:\/\/api.w.org\/{rel}","templated":true}]}}