{"id":93163,"date":"2022-06-30T09:58:13","date_gmt":"2022-06-30T07:58:13","guid":{"rendered":"https:\/\/www.dogpride.nl\/?post_type=product&#038;p=93163"},"modified":"2025-11-06T15:32:31","modified_gmt":"2025-11-06T14:32:31","slug":"owney-outdoor-winterbroek-dames-amila","status":"publish","type":"product","link":"https:\/\/dogpride.nl\/de\/owney-outdoor-winterbroek-dames-amila\/","title":{"rendered":"Owney Outdoor Winterhose Damen AMILA"},"content":{"rendered":"<h4>Owney Outdoor Winterhose Damen AMILA<\/h4>\n<p>Owney Outdoor Winterhose Damen AMILA<\/p>\n<p>Wasser- und winddichte Damen-Outdoorhose mit atmungsaktiver Beschichtung. Weiches Teilfutter bis zum Knie.<\/p>\n<ul class=\"product--base-info list--unstyled\">\n<li class=\"base-info--entry entry-attribute\"><strong class=\"entry--label\">Material:<\/strong>\u00a0<span class=\"entry--content\">Au\u00dfenstoff 100% Polyamid, Futter 100% Polyester<\/span><\/li>\n<li><strong>Farbe:<\/strong> Marine<\/li>\n<\/ul>\n<p>Die gemeinsame Zeit in der Natur ist ein wichtiger Teil des Zusammenlebens von Mensch und Hund!<br \/>\nOWNEY OUTDOOR bietet das ganze Jahr \u00fcber und f\u00fcr jedes Wetter zuverl\u00e4ssige und innovative Produkte f\u00fcr diese kostbare Zeit.<\/p>\n<p><strong>Gr\u00f6\u00dfentabelle:<\/strong><\/p>\n<p><img loading=\"lazy\" decoding=\"async\" class=\"alignnone size-full wp-image-93167\" src=\"https:\/\/www.dogpride.nl\/wp-content\/uploads\/18629_2y8PT1CN2VXgyE_600x600.jpg\" alt=\"Maattabel\" width=\"424\" height=\"600\" srcset=\"https:\/\/dogpride.nl\/wp-content\/uploads\/18629_2y8PT1CN2VXgyE_600x600.jpg 424w, https:\/\/dogpride.nl\/wp-content\/uploads\/18629_2y8PT1CN2VXgyE_600x600-250x354.jpg 250w, https:\/\/dogpride.nl\/wp-content\/uploads\/18629_2y8PT1CN2VXgyE_600x600-400x566.jpg 400w, https:\/\/dogpride.nl\/wp-content\/uploads\/18629_2y8PT1CN2VXgyE_600x600-212x300.jpg 212w, https:\/\/dogpride.nl\/wp-content\/uploads\/18629_2y8PT1CN2VXgyE_600x600-200x283.jpg 200w\" sizes=\"auto, (max-width: 424px) 100vw, 424px\" \/><\/p>\n<p>&nbsp;<\/p>\n<p><a href=\"https:\/\/owney.de\/\" target=\"_blank\" rel=\"noopener\"><img loading=\"lazy\" decoding=\"async\" class=\"TZ--description-logo2 alignnone\" src=\"https:\/\/owney.de\/media\/logo.png\" alt=\"Owney Outdoor Broek MARAQ Dames\" width=\"139\" height=\"66\" \/><\/a><\/p>\n<p><a href=\"https:\/\/dogpride.nl\/de\/kleding\/broeken\/owney-outdoor-broeken\/\"><img loading=\"lazy\" decoding=\"async\" class=\"alignnone\" title=\"Owney Outdoor Winterhose Damen AMILA\" src=\"https:\/\/dogpride.nl\/wp-content\/uploads\/18629_1acL8kPyGu2liiv_600x600-150x150.jpg\" alt=\"Owney Outdoor Winterbroek Dames AMILA\" width=\"150\" height=\"150\" \/><\/a><\/p>","protected":false},"excerpt":{"rendered":"<p>Wasser- und winddichte Damen-Outdoorhose mit atmungsaktiver Beschichtung. Weiches Teilfutter bis zum Knie. <strong class=\"entry--label\">Material:<\/strong>\u00a0<span class=\"entry--content\">Au\u00dfenstoff 100% Polyamid, Futter 100% Polyester<\/span><\/p>","protected":false},"featured_media":93164,"template":"","meta":[],"product_brand":[],"product_cat":[4010],"product_tag":[],"class_list":{"0":"post-93163","1":"product","2":"type-product","3":"status-publish","4":"has-post-thumbnail","6":"product_cat-owney-outdoor-broeken","8":"first","9":"instock","10":"taxable","11":"shipping-taxable","12":"purchasable","13":"product-type-variable"},"mb":[],"mfb_rest_fields":["title"],"_links":{"self":[{"href":"https:\/\/dogpride.nl\/de\/wp-json\/wp\/v2\/product\/93163","targetHints":{"allow":["GET"]}}],"collection":[{"href":"https:\/\/dogpride.nl\/de\/wp-json\/wp\/v2\/product"}],"about":[{"href":"https:\/\/dogpride.nl\/de\/wp-json\/wp\/v2\/types\/product"}],"wp:featuredmedia":[{"embeddable":true,"href":"https:\/\/dogpride.nl\/de\/wp-json\/wp\/v2\/media\/93164"}],"wp:attachment":[{"href":"https:\/\/dogpride.nl\/de\/wp-json\/wp\/v2\/media?parent=93163"}],"wp:term":[{"taxonomy":"product_brand","embeddable":true,"href":"https:\/\/dogpride.nl\/de\/wp-json\/wp\/v2\/product_brand?post=93163"},{"taxonomy":"product_cat","embeddable":true,"href":"https:\/\/dogpride.nl\/de\/wp-json\/wp\/v2\/product_cat?post=93163"},{"taxonomy":"product_tag","embeddable":true,"href":"https:\/\/dogpride.nl\/de\/wp-json\/wp\/v2\/product_tag?post=93163"}],"curies":[{"name":"wp","href":"https:\/\/api.w.org\/{rel}","templated":true}]}}