{"id":92642,"date":"2022-06-27T15:06:36","date_gmt":"2022-06-27T13:06:36","guid":{"rendered":"https:\/\/www.dogpride.nl\/?post_type=product&#038;p=92642"},"modified":"2025-10-07T14:50:28","modified_gmt":"2025-10-07T12:50:28","slug":"owney-outdoor-praktische-heupgordel","status":"publish","type":"product","link":"https:\/\/dogpride.nl\/de\/owney-outdoor-praktische-heupgordel\/","title":{"rendered":"Praktischer H\u00fcftgurt von Owney Outdoor"},"content":{"rendered":"<h4>Praktischer H\u00fcftgurt von Owney Outdoor<\/h4>\n<p>Praktischer H\u00fcftgurt von Owney Outdoor<\/p>\n<p>Praktischer H\u00fcftgurt, dank Klettverschluss einfach und schnell anzulegen, gro\u00dfe Au\u00dfentaschen mit Magnetverschluss f\u00fcr einfachen Zugriff auf Zubeh\u00f6r, innere Sicherheitstaschen mit Rei\u00dfverschluss. Der multifunktionale Begleiter f\u00fcr alle Hundebesitzer und Reiter, zum Radfahren und vielen anderen Aktivit\u00e4ten.<\/p>\n<ul class=\"product--base-info list--unstyled\">\n<li class=\"base-info--entry entry-attribute\"><strong class=\"entry--label\">Material:<\/strong>\u00a0<span class=\"entry--content\">100%-Polyester<\/span><\/li>\n<\/ul>\n<p><strong>Erh\u00e4ltlich in den Farben:<\/strong> Zwart en Camouflage<\/p>\n<p>Die gemeinsame Zeit in der Natur ist ein wichtiger Teil des Zusammenlebens von Mensch und Hund!<br \/>\nOWNEY OUTDOOR bietet das ganze Jahr \u00fcber und f\u00fcr jedes Wetter zuverl\u00e4ssige und innovative Produkte f\u00fcr diese kostbare Zeit.<\/p>\n<p><img loading=\"lazy\" decoding=\"async\" class=\"alignnone wp-image-92645 size-large\" src=\"https:\/\/www.dogpride.nl\/wp-content\/uploads\/G_1_8804_Owney_bandee_pouch_back_E-1024x1024.jpg\" alt=\"Owney Outdoor praktische heupgordel\" width=\"1024\" height=\"1024\" srcset=\"https:\/\/dogpride.nl\/wp-content\/uploads\/G_1_8804_Owney_bandee_pouch_back_E-1024x1024.jpg 1024w, https:\/\/dogpride.nl\/wp-content\/uploads\/G_1_8804_Owney_bandee_pouch_back_E-250x250.jpg 250w, https:\/\/dogpride.nl\/wp-content\/uploads\/G_1_8804_Owney_bandee_pouch_back_E-100x100.jpg 100w, https:\/\/dogpride.nl\/wp-content\/uploads\/G_1_8804_Owney_bandee_pouch_back_E-400x400.jpg 400w, https:\/\/dogpride.nl\/wp-content\/uploads\/G_1_8804_Owney_bandee_pouch_back_E-300x300.jpg 300w, https:\/\/dogpride.nl\/wp-content\/uploads\/G_1_8804_Owney_bandee_pouch_back_E-150x150.jpg 150w, https:\/\/dogpride.nl\/wp-content\/uploads\/G_1_8804_Owney_bandee_pouch_back_E-768x768.jpg 768w, https:\/\/dogpride.nl\/wp-content\/uploads\/G_1_8804_Owney_bandee_pouch_back_E-1536x1536.jpg 1536w, https:\/\/dogpride.nl\/wp-content\/uploads\/G_1_8804_Owney_bandee_pouch_back_E-2048x2048.jpg 2048w, https:\/\/dogpride.nl\/wp-content\/uploads\/G_1_8804_Owney_bandee_pouch_back_E-66x66.jpg 66w, https:\/\/dogpride.nl\/wp-content\/uploads\/G_1_8804_Owney_bandee_pouch_back_E-200x200.jpg 200w, https:\/\/dogpride.nl\/wp-content\/uploads\/G_1_8804_Owney_bandee_pouch_back_E-600x600.jpg 600w, https:\/\/dogpride.nl\/wp-content\/uploads\/G_1_8804_Owney_bandee_pouch_back_E-800x800.jpg 800w, https:\/\/dogpride.nl\/wp-content\/uploads\/G_1_8804_Owney_bandee_pouch_back_E-1200x1200.jpg 1200w\" sizes=\"auto, (max-width: 1024px) 100vw, 1024px\" \/><\/p>\n<p><a href=\"https:\/\/dogpride.nl\/de\/kleding\/trainingsvesten\/owney-outdoor-trainingsvesten\/\"><img loading=\"lazy\" decoding=\"async\" class=\"alignnone\" title=\"Praktischer H\u00fcftgurt von Owney Outdoor\" src=\"https:\/\/dogpride.nl\/wp-content\/uploads\/1-8804_bandee_pouch_back.jpg\" alt=\"Owney Outdoor praktische heupgordel\" width=\"167\" height=\"167\" \/><\/a><\/p>\n<p>&nbsp;<\/p>\n<p><img decoding=\"async\" class=\"TZ--description-logo2\" src=\"https:\/\/owney.de\/media\/logo.png\" \/><\/p>\n<p><span style=\"color: #ffffff;\"><a style=\"color: #ffffff;\" href=\"https:\/\/devrolijkekwispel.nl\/\" target=\"_blank\" rel=\"noopener\">Dogpride NL sponsert Kelly Albers<\/a><\/span><\/p>","protected":false},"excerpt":{"rendered":"<p>Praktischer H\u00fcftgurt, dank Klettverschluss einfach und schnell anzulegen, gro\u00dfe Au\u00dfentaschen mit Magnetverschluss f\u00fcr einfachen Zugriff auf Zubeh\u00f6r, innere Sicherheitstaschen mit Rei\u00dfverschluss.<\/p>","protected":false},"featured_media":92643,"template":"","meta":[],"product_brand":[],"product_cat":[3993],"product_tag":[7561,3332,7562,7563],"class_list":{"0":"post-92642","1":"product","2":"type-product","3":"status-publish","4":"has-post-thumbnail","6":"product_cat-owney-outdoor-trainingsvesten","7":"product_tag-heupgordel","8":"product_tag-hondensport","9":"product_tag-owney-outdoor","10":"product_tag-trainingsgordel","12":"first","13":"instock","14":"taxable","15":"shipping-taxable","16":"purchasable","17":"product-type-variable"},"mb":[],"mfb_rest_fields":["title"],"_links":{"self":[{"href":"https:\/\/dogpride.nl\/de\/wp-json\/wp\/v2\/product\/92642","targetHints":{"allow":["GET"]}}],"collection":[{"href":"https:\/\/dogpride.nl\/de\/wp-json\/wp\/v2\/product"}],"about":[{"href":"https:\/\/dogpride.nl\/de\/wp-json\/wp\/v2\/types\/product"}],"wp:featuredmedia":[{"embeddable":true,"href":"https:\/\/dogpride.nl\/de\/wp-json\/wp\/v2\/media\/92643"}],"wp:attachment":[{"href":"https:\/\/dogpride.nl\/de\/wp-json\/wp\/v2\/media?parent=92642"}],"wp:term":[{"taxonomy":"product_brand","embeddable":true,"href":"https:\/\/dogpride.nl\/de\/wp-json\/wp\/v2\/product_brand?post=92642"},{"taxonomy":"product_cat","embeddable":true,"href":"https:\/\/dogpride.nl\/de\/wp-json\/wp\/v2\/product_cat?post=92642"},{"taxonomy":"product_tag","embeddable":true,"href":"https:\/\/dogpride.nl\/de\/wp-json\/wp\/v2\/product_tag?post=92642"}],"curies":[{"name":"wp","href":"https:\/\/api.w.org\/{rel}","templated":true}]}}