{"id":92555,"date":"2022-06-27T09:24:14","date_gmt":"2022-06-27T07:24:14","guid":{"rendered":"https:\/\/www.dogpride.nl\/?post_type=product&#038;p=92555"},"modified":"2025-11-19T14:18:54","modified_gmt":"2025-11-19T13:18:54","slug":"hs-sprenger-showketting-rvs","status":"publish","type":"product","link":"https:\/\/dogpride.nl\/de\/hs-sprenger-showketting-rvs\/","title":{"rendered":"HS Sprenger Showkette Edelstahl"},"content":{"rendered":"<h4>HS Sprenger Showkette Edelstahl<\/h4>\n<p>HS Sprenger Showkette Edelstahl<\/p>\n<ul>\n<li>Drahtst\u00e4rke 3,0 mm<\/li>\n<li>L\u00e4nge 56\u201372 cm<\/li>\n<li>Auf Ausstellungen zugelassene Showkette<\/li>\n<li>Edelstahl<\/li>\n<li>F\u00fcr Hunde bis 60 KG<\/li>\n<li>Mit Kehlkopfaussparung<\/li>\n<\/ul>\n<p>Keine Kompromisse in puncto Qualit\u00e4t, Sortiment und Kooperationen!<br \/>\nJahrzehntelange Produktionserfahrung, umfangreiche Marktkenntnisse und die Zusammenarbeit mit Experten aus Hundesport, Medizin und Forschung bilden die Grundlage f\u00fcr eine Produktentwicklung, die internationale Ma\u00dfst\u00e4be setzt.<br \/>\nDie hohe und zuverl\u00e4ssige Qualit\u00e4t der SPRENGER-Produkte \u201eMade in Germany\u201c wird durch unser HS-Zeichen auf allen Produkten und durch unser HS-Zeichen garantiert.<\/p>\n<p>SHS Sprenger showketting RVS zijn een gerespecteerd alternatief voor traditionele nylon halsbanden.<br \/>\nZu den Vorteilen geh\u00f6ren: kein Geruch des Materials, keine Verschmutzung, geringer Wartungsaufwand, ein ansprechendes Design und eine gute Festigkeit, basierend auf dem Gewicht Ihres Hundes.<\/p>\n<p>Von Kurzgliedern bis hin zu Langgliedern oder als Neck-Tech finden Sie im Hundesport-Sortiment von Sprenger das passende Hundehalsband, das Ihren Vorstellungen entspricht.<br \/>\nDie Sicherheit des Hundes hat bei unserer Produktion und Qualit\u00e4tskontrolle h\u00f6chste Priorit\u00e4t. Regelm\u00e4\u00dfige Tests best\u00e4tigen die Langlebigkeit und Robustheit unserer Hundehalsb\u00e4nder.<\/p>\n<p>Ihre vierbeinigen Freunde liegen uns am Herzen \u2013 \u00fcberzeugen Sie sich selbst mit der \u201eQualit\u00e4t, die \u00fcberzeugt\u201c.<\/p>\n<p><a href=\"https:\/\/dogpride.nl\/de\/hondenhalsbanden\/showkettingen-voor-honden\/\"><img loading=\"lazy\" decoding=\"async\" class=\"alignnone\" title=\"HS Sprenger Showkette Edelstahl\" src=\"https:\/\/dogpride.nl\/wp-content\/uploads\/51508_55_828b3066-68cc-4170-984f-bfd67b685705.webp\" alt=\"HS Sprenger showketting RVS\" width=\"190\" height=\"190\" \/><\/a><\/p>\n<p><a href=\"https:\/\/www.sprenger.de\/en\" target=\"_blank\" rel=\"noopener\"><img loading=\"lazy\" decoding=\"async\" class=\"alignnone wp-image-143281 size-full\" src=\"https:\/\/dogpride.nl\/wp-content\/uploads\/Logo-6.jpg\" alt=\"Logo \" width=\"246\" height=\"72\" srcset=\"https:\/\/dogpride.nl\/wp-content\/uploads\/Logo-6.jpg 246w, https:\/\/dogpride.nl\/wp-content\/uploads\/Logo-6-18x5.jpg 18w\" sizes=\"auto, (max-width: 246px) 100vw, 246px\" \/><\/a><\/p>","protected":false},"excerpt":{"rendered":"<p>Showkette aus Edelstahl von HS Sprenger. Drahtst\u00e4rke 3,0 mm. L\u00e4nge 56\u201372 cm. Auf Ausstellungen zugelassene Showkette. Edelstahl. F\u00fcr Hunde bis 60 KG. Mit Kehlkopfaussparung.<\/p>","protected":false},"featured_media":143279,"template":"","meta":[],"product_brand":[],"product_cat":[3991],"product_tag":[],"class_list":{"0":"post-92555","1":"product","2":"type-product","3":"status-publish","4":"has-post-thumbnail","6":"product_cat-hs-sprenger-showkettingen-voor-honden","8":"first","9":"instock","10":"taxable","11":"shipping-taxable","12":"purchasable","13":"product-type-variable"},"mb":[],"mfb_rest_fields":["title"],"_links":{"self":[{"href":"https:\/\/dogpride.nl\/de\/wp-json\/wp\/v2\/product\/92555","targetHints":{"allow":["GET"]}}],"collection":[{"href":"https:\/\/dogpride.nl\/de\/wp-json\/wp\/v2\/product"}],"about":[{"href":"https:\/\/dogpride.nl\/de\/wp-json\/wp\/v2\/types\/product"}],"wp:featuredmedia":[{"embeddable":true,"href":"https:\/\/dogpride.nl\/de\/wp-json\/wp\/v2\/media\/143279"}],"wp:attachment":[{"href":"https:\/\/dogpride.nl\/de\/wp-json\/wp\/v2\/media?parent=92555"}],"wp:term":[{"taxonomy":"product_brand","embeddable":true,"href":"https:\/\/dogpride.nl\/de\/wp-json\/wp\/v2\/product_brand?post=92555"},{"taxonomy":"product_cat","embeddable":true,"href":"https:\/\/dogpride.nl\/de\/wp-json\/wp\/v2\/product_cat?post=92555"},{"taxonomy":"product_tag","embeddable":true,"href":"https:\/\/dogpride.nl\/de\/wp-json\/wp\/v2\/product_tag?post=92555"}],"curies":[{"name":"wp","href":"https:\/\/api.w.org\/{rel}","templated":true}]}}