{"id":92545,"date":"2022-06-27T09:01:44","date_gmt":"2022-06-27T07:01:44","guid":{"rendered":"https:\/\/www.dogpride.nl\/?post_type=product&#038;p=92545"},"modified":"2026-03-16T14:02:53","modified_gmt":"2026-03-16T13:02:53","slug":"hs-sprenger-showketting-rvs-impuls-plus","status":"publish","type":"product","link":"https:\/\/dogpride.nl\/de\/hs-sprenger-showketting-rvs-impuls-plus\/","title":{"rendered":"HS Sprenger showketting RVS Impuls Plus"},"content":{"rendered":"<h4>HS Sprenger showketting RVS Impuls Plus<\/h4>\n<p>HS Sprenger showketting RVS Impuls Plus<\/p>\n<ul>\n<li>3,0 mm Drahtst\u00e4rke<\/li>\n<li>L\u00e4nge 56\u201372 cm<\/li>\n<li>Dieses Modell verf\u00fcgt \u00fcber abnehmbare Nieten<\/li>\n<li>Edelstahl<\/li>\n<li>Mit Freiraum f\u00fcr den Kehlkopf<\/li>\n<li>F\u00fcr Hunde bis 60 KG<\/li>\n<li>Ideal zum Training geeignet<\/li>\n<\/ul>\n<p>Keine Kompromisse in puncto Qualit\u00e4t, Sortiment und Kooperationen!<\/p>\n<p>Jahrzehntelange Produktionserfahrung, umfangreiche Marktkenntnisse und die Zusammenarbeit mit Experten aus Hundesport, Medizin und Forschung bilden die Grundlage f\u00fcr eine Produktentwicklung, die internationale Ma\u00dfst\u00e4be setzt.<br \/>\nDe hoge en betrouwbare kwaliteit van HS Sprenger showketting RVS Impuls+ -producten &#8220;Made in Germany&#8221; wordt gegarandeerd door ons HS-keurmerk op alle producten en door ons HS-keurmerk.<\/p>\n<h3>Sprenger-Hundehalsb\u00e4nder sind eine angesehene Alternative zu herk\u00f6mmlichen Nylonhalsb\u00e4ndern.<\/h3>\n<p>Zu den Vorteilen geh\u00f6ren: kein Geruch des Materials, keine Verschmutzung, geringer Wartungsaufwand, ein ansprechendes Design und eine gute Festigkeit, basierend auf dem Gewicht Ihres Hundes.<\/p>\n<p>Von Kurzgliedern bis hin zu Langgliedern oder als Neck-Tech finden Sie im Hundesport-Sortiment von Sprenger das passende Hundehalsband, das Ihren Vorstellungen entspricht.<br \/>\nDie Sicherheit des Hundes hat bei unserer Produktion und Qualit\u00e4tskontrolle h\u00f6chste Priorit\u00e4t. Regelm\u00e4\u00dfige Tests best\u00e4tigen die Langlebigkeit und Robustheit unserer Hundehalsb\u00e4nder.<\/p>\n<p>Ihre vierbeinigen Freunde liegen uns am Herzen \u2013 \u00fcberzeugen Sie sich selbst mit der \u201eQualit\u00e4t, die \u00fcberzeugt\u201c.<\/p>\n<p><a href=\"https:\/\/dogpride.nl\/de\/hondenhalsbanden\/showkettingen-voor-honden\/\"><img loading=\"lazy\" decoding=\"async\" class=\"alignnone wp-image-143282 size-medium\" title=\"HS Sprenger showketting RVS Impuls Plus\" src=\"https:\/\/dogpride.nl\/wp-content\/uploads\/51518-55-300x300.webp\" alt=\"HS Sprenger showketting RVS Impuls Plus\" width=\"300\" height=\"300\" srcset=\"https:\/\/dogpride.nl\/wp-content\/uploads\/51518-55-300x300.webp 300w, https:\/\/dogpride.nl\/wp-content\/uploads\/51518-55-150x150.webp 150w, https:\/\/dogpride.nl\/wp-content\/uploads\/51518-55-768x768.webp 768w, https:\/\/dogpride.nl\/wp-content\/uploads\/51518-55-12x12.webp 12w, https:\/\/dogpride.nl\/wp-content\/uploads\/51518-55-250x250.webp 250w, https:\/\/dogpride.nl\/wp-content\/uploads\/51518-55-400x400.webp 400w, https:\/\/dogpride.nl\/wp-content\/uploads\/51518-55-100x100.webp 100w, https:\/\/dogpride.nl\/wp-content\/uploads\/51518-55.webp 800w\" sizes=\"auto, (max-width: 300px) 100vw, 300px\" \/><\/a><\/p>\n<p>&nbsp;<\/p>\n<p><a href=\"https:\/\/www.sprenger.de\/en\" target=\"_blank\" rel=\"noopener\"><img loading=\"lazy\" decoding=\"async\" class=\"alignnone wp-image-143281 size-full\" src=\"https:\/\/dogpride.nl\/wp-content\/uploads\/Logo-6.jpg\" alt=\"Logo \" width=\"246\" height=\"72\" srcset=\"https:\/\/dogpride.nl\/wp-content\/uploads\/Logo-6.jpg 246w, https:\/\/dogpride.nl\/wp-content\/uploads\/Logo-6-18x5.jpg 18w\" sizes=\"auto, (max-width: 246px) 100vw, 246px\" \/><\/a><\/p>","protected":false},"excerpt":{"rendered":"<p>HS Sprenger showketting RVS Impuls Plus 3\u00a0mm draaddikte. Lengte 56 &#8211; 72 cm. Met noppen die verwijderd kunnen worden. Edelstaal. Met vrije ruimte voor het strottenhoofd. Voor honden tot 60 KG.<\/p>","protected":false},"featured_media":143282,"template":"","meta":[],"product_brand":[],"product_cat":[3991],"product_tag":[25722,4272,6214],"class_list":{"0":"post-92545","1":"product","2":"type-product","3":"status-publish","4":"has-post-thumbnail","6":"product_cat-hs-sprenger-showkettingen-voor-honden","7":"product_tag-25722","8":"product_tag-hs-sprenger","9":"product_tag-showketting","11":"first","12":"instock","13":"taxable","14":"shipping-taxable","15":"purchasable","16":"product-type-variable"},"mb":[],"mfb_rest_fields":["title"],"_links":{"self":[{"href":"https:\/\/dogpride.nl\/de\/wp-json\/wp\/v2\/product\/92545","targetHints":{"allow":["GET"]}}],"collection":[{"href":"https:\/\/dogpride.nl\/de\/wp-json\/wp\/v2\/product"}],"about":[{"href":"https:\/\/dogpride.nl\/de\/wp-json\/wp\/v2\/types\/product"}],"wp:featuredmedia":[{"embeddable":true,"href":"https:\/\/dogpride.nl\/de\/wp-json\/wp\/v2\/media\/143282"}],"wp:attachment":[{"href":"https:\/\/dogpride.nl\/de\/wp-json\/wp\/v2\/media?parent=92545"}],"wp:term":[{"taxonomy":"product_brand","embeddable":true,"href":"https:\/\/dogpride.nl\/de\/wp-json\/wp\/v2\/product_brand?post=92545"},{"taxonomy":"product_cat","embeddable":true,"href":"https:\/\/dogpride.nl\/de\/wp-json\/wp\/v2\/product_cat?post=92545"},{"taxonomy":"product_tag","embeddable":true,"href":"https:\/\/dogpride.nl\/de\/wp-json\/wp\/v2\/product_tag?post=92545"}],"curies":[{"name":"wp","href":"https:\/\/api.w.org\/{rel}","templated":true}]}}