{"id":92477,"date":"2022-06-24T14:57:34","date_gmt":"2022-06-24T12:57:34","guid":{"rendered":"https:\/\/www.dogpride.nl\/?post_type=product&#038;p=92477"},"modified":"2026-02-19T12:58:35","modified_gmt":"2026-02-19T11:58:35","slug":"arrak-competition-vest-burnt-orange-men","status":"publish","type":"product","link":"https:\/\/dogpride.nl\/de\/arrak-competition-vest-burnt-orange-men\/","title":{"rendered":"Arrak Wettkampfweste Burnt Orange Herren"},"content":{"rendered":"<h4>Arrak Wettkampfweste Burnt Orange Herren<\/h4>\n<p>Arrak Wettkampfweste Burnt Orange Herren<\/p>\n<p>Arrak Competition Vest Burnt Orange Men is het perfecte trainingsvest voor alle hondensporten. Onze ontwerpers werkten samen met honderden hondentrainers om het beste hondengeleidervest te ontwikkelen.<br \/>\nVom Hundef\u00fchrer-Neuling bis zum Weltklasse-Wettk\u00e4mpfer ist diese Weste perfekt f\u00fcr Sie!<br \/>\nDie Weste besteht aus einem strapazierf\u00e4higen Polyester-\/Baumwollmaterial mit Seiteneins\u00e4tzen aus flexiblem Stretchmaterial f\u00fcr beste Passform und Bewegungsfreiheit.<br \/>\nHet Arrak Competition Vest Burnt Orange Men is gevoerd met een dunne mesh voering. Een hondengeleider vest voor de veeleisende hondengeleider of voor u die gewoon op zoek bent naar een praktisch buitenvest.<br \/>\nDie Weste ist standardm\u00e4\u00dfig neuwertig impr\u00e4gniert, kann aber auch problemlos st\u00e4rker impr\u00e4gniert werden, um sie widerstandsf\u00e4higer gegen Feuchtigkeit zu machen.<\/p>\n<ul>\n<li>Bel\u00fcftungsrei\u00dfverschl\u00fcsse an der Seite.<\/li>\n<li>2-Wege-Rei\u00dfverschluss vorne.<\/li>\n<li>2 stabile Brusttaschen und Doppeltaschen unten, eine mit Rei\u00dfverschluss und eine offene Tasche.<\/li>\n<li>Auf der R\u00fcckseite befindet sich eine gro\u00dfe Ges\u00e4\u00dftasche.<\/li>\n<li>An der Innenseite der Weste befinden sich 2 gro\u00dfe Innentaschen.<\/li>\n<li>D-Ringe vorne mit Karabiner und ein D-Ring hinten.<\/li>\n<li>Auf der Vorderseite befindet sich eine abnehmbare Bonbont\u00fcte.<\/li>\n<li>Verstellbarer Kordelzug an der Unterseite der Weste.<\/li>\n<li>An der rechten Vorderachse und unter der Achselh\u00f6hle ist ein elastischer Au\u00dfenhalter angebracht.<\/li>\n<li>Die Platzierung des Gummibandes eignet sich perfekt zum Halten Ihrer Belohnungsspielzeuge.<\/li>\n<li>Leicht geschwungene Taille<\/li>\n<li>65% Polyester \/ 35% Baumwolltwill<\/li>\n<li>Seitliche Stretchstoffeins\u00e4tze aus 94% Polyamid \/ 6% Elastan<\/li>\n<\/ul>\n<p><strong>Gr\u00f6\u00dfentabelle:<\/strong><\/p>\n<p><a href=\"https:\/\/arrakoutdoor.com\/\" target=\"_blank\" rel=\"noopener\"><img loading=\"lazy\" decoding=\"async\" class=\"lazyautosizes ls-is-cached lazyloaded alignnone wp-image-92453 size-full\" src=\"https:\/\/dogpride.nl\/wp-content\/uploads\/Maattabel-Tops-Men-2.jpg\" alt=\"Maattabel\" width=\"632\" height=\"678\" data-orig-src=\"https:\/\/www.dogpride.nl\/wp-content\/uploads\/Maattabel-Tops-Men-2.jpg\" data-srcset=\"https:\/\/www.dogpride.nl\/wp-content\/uploads\/Maattabel-Tops-Men-2-200x215.jpg 200w, https:\/\/www.dogpride.nl\/wp-content\/uploads\/Maattabel-Tops-Men-2-280x300.jpg 280w, https:\/\/www.dogpride.nl\/wp-content\/uploads\/Maattabel-Tops-Men-2-400x429.jpg 400w, https:\/\/www.dogpride.nl\/wp-content\/uploads\/Maattabel-Tops-Men-2-600x644.jpg 600w, https:\/\/www.dogpride.nl\/wp-content\/uploads\/Maattabel-Tops-Men-2.jpg 632w\" data-sizes=\"auto\" data-orig-sizes=\"(max-width: 632px) 100vw, 632px\" srcset=\"https:\/\/dogpride.nl\/wp-content\/uploads\/Maattabel-Tops-Men-2.jpg 632w, https:\/\/dogpride.nl\/wp-content\/uploads\/Maattabel-Tops-Men-2-250x268.jpg 250w, https:\/\/dogpride.nl\/wp-content\/uploads\/Maattabel-Tops-Men-2-400x429.jpg 400w, https:\/\/dogpride.nl\/wp-content\/uploads\/Maattabel-Tops-Men-2-280x300.jpg 280w, https:\/\/dogpride.nl\/wp-content\/uploads\/Maattabel-Tops-Men-2-200x215.jpg 200w, https:\/\/dogpride.nl\/wp-content\/uploads\/Maattabel-Tops-Men-2-600x644.jpg 600w\" sizes=\"auto, (max-width: 632px) 100vw, 632px\" \/><\/a><\/p>\n<p>&nbsp;<\/p>\n<p><a href=\"https:\/\/dogpride.nl\/de\/arrak-competition-vest-burnt-orange-men\/\"><img loading=\"lazy\" decoding=\"async\" class=\"alignnone wp-image-137256\" title=\"Arrak Wettkampfweste Burnt Orange Herren\" src=\"https:\/\/dogpride.nl\/wp-content\/uploads\/Arrak-Competition-Vest-Burnt-Orange-Men.jpg\" alt=\"Arrak Competition Vest Burnt Orange Men\" width=\"116\" height=\"116\" srcset=\"https:\/\/dogpride.nl\/wp-content\/uploads\/Arrak-Competition-Vest-Burnt-Orange-Men.jpg 1100w, https:\/\/dogpride.nl\/wp-content\/uploads\/Arrak-Competition-Vest-Burnt-Orange-Men-300x300.jpg 300w, https:\/\/dogpride.nl\/wp-content\/uploads\/Arrak-Competition-Vest-Burnt-Orange-Men-1024x1024.jpg 1024w, https:\/\/dogpride.nl\/wp-content\/uploads\/Arrak-Competition-Vest-Burnt-Orange-Men-150x150.jpg 150w, https:\/\/dogpride.nl\/wp-content\/uploads\/Arrak-Competition-Vest-Burnt-Orange-Men-768x768.jpg 768w, https:\/\/dogpride.nl\/wp-content\/uploads\/Arrak-Competition-Vest-Burnt-Orange-Men-12x12.jpg 12w, https:\/\/dogpride.nl\/wp-content\/uploads\/Arrak-Competition-Vest-Burnt-Orange-Men-250x250.jpg 250w, https:\/\/dogpride.nl\/wp-content\/uploads\/Arrak-Competition-Vest-Burnt-Orange-Men-400x400.jpg 400w, https:\/\/dogpride.nl\/wp-content\/uploads\/Arrak-Competition-Vest-Burnt-Orange-Men-100x100.jpg 100w\" sizes=\"auto, (max-width: 116px) 100vw, 116px\" \/><img loading=\"lazy\" decoding=\"async\" class=\"\" src=\"https:\/\/dogpride.nl\/wp-content\/uploads\/web_fq9a66751-150x150.jpg\" alt=\"Arrak Competition Vest Burnt Orange Men\" width=\"114\" height=\"114\" \/><\/a><\/p>\n<p><span style=\"color: #ffffff;\"><a style=\"color: #ffffff;\" href=\"https:\/\/devrolijkekwispel.nl\/\" target=\"_blank\" rel=\"noopener\">Dogpride NL sponsert Kelly Albers<\/a><\/span><\/p>\n<p><span style=\"color: #ffffff;\"><em>Ich (Kelly Albers) bin seit 2015 im Tierbereich t\u00e4tig. Nach mehreren Ausbildungen, langj\u00e4hriger Erfahrung im Hundesport und langj\u00e4hriger T\u00e4tigkeit bei verschiedenen Tierbetrieben.<\/em><\/span><br \/>\n<span style=\"color: #ffffff;\"><em>Im Mai 2018 erreichte ich den H\u00f6hepunkt meiner Hundesportkarriere. Ich wurde WDSF-Weltmeister in der Klasse ipo2 und nahm anschlie\u00dfend an der niederl\u00e4ndischen Meisterschaft aller Rassen teil.<\/em><\/span><\/p>","protected":false},"excerpt":{"rendered":"<p>Die Wettkampfweste von Arraks ist die perfekte Trainingsweste f\u00fcr alle Hundesportarten. Unsere Designer haben mit Hunderten von Hundetrainern zusammengearbeitet, um die beste Hundef\u00fchrerweste zu entwickeln.<\/p>","protected":false},"featured_media":92478,"template":"","meta":[],"product_brand":[],"product_cat":[24459],"product_tag":[9512,9506,9504,9498,3334,9486,9517,9509,9495,9524,9505,9526,9525,9528,9518,9519,9500,6477,9510,9523,9520,9521,9522,9507,9527,9488,9516,9508,9494,9514,9511,9513,9515],"class_list":{"0":"post-92477","1":"product","2":"type-product","3":"status-publish","4":"has-post-thumbnail","6":"product_cat-arrak-outdoor-heren-trainingsvesten","7":"product_tag-ademend-vest","8":"product_tag-apporteren","9":"product_tag-arrak-competition-vest","10":"product_tag-arrak-kleding","11":"product_tag-arrak-outdoor","12":"product_tag-arrak-vest","13":"product_tag-beloningszakjes","14":"product_tag-dog-training-vest","15":"product_tag-functioneel-vest","16":"product_tag-handler-vest","17":"product_tag-honden-trainvest","18":"product_tag-hondenliefhebber","19":"product_tag-hondensport-accessoires","20":"product_tag-hondensport-gear","21":"product_tag-hondensport-kleding","22":"product_tag-hondensport-uitrusting","23":"product_tag-hondensport-vest","24":"product_tag-hondentraining","25":"product_tag-hondenuitlaat-vest","26":"product_tag-instructeursvest","27":"product_tag-jacht-vest","28":"product_tag-jachthonden-vest","29":"product_tag-kynologie","30":"product_tag-kynologisch-vest","31":"product_tag-outdoor-kleding-hond","32":"product_tag-outdoor-vest","33":"product_tag-speurhond-vest","34":"product_tag-trainingsvest-hond","35":"product_tag-unisex-vest","36":"product_tag-vest-met-rits","37":"product_tag-vest-met-zakken","38":"product_tag-waterafstotend-vest","39":"product_tag-werkvest-hond","41":"first","42":"instock","43":"taxable","44":"shipping-taxable","45":"purchasable","46":"product-type-variable"},"mb":[],"mfb_rest_fields":["title"],"_links":{"self":[{"href":"https:\/\/dogpride.nl\/de\/wp-json\/wp\/v2\/product\/92477","targetHints":{"allow":["GET"]}}],"collection":[{"href":"https:\/\/dogpride.nl\/de\/wp-json\/wp\/v2\/product"}],"about":[{"href":"https:\/\/dogpride.nl\/de\/wp-json\/wp\/v2\/types\/product"}],"wp:featuredmedia":[{"embeddable":true,"href":"https:\/\/dogpride.nl\/de\/wp-json\/wp\/v2\/media\/92478"}],"wp:attachment":[{"href":"https:\/\/dogpride.nl\/de\/wp-json\/wp\/v2\/media?parent=92477"}],"wp:term":[{"taxonomy":"product_brand","embeddable":true,"href":"https:\/\/dogpride.nl\/de\/wp-json\/wp\/v2\/product_brand?post=92477"},{"taxonomy":"product_cat","embeddable":true,"href":"https:\/\/dogpride.nl\/de\/wp-json\/wp\/v2\/product_cat?post=92477"},{"taxonomy":"product_tag","embeddable":true,"href":"https:\/\/dogpride.nl\/de\/wp-json\/wp\/v2\/product_tag?post=92477"}],"curies":[{"name":"wp","href":"https:\/\/api.w.org\/{rel}","templated":true}]}}