{"id":92413,"date":"2022-06-24T13:23:17","date_gmt":"2022-06-24T11:23:17","guid":{"rendered":"https:\/\/www.dogpride.nl\/?post_type=product&#038;p=92413"},"modified":"2025-11-27T16:54:36","modified_gmt":"2025-11-27T15:54:36","slug":"arrak-competition-burnt-orange-women","status":"publish","type":"product","link":"https:\/\/dogpride.nl\/de\/arrak-competition-burnt-orange-women\/","title":{"rendered":"Arrak Competition Burnt Orange Damen"},"content":{"rendered":"<h4>Arrak Competition Burnt Orange Damen<\/h4>\n<p>Arrak Competition Burnt Orange Damen<\/p>\n<p>Die Wettkampfweste von Arraks ist die perfekte Trainingsweste f\u00fcr alle Hundesportarten. Unsere Designer haben mit Hunderten von Hundetrainern zusammengearbeitet, um die beste Hundef\u00fchrerweste zu entwickeln.<br \/>\nVom Hundef\u00fchrer-Neuling bis zum Weltklasse-Wettk\u00e4mpfer ist diese Weste perfekt f\u00fcr Sie!<br \/>\nDie Weste besteht aus einem strapazierf\u00e4higen Polyester-\/Baumwollmaterial mit Seiteneins\u00e4tzen aus flexiblem Stretchmaterial f\u00fcr beste Passform und Bewegungsfreiheit.<br \/>\nHet Arrak Competition Burnt Orange Women is gevoerd met een dunne mesh voering. Een hondengeleider vest voor de veeleisende hondengeleider of voor u die gewoon op zoek bent naar een praktisch buitenvest.<br \/>\nHet Arrak Competition Burnt Orange Women is standaard ge\u00efmpregneerd als nieuw, maar kan ook gemakkelijk meer worden ge\u00efmpregneerd om beter bestand te zijn tegen vocht.<\/p>\n<ul>\n<li>Bel\u00fcftungsrei\u00dfverschl\u00fcsse an der Seite.<\/li>\n<li>2-Wege-Rei\u00dfverschluss vorne.<\/li>\n<li>2 stabile Brusttaschen und Doppeltaschen unten, eine mit Rei\u00dfverschluss und eine offene Tasche.<\/li>\n<li>Auf der R\u00fcckseite befindet sich eine gro\u00dfe Ges\u00e4\u00dftasche.<\/li>\n<li>An der Innenseite der Weste befinden sich 2 gro\u00dfe Innentaschen.<\/li>\n<li>D-Ringe vorne mit Karabiner und ein D-Ring hinten.<\/li>\n<li>Auf der Vorderseite befindet sich eine abnehmbare Bonbont\u00fcte.<\/li>\n<li>Verstellbarer Kordelzug an der Unterseite der Weste.<\/li>\n<li>An der rechten Vorderachse und unter der Achselh\u00f6hle ist ein elastischer Au\u00dfenhalter angebracht.<\/li>\n<li>Die Platzierung des Gummibandes eignet sich perfekt zum Halten Ihrer Belohnungsspielzeuge.<\/li>\n<li>Leicht geschwungene Taille<\/li>\n<li>65% Polyester \/ 35% Baumwolltwill<\/li>\n<li>Seitliche Stretchstoffeins\u00e4tze aus 94% Polyamid \/ 6% Elastan<\/li>\n<\/ul>\n<p><strong>Gr\u00f6\u00dfentabelle:<\/strong><\/p>\n<p><a href=\"https:\/\/arrakoutdoor.com\/\" target=\"_blank\" rel=\"noopener\"><img loading=\"lazy\" decoding=\"async\" class=\"lazyautosizes ls-is-cached lazyloaded alignnone wp-image-92383 size-full\" src=\"https:\/\/dogpride.nl\/wp-content\/uploads\/Maattabel-Tops-lady-2.jpg\" alt=\"Maattabel\" width=\"632\" height=\"822\" data-orig-src=\"https:\/\/www.dogpride.nl\/wp-content\/uploads\/Maattabel-Tops-lady-2.jpg\" data-srcset=\"https:\/\/www.dogpride.nl\/wp-content\/uploads\/Maattabel-Tops-lady-2-200x260.jpg 200w, https:\/\/www.dogpride.nl\/wp-content\/uploads\/Maattabel-Tops-lady-2-231x300.jpg 231w, https:\/\/www.dogpride.nl\/wp-content\/uploads\/Maattabel-Tops-lady-2-400x520.jpg 400w, https:\/\/www.dogpride.nl\/wp-content\/uploads\/Maattabel-Tops-lady-2-600x780.jpg 600w, https:\/\/www.dogpride.nl\/wp-content\/uploads\/Maattabel-Tops-lady-2.jpg 632w\" data-sizes=\"auto\" data-orig-sizes=\"(max-width: 632px) 100vw, 632px\" srcset=\"https:\/\/dogpride.nl\/wp-content\/uploads\/Maattabel-Tops-lady-2.jpg 632w, https:\/\/dogpride.nl\/wp-content\/uploads\/Maattabel-Tops-lady-2-250x325.jpg 250w, https:\/\/dogpride.nl\/wp-content\/uploads\/Maattabel-Tops-lady-2-400x520.jpg 400w, https:\/\/dogpride.nl\/wp-content\/uploads\/Maattabel-Tops-lady-2-231x300.jpg 231w, https:\/\/dogpride.nl\/wp-content\/uploads\/Maattabel-Tops-lady-2-200x260.jpg 200w, https:\/\/dogpride.nl\/wp-content\/uploads\/Maattabel-Tops-lady-2-600x780.jpg 600w\" sizes=\"auto, (max-width: 632px) 100vw, 632px\" \/><\/a><\/p>\n<p><a href=\"https:\/\/dogpride.nl\/de\/kleding\/trainingsvesten\/arrak-outdoor-trainingsvesten\/?product-page=2\"><img loading=\"lazy\" decoding=\"async\" class=\"alignnone\" title=\"Arrak Competition Burnt Orange Damen\" src=\"https:\/\/dogpride.nl\/wp-content\/uploads\/22020_front2_or-150x150.jpg\" alt=\"Arrak Competition Burnt Orange Women\" width=\"150\" height=\"150\" \/><\/a><img decoding=\"async\" src=\"https:\/\/dogpride.nl\/wp-content\/uploads\/22020_side_or-150x150.jpg\" alt=\"Arrak Competition Burnt Orange Women\" \/><\/p>","protected":false},"excerpt":{"rendered":"<p>Die Wettkampfweste von Arraks ist die perfekte Trainingsweste f\u00fcr alle Hundesportarten. Unsere Designer haben mit Hunderten von Hundetrainern zusammengearbeitet, um die beste Hundef\u00fchrerweste zu entwickeln.<\/p>","protected":false},"featured_media":92414,"template":"","meta":[],"product_brand":[],"product_cat":[3870],"product_tag":[],"class_list":{"0":"post-92413","1":"product","2":"type-product","3":"status-publish","4":"has-post-thumbnail","6":"product_cat-arrak-outdoor-dames-trainingsvesten","8":"first","9":"instock","10":"taxable","11":"shipping-taxable","12":"purchasable","13":"product-type-variable"},"mb":[],"mfb_rest_fields":["title"],"_links":{"self":[{"href":"https:\/\/dogpride.nl\/de\/wp-json\/wp\/v2\/product\/92413","targetHints":{"allow":["GET"]}}],"collection":[{"href":"https:\/\/dogpride.nl\/de\/wp-json\/wp\/v2\/product"}],"about":[{"href":"https:\/\/dogpride.nl\/de\/wp-json\/wp\/v2\/types\/product"}],"wp:featuredmedia":[{"embeddable":true,"href":"https:\/\/dogpride.nl\/de\/wp-json\/wp\/v2\/media\/92414"}],"wp:attachment":[{"href":"https:\/\/dogpride.nl\/de\/wp-json\/wp\/v2\/media?parent=92413"}],"wp:term":[{"taxonomy":"product_brand","embeddable":true,"href":"https:\/\/dogpride.nl\/de\/wp-json\/wp\/v2\/product_brand?post=92413"},{"taxonomy":"product_cat","embeddable":true,"href":"https:\/\/dogpride.nl\/de\/wp-json\/wp\/v2\/product_cat?post=92413"},{"taxonomy":"product_tag","embeddable":true,"href":"https:\/\/dogpride.nl\/de\/wp-json\/wp\/v2\/product_tag?post=92413"}],"curies":[{"name":"wp","href":"https:\/\/api.w.org\/{rel}","templated":true}]}}