{"id":92397,"date":"2022-06-24T13:16:12","date_gmt":"2022-06-24T11:16:12","guid":{"rendered":"https:\/\/www.dogpride.nl\/?post_type=product&#038;p=92397"},"modified":"2025-11-27T16:56:46","modified_gmt":"2025-11-27T15:56:46","slug":"arrak-competition-vest-olive-women","status":"publish","type":"product","link":"https:\/\/dogpride.nl\/de\/arrak-competition-vest-olive-women\/","title":{"rendered":"Arrak Wettkampfweste Olive Damen"},"content":{"rendered":"<h4>Arrak Wettkampfweste Olive Damen<\/h4>\n<p>Arrak Wettkampfweste Olive Damen<\/p>\n<p>Die Wettkampfweste von Arraks ist die perfekte Trainingsweste f\u00fcr alle Hundesportarten. Unsere Designer haben mit Hunderten von Hundetrainern zusammengearbeitet, um die beste Hundef\u00fchrerweste zu entwickeln.<br \/>\nVom Hundef\u00fchrer-Neuling bis zum Weltklasse-Wettk\u00e4mpfer ist diese Weste perfekt f\u00fcr Sie!<br \/>\nHet Arrak Competition Vest Olive Women is gemaakt van een duurzaam polyester\/katoen materiaal met zijpanelen in een flexibel stretchmateriaal voor de beste pasvorm en mobiliteit.<br \/>\nHet Arrak Competition Vest Olive Women is gevoerd met een dunne mesh voering. Een hondengeleider vest voor de veeleisende hondengeleider of voor u die gewoon op zoek bent naar een praktisch buitenvest.<br \/>\nDie Weste ist standardm\u00e4\u00dfig neuwertig impr\u00e4gniert, kann aber auch problemlos st\u00e4rker impr\u00e4gniert werden, um sie widerstandsf\u00e4higer gegen Feuchtigkeit zu machen.<\/p>\n<ul>\n<li>Bel\u00fcftungsrei\u00dfverschl\u00fcsse an der Seite.<\/li>\n<li>2-Wege-Rei\u00dfverschluss vorne.<\/li>\n<li>2 stabile Brusttaschen und Doppeltaschen unten, eine mit Rei\u00dfverschluss und eine offene Tasche.<\/li>\n<li>Auf der R\u00fcckseite befindet sich eine gro\u00dfe Ges\u00e4\u00dftasche.<\/li>\n<li>An der Innenseite der Weste befinden sich 2 gro\u00dfe Innentaschen.<\/li>\n<li>D-Ringe vorne mit Karabiner und ein D-Ring hinten.<\/li>\n<li>Auf der Vorderseite befindet sich eine abnehmbare Bonbont\u00fcte.<\/li>\n<li>Verstellbarer Kordelzug an der Unterseite der Weste.<\/li>\n<li>An der rechten Vorderachse und unter der Achselh\u00f6hle ist ein elastischer Au\u00dfenhalter angebracht.<\/li>\n<li>Die Platzierung des Gummibandes eignet sich perfekt zum Halten Ihrer Belohnungsspielzeuge.<\/li>\n<li>Leicht geschwungene Taille<\/li>\n<li>65% Polyester \/ 35% Baumwolltwill<\/li>\n<li>Seitliche Stretchstoffeins\u00e4tze aus 94% Polyamid \/ 6% Elastan<\/li>\n<\/ul>\n<p><strong>Gr\u00f6\u00dfentabelle:<\/strong><\/p>\n<p><a href=\"https:\/\/arrakoutdoor.com\/\" target=\"_blank\" rel=\"noopener\"><img loading=\"lazy\" decoding=\"async\" class=\"lazyautosizes ls-is-cached lazyloaded alignnone wp-image-92383 size-full\" src=\"https:\/\/dogpride.nl\/wp-content\/uploads\/Maattabel-Tops-lady-2.jpg\" alt=\"Maattabel\" width=\"632\" height=\"822\" data-orig-src=\"https:\/\/www.dogpride.nl\/wp-content\/uploads\/Maattabel-Tops-lady-2.jpg\" data-srcset=\"https:\/\/www.dogpride.nl\/wp-content\/uploads\/Maattabel-Tops-lady-2-200x260.jpg 200w, https:\/\/www.dogpride.nl\/wp-content\/uploads\/Maattabel-Tops-lady-2-231x300.jpg 231w, https:\/\/www.dogpride.nl\/wp-content\/uploads\/Maattabel-Tops-lady-2-400x520.jpg 400w, https:\/\/www.dogpride.nl\/wp-content\/uploads\/Maattabel-Tops-lady-2-600x780.jpg 600w, https:\/\/www.dogpride.nl\/wp-content\/uploads\/Maattabel-Tops-lady-2.jpg 632w\" data-sizes=\"auto\" data-orig-sizes=\"(max-width: 632px) 100vw, 632px\" srcset=\"https:\/\/dogpride.nl\/wp-content\/uploads\/Maattabel-Tops-lady-2.jpg 632w, https:\/\/dogpride.nl\/wp-content\/uploads\/Maattabel-Tops-lady-2-250x325.jpg 250w, https:\/\/dogpride.nl\/wp-content\/uploads\/Maattabel-Tops-lady-2-400x520.jpg 400w, https:\/\/dogpride.nl\/wp-content\/uploads\/Maattabel-Tops-lady-2-231x300.jpg 231w, https:\/\/dogpride.nl\/wp-content\/uploads\/Maattabel-Tops-lady-2-200x260.jpg 200w, https:\/\/dogpride.nl\/wp-content\/uploads\/Maattabel-Tops-lady-2-600x780.jpg 600w\" sizes=\"auto, (max-width: 632px) 100vw, 632px\" \/><\/a><\/p>\n<p><a href=\"https:\/\/dogpride.nl\/de\/kleding\/trainingsvesten\/arrak-outdoor-trainingsvesten\/?product-page=2\"><img loading=\"lazy\" decoding=\"async\" class=\"alignnone\" title=\"Arrak Wettkampfweste Olive Damen\" src=\"https:\/\/dogpride.nl\/wp-content\/uploads\/22020_front_green-150x150.jpg\" alt=\"Arrak Competition Vest Olive Women\" width=\"150\" height=\"150\" \/><img decoding=\"async\" src=\"https:\/\/dogpride.nl\/wp-content\/uploads\/22020_side2_green-150x150.jpg\" \/><\/a><\/p>","protected":false},"excerpt":{"rendered":"<p>Die Wettkampfweste von Arraks ist die perfekte Trainingsweste f\u00fcr alle Hundesportarten. Unsere Designer haben mit Hunderten von Hundetrainern zusammengearbeitet, um die beste Hundef\u00fchrerweste zu entwickeln.<\/p>","protected":false},"featured_media":92398,"template":"","meta":[],"product_brand":[],"product_cat":[3870],"product_tag":[9512,9506,9504,9498,3334,9486,9517,9509,9495,9524,9505,9526,9525,9528,9518,9519,9500,6477,9510,9523,9520,9521,9522,9507,9527,9488,9516,9508,9494,9514,9511,9513,9515],"class_list":{"0":"post-92397","1":"product","2":"type-product","3":"status-publish","4":"has-post-thumbnail","6":"product_cat-arrak-outdoor-dames-trainingsvesten","7":"product_tag-ademend-vest","8":"product_tag-apporteren","9":"product_tag-arrak-competition-vest","10":"product_tag-arrak-kleding","11":"product_tag-arrak-outdoor","12":"product_tag-arrak-vest","13":"product_tag-beloningszakjes","14":"product_tag-dog-training-vest","15":"product_tag-functioneel-vest","16":"product_tag-handler-vest","17":"product_tag-honden-trainvest","18":"product_tag-hondenliefhebber","19":"product_tag-hondensport-accessoires","20":"product_tag-hondensport-gear","21":"product_tag-hondensport-kleding","22":"product_tag-hondensport-uitrusting","23":"product_tag-hondensport-vest","24":"product_tag-hondentraining","25":"product_tag-hondenuitlaat-vest","26":"product_tag-instructeursvest","27":"product_tag-jacht-vest","28":"product_tag-jachthonden-vest","29":"product_tag-kynologie","30":"product_tag-kynologisch-vest","31":"product_tag-outdoor-kleding-hond","32":"product_tag-outdoor-vest","33":"product_tag-speurhond-vest","34":"product_tag-trainingsvest-hond","35":"product_tag-unisex-vest","36":"product_tag-vest-met-rits","37":"product_tag-vest-met-zakken","38":"product_tag-waterafstotend-vest","39":"product_tag-werkvest-hond","41":"first","42":"instock","43":"taxable","44":"shipping-taxable","45":"purchasable","46":"product-type-variable"},"mb":[],"mfb_rest_fields":["title"],"_links":{"self":[{"href":"https:\/\/dogpride.nl\/de\/wp-json\/wp\/v2\/product\/92397","targetHints":{"allow":["GET"]}}],"collection":[{"href":"https:\/\/dogpride.nl\/de\/wp-json\/wp\/v2\/product"}],"about":[{"href":"https:\/\/dogpride.nl\/de\/wp-json\/wp\/v2\/types\/product"}],"wp:featuredmedia":[{"embeddable":true,"href":"https:\/\/dogpride.nl\/de\/wp-json\/wp\/v2\/media\/92398"}],"wp:attachment":[{"href":"https:\/\/dogpride.nl\/de\/wp-json\/wp\/v2\/media?parent=92397"}],"wp:term":[{"taxonomy":"product_brand","embeddable":true,"href":"https:\/\/dogpride.nl\/de\/wp-json\/wp\/v2\/product_brand?post=92397"},{"taxonomy":"product_cat","embeddable":true,"href":"https:\/\/dogpride.nl\/de\/wp-json\/wp\/v2\/product_cat?post=92397"},{"taxonomy":"product_tag","embeddable":true,"href":"https:\/\/dogpride.nl\/de\/wp-json\/wp\/v2\/product_tag?post=92397"}],"curies":[{"name":"wp","href":"https:\/\/api.w.org\/{rel}","templated":true}]}}