{"id":92091,"date":"2022-06-16T09:29:43","date_gmt":"2022-06-16T07:29:43","guid":{"rendered":"https:\/\/www.dogpride.nl\/?post_type=product&#038;p=92091"},"modified":"2025-11-16T11:57:07","modified_gmt":"2025-11-16T10:57:07","slug":"speed-dogsport-trainingsschort-melly","status":"publish","type":"product","link":"https:\/\/dogpride.nl\/de\/speed-dogsport-trainingsschort-melly\/","title":{"rendered":"SPEED Dogsport trainingsschort MELLY"},"content":{"rendered":"<h4>SPEED Dogsport trainingsschort MELLY<\/h4>\n<p>Het Speed Dogsport\u00ae trainingsschort MELLY kan naast een hondensportvest of in de zomer zonder vest worden gedragen en biedt tal van mogelijkheden om trainingsgerei te huisvesten.<\/p>\n<p><strong>Fetaures van onze trainingsgordel \u00bbMELLY\u00ab<\/strong><\/p>\n<ul>\n<li>Die Grundfarbe Schwarz wird mit modischen Farben kontrastiert. Gr\u00fcn, Gelb, Pink und Orange<\/li>\n<li>robustes und kratzfestes Material<\/li>\n<li>2 Gr\u00f6\u00dfen erh\u00e4ltlich: XS\/M und L\/XXL<\/li>\n<li>verstellbar durch Gummizug mit Stopper<\/li>\n<li>2 gro\u00dfe Vordertaschen<\/li>\n<li>1 gro\u00dfes Abteil mit Waschbecken<\/li>\n<li>zus\u00e4tzliche Rei\u00dfverschlusstaschen an den Vordertaschen<\/li>\n<li>1 Karabiner und 2 D-Ringe<\/li>\n<\/ul>\n<p><strong>Gr\u00f6\u00dfe XS bis M:<\/strong><\/p>\n<p>XS = 100 cm<\/p>\n<p>B = 108 cm<\/p>\n<p>M = 114 cm<\/p>\n<p><strong>Gr\u00f6\u00dfe L bis XXL:<\/strong><\/p>\n<p>L = 124 cm<\/p>\n<p>XL = 130 cm<\/p>\n<p>XXL = 136 cm<\/p>\n<p>Het SPEED Dogsport trainingsschort MELLY is wasbaar op 30 graden.<\/p>\n<p><a href=\"https:\/\/dogpride.nl\/de\/kleding\/trainingsvesten\/speed-dogsport-trainingsvesten\/\"><img loading=\"lazy\" decoding=\"async\" class=\"alignnone\" title=\"SPEED Dogsport trainingsschort MELLY\" src=\"https:\/\/dogpride.nl\/wp-content\/uploads\/hundesport-trainingsguertel-malmoe-150x150.jpg\" alt=\"SPEED Dogsport trainingsschort MELLY\" width=\"150\" height=\"150\" \/><\/a><\/p>\n<p><a href=\"https:\/\/speed-dogsport.com\/en\/\" target=\"_blank\" rel=\"noopener\"><img loading=\"lazy\" decoding=\"async\" class=\"alignnone wp-image-142927 size-medium\" src=\"https:\/\/dogpride.nl\/wp-content\/uploads\/Logo-13-300x102.png\" alt=\"Logo Speed dogsport\" width=\"300\" height=\"102\" srcset=\"https:\/\/dogpride.nl\/wp-content\/uploads\/Logo-13-300x102.png 300w, https:\/\/dogpride.nl\/wp-content\/uploads\/Logo-13-768x260.png 768w, https:\/\/dogpride.nl\/wp-content\/uploads\/Logo-13-18x6.png 18w, https:\/\/dogpride.nl\/wp-content\/uploads\/Logo-13-250x85.png 250w, https:\/\/dogpride.nl\/wp-content\/uploads\/Logo-13-400x135.png 400w, https:\/\/dogpride.nl\/wp-content\/uploads\/Logo-13.png 836w\" sizes=\"auto, (max-width: 300px) 100vw, 300px\" \/><\/a><\/p>","protected":false},"excerpt":{"rendered":"<p>Het SPEED Dogsport trainingsschort MELLY kan naast een hondensportvest of in de zomer zonder vest worden gedragen en biedt tal van mogelijkheden om trainingsgerei te huisvesten.<\/p>","protected":false},"featured_media":92092,"template":"","meta":[],"product_brand":[],"product_cat":[3876],"product_tag":[6438,6437],"class_list":{"0":"post-92091","1":"product","2":"type-product","3":"status-publish","4":"has-post-thumbnail","6":"product_cat-speed-dogsport-trainingsvesten","7":"product_tag-melly","8":"product_tag-trainingsschort","10":"first","11":"instock","12":"taxable","13":"shipping-taxable","14":"purchasable","15":"product-type-variable"},"mb":[],"mfb_rest_fields":["title"],"_links":{"self":[{"href":"https:\/\/dogpride.nl\/de\/wp-json\/wp\/v2\/product\/92091","targetHints":{"allow":["GET"]}}],"collection":[{"href":"https:\/\/dogpride.nl\/de\/wp-json\/wp\/v2\/product"}],"about":[{"href":"https:\/\/dogpride.nl\/de\/wp-json\/wp\/v2\/types\/product"}],"wp:featuredmedia":[{"embeddable":true,"href":"https:\/\/dogpride.nl\/de\/wp-json\/wp\/v2\/media\/92092"}],"wp:attachment":[{"href":"https:\/\/dogpride.nl\/de\/wp-json\/wp\/v2\/media?parent=92091"}],"wp:term":[{"taxonomy":"product_brand","embeddable":true,"href":"https:\/\/dogpride.nl\/de\/wp-json\/wp\/v2\/product_brand?post=92091"},{"taxonomy":"product_cat","embeddable":true,"href":"https:\/\/dogpride.nl\/de\/wp-json\/wp\/v2\/product_cat?post=92091"},{"taxonomy":"product_tag","embeddable":true,"href":"https:\/\/dogpride.nl\/de\/wp-json\/wp\/v2\/product_tag?post=92091"}],"curies":[{"name":"wp","href":"https:\/\/api.w.org\/{rel}","templated":true}]}}