{"id":92071,"date":"2022-06-15T10:55:42","date_gmt":"2022-06-15T08:55:42","guid":{"rendered":"https:\/\/www.dogpride.nl\/?post_type=product&#038;p=92071"},"modified":"2025-12-03T09:03:34","modified_gmt":"2025-12-03T08:03:34","slug":"trixie-iata-set-voor-vervoersbox-skudo","status":"publish","type":"product","link":"https:\/\/dogpride.nl\/de\/trixie-iata-set-voor-vervoersbox-skudo\/","title":{"rendered":"Trixie Iata Set f\u00fcr Transportbox Skudo"},"content":{"rendered":"<h4 data-start=\"262\" data-end=\"345\">Complete veiligheid en voorbereiding: Trixie Iata Set Voor Vervoersbox Skudo<\/h4>\n<p data-start=\"346\" data-end=\"963\">Der <strong data-start=\"349\" data-end=\"391\">Trixie Iata Set <\/strong>\u00a0is een onmisbare toevoeging voor iedereen die met zijn huisdier wil reizen volgens de internationale IATA-richtlijnen. Wanneer een reismand wordt gebruikt voor luchttransport, stellen luchtvaartmaatschappijen specifieke eisen aan veiligheid, water- en voedselvoorziening en documentatie. Met de <strong data-start=\"687\" data-end=\"729\">Trixie Iata Set <\/strong>beschikt elke eigenaar over alle essenti\u00eble onderdelen om een transportbox volledig vliegklaar te maken. Deze set biedt extra zekerheid voor zowel dier als eigenaar, waardoor reizen zorgeloos en zonder onverwachte problemen verloopt.<\/p>\n<p data-start=\"346\" data-end=\"963\"><a href=\"https:\/\/dogpride.nl\/de\/?s=Skudo+Transportbox+&amp;post_type=product\"><img loading=\"lazy\" decoding=\"async\" class=\"alignnone\" title=\"Trixie Iata Set f\u00fcr Transportbox Skudo\" src=\"https:\/\/dogpride.nl\/wp-content\/uploads\/399690.jpg\" alt=\"Trixie Iata Set Voor Vervoersbox Skudo\" width=\"227\" height=\"125\" \/><\/a><\/p>\n<h4 data-start=\"965\" data-end=\"1038\">Wat maakt de Trixie Iata Set Voor Vervoersbox Skudo zo belangrijk?<\/h4>\n<p data-start=\"1039\" data-end=\"1628\">Der <strong data-start=\"1042\" data-end=\"1084\">Trixie Iata Set f\u00fcr Transportbox Skudo<\/strong> bevat alle noodzakelijke accessoires die volgens veel luchtvaartmaatschappijen verplicht zijn bij het vervoeren van dieren in het vrachtruim. Denk hierbij aan waterdispensers, voedselbakjes, bevestigingsmaterialen en labels die duidelijk zichtbaar zijn aangebracht op de vervoersbox. Met deze onderdelen voldoet de box aan internationale veiligheids- en transportnormen. Dankzij de <strong data-start=\"1467\" data-end=\"1509\">Trixie Iata Set f\u00fcr Transportbox Skudo<\/strong> wordt voorkomen dat een reis wordt geweigerd of dat er last-minute aanpassingen moeten worden gedaan op het vliegveld.<\/p>\n<h4 data-start=\"1630\" data-end=\"1709\">Inhoud van de set: alles wat je nodig hebt voor IATA-goedgekeurd vervoer<\/h4>\n<p data-start=\"1710\" data-end=\"2243\">Der <strong data-start=\"1713\" data-end=\"1755\">Trixie Iata Set f\u00fcr Transportbox Skudo<\/strong> bevat doorgaans een drinkfles of water-bakje dat stevig aan de deur of binnenwand kan worden bevestigd, zodat het dier tijdens de reis toegang heeft tot water. Daarnaast zijn er voedselbakjes aanwezig, evenals bevestigingsriemen die helpen om de box extra stevig te sluiten. Het geheel wordt aangevuld met \u201cLive Animal\u201d-stickers en documentatievakjes. Hierdoor zorgt de <strong data-start=\"2126\" data-end=\"2168\">Trixie Iata Set f\u00fcr Transportbox Skudo<\/strong> ervoor dat alle noodzakelijke informatie zichtbaar en veilig is bevestigd.<\/p>\n<p>&nbsp;<\/p>\n<p><a href=\"https:\/\/dogpride.nl\/de\/?s=Skudo+Transportbox+&amp;post_type=product\"><img loading=\"lazy\" decoding=\"async\" class=\"alignnone\" title=\"Trixie Iata Set f\u00fcr Transportbox Skudo\" src=\"https:\/\/dogpride.nl\/wp-content\/uploads\/399690.jpg\" alt=\"Trixie Iata Set Voor Vervoersbox Skudo\" width=\"227\" height=\"125\" \/><\/a><\/p>\n<h4 data-start=\"2245\" data-end=\"2292\">Onmisbaar bij internationale vliegreizen<\/h4>\n<p data-start=\"2293\" data-end=\"2824\">Wie met een huisdier reist naar het buitenland moet rekening houden met strikte regels. De <strong data-start=\"2384\" data-end=\"2426\">Trixie Iata Set f\u00fcr Transportbox Skudo<\/strong> sluit aan bij deze regelgeving en helpt eigenaren om hun transportbox volledig volgens de eisen te prepareren. Luchtvaartmaatschappijen controleren streng op veiligheid, ventilatie, wateraanvoer en correcte documentatie. Door gebruik te maken van de <strong data-start=\"2677\" data-end=\"2719\">Trixie Iata Set f\u00fcr Transportbox Skudo<\/strong> voorkom je problemen bij de check-in en weet je zeker dat je huisdier veilig en conform de regels reist.<\/p>\n<h4 data-start=\"2826\" data-end=\"2875\">Betere veiligheid door extra bevestigingen<\/h4>\n<p data-start=\"2876\" data-end=\"3331\">Een belangrijk onderdeel van de <strong data-start=\"2908\" data-end=\"2950\">Trixie Iata Set f\u00fcr Transportbox Skudo<\/strong> zijn de extra bevestigingsriemen. Deze zorgen ervoor dat de boven- en onderbak van de transportbox op meerdere punten stevig zijn verbonden. Tijdens luchttransport kunnen transportboxen bewegen, schuiven en schokken opvangen. De <strong data-start=\"3180\" data-end=\"3222\">Trixie Iata Set f\u00fcr Transportbox Skudo<\/strong> zorgt ervoor dat alles stabiel blijft, zodat ontsnappen onmogelijk is en het dier maximaal beschermd blijft.<\/p>\n<h4 data-start=\"3333\" data-end=\"3398\">Eenvoudig in gebruik en geschikt voor Skudo-transportboxen<\/h4>\n<p data-start=\"3399\" data-end=\"3850\">Der <strong data-start=\"3402\" data-end=\"3444\">Trixie Iata Set f\u00fcr Transportbox Skudo<\/strong> is speciaal ontworpen om perfect te passen op Skudo-transportboxen, waardoor installatie eenvoudig is. De drink- en voedselbakjes kunnen zonder ingewikkeld gereedschap worden geplaatst. De stickers zijn groot, duidelijk en goed zichtbaar. Alles in de <strong data-start=\"3696\" data-end=\"3738\">Trixie Iata Set f\u00fcr Transportbox Skudo<\/strong> is ontwikkeld om snel en foutloos te kunnen worden bevestigd, zelfs op drukke luchthavens of vlak voor vertrek.<\/p>\n<h4 data-start=\"3852\" data-end=\"3919\">Geschikt voor alle soorten reizen, niet alleen per vliegtuig<\/h4>\n<p data-start=\"3920\" data-end=\"4356\">Hoewel de <strong data-start=\"3930\" data-end=\"3972\">Trixie Iata Set f\u00fcr Transportbox Skudo<\/strong> voornamelijk wordt gebruikt voor IATA-gecertificeerde vliegreizen, is de set ook uitstekend geschikt voor autoreizen, treinreizen en veerboten. De extra bevestiging en de drinkvoorzieningen maken lange ritten veiliger en comfortabeler voor het dier. Hierdoor biedt de <strong data-start=\"4241\" data-end=\"4283\">Trixie Iata Set f\u00fcr Transportbox Skudo<\/strong> waarde in vrijwel iedere transportsituatie, ook buiten het vliegverkeer.<\/p>\n<h4 data-start=\"4358\" data-end=\"4431\">Een complete, betrouwbare oplossing voor verantwoord dierenvervoer<\/h4>\n<p data-start=\"4432\" data-end=\"4909\">Der <strong data-start=\"4435\" data-end=\"4477\">Trixie Iata Set f\u00fcr Transportbox Skudo<\/strong> is de ideale keuze voor iedereen die stressvrij en volgens internationale normen wil reizen met zijn huisdier. De set bevat alles wat nodig is om de transportbox vliegklaar te maken, zonder extra producten te hoeven aanschaffen. Dankzij de stevige materialen, praktische onderdelen en duidelijke documentatie is de <strong data-start=\"4793\" data-end=\"4835\">Trixie Iata Set f\u00fcr Transportbox Skudo<\/strong> een waardevolle investering voor elke verantwoordelijke huisdierbezitter.<\/p>\n<p>Hinweis: Erkundigen Sie sich immer bei Ihrer Fluggesellschaft, welche Box geeignet ist!<\/p>\n<ul>\n<li>Erweiterungsset f\u00fcr die Skudo Transportbox<\/li>\n<li>Gem\u00e4\u00df IATA-Richtlinien<\/li>\n<li>Mit Schrauben, Ablage und Etikettenaufkleber<\/li>\n<\/ul>\n<p>&nbsp;<\/p>\n<h4><a href=\"https:\/\/www.trixie.de\/nl\" target=\"_blank\" rel=\"noopener\"><img loading=\"lazy\" decoding=\"async\" class=\"alignnone wp-image-146809 size-full\" src=\"https:\/\/dogpride.nl\/wp-content\/uploads\/Logo-Trixie.jpg\" alt=\"\" width=\"196\" height=\"102\" srcset=\"https:\/\/dogpride.nl\/wp-content\/uploads\/Logo-Trixie.jpg 196w, https:\/\/dogpride.nl\/wp-content\/uploads\/Logo-Trixie-18x9.jpg 18w\" sizes=\"auto, (max-width: 196px) 100vw, 196px\" \/><\/a><\/h4>","protected":false},"excerpt":{"rendered":"<p>Das Set f\u00fcr die Transportbox Skudo ist ein Set mit zus\u00e4tzlichem Zubeh\u00f6r, um sicherzustellen, dass die Skudo-Transportbox den IATA-Richtlinien entspricht. Das Set ist mit einer Ablage, Schrauben zum Verbinden der Teile und einem Etikettenaufkleber mit dem Text \u201elebende Tiere\u201c ausgestattet.<\/p>","protected":false},"featured_media":92072,"template":"","meta":[],"product_brand":[],"product_cat":[5174],"product_tag":[16546,16542,16545,16544,16541,16538,16543],"class_list":{"0":"post-92071","1":"product","2":"type-product","3":"status-publish","4":"has-post-thumbnail","6":"product_cat-reizen-transport","7":"product_tag-iata-goedgekeurd","8":"product_tag-iata-set","9":"product_tag-luchtvaart-dierenvervoer","10":"product_tag-reismand-benodigdheden","11":"product_tag-skudo-accessoires","12":"product_tag-transportbox-accessoires","13":"product_tag-trixie-accessoires","15":"first","16":"instock","17":"taxable","18":"shipping-taxable","19":"purchasable","20":"product-type-simple"},"mb":[],"mfb_rest_fields":["title"],"_links":{"self":[{"href":"https:\/\/dogpride.nl\/de\/wp-json\/wp\/v2\/product\/92071","targetHints":{"allow":["GET"]}}],"collection":[{"href":"https:\/\/dogpride.nl\/de\/wp-json\/wp\/v2\/product"}],"about":[{"href":"https:\/\/dogpride.nl\/de\/wp-json\/wp\/v2\/types\/product"}],"wp:featuredmedia":[{"embeddable":true,"href":"https:\/\/dogpride.nl\/de\/wp-json\/wp\/v2\/media\/92072"}],"wp:attachment":[{"href":"https:\/\/dogpride.nl\/de\/wp-json\/wp\/v2\/media?parent=92071"}],"wp:term":[{"taxonomy":"product_brand","embeddable":true,"href":"https:\/\/dogpride.nl\/de\/wp-json\/wp\/v2\/product_brand?post=92071"},{"taxonomy":"product_cat","embeddable":true,"href":"https:\/\/dogpride.nl\/de\/wp-json\/wp\/v2\/product_cat?post=92071"},{"taxonomy":"product_tag","embeddable":true,"href":"https:\/\/dogpride.nl\/de\/wp-json\/wp\/v2\/product_tag?post=92071"}],"curies":[{"name":"wp","href":"https:\/\/api.w.org\/{rel}","templated":true}]}}