{"id":91519,"date":"2022-05-31T10:43:51","date_gmt":"2022-05-31T08:43:51","guid":{"rendered":"https:\/\/www.dogpride.nl\/?post_type=product&#038;p=91519"},"modified":"2026-02-19T13:12:36","modified_gmt":"2026-02-19T12:12:36","slug":"arrak-new-active-stretch-pants-men-camo-long","status":"publish","type":"product","link":"https:\/\/dogpride.nl\/de\/arrak-new-active-stretch-pants-men-camo-long\/","title":{"rendered":"Arrak NEU Active Stretch Hose Herren Camo (lang)"},"content":{"rendered":"<h4>Arrak NEU Active Stretch Hose Herren Camo (lang)<\/h4>\n<p>Arrak NEU Active Stretch Hose Herren Camo (lang)<\/p>\n<p>Active Stretch-Hosen sind unsere beliebtesten Hosen! An den Knien befinden sich Kniefalten und am Ges\u00e4\u00df befinden sich 4-Wege-Stretcheins\u00e4tze, die die Hose \u00e4u\u00dferst flexibel machen. Die Hose ist unten verst\u00e4rkt und mit verstellbaren Beinenden und einem Bootshaken ausgestattet, sodass sie perfekt um den Stiefel passt. An beiden Oberschenkeln befinden sich offene Bel\u00fcftungsl\u00f6cher mit Mesh dahinter f\u00fcr eine perfekte Bel\u00fcftung. Die Hose hat 5 Taschen. Eine auf der R\u00fcckseite mit Rei\u00dfverschluss, zwei Beintaschen und zwei Oberschenkeltaschen mit Rei\u00dfverschluss.<\/p>\n<p>Die Hose eignet sich perfekt f\u00fcr alle Arten von Outdoor-Aktivit\u00e4ten.<\/p>\n<p><b>Dieses Modell hat eine 4 cm l\u00e4ngere Beinl\u00e4nge.<\/b><\/p>\n<p><strong>Spezifikationen:<\/strong><\/p>\n<ul>\n<li>65% Polyester \/ 35% Baumwolle<\/li>\n<li>DWR-behandelt (wasserabweisend)<\/li>\n<li>4-Wege-Stretcheins\u00e4tze<\/li>\n<li>Offene Eingrifftaschen<\/li>\n<li>Oberschenkeltaschen<\/li>\n<li>Eine Ges\u00e4\u00dftasche<\/li>\n<li>7 G\u00fcrtelschlaufen<\/li>\n<li>Innen am Beinabschluss verst\u00e4rkt<\/li>\n<li>Verstellbarer Beinabschluss<\/li>\n<li>Bootshaken am Ende der Beine<\/li>\n<li>Bel\u00fcftungsrei\u00dfverschluss entlang der Oberschenkel<\/li>\n<\/ul>\n<p><strong>Gr\u00f6\u00dfentabelle:<\/strong><\/p>\n<p><img loading=\"lazy\" decoding=\"async\" class=\"alignnone size-full wp-image-91526\" src=\"https:\/\/www.dogpride.nl\/wp-content\/uploads\/Maattabel-AO-New-pants-men-12.jpg\" alt=\"Maattabel\" width=\"644\" height=\"853\" srcset=\"https:\/\/dogpride.nl\/wp-content\/uploads\/Maattabel-AO-New-pants-men-12.jpg 644w, https:\/\/dogpride.nl\/wp-content\/uploads\/Maattabel-AO-New-pants-men-12-250x331.jpg 250w, https:\/\/dogpride.nl\/wp-content\/uploads\/Maattabel-AO-New-pants-men-12-400x530.jpg 400w, https:\/\/dogpride.nl\/wp-content\/uploads\/Maattabel-AO-New-pants-men-12-226x300.jpg 226w, https:\/\/dogpride.nl\/wp-content\/uploads\/Maattabel-AO-New-pants-men-12-200x265.jpg 200w, https:\/\/dogpride.nl\/wp-content\/uploads\/Maattabel-AO-New-pants-men-12-600x795.jpg 600w\" sizes=\"auto, (max-width: 644px) 100vw, 644px\" \/><\/p>\n<p><a href=\"https:\/\/arrakoutdoor.com\/\" target=\"_blank\" rel=\"noopener\"><img loading=\"lazy\" decoding=\"async\" class=\"alignnone wp-image-139301 size-medium\" src=\"https:\/\/dogpride.nl\/wp-content\/uploads\/Arrak-300x118.jpeg\" alt=\"Logo\" width=\"300\" height=\"118\" srcset=\"https:\/\/dogpride.nl\/wp-content\/uploads\/Arrak-300x118.jpeg 300w, https:\/\/dogpride.nl\/wp-content\/uploads\/Arrak-768x303.jpeg 768w, https:\/\/dogpride.nl\/wp-content\/uploads\/Arrak-18x7.jpeg 18w, https:\/\/dogpride.nl\/wp-content\/uploads\/Arrak-250x99.jpeg 250w, https:\/\/dogpride.nl\/wp-content\/uploads\/Arrak-400x158.jpeg 400w, https:\/\/dogpride.nl\/wp-content\/uploads\/Arrak.jpeg 916w\" sizes=\"auto, (max-width: 300px) 100vw, 300px\" \/><\/a><\/p>\n<p><a href=\"https:\/\/dogpride.nl\/de\/kleding\/broeken\/arrak-outdoor-broeken\/?product-page=2\"><img loading=\"lazy\" decoding=\"async\" class=\"alignnone\" title=\"Arrak NEU Active Stretch Hose Herren Camo\" src=\"https:\/\/dogpride.nl\/wp-content\/uploads\/23033-004_ccexpress_1-150x150.jpg\" alt=\"Arrak NEW Active Stretch Pants Men Camo\" width=\"150\" height=\"150\" \/><\/a><\/p>","protected":false},"excerpt":{"rendered":"<p>Active Stretch-Hosen sind unsere beliebtesten Hosen! An den Knien befinden sich Kniefalten und am Ges\u00e4\u00df befinden sich 4-Wege-Stretcheins\u00e4tze, die die Hose \u00e4u\u00dferst flexibel machen. In Tarnfarbe<\/p>","protected":false},"featured_media":91520,"template":"","meta":[],"product_brand":[],"product_cat":[24458],"product_tag":[],"class_list":{"0":"post-91519","1":"product","2":"type-product","3":"status-publish","4":"has-post-thumbnail","6":"product_cat-arrak-outdoor-heren-broeken","8":"first","9":"instock","10":"taxable","11":"shipping-taxable","12":"purchasable","13":"product-type-variable"},"mb":[],"mfb_rest_fields":["title"],"_links":{"self":[{"href":"https:\/\/dogpride.nl\/de\/wp-json\/wp\/v2\/product\/91519","targetHints":{"allow":["GET"]}}],"collection":[{"href":"https:\/\/dogpride.nl\/de\/wp-json\/wp\/v2\/product"}],"about":[{"href":"https:\/\/dogpride.nl\/de\/wp-json\/wp\/v2\/types\/product"}],"wp:featuredmedia":[{"embeddable":true,"href":"https:\/\/dogpride.nl\/de\/wp-json\/wp\/v2\/media\/91520"}],"wp:attachment":[{"href":"https:\/\/dogpride.nl\/de\/wp-json\/wp\/v2\/media?parent=91519"}],"wp:term":[{"taxonomy":"product_brand","embeddable":true,"href":"https:\/\/dogpride.nl\/de\/wp-json\/wp\/v2\/product_brand?post=91519"},{"taxonomy":"product_cat","embeddable":true,"href":"https:\/\/dogpride.nl\/de\/wp-json\/wp\/v2\/product_cat?post=91519"},{"taxonomy":"product_tag","embeddable":true,"href":"https:\/\/dogpride.nl\/de\/wp-json\/wp\/v2\/product_tag?post=91519"}],"curies":[{"name":"wp","href":"https:\/\/api.w.org\/{rel}","templated":true}]}}