{"id":90520,"date":"2022-05-11T11:15:21","date_gmt":"2022-05-11T09:15:21","guid":{"rendered":"https:\/\/www.dogpride.nl\/?post_type=product&#038;p=90520"},"modified":"2026-04-10T09:19:26","modified_gmt":"2026-04-10T07:19:26","slug":"gebruikte-kartbandjes-m","status":"publish","type":"product","link":"https:\/\/dogpride.nl\/de\/gebruikte-kartbandjes-m\/","title":{"rendered":"Gebrauchte Kartb\u00e4nder M"},"content":{"rendered":"<h4>Gebrauchte Kartb\u00e4nder M<\/h4>\n<p>Gebruikte kartbandjes M. Diameter \u00b1 \u00d8 26 cm x \u00b1 13 cm. (Medium)<br \/>\nSch\u00f6ne Alternative zu echten Bei\u00dfern!!<\/p>\n<p><a href=\"https:\/\/dogpride.nl\/de\/speelgoed\/kauwspeelgoed\/\"><img loading=\"lazy\" decoding=\"async\" class=\"alignnone\" title=\"Gebrauchte Kartb\u00e4nder M\" src=\"https:\/\/dogpride.nl\/wp-content\/uploads\/Max-band2-4.jpg\" alt=\"Gebruikte kartbandjes M\" width=\"212\" height=\"212\" \/><\/a><\/p>\n<p>Im Gegensatz zu Autoreifen enthalten Go-Kart-Reifen keine Stahldr\u00e4hte, die Ihren Hund verletzen k\u00f6nnten.<br \/>\nIn manchen Kart-Reifen befindet sich ein Felgenring aus Metall, der jedoch (fast) unm\u00f6glich zu erreichen und zu zerst\u00f6ren ist.<\/p>\n<p>Achten Sie darauf, dass Ihr Hund keine Gummist\u00fccke verschluckt, die sich beim Bei\u00dfen von den Gurten l\u00f6sen k\u00f6nnten!<\/p>\n<p><a href=\"https:\/\/dogpride.nl\/de\/speelgoed\/kauwspeelgoed\/\"><img loading=\"lazy\" decoding=\"async\" class=\"alignnone\" title=\"Gebrauchte Kartb\u00e4nder M\" src=\"https:\/\/dogpride.nl\/wp-content\/uploads\/Max-band2-4.jpg\" alt=\"Gebruikte kartbandjes M\" width=\"212\" height=\"212\" \/><\/a><\/p>\n<p><span style=\"color: #ffffff;\"><a style=\"color: #ffffff;\" href=\"https:\/\/kartkings.nl\/collections\/mojo-banden\" target=\"_blank\" rel=\"noopener\">https:\/\/kartkings.nl\/collections\/mojo-banden<\/a><\/span><\/p>\n<p>&nbsp;<\/p>","protected":false},"excerpt":{"rendered":"<p>Im Gegensatz zu Autoreifen enthalten Go-Kart-Reifen keine Stahldr\u00e4hte, die Ihren Hund verletzen k\u00f6nnten. In manchen Kart-Reifen befindet sich ein Felgenring aus Metall, der jedoch (fast) unm\u00f6glich zu erreichen und zu zerst\u00f6ren ist.<\/p>","protected":false},"featured_media":90521,"template":"","meta":[],"product_brand":[],"product_cat":[187,6265],"product_tag":[6267,7484,6269,6268,7483],"class_list":{"0":"post-90520","1":"product","2":"type-product","3":"status-publish","4":"has-post-thumbnail","6":"product_cat-kauwspeelgoed","7":"product_cat-uitgelicht","8":"product_tag-gebruikte","9":"product_tag-hondenspeelgoed","10":"product_tag-kartbandje","11":"product_tag-kartbandjes","12":"product_tag-kauwspeelgoed","14":"first","15":"instock","16":"taxable","17":"shipping-taxable","18":"purchasable","19":"product-type-simple"},"mb":[],"mfb_rest_fields":["title"],"_links":{"self":[{"href":"https:\/\/dogpride.nl\/de\/wp-json\/wp\/v2\/product\/90520","targetHints":{"allow":["GET"]}}],"collection":[{"href":"https:\/\/dogpride.nl\/de\/wp-json\/wp\/v2\/product"}],"about":[{"href":"https:\/\/dogpride.nl\/de\/wp-json\/wp\/v2\/types\/product"}],"wp:featuredmedia":[{"embeddable":true,"href":"https:\/\/dogpride.nl\/de\/wp-json\/wp\/v2\/media\/90521"}],"wp:attachment":[{"href":"https:\/\/dogpride.nl\/de\/wp-json\/wp\/v2\/media?parent=90520"}],"wp:term":[{"taxonomy":"product_brand","embeddable":true,"href":"https:\/\/dogpride.nl\/de\/wp-json\/wp\/v2\/product_brand?post=90520"},{"taxonomy":"product_cat","embeddable":true,"href":"https:\/\/dogpride.nl\/de\/wp-json\/wp\/v2\/product_cat?post=90520"},{"taxonomy":"product_tag","embeddable":true,"href":"https:\/\/dogpride.nl\/de\/wp-json\/wp\/v2\/product_tag?post=90520"}],"curies":[{"name":"wp","href":"https:\/\/api.w.org\/{rel}","templated":true}]}}