{"id":90518,"date":"2022-05-11T11:11:17","date_gmt":"2022-05-11T09:11:17","guid":{"rendered":"https:\/\/www.dogpride.nl\/?post_type=product&#038;p=90518"},"modified":"2026-04-03T21:41:47","modified_gmt":"2026-04-03T19:41:47","slug":"gebruikte-kartbandjes-l","status":"publish","type":"product","link":"https:\/\/dogpride.nl\/de\/gebruikte-kartbandjes-l\/","title":{"rendered":"Gebrauchte Kartb\u00e4nder L"},"content":{"rendered":"<h4>Gebrauchte Kartb\u00e4nder L<\/h4>\n<p>Gebrauchte Kartb\u00e4nder L.<\/p>\n<p>Durchmesser \u00b1 \u00d8 26 cm x \u00b1 16 cm.<\/p>\n<p>Sch\u00f6ne Alternative zu echten Bei\u00dfern!!<\/p>\n<p><a href=\"https:\/\/dogpride.nl\/de\/\"><img loading=\"lazy\" decoding=\"async\" class=\"alignnone\" title=\"Gebrauchte Kartb\u00e4nder L\" src=\"https:\/\/dogpride.nl\/wp-content\/uploads\/Bandjes-scaled.jpg\" alt=\"Gebruikte kartbandjes L\" width=\"136\" height=\"181\" \/><\/a><\/p>\n<p>Im Gegensatz zu Autoreifen enthalten Go-Kart-Reifen keine Stahldr\u00e4hte, die Ihren Hund verletzen k\u00f6nnten.<br \/>\nIn manchen Kart-Reifen befindet sich ein Felgenring aus Metall, der jedoch (fast) unm\u00f6glich zu erreichen und zu zerst\u00f6ren ist.<\/p>\n<p>Achten Sie darauf, dass Ihr Hund keine Gummist\u00fccke verschluckt, die sich beim Bei\u00dfen von den Gurten l\u00f6sen k\u00f6nnten!<\/p>\n<h4><\/h4>\n<p><a href=\"https:\/\/dogpride.nl\/de\/\"><img loading=\"lazy\" decoding=\"async\" class=\"alignnone\" title=\"Gebrauchte Kartb\u00e4nder L\" src=\"https:\/\/dogpride.nl\/wp-content\/uploads\/Bandjes-scaled.jpg\" alt=\"Gebruikte kartbandjes L\" width=\"136\" height=\"181\" \/><\/a><\/p>\n<p><span style=\"color: #ffffff;\"><a style=\"color: #ffffff;\" href=\"https:\/\/kartkings.nl\/collections\/mojo-banden\" target=\"_blank\" rel=\"noopener\">https:\/\/kartkings.nl\/collections\/mojo-banden<\/a><\/span><\/p>","protected":false},"excerpt":{"rendered":"<p>Im Gegensatz zu Autoreifen enthalten Go-Kart-Reifen keine Stahldr\u00e4hte, die Ihren Hund verletzen k\u00f6nnten. In manchen Kart-Reifen befindet sich ein Felgenring aus Metall, der jedoch (fast) unm\u00f6glich zu erreichen und zu zerst\u00f6ren ist.<\/p>","protected":false},"featured_media":90519,"template":"","meta":[],"product_brand":[],"product_cat":[187],"product_tag":[7485,7484,6269,7483],"class_list":{"0":"post-90518","1":"product","2":"type-product","3":"status-publish","4":"has-post-thumbnail","6":"product_cat-kauwspeelgoed","7":"product_tag-gebruikt","8":"product_tag-hondenspeelgoed","9":"product_tag-kartbandje","10":"product_tag-kauwspeelgoed","12":"first","13":"instock","14":"taxable","15":"shipping-taxable","16":"purchasable","17":"product-type-simple"},"mb":[],"mfb_rest_fields":["title"],"_links":{"self":[{"href":"https:\/\/dogpride.nl\/de\/wp-json\/wp\/v2\/product\/90518","targetHints":{"allow":["GET"]}}],"collection":[{"href":"https:\/\/dogpride.nl\/de\/wp-json\/wp\/v2\/product"}],"about":[{"href":"https:\/\/dogpride.nl\/de\/wp-json\/wp\/v2\/types\/product"}],"wp:featuredmedia":[{"embeddable":true,"href":"https:\/\/dogpride.nl\/de\/wp-json\/wp\/v2\/media\/90519"}],"wp:attachment":[{"href":"https:\/\/dogpride.nl\/de\/wp-json\/wp\/v2\/media?parent=90518"}],"wp:term":[{"taxonomy":"product_brand","embeddable":true,"href":"https:\/\/dogpride.nl\/de\/wp-json\/wp\/v2\/product_brand?post=90518"},{"taxonomy":"product_cat","embeddable":true,"href":"https:\/\/dogpride.nl\/de\/wp-json\/wp\/v2\/product_cat?post=90518"},{"taxonomy":"product_tag","embeddable":true,"href":"https:\/\/dogpride.nl\/de\/wp-json\/wp\/v2\/product_tag?post=90518"}],"curies":[{"name":"wp","href":"https:\/\/api.w.org\/{rel}","templated":true}]}}