{"id":89092,"date":"2022-04-15T15:07:14","date_gmt":"2022-04-15T13:07:14","guid":{"rendered":"https:\/\/www.dogpride.nl\/?post_type=product&#038;p=89092"},"modified":"2025-10-29T07:33:51","modified_gmt":"2025-10-29T06:33:51","slug":"arrak-flanellen-geisoleerd-overhemd-forest-dames","status":"publish","type":"product","link":"https:\/\/dogpride.nl\/de\/arrak-flanellen-geisoleerd-overhemd-forest-dames\/","title":{"rendered":"Arrak Flannel Insulated Shirt Forest Damen"},"content":{"rendered":"<h4>Arrak Flannel Insulated Shirt Forest Damen<\/h4>\n<p>Arrak Flannel Insulated Shirt Forest Damen. Arraks Flanellhemd aus weich geb\u00fcrsteter 100%-Baumwolle. Aus einem st\u00e4rkeren und langlebigen Stoff in klassischem Design.<\/p>\n<ul>\n<li>Gestepptes Innenfutter.<\/li>\n<li>Doppelte Brusttaschen mit Klappen.<\/li>\n<li>Verst\u00e4rkte Ellenbogen.<\/li>\n<li>Tunneltasche hinten.<\/li>\n<li>Gerade Passform.<\/li>\n<\/ul>\n<p><strong>Spezifikationen:<\/strong><\/p>\n<ul>\n<li>100% Baumwolle<\/li>\n<li>Schwererer, langlebiger Stoff<\/li>\n<li>Gestepptes Innenfutter<\/li>\n<li>Brusttaschen mit Deckel<\/li>\n<li>Verst\u00e4rkte Ellenbogen<\/li>\n<li>Gerade Passform<\/li>\n<li>Tunneltasche auf der R\u00fcckseite<\/li>\n<\/ul>\n<p><strong>Gr\u00f6\u00dfentabelle:<\/strong><\/p>\n<p><img loading=\"lazy\" decoding=\"async\" class=\"alignnone wp-image-89018 size-full\" src=\"https:\/\/www.dogpride.nl\/wp-content\/uploads\/Maattabel-Tops-lady-1.jpg\" alt=\"Maattabel\" width=\"632\" height=\"822\" srcset=\"https:\/\/dogpride.nl\/wp-content\/uploads\/Maattabel-Tops-lady-1.jpg 632w, https:\/\/dogpride.nl\/wp-content\/uploads\/Maattabel-Tops-lady-1-250x325.jpg 250w, https:\/\/dogpride.nl\/wp-content\/uploads\/Maattabel-Tops-lady-1-400x520.jpg 400w, https:\/\/dogpride.nl\/wp-content\/uploads\/Maattabel-Tops-lady-1-231x300.jpg 231w, https:\/\/dogpride.nl\/wp-content\/uploads\/Maattabel-Tops-lady-1-200x260.jpg 200w, https:\/\/dogpride.nl\/wp-content\/uploads\/Maattabel-Tops-lady-1-600x780.jpg 600w\" sizes=\"auto, (max-width: 632px) 100vw, 632px\" \/><\/p>\n<p><a href=\"https:\/\/arrakoutdoor.com\/\" target=\"_blank\" rel=\"noopener\"><img loading=\"lazy\" decoding=\"async\" class=\"alignnone wp-image-139301 size-medium\" src=\"https:\/\/dogpride.nl\/wp-content\/uploads\/Arrak-300x118.jpeg\" alt=\"Logo\" width=\"300\" height=\"118\" srcset=\"https:\/\/dogpride.nl\/wp-content\/uploads\/Arrak-300x118.jpeg 300w, https:\/\/dogpride.nl\/wp-content\/uploads\/Arrak-768x303.jpeg 768w, https:\/\/dogpride.nl\/wp-content\/uploads\/Arrak-18x7.jpeg 18w, https:\/\/dogpride.nl\/wp-content\/uploads\/Arrak-250x99.jpeg 250w, https:\/\/dogpride.nl\/wp-content\/uploads\/Arrak-400x158.jpeg 400w, https:\/\/dogpride.nl\/wp-content\/uploads\/Arrak.jpeg 916w\" sizes=\"auto, (max-width: 300px) 100vw, 300px\" \/><\/a><\/p>\n<p><a href=\"https:\/\/dogpride.nl\/de\/kleding\/vesten\/arrak-outdoor-vesten\/?product-page=2\"><img loading=\"lazy\" decoding=\"async\" class=\"alignnone\" title=\"Arrak Flannel Insulated Shirt Forest Damen\" src=\"https:\/\/dogpride.nl\/wp-content\/uploads\/27034-1035_ccexpress-150x150.jpg\" alt=\"Arrak Flanellen Ge\u00efsoleerd overhemd Forest Dames\" width=\"150\" height=\"150\" \/><\/a><\/p>","protected":false},"excerpt":{"rendered":"<p>Arraks Flanellhemd aus weich geb\u00fcrsteter 100%-Baumwolle. Aus einem st\u00e4rkeren und langlebigen Stoff in klassischem Design. Gestepptes Innenfutter. Doppelte Brusttaschen mit Klappen. Verst\u00e4rkte Ellenbogen. Tunneltasche hinten.<\/p>","protected":false},"featured_media":89093,"template":"","meta":[],"product_brand":[],"product_cat":[3867],"product_tag":[3335,11043,11037,11042,11048,11051,11033,11034,11039,11035,11044,11041,11050,11038,11047,11046,11036,11049,11040,11045],"class_list":{"0":"post-89092","1":"product","2":"type-product","3":"status-publish","4":"has-post-thumbnail","6":"product_cat-arrak-outdoor-vesten","7":"product_tag-arrak","8":"product_tag-boskleding","9":"product_tag-buitenkleding","10":"product_tag-casual-overhemd","11":"product_tag-duurzaam-katoen","12":"product_tag-flanel","13":"product_tag-flanellen-overhemd","14":"product_tag-geisoleerd-overhemd","15":"product_tag-gevoerd-overhemd","16":"product_tag-heren-overhemd","17":"product_tag-herfst-kleding","18":"product_tag-hiking-overhemd","19":"product_tag-outdoor-fashion","20":"product_tag-outdoor-overhemd","21":"product_tag-scandinavisch-design","22":"product_tag-thermisch-overhemd","23":"product_tag-warme-blouse","24":"product_tag-warme-bovenkleding","25":"product_tag-werkoverhemd","26":"product_tag-winter-kleding","28":"first","29":"instock","30":"taxable","31":"shipping-taxable","32":"purchasable","33":"product-type-variable"},"mb":[],"mfb_rest_fields":["title"],"_links":{"self":[{"href":"https:\/\/dogpride.nl\/de\/wp-json\/wp\/v2\/product\/89092","targetHints":{"allow":["GET"]}}],"collection":[{"href":"https:\/\/dogpride.nl\/de\/wp-json\/wp\/v2\/product"}],"about":[{"href":"https:\/\/dogpride.nl\/de\/wp-json\/wp\/v2\/types\/product"}],"wp:featuredmedia":[{"embeddable":true,"href":"https:\/\/dogpride.nl\/de\/wp-json\/wp\/v2\/media\/89093"}],"wp:attachment":[{"href":"https:\/\/dogpride.nl\/de\/wp-json\/wp\/v2\/media?parent=89092"}],"wp:term":[{"taxonomy":"product_brand","embeddable":true,"href":"https:\/\/dogpride.nl\/de\/wp-json\/wp\/v2\/product_brand?post=89092"},{"taxonomy":"product_cat","embeddable":true,"href":"https:\/\/dogpride.nl\/de\/wp-json\/wp\/v2\/product_cat?post=89092"},{"taxonomy":"product_tag","embeddable":true,"href":"https:\/\/dogpride.nl\/de\/wp-json\/wp\/v2\/product_tag?post=89092"}],"curies":[{"name":"wp","href":"https:\/\/api.w.org\/{rel}","templated":true}]}}