{"id":89043,"date":"2022-04-14T18:01:04","date_gmt":"2022-04-14T16:01:04","guid":{"rendered":"https:\/\/www.dogpride.nl\/?post_type=product&#038;p=89043"},"modified":"2025-11-03T08:49:52","modified_gmt":"2025-11-03T07:49:52","slug":"arrak-sporty-hood-dames-grijs","status":"publish","type":"product","link":"https:\/\/dogpride.nl\/de\/arrak-sporty-hood-dames-grijs\/","title":{"rendered":"Arrak Sporty Hood Damen Grau"},"content":{"rendered":"<h4>Arrak Sporty Hood Damen Grau<\/h4>\n<p>Arrak Sporty Hood Damen Grau. Eine supersch\u00f6ne Qualit\u00e4tskapuze aus einem schwereren Sweatshirt-Material aus 80%-Baumwolle \/ 20%-Polyester. Der Stoff hat eine weich geb\u00fcrstete Au\u00dfenseite und eine geb\u00fcrstete Innenseite.<\/p>\n<ul>\n<li>Brusttasche mit Rei\u00dfverschluss und 2 Eingrifftaschen mit Rei\u00dfverschluss.<\/li>\n<li>Auf der R\u00fcckseite befindet sich au\u00dferdem eine praktische Ges\u00e4\u00dftasche.<\/li>\n<li>Verstellbare Kapuze.<\/li>\n<li>Arrak-Stickerei auf der Brust und an der Kapuze.<\/li>\n<\/ul>\n<p><strong>Spezifikationen:<\/strong><\/p>\n<ul>\n<li>Exzellente Qualit\u00e4t<\/li>\n<li>80% Baumwolle \/ 20% Polyester<\/li>\n<li>Geb\u00fcrstete Qualit\u00e4t f\u00fcr ein weicheres Gef\u00fchl<\/li>\n<li>Innen geb\u00fcrstet<\/li>\n<li>Brust- und Handtaschen mit Rei\u00dfverschluss<\/li>\n<li>Tunneltasche auf der R\u00fcckseite<\/li>\n<li>Verstellbare Kapuze<\/li>\n<\/ul>\n<p><strong>Gr\u00f6\u00dfentabelle:<\/strong><\/p>\n<p><img loading=\"lazy\" decoding=\"async\" class=\"alignnone size-full wp-image-89018 lazyautosizes ls-is-cached lazyloaded\" src=\"https:\/\/www.dogpride.nl\/wp-content\/uploads\/Maattabel-Tops-lady-1.jpg\" sizes=\"auto, 632px\" srcset=\"https:\/\/www.dogpride.nl\/wp-content\/uploads\/Maattabel-Tops-lady-1-200x260.jpg 200w, https:\/\/www.dogpride.nl\/wp-content\/uploads\/Maattabel-Tops-lady-1-231x300.jpg 231w, https:\/\/www.dogpride.nl\/wp-content\/uploads\/Maattabel-Tops-lady-1-400x520.jpg 400w, https:\/\/www.dogpride.nl\/wp-content\/uploads\/Maattabel-Tops-lady-1-600x780.jpg 600w, https:\/\/www.dogpride.nl\/wp-content\/uploads\/Maattabel-Tops-lady-1.jpg 632w\" alt=\"Maattabel\" width=\"632\" height=\"822\" data-orig-src=\"https:\/\/www.dogpride.nl\/wp-content\/uploads\/Maattabel-Tops-lady-1.jpg\" data-srcset=\"https:\/\/www.dogpride.nl\/wp-content\/uploads\/Maattabel-Tops-lady-1-200x260.jpg 200w, https:\/\/www.dogpride.nl\/wp-content\/uploads\/Maattabel-Tops-lady-1-231x300.jpg 231w, https:\/\/www.dogpride.nl\/wp-content\/uploads\/Maattabel-Tops-lady-1-400x520.jpg 400w, https:\/\/www.dogpride.nl\/wp-content\/uploads\/Maattabel-Tops-lady-1-600x780.jpg 600w, https:\/\/www.dogpride.nl\/wp-content\/uploads\/Maattabel-Tops-lady-1.jpg 632w\" data-sizes=\"auto\" data-orig-sizes=\"(max-width: 632px) 100vw, 632px\" \/><\/p>\n<p><a href=\"https:\/\/arrakoutdoor.com\/\" target=\"_blank\" rel=\"noopener\"><img loading=\"lazy\" decoding=\"async\" class=\"alignnone wp-image-139301 size-medium\" src=\"https:\/\/dogpride.nl\/wp-content\/uploads\/Arrak-300x118.jpeg\" alt=\"Logo\" width=\"300\" height=\"118\" srcset=\"https:\/\/dogpride.nl\/wp-content\/uploads\/Arrak-300x118.jpeg 300w, https:\/\/dogpride.nl\/wp-content\/uploads\/Arrak-768x303.jpeg 768w, https:\/\/dogpride.nl\/wp-content\/uploads\/Arrak-18x7.jpeg 18w, https:\/\/dogpride.nl\/wp-content\/uploads\/Arrak-250x99.jpeg 250w, https:\/\/dogpride.nl\/wp-content\/uploads\/Arrak-400x158.jpeg 400w, https:\/\/dogpride.nl\/wp-content\/uploads\/Arrak.jpeg 916w\" sizes=\"auto, (max-width: 300px) 100vw, 300px\" \/><\/a><\/p>\n<p><a href=\"https:\/\/dogpride.nl\/de\/kleding\/hoodies\/arrak-outdoor-hoodies\/\"><img loading=\"lazy\" decoding=\"async\" class=\"alignnone\" title=\"Arrak Sporty Hood Dames Grijs hood\" src=\"https:\/\/dogpride.nl\/wp-content\/uploads\/27035-1143_ccexpress-150x150.jpg\" alt=\"Arrak Sporty Hood Dames Grijs hood\" width=\"150\" height=\"150\" \/><\/a><\/p>","protected":false},"excerpt":{"rendered":"<p>Eine supersch\u00f6ne Qualit\u00e4tskapuze aus einem schwereren Sweatshirt-Material aus 80%-Baumwolle \/ 20%-Polyester. Der Stoff hat eine weich geb\u00fcrstete Au\u00dfenseite und eine geb\u00fcrstete Innenseite.<\/p>","protected":false},"featured_media":89044,"template":"","meta":[],"product_brand":[],"product_cat":[3888],"product_tag":[],"class_list":{"0":"post-89043","1":"product","2":"type-product","3":"status-publish","4":"has-post-thumbnail","6":"product_cat-arrak-outdoor-hoodies","8":"first","9":"instock","10":"taxable","11":"shipping-taxable","12":"purchasable","13":"product-type-variable"},"mb":[],"mfb_rest_fields":["title"],"_links":{"self":[{"href":"https:\/\/dogpride.nl\/de\/wp-json\/wp\/v2\/product\/89043","targetHints":{"allow":["GET"]}}],"collection":[{"href":"https:\/\/dogpride.nl\/de\/wp-json\/wp\/v2\/product"}],"about":[{"href":"https:\/\/dogpride.nl\/de\/wp-json\/wp\/v2\/types\/product"}],"wp:featuredmedia":[{"embeddable":true,"href":"https:\/\/dogpride.nl\/de\/wp-json\/wp\/v2\/media\/89044"}],"wp:attachment":[{"href":"https:\/\/dogpride.nl\/de\/wp-json\/wp\/v2\/media?parent=89043"}],"wp:term":[{"taxonomy":"product_brand","embeddable":true,"href":"https:\/\/dogpride.nl\/de\/wp-json\/wp\/v2\/product_brand?post=89043"},{"taxonomy":"product_cat","embeddable":true,"href":"https:\/\/dogpride.nl\/de\/wp-json\/wp\/v2\/product_cat?post=89043"},{"taxonomy":"product_tag","embeddable":true,"href":"https:\/\/dogpride.nl\/de\/wp-json\/wp\/v2\/product_tag?post=89043"}],"curies":[{"name":"wp","href":"https:\/\/api.w.org\/{rel}","templated":true}]}}