{"id":89027,"date":"2022-04-14T17:40:13","date_gmt":"2022-04-14T15:40:13","guid":{"rendered":"https:\/\/www.dogpride.nl\/?post_type=product&#038;p=89027"},"modified":"2025-11-03T08:50:01","modified_gmt":"2025-11-03T07:50:01","slug":"arrak-sporty-hood-dames-olijf","status":"publish","type":"product","link":"https:\/\/dogpride.nl\/de\/arrak-sporty-hood-dames-olijf\/","title":{"rendered":"Arrak Sporty Hood Damen Oliv"},"content":{"rendered":"<h4>Arrak Sporty Hood Damen Oliv<\/h4>\n<p>Arrak Sporty Hood Damen Oliv. Eine supersch\u00f6ne Qualit\u00e4tskapuze aus einem schwereren Sweatshirt-Material aus 80%-Baumwolle \/ 20%-Polyester. Der Stoff hat eine weich geb\u00fcrstete Au\u00dfenseite und eine geb\u00fcrstete Innenseite.<\/p>\n<ul>\n<li>Brusttasche mit Rei\u00dfverschluss und 2 Eingrifftaschen mit Rei\u00dfverschluss.<\/li>\n<li>Auf der R\u00fcckseite befindet sich au\u00dferdem eine praktische Ges\u00e4\u00dftasche.<\/li>\n<li>Verstellbare Kapuze.<\/li>\n<li>Arrak-Stickerei auf der Brust und an der Kapuze.<\/li>\n<\/ul>\n<p><strong>Spezifikationen:<\/strong><\/p>\n<ul>\n<li>Exzellente Qualit\u00e4t<\/li>\n<li>80% Baumwolle \/ 20% Polyester<\/li>\n<li>Geb\u00fcrstete Qualit\u00e4t f\u00fcr ein weicheres Gef\u00fchl<\/li>\n<li>Innen geb\u00fcrstet<\/li>\n<li>Brust- und Handtaschen mit Rei\u00dfverschluss<\/li>\n<li>Tunneltasche auf der R\u00fcckseite<\/li>\n<li>Verstellbare Kapuze<\/li>\n<\/ul>\n<p><strong>Gr\u00f6\u00dfentabelle:<\/strong><\/p>\n<p><img loading=\"lazy\" decoding=\"async\" class=\"alignnone size-full wp-image-89018 lazyautosizes ls-is-cached lazyloaded\" src=\"https:\/\/www.dogpride.nl\/wp-content\/uploads\/Maattabel-Tops-lady-1.jpg\" sizes=\"auto, 632px\" srcset=\"https:\/\/www.dogpride.nl\/wp-content\/uploads\/Maattabel-Tops-lady-1-200x260.jpg 200w, https:\/\/www.dogpride.nl\/wp-content\/uploads\/Maattabel-Tops-lady-1-231x300.jpg 231w, https:\/\/www.dogpride.nl\/wp-content\/uploads\/Maattabel-Tops-lady-1-400x520.jpg 400w, https:\/\/www.dogpride.nl\/wp-content\/uploads\/Maattabel-Tops-lady-1-600x780.jpg 600w, https:\/\/www.dogpride.nl\/wp-content\/uploads\/Maattabel-Tops-lady-1.jpg 632w\" alt=\"Maattabel\" width=\"632\" height=\"822\" data-orig-src=\"https:\/\/www.dogpride.nl\/wp-content\/uploads\/Maattabel-Tops-lady-1.jpg\" data-srcset=\"https:\/\/www.dogpride.nl\/wp-content\/uploads\/Maattabel-Tops-lady-1-200x260.jpg 200w, https:\/\/www.dogpride.nl\/wp-content\/uploads\/Maattabel-Tops-lady-1-231x300.jpg 231w, https:\/\/www.dogpride.nl\/wp-content\/uploads\/Maattabel-Tops-lady-1-400x520.jpg 400w, https:\/\/www.dogpride.nl\/wp-content\/uploads\/Maattabel-Tops-lady-1-600x780.jpg 600w, https:\/\/www.dogpride.nl\/wp-content\/uploads\/Maattabel-Tops-lady-1.jpg 632w\" data-sizes=\"auto\" data-orig-sizes=\"(max-width: 632px) 100vw, 632px\" \/><\/p>","protected":false},"excerpt":{"rendered":"<p>Eine supersch\u00f6ne Qualit\u00e4tskapuze aus einem schwereren Sweatshirt-Material aus 80%-Baumwolle \/ 20%-Polyester. Der Stoff hat eine weich geb\u00fcrstete Au\u00dfenseite und eine geb\u00fcrstete Innenseite.<\/p>","protected":false},"featured_media":89028,"template":"","meta":[],"product_brand":[],"product_cat":[3888],"product_tag":[],"class_list":{"0":"post-89027","1":"product","2":"type-product","3":"status-publish","4":"has-post-thumbnail","6":"product_cat-arrak-outdoor-hoodies","8":"first","9":"instock","10":"taxable","11":"shipping-taxable","12":"purchasable","13":"product-type-variable"},"mb":[],"mfb_rest_fields":["title"],"_links":{"self":[{"href":"https:\/\/dogpride.nl\/de\/wp-json\/wp\/v2\/product\/89027","targetHints":{"allow":["GET"]}}],"collection":[{"href":"https:\/\/dogpride.nl\/de\/wp-json\/wp\/v2\/product"}],"about":[{"href":"https:\/\/dogpride.nl\/de\/wp-json\/wp\/v2\/types\/product"}],"wp:featuredmedia":[{"embeddable":true,"href":"https:\/\/dogpride.nl\/de\/wp-json\/wp\/v2\/media\/89028"}],"wp:attachment":[{"href":"https:\/\/dogpride.nl\/de\/wp-json\/wp\/v2\/media?parent=89027"}],"wp:term":[{"taxonomy":"product_brand","embeddable":true,"href":"https:\/\/dogpride.nl\/de\/wp-json\/wp\/v2\/product_brand?post=89027"},{"taxonomy":"product_cat","embeddable":true,"href":"https:\/\/dogpride.nl\/de\/wp-json\/wp\/v2\/product_cat?post=89027"},{"taxonomy":"product_tag","embeddable":true,"href":"https:\/\/dogpride.nl\/de\/wp-json\/wp\/v2\/product_tag?post=89027"}],"curies":[{"name":"wp","href":"https:\/\/api.w.org\/{rel}","templated":true}]}}