{"id":88772,"date":"2022-04-12T10:08:19","date_gmt":"2022-04-12T08:08:19","guid":{"rendered":"https:\/\/www.dogpride.nl\/?post_type=product&#038;p=88772"},"modified":"2025-11-24T14:18:25","modified_gmt":"2025-11-24T13:18:25","slug":"kong-signature-rope","status":"publish","type":"product","link":"https:\/\/dogpride.nl\/de\/kong-signature-rope\/","title":{"rendered":"KONG Signature-Seil"},"content":{"rendered":"<h4>KONG Signature-Seil<\/h4>\n<p>KONG Signature-Seil.<\/p>\n<p>Die Seile sind aus Baumwolle und Fleece geflochten und sorgen f\u00fcr ein dehnbares Vergn\u00fcgen, das sanfter zum Maul des Hundes ist.<br \/>\nDas langlebige Material sorgt daf\u00fcr, dass das nat\u00fcrliche Kauverhalten immer wieder belohnt wird und zus\u00e4tzlich die Zahnreinigung unterst\u00fctzt.<\/p>\n<ul>\n<li>Mit Baumwolle und Fleece geflochten, weicher im Mund<\/li>\n<li>Strapazierf\u00e4higes Material f\u00fcr langanhaltende Zerrspiele<\/li>\n<li>Hilft bei der Reinigung der Z\u00e4hne<\/li>\n<\/ul>\n<p><strong>Format<\/strong><br \/>\nKONGSKT11E \u2013 Doppelring \u2013 26 cm<br \/>\nKONGSKT12E \u2013 Doppeltes Zugseil \u2013 56 cm<br \/>\nKONGSKT13E \u2013 Doppelknoten \u2013 51 cm<br \/>\nKONGSKT15E \u2013 Mega-Doppelknoten \u2013 102 cm<\/p>\n<p>&nbsp;<\/p>\n<p><a href=\"https:\/\/www.kongcompany.com\/\" target=\"_blank\" rel=\"noopener\"><img loading=\"lazy\" decoding=\"async\" class=\"alignnone wp-image-90622 size-thumbnail\" src=\"https:\/\/dogpride.nl\/wp-content\/uploads\/kong_solid_logo_red-thumb-3-150x150.jpg\" alt=\"KONG\" width=\"150\" height=\"150\" srcset=\"https:\/\/dogpride.nl\/wp-content\/uploads\/kong_solid_logo_red-thumb-3.jpg 150w, https:\/\/dogpride.nl\/wp-content\/uploads\/kong_solid_logo_red-thumb-3-100x100.jpg 100w, https:\/\/dogpride.nl\/wp-content\/uploads\/kong_solid_logo_red-thumb-3-66x66.jpg 66w\" sizes=\"auto, (max-width: 150px) 100vw, 150px\" \/><\/a><\/p>\n<p><a href=\"https:\/\/dogpride.nl\/de\/speelgoed\/flostouw\/\"><img loading=\"lazy\" decoding=\"async\" class=\"alignnone\" title=\"KONG Signature-Seil\" src=\"https:\/\/dogpride.nl\/wp-content\/uploads\/KONGSKT11E-kong-signature-rope-double-ring-tug.webp\" alt=\"KONG Signature Rope\" width=\"169\" height=\"169\" \/><\/a><\/p>","protected":false},"excerpt":{"rendered":"<p>Das langlebige Material sorgt daf\u00fcr, dass das nat\u00fcrliche Kauverhalten immer wieder belohnt wird und zus\u00e4tzlich die Zahnreinigung unterst\u00fctzt.<\/p>","protected":false},"featured_media":88773,"template":"","meta":[],"product_brand":[],"product_cat":[361],"product_tag":[],"class_list":{"0":"post-88772","1":"product","2":"type-product","3":"status-publish","4":"has-post-thumbnail","6":"product_cat-flostouw","8":"first","9":"instock","10":"taxable","11":"shipping-taxable","12":"purchasable","13":"product-type-variable"},"mb":[],"mfb_rest_fields":["title"],"_links":{"self":[{"href":"https:\/\/dogpride.nl\/de\/wp-json\/wp\/v2\/product\/88772","targetHints":{"allow":["GET"]}}],"collection":[{"href":"https:\/\/dogpride.nl\/de\/wp-json\/wp\/v2\/product"}],"about":[{"href":"https:\/\/dogpride.nl\/de\/wp-json\/wp\/v2\/types\/product"}],"wp:featuredmedia":[{"embeddable":true,"href":"https:\/\/dogpride.nl\/de\/wp-json\/wp\/v2\/media\/88773"}],"wp:attachment":[{"href":"https:\/\/dogpride.nl\/de\/wp-json\/wp\/v2\/media?parent=88772"}],"wp:term":[{"taxonomy":"product_brand","embeddable":true,"href":"https:\/\/dogpride.nl\/de\/wp-json\/wp\/v2\/product_brand?post=88772"},{"taxonomy":"product_cat","embeddable":true,"href":"https:\/\/dogpride.nl\/de\/wp-json\/wp\/v2\/product_cat?post=88772"},{"taxonomy":"product_tag","embeddable":true,"href":"https:\/\/dogpride.nl\/de\/wp-json\/wp\/v2\/product_tag?post=88772"}],"curies":[{"name":"wp","href":"https:\/\/api.w.org\/{rel}","templated":true}]}}