{"id":88546,"date":"2022-04-01T14:45:24","date_gmt":"2022-04-01T12:45:24","guid":{"rendered":"https:\/\/www.dogpride.nl\/?post_type=product&#038;p=88546"},"modified":"2026-02-19T13:12:44","modified_gmt":"2026-02-19T12:12:44","slug":"arrak-motion-flex-pant-men-khaki","status":"publish","type":"product","link":"https:\/\/dogpride.nl\/de\/arrak-motion-flex-pant-men-khaki\/","title":{"rendered":"ARRAK Motion Flex Hose Herren Khaki"},"content":{"rendered":"<h4>ARRAK Motion Flex Hose Herren Khaki<\/h4>\n<p>ARRAK Motion Flex Hose Herren Khaki<\/p>\n<p>ist eine Hose aus 4-Wege-Stretchmaterial f\u00fcr eine perfekte Passform. Ab den Knien handelt es sich um ein wasserdichtes Gewebe, das beispielsweise beim Gehen auf nassem Gel\u00e4nde sch\u00fctzt. Rei\u00dfverschlusstaschen f\u00fcr die H\u00e4nde. Oberschenkeltaschen seitlich am Oberschenkel, wovon eine auch eine Rei\u00dfverschlusstasche hat.<br \/>\nRei\u00dfverschluss an der Bein\u00f6ffnung, der das Anziehen erleichtert und zur Bel\u00fcftung genutzt werden kann.<br \/>\nIntegrierter G\u00fcrtel in der Taille.<br \/>\nDie Hose besteht aus einem Stretchstoff aus 90% Nylon \/ 10% Spandex und an der Unterseite der Hose aus 100% Polyester mit einer Wassers\u00e4ule von 3000 mm.<br \/>\nOutdoor-Hosen f\u00fcr alle, die eine flexible Hose mit perfekter Passform suchen!<\/p>\n<p><strong>Spezifikationen:<\/strong><\/p>\n<ul>\n<li>Stretchstoff 90% Nylon \/ 10% Spandex<\/li>\n<li>Unterseite der Hose aus 100%-Polyester mit einer Wassers\u00e4ule von 3000 mm<\/li>\n<li>7 G\u00fcrtelschlaufen<\/li>\n<li>Rei\u00dfverschlusstaschen f\u00fcr die H\u00e4nde<\/li>\n<li>Oberschenkeltaschen mit Rei\u00dfverschluss<\/li>\n<li>Verstellbare Beinenden f\u00fcr einfacheres An- und Ausziehen<\/li>\n<li>Rei\u00dfverschluss bei der Wahl der Bel\u00fcftung<\/li>\n<li>Integrierter G\u00fcrtel in der Taille<\/li>\n<\/ul>\n<p>Gr\u00f6\u00dfen: 36-60<\/p>\n<p>&nbsp;<\/p>\n<div class=\"woocommerce-tabs wc-tabs-wrapper\">\n<div id=\"tab-description\" class=\"woocommerce-Tabs-panel woocommerce-Tabs-panel--description panel entry-content wc-tab\" role=\"tabpanel\" aria-labelledby=\"tab-title-description\">\n<div class=\"post-content\">\n<p><img loading=\"lazy\" decoding=\"async\" class=\"alignnone size-full wp-image-88563\" src=\"https:\/\/www.dogpride.nl\/wp-content\/uploads\/Maattabel-AO-New-pants-men-11.jpg\" alt=\"Maattabel\" width=\"644\" height=\"853\" srcset=\"https:\/\/dogpride.nl\/wp-content\/uploads\/Maattabel-AO-New-pants-men-11.jpg 644w, https:\/\/dogpride.nl\/wp-content\/uploads\/Maattabel-AO-New-pants-men-11-250x331.jpg 250w, https:\/\/dogpride.nl\/wp-content\/uploads\/Maattabel-AO-New-pants-men-11-400x530.jpg 400w, https:\/\/dogpride.nl\/wp-content\/uploads\/Maattabel-AO-New-pants-men-11-226x300.jpg 226w, https:\/\/dogpride.nl\/wp-content\/uploads\/Maattabel-AO-New-pants-men-11-200x265.jpg 200w, https:\/\/dogpride.nl\/wp-content\/uploads\/Maattabel-AO-New-pants-men-11-600x795.jpg 600w\" sizes=\"auto, (max-width: 644px) 100vw, 644px\" \/><\/p>\n<p><a href=\"https:\/\/arrakoutdoor.com\/\" target=\"_blank\" rel=\"noopener\"><img loading=\"lazy\" decoding=\"async\" class=\"alignnone wp-image-139301 size-medium\" src=\"https:\/\/dogpride.nl\/wp-content\/uploads\/Arrak-300x118.jpeg\" alt=\"Logo\" width=\"300\" height=\"118\" srcset=\"https:\/\/dogpride.nl\/wp-content\/uploads\/Arrak-300x118.jpeg 300w, https:\/\/dogpride.nl\/wp-content\/uploads\/Arrak-768x303.jpeg 768w, https:\/\/dogpride.nl\/wp-content\/uploads\/Arrak-18x7.jpeg 18w, https:\/\/dogpride.nl\/wp-content\/uploads\/Arrak-250x99.jpeg 250w, https:\/\/dogpride.nl\/wp-content\/uploads\/Arrak-400x158.jpeg 400w, https:\/\/dogpride.nl\/wp-content\/uploads\/Arrak.jpeg 916w\" sizes=\"auto, (max-width: 300px) 100vw, 300px\" \/><\/a><\/p>\n<p><a href=\"https:\/\/dogpride.nl\/de\/kleding\/broeken\/arrak-outdoor-broeken\/?product-page=2\"><img loading=\"lazy\" decoding=\"async\" class=\"alignnone\" title=\"ARRAK Motion Flex Hose Herren Khaki \" src=\"https:\/\/dogpride.nl\/wp-content\/uploads\/motion_flex_pant_beige_4_-150x150.jpg\" alt=\"ARRAK Motion Flex Pant Men Khaki \" width=\"150\" height=\"150\" \/><\/a><\/p>\n<\/div>\n<\/div>\n<\/div>","protected":false},"excerpt":{"rendered":"<div class=\"post-content woocommerce-product-details__short-description\">\n<p>Motion Flex Hose Herren. Die Arrak Motion Flex Hose besteht aus 4-Wege-Stretchmaterial f\u00fcr eine perfekte Passform.<\/p>\n<\/div>","protected":false},"featured_media":88547,"template":"","meta":[],"product_brand":[],"product_cat":[24458],"product_tag":[],"class_list":{"0":"post-88546","1":"product","2":"type-product","3":"status-publish","4":"has-post-thumbnail","6":"product_cat-arrak-outdoor-heren-broeken","8":"first","9":"instock","10":"taxable","11":"shipping-taxable","12":"purchasable","13":"product-type-variable"},"mb":[],"mfb_rest_fields":["title"],"_links":{"self":[{"href":"https:\/\/dogpride.nl\/de\/wp-json\/wp\/v2\/product\/88546","targetHints":{"allow":["GET"]}}],"collection":[{"href":"https:\/\/dogpride.nl\/de\/wp-json\/wp\/v2\/product"}],"about":[{"href":"https:\/\/dogpride.nl\/de\/wp-json\/wp\/v2\/types\/product"}],"wp:featuredmedia":[{"embeddable":true,"href":"https:\/\/dogpride.nl\/de\/wp-json\/wp\/v2\/media\/88547"}],"wp:attachment":[{"href":"https:\/\/dogpride.nl\/de\/wp-json\/wp\/v2\/media?parent=88546"}],"wp:term":[{"taxonomy":"product_brand","embeddable":true,"href":"https:\/\/dogpride.nl\/de\/wp-json\/wp\/v2\/product_brand?post=88546"},{"taxonomy":"product_cat","embeddable":true,"href":"https:\/\/dogpride.nl\/de\/wp-json\/wp\/v2\/product_cat?post=88546"},{"taxonomy":"product_tag","embeddable":true,"href":"https:\/\/dogpride.nl\/de\/wp-json\/wp\/v2\/product_tag?post=88546"}],"curies":[{"name":"wp","href":"https:\/\/api.w.org\/{rel}","templated":true}]}}