{"id":88529,"date":"2022-04-01T14:36:01","date_gmt":"2022-04-01T12:36:01","guid":{"rendered":"https:\/\/www.dogpride.nl\/?post_type=product&#038;p=88529"},"modified":"2026-02-19T13:13:00","modified_gmt":"2026-02-19T12:13:00","slug":"arrak-motion-flex-pant-men-olijf","status":"publish","type":"product","link":"https:\/\/dogpride.nl\/de\/arrak-motion-flex-pant-men-olijf\/","title":{"rendered":"ARRAK Motion Flex Hose Herren Oliv"},"content":{"rendered":"<p>ARRAK Motion Flex Hose Herren Oliv<\/p>\n<p>ARRAK Motion Flex Pant Men Olive ist ein Paar 4-Wege-Stretchmaterial f\u00fcr eine perfekte Passform. Ab den Knien handelt es sich um ein wasserdichtes Gewebe, das beispielsweise beim Gehen auf nassem Gel\u00e4nde sch\u00fctzt. Rei\u00dfverschlusstaschen f\u00fcr die H\u00e4nde. Oberschenkeltaschen seitlich am Oberschenkel, wovon eine auch eine Rei\u00dfverschlusstasche hat.<\/p>\n<div class=\"woocommerce-tabs wc-tabs-wrapper\">\n<div id=\"tab-description\" class=\"woocommerce-Tabs-panel woocommerce-Tabs-panel--description panel entry-content wc-tab\" role=\"tabpanel\" aria-labelledby=\"tab-title-description\">\n<div class=\"post-content\">\n<p>Rei\u00dfverschluss an der Bein\u00f6ffnung, der das Anziehen erleichtert und zur Bel\u00fcftung genutzt werden kann.<br \/>\nIntegrierter G\u00fcrtel in der Taille.<br \/>\nDie Hose besteht aus einem Stretchstoff aus 90% Nylon \/ 10% Spandex und an der Unterseite der Hose aus 100% Polyester mit einer Wassers\u00e4ule von 3000 mm.<br \/>\nOutdoor-Hosen f\u00fcr alle, die eine flexible Hose mit perfekter Passform suchen!<\/p>\n<p><strong>Spezifikationen:<\/strong><\/p>\n<ul>\n<li>Stretchstoff 90% Nylon \/ 10% Spandex<\/li>\n<li>Unterseite der Hose aus 100%-Polyester mit einer Wassers\u00e4ule von 3000 mm<\/li>\n<li>7 G\u00fcrtelschlaufen<\/li>\n<li>Rei\u00dfverschlusstaschen f\u00fcr die H\u00e4nde<\/li>\n<li>Oberschenkeltaschen mit Rei\u00dfverschluss<\/li>\n<li>Verstellbare Beinenden f\u00fcr einfacheres An- und Ausziehen<\/li>\n<li>Rei\u00dfverschluss bei der Wahl der Bel\u00fcftung<\/li>\n<li>Integrierter G\u00fcrtel in der Taille<\/li>\n<\/ul>\n<p>Gr\u00f6\u00dfen: 46-60<\/p>\n<p><img loading=\"lazy\" decoding=\"async\" class=\"lazyautosizes lazyloaded alignnone wp-image-72595 size-large\" src=\"https:\/\/www.dogpride.nl\/wp-content\/uploads\/men_s_pants-701x1024.jpg\" sizes=\"auto, 701px\" srcset=\"https:\/\/www.dogpride.nl\/wp-content\/uploads\/men_s_pants-200x292.jpg 200w, https:\/\/www.dogpride.nl\/wp-content\/uploads\/men_s_pants-206x300.jpg 206w, https:\/\/www.dogpride.nl\/wp-content\/uploads\/men_s_pants-400x584.jpg 400w, https:\/\/www.dogpride.nl\/wp-content\/uploads\/men_s_pants-600x876.jpg 600w, https:\/\/www.dogpride.nl\/wp-content\/uploads\/men_s_pants-701x1024.jpg 701w, https:\/\/www.dogpride.nl\/wp-content\/uploads\/men_s_pants-768x1121.jpg 768w, https:\/\/www.dogpride.nl\/wp-content\/uploads\/men_s_pants-800x1168.jpg 800w, https:\/\/www.dogpride.nl\/wp-content\/uploads\/men_s_pants.jpg 822w\" alt=\"Maattabel\" width=\"701\" height=\"1024\" data-orig-src=\"https:\/\/www.dogpride.nl\/wp-content\/uploads\/men_s_pants-701x1024.jpg\" data-srcset=\"https:\/\/www.dogpride.nl\/wp-content\/uploads\/men_s_pants-200x292.jpg 200w, https:\/\/www.dogpride.nl\/wp-content\/uploads\/men_s_pants-206x300.jpg 206w, https:\/\/www.dogpride.nl\/wp-content\/uploads\/men_s_pants-400x584.jpg 400w, https:\/\/www.dogpride.nl\/wp-content\/uploads\/men_s_pants-600x876.jpg 600w, https:\/\/www.dogpride.nl\/wp-content\/uploads\/men_s_pants-701x1024.jpg 701w, https:\/\/www.dogpride.nl\/wp-content\/uploads\/men_s_pants-768x1121.jpg 768w, https:\/\/www.dogpride.nl\/wp-content\/uploads\/men_s_pants-800x1168.jpg 800w, https:\/\/www.dogpride.nl\/wp-content\/uploads\/men_s_pants.jpg 822w\" data-sizes=\"auto\" data-orig-sizes=\"(max-width: 701px) 100vw, 701px\" \/><\/p>\n<p><a href=\"https:\/\/arrakoutdoor.com\/\" target=\"_blank\" rel=\"noopener\"><img loading=\"lazy\" decoding=\"async\" class=\"alignnone wp-image-139301 size-medium\" src=\"https:\/\/dogpride.nl\/wp-content\/uploads\/Arrak-300x118.jpeg\" alt=\"Logo\" width=\"300\" height=\"118\" srcset=\"https:\/\/dogpride.nl\/wp-content\/uploads\/Arrak-300x118.jpeg 300w, https:\/\/dogpride.nl\/wp-content\/uploads\/Arrak-768x303.jpeg 768w, https:\/\/dogpride.nl\/wp-content\/uploads\/Arrak-18x7.jpeg 18w, https:\/\/dogpride.nl\/wp-content\/uploads\/Arrak-250x99.jpeg 250w, https:\/\/dogpride.nl\/wp-content\/uploads\/Arrak-400x158.jpeg 400w, https:\/\/dogpride.nl\/wp-content\/uploads\/Arrak.jpeg 916w\" sizes=\"auto, (max-width: 300px) 100vw, 300px\" \/><\/a><\/p>\n<\/div>\n<\/div>\n<\/div>\n<div class=\"fusion-clearfix\"><\/div>\n<ul class=\"social-share clearfix\">\n<li class=\"facebook\"><a href=\"https:\/\/dogpride.nl\/de\/kleding\/broeken\/arrak-outdoor-broeken\/\"><img loading=\"lazy\" decoding=\"async\" class=\"alignnone\" title=\"ARRAK Motion Flex Hose Herren Oliv\" src=\"https:\/\/dogpride.nl\/wp-content\/uploads\/motion_flex_pant_olive_5_-150x150.jpg\" alt=\"ARRAK Motion Flex Pant Men Olijf\" width=\"150\" height=\"150\" \/><\/a><\/li>\n<\/ul>","protected":false},"excerpt":{"rendered":"<p>Motion Flex Hose Herren. Die Arrak Motion Flex Hose besteht aus 4-Wege-Stretchmaterial f\u00fcr eine perfekte Passform.<\/p>","protected":false},"featured_media":88530,"template":"","meta":[],"product_brand":[],"product_cat":[24458],"product_tag":[],"class_list":{"0":"post-88529","1":"product","2":"type-product","3":"status-publish","4":"has-post-thumbnail","6":"product_cat-arrak-outdoor-heren-broeken","8":"first","9":"instock","10":"taxable","11":"shipping-taxable","12":"purchasable","13":"product-type-variable"},"mb":[],"mfb_rest_fields":["title"],"_links":{"self":[{"href":"https:\/\/dogpride.nl\/de\/wp-json\/wp\/v2\/product\/88529","targetHints":{"allow":["GET"]}}],"collection":[{"href":"https:\/\/dogpride.nl\/de\/wp-json\/wp\/v2\/product"}],"about":[{"href":"https:\/\/dogpride.nl\/de\/wp-json\/wp\/v2\/types\/product"}],"wp:featuredmedia":[{"embeddable":true,"href":"https:\/\/dogpride.nl\/de\/wp-json\/wp\/v2\/media\/88530"}],"wp:attachment":[{"href":"https:\/\/dogpride.nl\/de\/wp-json\/wp\/v2\/media?parent=88529"}],"wp:term":[{"taxonomy":"product_brand","embeddable":true,"href":"https:\/\/dogpride.nl\/de\/wp-json\/wp\/v2\/product_brand?post=88529"},{"taxonomy":"product_cat","embeddable":true,"href":"https:\/\/dogpride.nl\/de\/wp-json\/wp\/v2\/product_cat?post=88529"},{"taxonomy":"product_tag","embeddable":true,"href":"https:\/\/dogpride.nl\/de\/wp-json\/wp\/v2\/product_tag?post=88529"}],"curies":[{"name":"wp","href":"https:\/\/api.w.org\/{rel}","templated":true}]}}