{"id":88208,"date":"2022-03-29T11:58:20","date_gmt":"2022-03-29T09:58:20","guid":{"rendered":"https:\/\/www.dogpride.nl\/?post_type=product&#038;p=88208"},"modified":"2025-11-16T11:31:42","modified_gmt":"2025-11-16T10:31:42","slug":"vervangende-kabel-vest-balldropper","status":"publish","type":"product","link":"https:\/\/dogpride.nl\/de\/vervangende-kabel-vest-balldropper\/","title":{"rendered":"Ersatz-Kabelweste-Balldropper"},"content":{"rendered":"<h4>Ersatz-Kabelweste-Balldropper<\/h4>\n<ul>\n<li>Bitte bestellen Sie die Kordelzugl\u00e4nge entsprechend der Kleidung der Weste<\/li>\n<li>Die Befestigung des ummantelten Stahlseils erfolgt mittels Druckkn\u00f6pfen<\/li>\n<li>Passend f\u00fcr Ballwesten 1597 und 1590<\/li>\n<li>Zur Ausl\u00f6sung wird zus\u00e4tzlich 1594 ben\u00f6tigt<\/li>\n<\/ul>\n<p><strong>Erh\u00e4ltlich in den Gr\u00f6\u00dfen: <\/strong><\/p>\n<ul>\n<li>XS-S<\/li>\n<li>ML<\/li>\n<li>XL-XXXL<\/li>\n<\/ul>\n<p>&nbsp;<\/p>\n<p><strong>Gr\u00f6\u00dfentabelle:<\/strong><\/p>\n<p><img loading=\"lazy\" decoding=\"async\" class=\"alignnone wp-image-88184 size-full\" src=\"https:\/\/www.dogpride.nl\/wp-content\/uploads\/3231-5ed458f219e83.png\" alt=\"GAPPAY Balldropsysteem FONTANA\" width=\"800\" height=\"448\" srcset=\"https:\/\/dogpride.nl\/wp-content\/uploads\/3231-5ed458f219e83.png 800w, https:\/\/dogpride.nl\/wp-content\/uploads\/3231-5ed458f219e83-250x140.png 250w, https:\/\/dogpride.nl\/wp-content\/uploads\/3231-5ed458f219e83-400x224.png 400w, https:\/\/dogpride.nl\/wp-content\/uploads\/3231-5ed458f219e83-300x168.png 300w, https:\/\/dogpride.nl\/wp-content\/uploads\/3231-5ed458f219e83-768x430.png 768w, https:\/\/dogpride.nl\/wp-content\/uploads\/3231-5ed458f219e83-200x112.png 200w, https:\/\/dogpride.nl\/wp-content\/uploads\/3231-5ed458f219e83-600x336.png 600w\" sizes=\"auto, (max-width: 800px) 100vw, 800px\" \/><\/p>\n<p><a href=\"https:\/\/www.gappay-hundesport.com\/en\" target=\"_blank\" rel=\"noopener\"><img loading=\"lazy\" decoding=\"async\" class=\"alignnone wp-image-142913 size-medium\" src=\"https:\/\/dogpride.nl\/wp-content\/uploads\/gappay_logo-4-300x63.jpg\" alt=\"Logo Gappay\" width=\"300\" height=\"63\" srcset=\"https:\/\/dogpride.nl\/wp-content\/uploads\/gappay_logo-4-300x63.jpg 300w, https:\/\/dogpride.nl\/wp-content\/uploads\/gappay_logo-4-18x4.jpg 18w, https:\/\/dogpride.nl\/wp-content\/uploads\/gappay_logo-4-250x52.jpg 250w, https:\/\/dogpride.nl\/wp-content\/uploads\/gappay_logo-4.jpg 305w\" sizes=\"auto, (max-width: 300px) 100vw, 300px\" \/><\/a><\/p>\n<p><a href=\"https:\/\/dogpride.nl\/de\/kleding\/trainingsvesten\/gappay-trainingsvesten\/\"><img loading=\"lazy\" decoding=\"async\" class=\"alignnone\" title=\"Ersatz-Kabelweste-Balldropper\" src=\"https:\/\/dogpride.nl\/wp-content\/uploads\/1594a.jpg\" alt=\"Vervangende kabel vest balldropper\" width=\"213\" height=\"213\" \/><\/a><\/p>","protected":false},"excerpt":{"rendered":"<p>Die Befestigung des ummantelten Stahlseils erfolgt mittels Druckkn\u00f6pfen. Passend f\u00fcr Ballwesten 1597 und 1590. Zur Ausl\u00f6sung ist zus\u00e4tzlich die Weste 1594 erforderlich.<\/p>","protected":false},"featured_media":88209,"template":"","meta":[],"product_brand":[],"product_cat":[3875],"product_tag":[],"class_list":{"0":"post-88208","1":"product","2":"type-product","3":"status-publish","4":"has-post-thumbnail","6":"product_cat-gappay-trainingsvesten","8":"first","9":"instock","10":"taxable","11":"shipping-taxable","12":"purchasable","13":"product-type-variable"},"mb":[],"mfb_rest_fields":["title"],"_links":{"self":[{"href":"https:\/\/dogpride.nl\/de\/wp-json\/wp\/v2\/product\/88208","targetHints":{"allow":["GET"]}}],"collection":[{"href":"https:\/\/dogpride.nl\/de\/wp-json\/wp\/v2\/product"}],"about":[{"href":"https:\/\/dogpride.nl\/de\/wp-json\/wp\/v2\/types\/product"}],"wp:featuredmedia":[{"embeddable":true,"href":"https:\/\/dogpride.nl\/de\/wp-json\/wp\/v2\/media\/88209"}],"wp:attachment":[{"href":"https:\/\/dogpride.nl\/de\/wp-json\/wp\/v2\/media?parent=88208"}],"wp:term":[{"taxonomy":"product_brand","embeddable":true,"href":"https:\/\/dogpride.nl\/de\/wp-json\/wp\/v2\/product_brand?post=88208"},{"taxonomy":"product_cat","embeddable":true,"href":"https:\/\/dogpride.nl\/de\/wp-json\/wp\/v2\/product_cat?post=88208"},{"taxonomy":"product_tag","embeddable":true,"href":"https:\/\/dogpride.nl\/de\/wp-json\/wp\/v2\/product_tag?post=88208"}],"curies":[{"name":"wp","href":"https:\/\/api.w.org\/{rel}","templated":true}]}}