{"id":88194,"date":"2022-03-29T11:50:19","date_gmt":"2022-03-29T09:50:19","guid":{"rendered":"https:\/\/www.dogpride.nl\/?post_type=product&#038;p=88194"},"modified":"2025-11-16T11:31:50","modified_gmt":"2025-11-16T10:31:50","slug":"gappay-vest-flying-ball","status":"publish","type":"product","link":"https:\/\/dogpride.nl\/de\/gappay-vest-flying-ball\/","title":{"rendered":"Gappay-Cardigan FLYING BALL"},"content":{"rendered":"<h4>Gappay-Cardigan FLYING BALL<\/h4>\n<p>Gappay-Cardigan FLYING BALL<\/p>\n<ul>\n<li>Ideal in Kombination mit der Flying Ball Maschine<\/li>\n<li>Die Weste besteht aus leichtem Nylonmaterial<\/li>\n<li>Im Lieferumfang ist lediglich die Weste enthalten<\/li>\n<li>Das Flying Ball System muss separat erworben werden<\/li>\n<li>Sehr gut gemacht<\/li>\n<li>Angenehm zu tragen<\/li>\n<li>Hat ger\u00e4umige Taschen<\/li>\n<li>Eine gro\u00dfe K\u00e4ngurutasche, durchgehend an der H\u00fcfte<\/li>\n<li>Zwei Brusttaschen sind verschlie\u00dfbar<\/li>\n<li>Ring am Becken f\u00fcr den G\u00fcrtel<\/li>\n<li>Eine gro\u00dfe durchgehende Tasche am Ges\u00e4\u00df<\/li>\n<li>Dank spezieller Ecken sind die Taschen leicht zu greifen<\/li>\n<li>H\u00f6here Qualit\u00e4t<\/li>\n<li>Neue Rei\u00dfverschl\u00fcsse<\/li>\n<li>Viele ger\u00e4umige Taschen auf der Vorderseite<\/li>\n<li>Abschlie\u00dfbare Brusttaschen<\/li>\n<li>Sehr langlebiges Material<\/li>\n<li>Wasserabweisend<\/li>\n<li>Sehr atmungsaktiv<\/li>\n<li>Kratzfest<\/li>\n<li>Dieses Modell ist Unisex<\/li>\n<li>Ein perfektes Werkzeug f\u00fcr das Leinenhandling und das freie Sequenztraining<\/li>\n<li>Balldropper wird auf der linken Seite mit den vorgegebenen Druckkn\u00f6pfen in der Weste platziert<\/li>\n<li>Ausl\u00f6sung erfolgt mittels Zugschnur<\/li>\n<li>Geeignet f\u00fcr kleine und gro\u00dfe Kugeln, bis max. 68 mm<\/li>\n<li>Der Ball wird beim Ausl\u00f6sen immer in der richtigen Position ausgeworfen<\/li>\n<li>Hat zwei Fallst\u00e4rken, Riegel 1 und Riegel 2 f\u00fcr st\u00e4rkeren Auswurf<\/li>\n<li>Reichweite je nach Ball und Ruhe zwischen 2-5 Metern<\/li>\n<li>Aufgrund der Westengr\u00f6\u00dfe in drei Gr\u00f6\u00dfen erh\u00e4ltlich<\/li>\n<\/ul>\n<p>Erh\u00e4ltlich in den Gr\u00f6\u00dfen: XS-3XL<\/p>\n<p><strong>Maattabel Gappay Vest FLYING BALL:<\/strong><\/p>\n<p><img loading=\"lazy\" decoding=\"async\" class=\"alignnone wp-image-88179 size-full\" src=\"https:\/\/www.dogpride.nl\/wp-content\/uploads\/Tabelle-1590-en-1597.jpg\" alt=\"GAPPAY Trainingsvest PROFI Unisex\" width=\"600\" height=\"600\" srcset=\"https:\/\/dogpride.nl\/wp-content\/uploads\/Tabelle-1590-en-1597.jpg 600w, https:\/\/dogpride.nl\/wp-content\/uploads\/Tabelle-1590-en-1597-250x250.jpg 250w, https:\/\/dogpride.nl\/wp-content\/uploads\/Tabelle-1590-en-1597-100x100.jpg 100w, https:\/\/dogpride.nl\/wp-content\/uploads\/Tabelle-1590-en-1597-400x400.jpg 400w, https:\/\/dogpride.nl\/wp-content\/uploads\/Tabelle-1590-en-1597-300x300.jpg 300w, https:\/\/dogpride.nl\/wp-content\/uploads\/Tabelle-1590-en-1597-150x150.jpg 150w, https:\/\/dogpride.nl\/wp-content\/uploads\/Tabelle-1590-en-1597-66x66.jpg 66w, https:\/\/dogpride.nl\/wp-content\/uploads\/Tabelle-1590-en-1597-200x200.jpg 200w\" sizes=\"auto, (max-width: 600px) 100vw, 600px\" \/><\/p>\n<p><a href=\"https:\/\/www.gappay-hundesport.com\/en\" target=\"_blank\" rel=\"noopener\"><img loading=\"lazy\" decoding=\"async\" class=\"alignnone wp-image-142913 size-medium\" src=\"https:\/\/dogpride.nl\/wp-content\/uploads\/gappay_logo-4-300x63.jpg\" alt=\"Logo Gappay\" width=\"300\" height=\"63\" srcset=\"https:\/\/dogpride.nl\/wp-content\/uploads\/gappay_logo-4-300x63.jpg 300w, https:\/\/dogpride.nl\/wp-content\/uploads\/gappay_logo-4-18x4.jpg 18w, https:\/\/dogpride.nl\/wp-content\/uploads\/gappay_logo-4-250x52.jpg 250w, https:\/\/dogpride.nl\/wp-content\/uploads\/gappay_logo-4.jpg 305w\" sizes=\"auto, (max-width: 300px) 100vw, 300px\" \/><\/a><\/p>\n<p><a href=\"https:\/\/dogpride.nl\/de\/kleding\/trainingsvesten\/gappay-trainingsvesten\/\"><img loading=\"lazy\" decoding=\"async\" class=\"alignnone\" title=\"Gappay-Cardigan FLYING BALL\" src=\"https:\/\/dogpride.nl\/wp-content\/uploads\/1591-A-vesta-s-vyhazovacem-celni-MG-8763-150x150.jpg\" alt=\"Gappay Vest FLYING BALL\" width=\"150\" height=\"150\" \/><\/a><\/p>","protected":false},"excerpt":{"rendered":"<p>Ein perfektes Werkzeug f\u00fcr das Leinenhandling und das freie Sequenztraining. Balldropper wird auf der linken Seite mit den vorgegebenen Druckkn\u00f6pfen in der Weste platziert. Ausl\u00f6sung erfolgt mittels Zugschnur. Geeignet f\u00fcr kleine und gro\u00dfe Kugeln, bis max. 68 mm.<\/p>","protected":false},"featured_media":88196,"template":"","meta":[],"product_brand":[],"product_cat":[3875],"product_tag":[],"class_list":{"0":"post-88194","1":"product","2":"type-product","3":"status-publish","4":"has-post-thumbnail","6":"product_cat-gappay-trainingsvesten","8":"first","9":"instock","10":"taxable","11":"shipping-taxable","12":"purchasable","13":"product-type-variable"},"mb":[],"mfb_rest_fields":["title"],"_links":{"self":[{"href":"https:\/\/dogpride.nl\/de\/wp-json\/wp\/v2\/product\/88194","targetHints":{"allow":["GET"]}}],"collection":[{"href":"https:\/\/dogpride.nl\/de\/wp-json\/wp\/v2\/product"}],"about":[{"href":"https:\/\/dogpride.nl\/de\/wp-json\/wp\/v2\/types\/product"}],"wp:featuredmedia":[{"embeddable":true,"href":"https:\/\/dogpride.nl\/de\/wp-json\/wp\/v2\/media\/88196"}],"wp:attachment":[{"href":"https:\/\/dogpride.nl\/de\/wp-json\/wp\/v2\/media?parent=88194"}],"wp:term":[{"taxonomy":"product_brand","embeddable":true,"href":"https:\/\/dogpride.nl\/de\/wp-json\/wp\/v2\/product_brand?post=88194"},{"taxonomy":"product_cat","embeddable":true,"href":"https:\/\/dogpride.nl\/de\/wp-json\/wp\/v2\/product_cat?post=88194"},{"taxonomy":"product_tag","embeddable":true,"href":"https:\/\/dogpride.nl\/de\/wp-json\/wp\/v2\/product_tag?post=88194"}],"curies":[{"name":"wp","href":"https:\/\/api.w.org\/{rel}","templated":true}]}}