{"id":88139,"date":"2022-03-29T09:26:03","date_gmt":"2022-03-29T07:26:03","guid":{"rendered":"https:\/\/www.dogpride.nl\/?post_type=product&#038;p=88139"},"modified":"2025-11-16T09:10:14","modified_gmt":"2025-11-16T08:10:14","slug":"dogs4me-dogsportvest-vollk","status":"publish","type":"product","link":"https:\/\/dogpride.nl\/de\/dogs4me-dogsportvest-vollk\/","title":{"rendered":"DOGS4ME Dogsportvest VOLLK"},"content":{"rendered":"<h4>DOGS4ME Dogsportvest VOLLK<\/h4>\n<p>DOGS4ME Dogsportvest VOLLK<\/p>\n<p>Unisex \u2013 der Schnitt ist in der Taille leicht schmaler<br \/>\nFarbige Eins\u00e4tze auf der Vorderseite verleihen der Weste einen schlanken Look<br \/>\nObermaterial 100% PAD Cordura mit Gummibeschichtung<\/p>\n<p><a href=\"https:\/\/dogpride.nl\/de\/kleding\/trainingsvesten\/dogs4me-trainingsvesten\/\"><img loading=\"lazy\" decoding=\"async\" class=\"alignnone\" title=\"DOGS4ME Dogsportvest VOLLK\" src=\"https:\/\/dogpride.nl\/wp-content\/uploads\/dogsport-vest-vollk-5-150x150.jpg\" alt=\"DOGS4ME Dogsportvest VOLLK\" width=\"150\" height=\"150\" \/><\/a><\/p>\n<h5>Farbiger Teil ist Softshell mit 2 ger\u00e4umigen Rei\u00dfverschlusstaschen zum Beispiel: Autoschl\u00fcssel, Handy usw.<\/h5>\n<ul>\n<li>Die wasserdichte Kapuze ist Teil des Kragens \u2013 ideal bei schlechtem Wetter<\/li>\n<li>Verstellbare Taille durch den Tunnel mit elastischem schwarzem Innenfutter 100% PES<\/li>\n<li>Ring um den G\u00fcrtel<\/li>\n<li>Zwei ger\u00e4umige Taschen vorne und zwei hinten unten an der Weste mit der M\u00f6glichkeit, die Tasche zu vergr\u00f6\u00dfern.<\/li>\n<li>Um die Weste an der H\u00fcfte vergr\u00f6\u00dfern zu k\u00f6nnen, werden hochwertige PRYM-Verschl\u00fcsse verwendet. Ideal bei breiteren H\u00fcften oder einfach f\u00fcr mehr Komfort bei der Arbeit mit einem Hund, sei es in kniender oder sitzender Position.<\/li>\n<li>Wenn Sie sowohl die H\u00fcftrei\u00dfverschlussverl\u00e4ngerung als auch die Taschenverl\u00e4ngerung verwenden, erhalten Sie die \u00fcbergro\u00dfen Taschen. Die Rei\u00dfverschl\u00fcsse \u00f6ffnen sich nach oben. So kann die Pfote eines eifrigen Hundes nicht eingeklemmt werden und der Rei\u00dfverschluss wird durch das Herunterziehen nicht besch\u00e4digt.<\/li>\n<li>F\u00fcr den Keil, der die Tasche vergr\u00f6\u00dfert, verwenden wir kein Futtermaterial, sondern ein hochwertiges Obermaterial.<\/li>\n<li>YKK-Rei\u00dfverschl\u00fcsse (Zwei-Wege-Rei\u00dfverschluss ist eine Option)<\/li>\n<\/ul>\n<p>Erh\u00e4ltlich in den Farben: Orange, Gr\u00fcn, Blau, Pink<\/p>\n<p>Verf\u00fcgbare Gr\u00f6\u00dfen: XS-XXL oder Sonderanfertigung.<\/p>\n<h5>Gr\u00f6\u00dfentabelle:<\/h5>\n<p><img loading=\"lazy\" decoding=\"async\" class=\"alignnone size-full wp-image-88147\" src=\"https:\/\/www.dogpride.nl\/wp-content\/uploads\/Maattabel-VOLLK.jpg\" alt=\"Maattabel\" width=\"598\" height=\"320\" srcset=\"https:\/\/dogpride.nl\/wp-content\/uploads\/Maattabel-VOLLK.jpg 598w, https:\/\/dogpride.nl\/wp-content\/uploads\/Maattabel-VOLLK-250x134.jpg 250w, https:\/\/dogpride.nl\/wp-content\/uploads\/Maattabel-VOLLK-400x214.jpg 400w, https:\/\/dogpride.nl\/wp-content\/uploads\/Maattabel-VOLLK-300x161.jpg 300w, https:\/\/dogpride.nl\/wp-content\/uploads\/Maattabel-VOLLK-200x107.jpg 200w\" sizes=\"auto, (max-width: 598px) 100vw, 598px\" \/><\/p>\n<p><a href=\"https:\/\/d4m.eu\/en\/\" target=\"_blank\" rel=\"noopener\"><img loading=\"lazy\" decoding=\"async\" class=\"alignnone wp-image-142870 size-medium\" src=\"https:\/\/dogpride.nl\/wp-content\/uploads\/Logo-Dogs4me-2-300x188.jpg\" alt=\"Logo\" width=\"300\" height=\"188\" srcset=\"https:\/\/dogpride.nl\/wp-content\/uploads\/Logo-Dogs4me-2-300x188.jpg 300w, https:\/\/dogpride.nl\/wp-content\/uploads\/Logo-Dogs4me-2-1024x640.jpg 1024w, https:\/\/dogpride.nl\/wp-content\/uploads\/Logo-Dogs4me-2-768x480.jpg 768w, https:\/\/dogpride.nl\/wp-content\/uploads\/Logo-Dogs4me-2-1536x960.jpg 1536w, https:\/\/dogpride.nl\/wp-content\/uploads\/Logo-Dogs4me-2-18x12.jpg 18w, https:\/\/dogpride.nl\/wp-content\/uploads\/Logo-Dogs4me-2-250x156.jpg 250w, https:\/\/dogpride.nl\/wp-content\/uploads\/Logo-Dogs4me-2-400x250.jpg 400w, https:\/\/dogpride.nl\/wp-content\/uploads\/Logo-Dogs4me-2.jpg 1680w\" sizes=\"auto, (max-width: 300px) 100vw, 300px\" \/><\/a><\/p>","protected":false},"excerpt":{"rendered":"<p>DOGS4ME Dogsportvest VOLLK Unisex &#8211; de snit is iets versmald in de taille. Kleur inzetstukken aan de voorkant geven het vest een slank look. Top materiaal 100% PAD Cordura met rubberen coating.<\/p>","protected":false},"featured_media":88140,"template":"","meta":[],"product_brand":[],"product_cat":[3872],"product_tag":[],"class_list":{"0":"post-88139","1":"product","2":"type-product","3":"status-publish","4":"has-post-thumbnail","6":"product_cat-dogs4me-trainingsvesten","8":"first","9":"instock","10":"taxable","11":"shipping-taxable","12":"purchasable","13":"product-type-variable"},"mb":[],"mfb_rest_fields":["title"],"_links":{"self":[{"href":"https:\/\/dogpride.nl\/de\/wp-json\/wp\/v2\/product\/88139","targetHints":{"allow":["GET"]}}],"collection":[{"href":"https:\/\/dogpride.nl\/de\/wp-json\/wp\/v2\/product"}],"about":[{"href":"https:\/\/dogpride.nl\/de\/wp-json\/wp\/v2\/types\/product"}],"wp:featuredmedia":[{"embeddable":true,"href":"https:\/\/dogpride.nl\/de\/wp-json\/wp\/v2\/media\/88140"}],"wp:attachment":[{"href":"https:\/\/dogpride.nl\/de\/wp-json\/wp\/v2\/media?parent=88139"}],"wp:term":[{"taxonomy":"product_brand","embeddable":true,"href":"https:\/\/dogpride.nl\/de\/wp-json\/wp\/v2\/product_brand?post=88139"},{"taxonomy":"product_cat","embeddable":true,"href":"https:\/\/dogpride.nl\/de\/wp-json\/wp\/v2\/product_cat?post=88139"},{"taxonomy":"product_tag","embeddable":true,"href":"https:\/\/dogpride.nl\/de\/wp-json\/wp\/v2\/product_tag?post=88139"}],"curies":[{"name":"wp","href":"https:\/\/api.w.org\/{rel}","templated":true}]}}