{"id":87314,"date":"2022-03-16T14:31:41","date_gmt":"2022-03-16T13:31:41","guid":{"rendered":"https:\/\/www.dogpride.nl\/?post_type=product&#038;p=87314"},"modified":"2022-03-16T14:38:33","modified_gmt":"2022-03-16T13:38:33","slug":"dibaro-transportkooi-54-x-87-x-66-cm","status":"publish","type":"product","link":"https:\/\/dogpride.nl\/de\/dibaro-transportkooi-54-x-87-x-66-cm\/","title":{"rendered":"DIBARO Transportk\u00e4fig \u2013 54 x 87 x 66 cm"},"content":{"rendered":"<h4>DIBARO Transportk\u00e4fig \u2013 54 x 87 x 66 cm<\/h4>\n<p>DIBARO Transportk\u00e4fig \u2013 54 x 87 x 66 cm.<\/p>\n<p><strong>Der einfache DIBARO-K\u00e4fig wurde speziell f\u00fcr den absolut sicheren Transport Ihres Hundes entwickelt.<\/strong><\/p>\n<p>Hochwertiger Hersteller aus eloxiertem Aluminium f\u00fcr 10 mm PVC-Profile und -Paneele.<br \/>\nDie DIBARO Hundebox sorgt f\u00fcr Komfort und Wohlbefinden Ihres Hundes und h\u00e4lt das Auto sauber<\/p>\n<p>Breite 54 cm x Tiefe 87 cm x H\u00f6he 66 cm<br \/>\n1 schr\u00e4ger Abschnitt auf der R\u00fccksitzseite, um die Neigung der Sitze anzupassen, 1 schr\u00e4ger Abschnitt auf der Heckklappenseite, um der Kr\u00fcmmung des Gep\u00e4ckraums zu folgen.<\/p>\n<p><span class=\"goog-text-highlight\">Lieferung als Bausatz, einfache Montage<\/span><\/p>","protected":false},"excerpt":{"rendered":"<p>Der einfache DIBARO-K\u00e4fig wurde speziell f\u00fcr den absolut sicheren Transport Ihres Hundes entwickelt. Hochwertiger Hersteller aus eloxiertem Aluminium f\u00fcr 10 mm PVC-Profile und -Paneele.<\/p>","protected":false},"featured_media":87315,"template":"","meta":[],"product_brand":[],"product_cat":[370],"product_tag":[],"class_list":{"0":"post-87314","1":"product","2":"type-product","3":"status-publish","4":"has-post-thumbnail","6":"product_cat-benches","8":"first","9":"instock","10":"taxable","11":"shipping-taxable","12":"purchasable","13":"product-type-simple"},"mb":[],"mfb_rest_fields":["title"],"_links":{"self":[{"href":"https:\/\/dogpride.nl\/de\/wp-json\/wp\/v2\/product\/87314","targetHints":{"allow":["GET"]}}],"collection":[{"href":"https:\/\/dogpride.nl\/de\/wp-json\/wp\/v2\/product"}],"about":[{"href":"https:\/\/dogpride.nl\/de\/wp-json\/wp\/v2\/types\/product"}],"wp:featuredmedia":[{"embeddable":true,"href":"https:\/\/dogpride.nl\/de\/wp-json\/wp\/v2\/media\/87315"}],"wp:attachment":[{"href":"https:\/\/dogpride.nl\/de\/wp-json\/wp\/v2\/media?parent=87314"}],"wp:term":[{"taxonomy":"product_brand","embeddable":true,"href":"https:\/\/dogpride.nl\/de\/wp-json\/wp\/v2\/product_brand?post=87314"},{"taxonomy":"product_cat","embeddable":true,"href":"https:\/\/dogpride.nl\/de\/wp-json\/wp\/v2\/product_cat?post=87314"},{"taxonomy":"product_tag","embeddable":true,"href":"https:\/\/dogpride.nl\/de\/wp-json\/wp\/v2\/product_tag?post=87314"}],"curies":[{"name":"wp","href":"https:\/\/api.w.org\/{rel}","templated":true}]}}