{"id":87309,"date":"2022-03-16T14:18:42","date_gmt":"2022-03-16T13:18:42","guid":{"rendered":"https:\/\/www.dogpride.nl\/?post_type=product&#038;p=87309"},"modified":"2022-03-16T14:26:45","modified_gmt":"2022-03-16T13:26:45","slug":"dibaro-transportkooi-90-x-72-x-60-cm","status":"publish","type":"product","link":"https:\/\/dogpride.nl\/de\/dibaro-transportkooi-90-x-72-x-60-cm\/","title":{"rendered":"DIBARO Transportk\u00e4fig \u2013 90 x 72 x 60 cm"},"content":{"rendered":"<h4>DIBARO Transportk\u00e4fig \u2013 90 x 72 x 60 cm<\/h4>\n<p>DIBARO Transportk\u00e4fig \u2013 90 x 72 x 60 cm.<\/p>\n<p><strong><span class=\"\">Der einfache DIBARO-K\u00e4fig wurde speziell f\u00fcr den absolut sicheren Transport Ihres Hundes entwickelt.<\/span><\/strong><\/p>\n<p>Hochwertiger Hersteller aus eloxiertem Aluminium f\u00fcr 10 mm PVC-Profile und -Paneele.<br \/>\nDie DIBARO Hundebox sorgt f\u00fcr Komfort und Wohlbefinden Ihres Hundes und h\u00e4lt das Auto sauber<\/p>\n<p>Breite 90 cm x Tiefe 72 cm x H\u00f6he 60 cm<br \/>\n1 schr\u00e4ger Abschnitt auf der R\u00fccksitzseite, um die Neigung der Sitze anzupassen, 1 schr\u00e4ger Abschnitt auf der Heckklappenseite, um der Kr\u00fcmmung des Gep\u00e4ckraums zu folgen.<\/p>\n<ul>\n<li><span class=\"goog-text-highlight\">Lieferung als Bausatz, einfache Montage<\/span><\/li>\n<\/ul>","protected":false},"excerpt":{"rendered":"<p><span class=\"\">Der einfache DIBARO-K\u00e4fig wurde speziell f\u00fcr den absolut sicheren Transport Ihres Hundes entwickelt. Hochwertiger Hersteller aus eloxiertem Aluminium f\u00fcr 10 mm PVC-Profile und -Paneele.<\/span><\/p>","protected":false},"featured_media":87307,"template":"","meta":[],"product_brand":[],"product_cat":[370],"product_tag":[],"class_list":{"0":"post-87309","1":"product","2":"type-product","3":"status-publish","4":"has-post-thumbnail","6":"product_cat-benches","8":"first","9":"instock","10":"taxable","11":"shipping-taxable","12":"purchasable","13":"product-type-simple"},"mb":[],"mfb_rest_fields":["title"],"_links":{"self":[{"href":"https:\/\/dogpride.nl\/de\/wp-json\/wp\/v2\/product\/87309","targetHints":{"allow":["GET"]}}],"collection":[{"href":"https:\/\/dogpride.nl\/de\/wp-json\/wp\/v2\/product"}],"about":[{"href":"https:\/\/dogpride.nl\/de\/wp-json\/wp\/v2\/types\/product"}],"wp:featuredmedia":[{"embeddable":true,"href":"https:\/\/dogpride.nl\/de\/wp-json\/wp\/v2\/media\/87307"}],"wp:attachment":[{"href":"https:\/\/dogpride.nl\/de\/wp-json\/wp\/v2\/media?parent=87309"}],"wp:term":[{"taxonomy":"product_brand","embeddable":true,"href":"https:\/\/dogpride.nl\/de\/wp-json\/wp\/v2\/product_brand?post=87309"},{"taxonomy":"product_cat","embeddable":true,"href":"https:\/\/dogpride.nl\/de\/wp-json\/wp\/v2\/product_cat?post=87309"},{"taxonomy":"product_tag","embeddable":true,"href":"https:\/\/dogpride.nl\/de\/wp-json\/wp\/v2\/product_tag?post=87309"}],"curies":[{"name":"wp","href":"https:\/\/api.w.org\/{rel}","templated":true}]}}