{"id":87306,"date":"2022-03-16T14:10:38","date_gmt":"2022-03-16T13:10:38","guid":{"rendered":"https:\/\/www.dogpride.nl\/?post_type=product&#038;p=87306"},"modified":"2023-10-31T16:30:44","modified_gmt":"2023-10-31T15:30:44","slug":"dibaro-transportkooi-groot-90-x-82-x-66-cm","status":"publish","type":"product","link":"https:\/\/dogpride.nl\/de\/dibaro-transportkooi-groot-90-x-82-x-66-cm\/","title":{"rendered":"DIBARO Transportk\u00e4fig Gro\u00df \u2013 90 x 82 x 66 cm"},"content":{"rendered":"<h4>DIBARO Transportk\u00e4fig Gro\u00df \u2013 90 x 82 x 66 cm<\/h4>\n<p>DIBARO Transportk\u00e4fig Gro\u00df \u2013 90 x 82 x 66 cm.<\/p>\n<p><strong>Der einfache DIBARO-K\u00e4fig wurde speziell f\u00fcr den absolut sicheren Transport Ihres Hundes entwickelt.<\/strong><\/p>\n<p>Hochwertiger Hersteller aus eloxiertem Aluminium f\u00fcr 10 mm PVC-Profile und -Paneele.<\/p>\n<p>Die DIBARO Hundebox sorgt f\u00fcr Komfort und Wohlbefinden Ihres Hundes und h\u00e4lt das Auto sauber<\/p>\n<p><strong><span class=\"\">Breite 90 cm x Tiefe 82 cm x H\u00f6he 66 cm<\/span><\/strong><\/p>\n<p>1 Abschr\u00e4gung an der R\u00fcckbank zur Anpassung der Sitzneigung, 1 Abschr\u00e4gung an der Heckklappe zur Anpassung an die W\u00f6lbung des Gep\u00e4ckraums.<\/p>\n<ul>\n<li><span class=\"goog-text-highlight\">Lieferung als Bausatz, einfache Montage<\/span><\/li>\n<\/ul>","protected":false},"excerpt":{"rendered":"<p>Der einfache DIBARO-K\u00e4fig wurde speziell f\u00fcr den absolut sicheren Transport Ihres Hundes entwickelt. Hochwertiger Hersteller aus eloxiertem Aluminium f\u00fcr 10 mm PVC-Profile und -Paneele.<\/p>","protected":false},"featured_media":87307,"template":"","meta":[],"product_brand":[],"product_cat":[370],"product_tag":[],"class_list":{"0":"post-87306","1":"product","2":"type-product","3":"status-publish","4":"has-post-thumbnail","6":"product_cat-benches","8":"first","9":"instock","10":"taxable","11":"shipping-taxable","12":"purchasable","13":"product-type-simple"},"mb":[],"mfb_rest_fields":["title"],"_links":{"self":[{"href":"https:\/\/dogpride.nl\/de\/wp-json\/wp\/v2\/product\/87306","targetHints":{"allow":["GET"]}}],"collection":[{"href":"https:\/\/dogpride.nl\/de\/wp-json\/wp\/v2\/product"}],"about":[{"href":"https:\/\/dogpride.nl\/de\/wp-json\/wp\/v2\/types\/product"}],"wp:featuredmedia":[{"embeddable":true,"href":"https:\/\/dogpride.nl\/de\/wp-json\/wp\/v2\/media\/87307"}],"wp:attachment":[{"href":"https:\/\/dogpride.nl\/de\/wp-json\/wp\/v2\/media?parent=87306"}],"wp:term":[{"taxonomy":"product_brand","embeddable":true,"href":"https:\/\/dogpride.nl\/de\/wp-json\/wp\/v2\/product_brand?post=87306"},{"taxonomy":"product_cat","embeddable":true,"href":"https:\/\/dogpride.nl\/de\/wp-json\/wp\/v2\/product_cat?post=87306"},{"taxonomy":"product_tag","embeddable":true,"href":"https:\/\/dogpride.nl\/de\/wp-json\/wp\/v2\/product_tag?post=87306"}],"curies":[{"name":"wp","href":"https:\/\/api.w.org\/{rel}","templated":true}]}}