{"id":87275,"date":"2022-03-16T11:23:22","date_gmt":"2022-03-16T10:23:22","guid":{"rendered":"https:\/\/www.dogpride.nl\/?post_type=product&#038;p=87275"},"modified":"2023-02-01T12:31:37","modified_gmt":"2023-02-01T11:31:37","slug":"nomad-2-deurs-reiskooi","status":"publish","type":"product","link":"https:\/\/dogpride.nl\/de\/nomad-2-deurs-reiskooi\/","title":{"rendered":"NOMAD 2-t\u00fcriger Reisek\u00e4fig"},"content":{"rendered":"<h4>NOMAD 2-t\u00fcriger Reisek\u00e4fig<\/h4>\n<p>NOMAD 2-t\u00fcriger Reisek\u00e4fig.<\/p>\n<h5><span class=\"\">Der NOMAD-Transportk\u00e4fig erf\u00fcllt die IATA-Standards f\u00fcr den Lufttransport eines Hundes<\/span><\/h5>\n<p>F\u00fcr den Transport im Auto ist dieser K\u00e4fig ideal f\u00fcr kleine Hunde, er kann dank der abnehmbaren Trennwand und der beiden T\u00fcren 1 oder 2 Hunde transportieren.<br \/>\nDer Nomad-K\u00e4fig ist mit abnehmbaren R\u00e4dern ausgestattet, um die Handhabung zu erleichtern, sowie einem einziehbaren Trolley-Griff.<br \/>\nDer Nomad-K\u00e4fig verf\u00fcgt oben \u00fcber 2 Ablagef\u00e4cher.<\/p>\n<p><strong><span class=\"goog-text-highlight\">Ma\u00dfe:<\/span><\/strong><\/p>\n<ul>\n<li><span class=\"goog-text-highlight\">Tiefe 56 cm<\/span><\/li>\n<li><span class=\"goog-text-highlight\">Breite 87 cm<\/span><\/li>\n<li><span class=\"goog-text-highlight\">H\u00f6he 65 cm<\/span><\/li>\n<\/ul>\n<p><img loading=\"lazy\" decoding=\"async\" class=\"alignnone size-full wp-image-87280\" src=\"https:\/\/www.dogpride.nl\/wp-content\/uploads\/verybig-5556-5.jpg\" alt=\"NOMAD 2-deurs reiskooi Afmetingen\" width=\"520\" height=\"520\" srcset=\"https:\/\/dogpride.nl\/wp-content\/uploads\/verybig-5556-5.jpg 520w, https:\/\/dogpride.nl\/wp-content\/uploads\/verybig-5556-5-250x250.jpg 250w, https:\/\/dogpride.nl\/wp-content\/uploads\/verybig-5556-5-100x100.jpg 100w, https:\/\/dogpride.nl\/wp-content\/uploads\/verybig-5556-5-400x400.jpg 400w, https:\/\/dogpride.nl\/wp-content\/uploads\/verybig-5556-5-300x300.jpg 300w, https:\/\/dogpride.nl\/wp-content\/uploads\/verybig-5556-5-150x150.jpg 150w, https:\/\/dogpride.nl\/wp-content\/uploads\/verybig-5556-5-66x66.jpg 66w, https:\/\/dogpride.nl\/wp-content\/uploads\/verybig-5556-5-200x200.jpg 200w\" sizes=\"auto, (max-width: 520px) 100vw, 520px\" \/><\/p>","protected":false},"excerpt":{"rendered":"<p>F\u00fcr den Transport im Auto ist dieser K\u00e4fig ideal f\u00fcr kleine Hunde. Dank der herausnehmbaren Trennwand und der beiden T\u00fcren k\u00f6nnen 1 oder 2 Hunde transportiert werden.\u00a0<span class=\"\">Der NOMAD-Transportk\u00e4fig erf\u00fcllt die IATA-Standards f\u00fcr den Lufttransport eines Hundes.<\/span><\/p>","protected":false},"featured_media":87276,"template":"","meta":[],"product_brand":[],"product_cat":[5174],"product_tag":[],"class_list":{"0":"post-87275","1":"product","2":"type-product","3":"status-publish","4":"has-post-thumbnail","6":"product_cat-reizen-transport","8":"first","9":"onbackorder","10":"taxable","11":"shipping-taxable","12":"purchasable","13":"product-type-simple"},"mb":[],"mfb_rest_fields":["title"],"_links":{"self":[{"href":"https:\/\/dogpride.nl\/de\/wp-json\/wp\/v2\/product\/87275","targetHints":{"allow":["GET"]}}],"collection":[{"href":"https:\/\/dogpride.nl\/de\/wp-json\/wp\/v2\/product"}],"about":[{"href":"https:\/\/dogpride.nl\/de\/wp-json\/wp\/v2\/types\/product"}],"wp:featuredmedia":[{"embeddable":true,"href":"https:\/\/dogpride.nl\/de\/wp-json\/wp\/v2\/media\/87276"}],"wp:attachment":[{"href":"https:\/\/dogpride.nl\/de\/wp-json\/wp\/v2\/media?parent=87275"}],"wp:term":[{"taxonomy":"product_brand","embeddable":true,"href":"https:\/\/dogpride.nl\/de\/wp-json\/wp\/v2\/product_brand?post=87275"},{"taxonomy":"product_cat","embeddable":true,"href":"https:\/\/dogpride.nl\/de\/wp-json\/wp\/v2\/product_cat?post=87275"},{"taxonomy":"product_tag","embeddable":true,"href":"https:\/\/dogpride.nl\/de\/wp-json\/wp\/v2\/product_tag?post=87275"}],"curies":[{"name":"wp","href":"https:\/\/api.w.org\/{rel}","templated":true}]}}