{"id":87236,"date":"2022-03-15T15:34:31","date_gmt":"2022-03-15T14:34:31","guid":{"rendered":"https:\/\/www.dogpride.nl\/?post_type=product&#038;p=87236"},"modified":"2023-02-01T09:49:11","modified_gmt":"2023-02-01T08:49:11","slug":"petmate-husky-dog-house","status":"publish","type":"product","link":"https:\/\/dogpride.nl\/de\/petmate-husky-dog-house\/","title":{"rendered":"Petmate Husky-Hundeh\u00fctte"},"content":{"rendered":"<h4 class=\"mb-0 pb-0 text-black product-title\">Petmate Husky-Hundeh\u00fctte<\/h4>\n<p class=\"mb-0 pb-0 text-black product-title\">Petmate Husky-Hundeh\u00fctte.<\/p>\n<p><strong>Die einzige Hundeh\u00fctte, die ein Hund jemals brauchen wird.<br \/>\n<\/strong>Bieten Sie Ihrem Hund mit dieser Husky-Hundeh\u00fctte den ultimativen Schutz vor der Au\u00dfenwelt.<\/p>\n<p><strong>Hergestellt aus 100% recyceltem Harz \u201ePolypropylenschaum\u201c.\u00a0<\/strong><\/p>\n<p>Speziell auf Langlebigkeit ausgelegt und mit einem erh\u00f6hten Boden, einer Hinterl\u00fcftung f\u00fcr eine gesunde Luftzirkulation und einer auslaufsicheren, robusten Strukturschaumkonstruktion ausgestattet, um Ihr Haustier trocken zu halten.<br \/>\nDie Kuppelform bietet Ihrem Hund viel Platz, w\u00e4hrend der erweiterte Eingang Schutz vor Regen, Wind und Schnee bietet.<\/p>\n<p><strong>Eigenschaften<\/strong><\/p>\n<ul>\n<li>Bel\u00fcftung f\u00fcr frische Luft<\/li>\n<li>Auslaufsicheres Design<\/li>\n<li>K\u00fchl im Sommer, w\u00e4rmer im Winter<\/li>\n<li>Einfache Installation mit nur einem Schraubendreher<\/li>\n<li>Hergestellt in den USA<\/li>\n<li>Sehr kompakt verpackt<\/li>\n<\/ul>\n<p><strong>Geeignet f\u00fcr Hunde bis 40 kg.<\/strong><\/p>\n<p><strong>Gewichtserh\u00f6hung<br \/>\n<\/strong>14,7 kg<\/p>\n<p><strong>Format<br \/>\n<\/strong>85x84x66cm<\/p>","protected":false},"excerpt":{"rendered":"<p>Speziell auf Langlebigkeit ausgelegt und mit einem erh\u00f6hten Boden, einer Hinterl\u00fcftung f\u00fcr eine gesunde Luftzirkulation und einer auslaufsicheren, robusten Strukturschaumkonstruktion ausgestattet, um Ihr Haustier trocken zu halten.<\/p>","protected":false},"featured_media":87237,"template":"","meta":[],"product_brand":[],"product_cat":[370],"product_tag":[],"class_list":{"0":"post-87236","1":"product","2":"type-product","3":"status-publish","4":"has-post-thumbnail","6":"product_cat-benches","8":"first","9":"instock","10":"taxable","11":"shipping-taxable","12":"purchasable","13":"product-type-simple"},"mb":[],"mfb_rest_fields":["title"],"_links":{"self":[{"href":"https:\/\/dogpride.nl\/de\/wp-json\/wp\/v2\/product\/87236","targetHints":{"allow":["GET"]}}],"collection":[{"href":"https:\/\/dogpride.nl\/de\/wp-json\/wp\/v2\/product"}],"about":[{"href":"https:\/\/dogpride.nl\/de\/wp-json\/wp\/v2\/types\/product"}],"wp:featuredmedia":[{"embeddable":true,"href":"https:\/\/dogpride.nl\/de\/wp-json\/wp\/v2\/media\/87237"}],"wp:attachment":[{"href":"https:\/\/dogpride.nl\/de\/wp-json\/wp\/v2\/media?parent=87236"}],"wp:term":[{"taxonomy":"product_brand","embeddable":true,"href":"https:\/\/dogpride.nl\/de\/wp-json\/wp\/v2\/product_brand?post=87236"},{"taxonomy":"product_cat","embeddable":true,"href":"https:\/\/dogpride.nl\/de\/wp-json\/wp\/v2\/product_cat?post=87236"},{"taxonomy":"product_tag","embeddable":true,"href":"https:\/\/dogpride.nl\/de\/wp-json\/wp\/v2\/product_tag?post=87236"}],"curies":[{"name":"wp","href":"https:\/\/api.w.org\/{rel}","templated":true}]}}