{"id":86208,"date":"2022-03-07T14:57:51","date_gmt":"2022-03-07T13:57:51","guid":{"rendered":"https:\/\/www.dogpride.nl\/?post_type=product&#038;p=86208"},"modified":"2025-11-26T10:48:05","modified_gmt":"2025-11-26T09:48:05","slug":"mypado-classic-zachte-hondendeken","status":"publish","type":"product","link":"https:\/\/dogpride.nl\/de\/mypado-classic-zachte-hondendeken\/","title":{"rendered":"MYPADO klassische weiche Hundedecke"},"content":{"rendered":"<h4>MYPADO klassische weiche Hundedecke<\/h4>\n<p>MYPADO klassische weiche Hundedecke. Diese sch\u00f6ne und elegante Hundedecke besticht vor allem durch ihren feinen Strukturbezugsstoff. Es bildet nicht nur eine weiche und \u00e4u\u00dferst kuschelige Oberfl\u00e4che, die zum Kuscheln einl\u00e4dt; Seine edle Optik macht das Entspannungskissen f\u00fcr Ihren Hund auch zu einem echten Hingucker in Ihrem Wohnzimmer.<\/p>\n<div class=\"div_content\">\n<div class=\"beschreibung_spalte2\">De binnenkern van de MYPADO Classic Zachte Hondendeken is gemaakt van polyester fleece en is daardoor zowel knuffelig als stabiliserend. Samen met het bijzonder slijtvaste bovenmateriaal bieden wij u met mypado\u00ae Classic een hondendeken in absolute topkwaliteit.<\/div>\n<p>Egal ob Mops oder Deutsche Dogge: mypado\u00ae Classic Hundedecke gibt es in vielen verschiedenen Gr\u00f6\u00dfen, sodass wirklich jeder Hund Freude an dieser Hundedecke hat. So entspannen sich Vierbeiner mit h\u00f6chstem Komfort und sch\u00f6nstem Design!<\/p>\n<\/div>\n<div class=\"div_content\">\n<div class=\"beschreibung_spalte2\">Nat\u00fcrlich ist die mypado\u00ae Classic Hundedecke in vielen verschiedenen Farben erh\u00e4ltlich. Von klassischem Grau und Silber bis hin zu vertr\u00e4umtem Violett. Und damit Sie und die Fellnase m\u00f6glichst lange Freude daran haben, kann die Hundedecke bei 30\u00b0C in der Waschmaschine gewaschen werden.<\/div>\n<p><strong>Besonderheiten:<\/strong><\/p>\n<\/div>\n<div class=\"div_content\">\n<div class=\"beschreibung_spalte1\">\n<ul>\n<li>Gepolsterte Kontur (Farbakzent \u2013 Ton in Ton)<\/li>\n<li>Strukturbezugsstoff<\/li>\n<li>weich und kuschelig<\/li>\n<li>Dick gef\u00fcttert mit Polyestervlies<\/li>\n<li>Geeignet f\u00fcr leichte und schwere Vierbeiner<\/li>\n<li>langlebig und widerstandsf\u00e4hig<\/li>\n<\/ul>\n<p><strong>Gr\u00f6\u00dfen:<\/strong><\/p>\n<ul>\n<li>M &gt; 90\u00d765 cm<\/li>\n<li>L &gt; 120\u00d780 cm<\/li>\n<\/ul>\n<p>Verf\u00fcgbare Farben: Grau, Creme, Silber, Hellbraun, Braun, Rosa, Violett<\/p>\n<p><a href=\"https:\/\/dogpride.nl\/de\/hondenmanden\/mypado-accessoires\/\"><img loading=\"lazy\" decoding=\"async\" class=\"alignnone\" title=\"MYPADO klassische weiche Hundedecke \" src=\"https:\/\/dogpride.nl\/wp-content\/uploads\/mypado-hundedecke-classic-softline-violett-01_600x600.jpg\" alt=\"MYPADO Classic Zachte Hondendeken \" width=\"140\" height=\"105\" \/><\/a><\/p>\n<p><a href=\"https:\/\/www.mypado.de\/\" target=\"_blank\" rel=\"noopener\"><img loading=\"lazy\" decoding=\"async\" class=\"alignnone wp-image-144946 size-full\" src=\"https:\/\/dogpride.nl\/wp-content\/uploads\/logo-mypad-2.jpg\" alt=\"\" width=\"197\" height=\"75\" srcset=\"https:\/\/dogpride.nl\/wp-content\/uploads\/logo-mypad-2.jpg 197w, https:\/\/dogpride.nl\/wp-content\/uploads\/logo-mypad-2-18x7.jpg 18w\" sizes=\"auto, (max-width: 197px) 100vw, 197px\" \/><\/a><\/p>\n<\/div>\n<\/div>","protected":false},"excerpt":{"rendered":"<p>Der Innenkern der Hundedecke besteht aus Polyestervlies und ist daher sowohl anschmiegsam als auch stabilisierend. Zusammen mit dem besonders verschlei\u00dffesten Au\u00dfenmaterial ist unser mypado\u00ae Classic eine Hundedecke in absoluter Spitzenqualit\u00e4t.<\/p>","protected":false},"featured_media":86209,"template":"","meta":[],"product_brand":[],"product_cat":[3462],"product_tag":[14846,14844,14843,14845,14848,14847,14833,14837,14841,14836],"class_list":{"0":"post-86208","1":"product","2":"type-product","3":"status-publish","4":"has-post-thumbnail","6":"product_cat-mypado-accessoires","7":"product_tag-bankbescherming-hond","8":"product_tag-comfortabele-hondenplaid","9":"product_tag-fleece-hondendeken","10":"product_tag-hondenmand-deken","11":"product_tag-hondenplaid-voor-thuis","12":"product_tag-klassieke-hondendeken","13":"product_tag-mypado-hondendeken","14":"product_tag-warme-hondendeken","15":"product_tag-wasbare-hondendeken","16":"product_tag-zachte-hondendeken","18":"first","19":"instock","20":"taxable","21":"shipping-taxable","22":"purchasable","23":"product-type-variable"},"mb":[],"mfb_rest_fields":["title"],"_links":{"self":[{"href":"https:\/\/dogpride.nl\/de\/wp-json\/wp\/v2\/product\/86208","targetHints":{"allow":["GET"]}}],"collection":[{"href":"https:\/\/dogpride.nl\/de\/wp-json\/wp\/v2\/product"}],"about":[{"href":"https:\/\/dogpride.nl\/de\/wp-json\/wp\/v2\/types\/product"}],"wp:featuredmedia":[{"embeddable":true,"href":"https:\/\/dogpride.nl\/de\/wp-json\/wp\/v2\/media\/86209"}],"wp:attachment":[{"href":"https:\/\/dogpride.nl\/de\/wp-json\/wp\/v2\/media?parent=86208"}],"wp:term":[{"taxonomy":"product_brand","embeddable":true,"href":"https:\/\/dogpride.nl\/de\/wp-json\/wp\/v2\/product_brand?post=86208"},{"taxonomy":"product_cat","embeddable":true,"href":"https:\/\/dogpride.nl\/de\/wp-json\/wp\/v2\/product_cat?post=86208"},{"taxonomy":"product_tag","embeddable":true,"href":"https:\/\/dogpride.nl\/de\/wp-json\/wp\/v2\/product_tag?post=86208"}],"curies":[{"name":"wp","href":"https:\/\/api.w.org\/{rel}","templated":true}]}}