{"id":84433,"date":"2022-02-23T15:30:46","date_gmt":"2022-02-23T14:30:46","guid":{"rendered":"https:\/\/www.dogpride.nl\/?post_type=product&#038;p=84433"},"modified":"2026-04-13T12:54:31","modified_gmt":"2026-04-13T10:54:31","slug":"euro-joe-tactical-halsband-met-handvat-2-0","status":"publish","type":"product","link":"https:\/\/dogpride.nl\/de\/euro-joe-tactical-halsband-met-handvat-2-0\/","title":{"rendered":"Euro Joe Tactical Halsband met handvat 2.0"},"content":{"rendered":"<h4>Euro Joe Tactical Halsband met handvat 2.0<\/h4>\n<p>Euro Joe Tactical Halsband met handvat 2.0<\/p>\n<p>Euro Joe \u201eTactical Collar\u201c mit Griff 2.0. Das ist absolut solide\u00a0<strong>Taktisches Halsband mit Griff<\/strong>\u00a0ist aus strapazierf\u00e4higem Nylon gefertigt und hat eine\u00a0<strong>superstarker Verschluss<\/strong>\u00a0das bei Polizei, Armee und Sicherheitsdiensten f\u00fcr seine hervorragenden Benutzereigenschaften bekannt ist.<br \/>\nDas Halsband ist f\u00fcr alle mittleren bis gro\u00dfen Rassen geeignet. Dieses Halsband hat einen Griff.<br \/>\nDer Schiebeverschluss und der Klettverschluss sorgen daf\u00fcr, dass Sie die L\u00e4nge anpassen und die Passform richtig anpassen k\u00f6nnen. Der Klettverschluss befindet sich auf der Innenseite, so dass sich au\u00dfen keine losen B\u00e4nder befinden.<br \/>\nDieses Halsband hat auch einen Klettverschluss\u00a0<strong>Au\u00dfen<\/strong>, wo Sie ein zus\u00e4tzliches Abzeichen erhalten k\u00f6nnen oder\u00a0<a href=\"https:\/\/dogpride.nl\/de\/produkt\/badge-eigen-tekst-8x3cm\/\">Namensschild<\/a>\u00a0kann h\u00e4ngen. Sie k\u00f6nnen dies auch personalisieren lassen, also mit einem Namen oder Wort Ihrer Wahl.<\/p>\n<p>Dieses taktische Halsband ist in den Gr\u00f6\u00dfen M, L, XL, XXL und in den Farben erh\u00e4ltlich:<\/p>\n<ul>\n<li>Neon Gelb<\/li>\n<li>Khakigr\u00fcn<\/li>\n<li>Orange<\/li>\n<li>Lila<\/li>\n<li>Rot<\/li>\n<li>Taupe<\/li>\n<li>Rosa<\/li>\n<li>Schwarz<\/li>\n<li>Neongr\u00fcn<\/li>\n<li>Blau<\/li>\n<\/ul>\n<p><strong>Gr\u00f6\u00dfentabelle:<\/strong><\/p>\n<p><img loading=\"lazy\" decoding=\"async\" class=\"alignnone size-full wp-image-84446\" src=\"https:\/\/www.dogpride.nl\/wp-content\/uploads\/Maattabel-Euro-Joe-halsbanden-met-handvat.jpg\" alt=\"Maattabel\" width=\"837\" height=\"145\" srcset=\"https:\/\/dogpride.nl\/wp-content\/uploads\/Maattabel-Euro-Joe-halsbanden-met-handvat.jpg 837w, https:\/\/dogpride.nl\/wp-content\/uploads\/Maattabel-Euro-Joe-halsbanden-met-handvat-250x43.jpg 250w, https:\/\/dogpride.nl\/wp-content\/uploads\/Maattabel-Euro-Joe-halsbanden-met-handvat-400x69.jpg 400w, https:\/\/dogpride.nl\/wp-content\/uploads\/Maattabel-Euro-Joe-halsbanden-met-handvat-300x52.jpg 300w, https:\/\/dogpride.nl\/wp-content\/uploads\/Maattabel-Euro-Joe-halsbanden-met-handvat-768x133.jpg 768w, https:\/\/dogpride.nl\/wp-content\/uploads\/Maattabel-Euro-Joe-halsbanden-met-handvat-200x35.jpg 200w, https:\/\/dogpride.nl\/wp-content\/uploads\/Maattabel-Euro-Joe-halsbanden-met-handvat-600x104.jpg 600w, https:\/\/dogpride.nl\/wp-content\/uploads\/Maattabel-Euro-Joe-halsbanden-met-handvat-800x139.jpg 800w\" sizes=\"auto, (max-width: 837px) 100vw, 837px\" \/><\/p>\n<p><a href=\"https:\/\/dogpride.nl\/de\/euro-joe-tactical-halsband-met-handvat-2-0\/\"><img loading=\"lazy\" decoding=\"async\" class=\"alignnone\" title=\"Euro Joe Tactical Halsband met handvat 2.0 oranje\" src=\"https:\/\/dogpride.nl\/wp-content\/uploads\/tactical_collar-HV_24-150x150.jpg\" alt=\"Euro Joe Tactical Halsband met handvat 2.0 oranje\" width=\"150\" height=\"150\" \/><\/a><a href=\"https:\/\/euro-joe.com\/nl\/\" target=\"_blank\" rel=\"noopener\"><img loading=\"lazy\" decoding=\"async\" class=\"alignnone\" src=\"https:\/\/dogpride.nl\/wp-content\/uploads\/tactical_collar-HV_22-150x150.jpg\" alt=\"Euro Joe &quot;Tactical Halsband&quot; met handvat 2.0 roze\" width=\"150\" height=\"150\" \/><\/a><\/p>\n<p><a href=\"https:\/\/euro-joe.com\/nl\/\" target=\"_blank\" rel=\"noopener\"><img loading=\"lazy\" decoding=\"async\" class=\"alignnone wp-image-143097 size-medium\" title=\"Euro Joe Iron Power halsband\" src=\"https:\/\/dogpride.nl\/wp-content\/uploads\/Logo_EJ_MULTI_website-1-300x88.jpg\" alt=\"Euro Joe Iron Power halsband\" width=\"300\" height=\"88\" srcset=\"https:\/\/dogpride.nl\/wp-content\/uploads\/Logo_EJ_MULTI_website-1-300x88.jpg 300w, https:\/\/dogpride.nl\/wp-content\/uploads\/Logo_EJ_MULTI_website-1-1024x299.jpg 1024w, https:\/\/dogpride.nl\/wp-content\/uploads\/Logo_EJ_MULTI_website-1-768x225.jpg 768w, https:\/\/dogpride.nl\/wp-content\/uploads\/Logo_EJ_MULTI_website-1-1536x449.jpg 1536w, https:\/\/dogpride.nl\/wp-content\/uploads\/Logo_EJ_MULTI_website-1-2048x599.jpg 2048w, https:\/\/dogpride.nl\/wp-content\/uploads\/Logo_EJ_MULTI_website-1-18x5.jpg 18w, https:\/\/dogpride.nl\/wp-content\/uploads\/Logo_EJ_MULTI_website-1-250x73.jpg 250w, https:\/\/dogpride.nl\/wp-content\/uploads\/Logo_EJ_MULTI_website-1-400x117.jpg 400w\" sizes=\"auto, (max-width: 300px) 100vw, 300px\" \/><\/a><\/p>","protected":false},"excerpt":{"rendered":"<p>Das ist absolut solide\u00a0<strong>Taktisches Halsband mit Griff<\/strong>\u00a0ist aus strapazierf\u00e4higem Nylon gefertigt und hat eine\u00a0<strong>superstarker Verschluss<\/strong>\u00a0das bei Polizei, Armee und Sicherheitsdiensten f\u00fcr seine hervorragenden Benutzereigenschaften bekannt ist.<\/p>","protected":false},"featured_media":84434,"template":"","meta":[],"product_brand":[],"product_cat":[9239],"product_tag":[4683,4744,5238,4867,4890],"class_list":{"0":"post-84433","1":"product","2":"type-product","3":"status-publish","4":"has-post-thumbnail","6":"product_cat-euro-joe-hondenhalsbanden","7":"product_tag-2-0","8":"product_tag-euro-joe","9":"product_tag-halsband","10":"product_tag-handvat","11":"product_tag-tactical","13":"first","14":"instock","15":"taxable","16":"shipping-taxable","17":"purchasable","18":"product-type-variable"},"mb":[],"mfb_rest_fields":["title"],"_links":{"self":[{"href":"https:\/\/dogpride.nl\/de\/wp-json\/wp\/v2\/product\/84433","targetHints":{"allow":["GET"]}}],"collection":[{"href":"https:\/\/dogpride.nl\/de\/wp-json\/wp\/v2\/product"}],"about":[{"href":"https:\/\/dogpride.nl\/de\/wp-json\/wp\/v2\/types\/product"}],"wp:featuredmedia":[{"embeddable":true,"href":"https:\/\/dogpride.nl\/de\/wp-json\/wp\/v2\/media\/84434"}],"wp:attachment":[{"href":"https:\/\/dogpride.nl\/de\/wp-json\/wp\/v2\/media?parent=84433"}],"wp:term":[{"taxonomy":"product_brand","embeddable":true,"href":"https:\/\/dogpride.nl\/de\/wp-json\/wp\/v2\/product_brand?post=84433"},{"taxonomy":"product_cat","embeddable":true,"href":"https:\/\/dogpride.nl\/de\/wp-json\/wp\/v2\/product_cat?post=84433"},{"taxonomy":"product_tag","embeddable":true,"href":"https:\/\/dogpride.nl\/de\/wp-json\/wp\/v2\/product_tag?post=84433"}],"curies":[{"name":"wp","href":"https:\/\/api.w.org\/{rel}","templated":true}]}}