{"id":84413,"date":"2022-02-23T14:55:32","date_gmt":"2022-02-23T13:55:32","guid":{"rendered":"https:\/\/www.dogpride.nl\/?post_type=product&#038;p=84413"},"modified":"2026-04-13T12:54:56","modified_gmt":"2026-04-13T10:54:56","slug":"badge-eigen-tekst-8x3cm","status":"publish","type":"product","link":"https:\/\/dogpride.nl\/de\/badge-eigen-tekst-8x3cm\/","title":{"rendered":"Abzeichen mit eigenem Text 8x3cm"},"content":{"rendered":"<h4>Abzeichen mit eigenem Text 8x3cm<\/h4>\n<ul>\n<li>Hier k\u00f6nnen Sie einen Button mit Ihrem Wunschtext bestellen. Sie k\u00f6nnen den Text in das eingeben\u00a0<strong>Textfeld<\/strong>\u00a0wenn Sie Ihre Bestellung aufgeben.<\/li>\n<li>Abzeichen ist mit Klettverschluss<\/li>\n<li>8x3cm<\/li>\n<li>Geeignet f\u00fcr das taktische Halsband ohne Griff (Gr\u00f6\u00dfen S bis XXL)<\/li>\n<li>Geeignet f\u00fcr das taktische Halsband mit Griff (Gr\u00f6\u00dfen S bis XXL)<\/li>\n<\/ul>\n<p><a href=\"https:\/\/dogpride.nl\/de\/hondenhalsbanden\/euro-joe-hondenhalsbanden\/\"><img loading=\"lazy\" decoding=\"async\" class=\"alignnone\" src=\"https:\/\/dogpride.nl\/wp-content\/uploads\/Eigen-tekst-1.jpg\" alt=\"\" width=\"219\" height=\"192\" \/><\/a><\/p>\n<p><a href=\"https:\/\/euro-joe.com\/nl\/\" target=\"_blank\" rel=\"noopener\"><img loading=\"lazy\" decoding=\"async\" class=\"alignnone wp-image-143097 size-medium\" title=\"Euro Joe Iron Power halsband\" src=\"https:\/\/dogpride.nl\/wp-content\/uploads\/Logo_EJ_MULTI_website-1-300x88.jpg\" alt=\"Euro Joe Iron Power halsband\" width=\"300\" height=\"88\" srcset=\"https:\/\/dogpride.nl\/wp-content\/uploads\/Logo_EJ_MULTI_website-1-300x88.jpg 300w, https:\/\/dogpride.nl\/wp-content\/uploads\/Logo_EJ_MULTI_website-1-1024x299.jpg 1024w, https:\/\/dogpride.nl\/wp-content\/uploads\/Logo_EJ_MULTI_website-1-768x225.jpg 768w, https:\/\/dogpride.nl\/wp-content\/uploads\/Logo_EJ_MULTI_website-1-1536x449.jpg 1536w, https:\/\/dogpride.nl\/wp-content\/uploads\/Logo_EJ_MULTI_website-1-2048x599.jpg 2048w, https:\/\/dogpride.nl\/wp-content\/uploads\/Logo_EJ_MULTI_website-1-18x5.jpg 18w, https:\/\/dogpride.nl\/wp-content\/uploads\/Logo_EJ_MULTI_website-1-250x73.jpg 250w, https:\/\/dogpride.nl\/wp-content\/uploads\/Logo_EJ_MULTI_website-1-400x117.jpg 400w\" sizes=\"auto, (max-width: 300px) 100vw, 300px\" \/><\/a><\/p>","protected":false},"excerpt":{"rendered":"<p>Hier k\u00f6nnen Sie einen Button mit Ihrem Wunschtext bestellen. Sie k\u00f6nnen den Text in das eingeben\u00a0<strong>Textfeld<\/strong>\u00a0wenn Sie Ihre Bestellung aufgeben.<\/p>","protected":false},"featured_media":84408,"template":"","meta":[],"product_brand":[],"product_cat":[9239],"product_tag":[],"class_list":{"0":"post-84413","1":"product","2":"type-product","3":"status-publish","4":"has-post-thumbnail","6":"product_cat-euro-joe-hondenhalsbanden","7":"product_shipping_class-vast-tarief-eu-overig","9":"first","10":"instock","11":"taxable","12":"shipping-taxable","13":"purchasable","14":"product-type-simple"},"mb":[],"mfb_rest_fields":["title"],"_links":{"self":[{"href":"https:\/\/dogpride.nl\/de\/wp-json\/wp\/v2\/product\/84413","targetHints":{"allow":["GET"]}}],"collection":[{"href":"https:\/\/dogpride.nl\/de\/wp-json\/wp\/v2\/product"}],"about":[{"href":"https:\/\/dogpride.nl\/de\/wp-json\/wp\/v2\/types\/product"}],"wp:featuredmedia":[{"embeddable":true,"href":"https:\/\/dogpride.nl\/de\/wp-json\/wp\/v2\/media\/84408"}],"wp:attachment":[{"href":"https:\/\/dogpride.nl\/de\/wp-json\/wp\/v2\/media?parent=84413"}],"wp:term":[{"taxonomy":"product_brand","embeddable":true,"href":"https:\/\/dogpride.nl\/de\/wp-json\/wp\/v2\/product_brand?post=84413"},{"taxonomy":"product_cat","embeddable":true,"href":"https:\/\/dogpride.nl\/de\/wp-json\/wp\/v2\/product_cat?post=84413"},{"taxonomy":"product_tag","embeddable":true,"href":"https:\/\/dogpride.nl\/de\/wp-json\/wp\/v2\/product_tag?post=84413"}],"curies":[{"name":"wp","href":"https:\/\/api.w.org\/{rel}","templated":true}]}}