{"id":83911,"date":"2022-02-17T11:06:34","date_gmt":"2022-02-17T10:06:34","guid":{"rendered":"https:\/\/www.dogpride.nl\/?post_type=product&#038;p=83911"},"modified":"2025-11-16T12:15:39","modified_gmt":"2025-11-16T11:15:39","slug":"pride-cordura-trainingsvest-unisex","status":"publish","type":"product","link":"https:\/\/dogpride.nl\/de\/pride-cordura-trainingsvest-unisex\/","title":{"rendered":"PRIDE Cordura Trainingsweste Unisex"},"content":{"rendered":"<h4>PRIDE Cordura Trainingsweste Unisex<\/h4>\n<p>PRIDE Cordura Trainingsweste Unisex.<\/p>\n<div id=\"cc-m-14237770878\" class=\"j-module n j-header\">\n<p id=\"cc-m-header-14237770878\"><span style=\"font-size: 16px;\">Die Trainingsweste PRIDE besteht aus hochwertigem, wasserdichtem Cordura\u00ae-Polyester mit originalen YKK\u00ae-Rei\u00dfverschl\u00fcssen.<\/span><\/p>\n<\/div>\n<div id=\"cc-m-14459637178\" class=\"j-module n j-text\">\n<p>Sehr modernes, trendiges und funktionales Design.<\/p>\n<p>2 gro\u00dfe Taschen und 2 gro\u00dfe Brusttaschen, 1 gro\u00dfe Tasche hinten.<\/p>\n<p>Farbe: Schwarz mit Gr\u00fcn.<\/p>\n<ul>\n<li>Hervorragende Verschlei\u00dfleistung<\/li>\n<li>Pflegeleicht<\/li>\n<li>Resistenz gegen F\u00e4ulnis und Mehltau<\/li>\n<li>Stylisches Aussehen<\/li>\n<li>Au\u00dfergew\u00f6hnliche Best\u00e4ndigkeit gegen Abrieb, Einstiche und Risse<\/li>\n<li>Leichte Z\u00e4higkeit mit \u00fcberragendem Volumen<\/li>\n<\/ul>\n<p><strong>Oberweite:<\/strong><\/p>\n<ul>\n<li><em><strong>Gr\u00f6\u00dfe XS \u2013 102 cm<\/strong><\/em><\/li>\n<li><em><strong>Gr\u00f6\u00dfe S \u2013 113 cm<\/strong><\/em><\/li>\n<li><em><strong>Gr\u00f6\u00dfe M \u2013 118 cm<\/strong><\/em><\/li>\n<li><em><strong>Gr\u00f6\u00dfe L \u2013 122 cm<\/strong><\/em><\/li>\n<li><em><strong>Gr\u00f6\u00dfe XL \u2013 125 cm<\/strong><\/em><\/li>\n<li><em><strong>Gr\u00f6\u00dfe XXL - 128 cm<\/strong><\/em><\/li>\n<li><em><strong>Gr\u00f6\u00dfe XXXL \u2013 132 cm<\/strong><\/em><\/li>\n<\/ul>\n<p><a href=\"https:\/\/www.dogpride.eu\/\" target=\"_blank\" rel=\"noopener\"><img loading=\"lazy\" decoding=\"async\" class=\"alignnone wp-image-142932 size-full\" src=\"https:\/\/dogpride.nl\/wp-content\/uploads\/Logo-Pride2-2-4.png\" alt=\"\" width=\"327\" height=\"105\" srcset=\"https:\/\/dogpride.nl\/wp-content\/uploads\/Logo-Pride2-2-4.png 327w, https:\/\/dogpride.nl\/wp-content\/uploads\/Logo-Pride2-2-4-300x96.png 300w, https:\/\/dogpride.nl\/wp-content\/uploads\/Logo-Pride2-2-4-18x6.png 18w, https:\/\/dogpride.nl\/wp-content\/uploads\/Logo-Pride2-2-4-250x80.png 250w\" sizes=\"auto, (max-width: 327px) 100vw, 327px\" \/><\/a><\/p>\n<p><a href=\"https:\/\/dogpride.nl\/de\/kleding\/trainingsvesten\/pride-trainingsvesten\/\"><img loading=\"lazy\" decoding=\"async\" class=\"alignnone\" title=\"PRIDE Cordura Trainingsweste Unisex\" src=\"https:\/\/dogpride.nl\/wp-content\/uploads\/1643836010-150x150.jpg\" alt=\"PRIDE Cordura Trainingsvest Unisex\" width=\"150\" height=\"150\" \/><\/a><\/p>\n<\/div>","protected":false},"excerpt":{"rendered":"<p><span style=\"font-size: 16px;\">Die Trainingsweste PRIDE besteht aus hochwertigem, wasserdichtem Cordura\u00ae-Polyester mit originalen YKK\u00ae-Rei\u00dfverschl\u00fcssen. 2 gro\u00dfe Taschen und 2 gro\u00dfe Brusttaschen, 1 gro\u00dfe Tasche hinten.<\/span><\/p>","protected":false},"featured_media":83912,"template":"","meta":[],"product_brand":[],"product_cat":[3874],"product_tag":[],"class_list":{"0":"post-83911","1":"product","2":"type-product","3":"status-publish","4":"has-post-thumbnail","6":"product_cat-pride-trainingsvesten","8":"first","9":"instock","10":"taxable","11":"shipping-taxable","12":"purchasable","13":"product-type-variable"},"mb":[],"mfb_rest_fields":["title"],"_links":{"self":[{"href":"https:\/\/dogpride.nl\/de\/wp-json\/wp\/v2\/product\/83911","targetHints":{"allow":["GET"]}}],"collection":[{"href":"https:\/\/dogpride.nl\/de\/wp-json\/wp\/v2\/product"}],"about":[{"href":"https:\/\/dogpride.nl\/de\/wp-json\/wp\/v2\/types\/product"}],"wp:featuredmedia":[{"embeddable":true,"href":"https:\/\/dogpride.nl\/de\/wp-json\/wp\/v2\/media\/83912"}],"wp:attachment":[{"href":"https:\/\/dogpride.nl\/de\/wp-json\/wp\/v2\/media?parent=83911"}],"wp:term":[{"taxonomy":"product_brand","embeddable":true,"href":"https:\/\/dogpride.nl\/de\/wp-json\/wp\/v2\/product_brand?post=83911"},{"taxonomy":"product_cat","embeddable":true,"href":"https:\/\/dogpride.nl\/de\/wp-json\/wp\/v2\/product_cat?post=83911"},{"taxonomy":"product_tag","embeddable":true,"href":"https:\/\/dogpride.nl\/de\/wp-json\/wp\/v2\/product_tag?post=83911"}],"curies":[{"name":"wp","href":"https:\/\/api.w.org\/{rel}","templated":true}]}}